{"id":41271,"date":"2022-10-23T21:43:42","date_gmt":"2022-10-23T21:43:42","guid":{"rendered":"https:\/\/mavideniz.com.tr\/?page_id=41271"},"modified":"2022-10-23T21:43:48","modified_gmt":"2022-10-23T21:43:48","slug":"navire-de-recherche-cotiere","status":"publish","type":"page","link":"https:\/\/mavideniz.com.tr\/fr\/navires-bateaux\/navire-de-recherche\/navire-de-recherche-cotiere\/","title":{"rendered":"Navire de recherche c\u00f4ti\u00e8re"},"content":{"rendered":"\n<p>Conception des navires de recherche c\u00f4tiers pour l&rsquo;\u00e9chantillonnage biologique, chimique, oc\u00e9anographique et g\u00e9ologique. Inshore Research Vessel, \u00e9quip\u00e9 des derni\u00e8res avanc\u00e9es technologiques et sp\u00e9cialement con\u00e7u pour des t\u00e2ches de recherche multidisciplinaires, est un syst\u00e8me scientifique adapt\u00e9 \u00e0 la mise en oeuvre de projets en sciences de la terre dans les zones c\u00f4ti\u00e8res peu profondes.<\/p>\n<p>Conception du navire de recherche : Nous travaillons avec les meilleurs concepteurs et scientifiques du monde entier parce que le navire de recherche a r\u00e9duit le tirant d&rsquo;eau, d&rsquo;excellentes performances hydrodynamiques avec la stabilit\u00e9, et une manipulation et un positionnement pr\u00e9cis \u00e0 faible vitesse. Nous pouvons organiser les conceptions pour votre profil op\u00e9rationnel et vos besoins.<\/p>\n<p>Recherche Conception int\u00e9rieure du bateau sur mesure pour les conditions et exigences locales ( si\u00e8ges de premi\u00e8re classe + cabine + LCD + climatisation + WC + rev\u00eatement de sol durable &#8211; rev\u00eatement de plafond &#8211; rev\u00eatement mural, etc.).<\/p>\n<p>Le navire de recherche dispose de laboratoires polyvalents modernes avec des espaces de laboratoire humides et secs, un pont avec une visibilit\u00e9 de 360\u00ba, des zones de travail calmes et suffisamment d&rsquo;\u00e9quipement de manutention avec un grand pont de travail stable pour les op\u00e9rations. Les navires de recherche peuvent accueillir jusqu&rsquo;\u00e0 14 personnes, y compris des \u00e9quipages, des chercheurs ou des techniciens qui entreprennent des campagnes de recherche continues pendant sept jours.<\/p>\n<p>Le navire de recherche peut \u00eatre \u00e9quip\u00e9 d&rsquo;un syst\u00e8me int\u00e9gr\u00e9 de surveillance de la performance enregistrant des donn\u00e9es en temps r\u00e9el, y compris (couple et pouss\u00e9e de l&rsquo;arbre, vitesse du moteur, consommation de carburant, vitesse et direction du vent, vitesse du navire, assiette et tirant d&rsquo;eau, mouvements du navire, angle du gouvernail, profondeur de l&rsquo;eau, etc.)<\/p>\n<p><strong>Caract\u00e9ristiques | Options<\/strong><\/p>\n<ul>\n<li>Chalutage de surface, de milieu d&rsquo;eau et de fond classique<\/li>\n<li>Utilisation d&rsquo;engins de p\u00eache statiques<\/li>\n<li>\u00e9chantillonnage de plancton<\/li>\n<li>M\u00e2chet\u00e9 Multinet<\/li>\n<li>Pr\u00e9l\u00e8vement d&rsquo;eau \u00e0 des profondeurs allant jusqu&rsquo;\u00e0 400 m<\/li>\n<li>Pr\u00e9l\u00e8vement de s\u00e9diments mous et carottage du fond marin<\/li>\n<li>Plancher marin &#8211; cartes 3d, photographie et imagerie<\/li>\n<li>Relev\u00e9s des mammif\u00e8res marins et des oiseaux &#8211; visuels et acoustiques<\/li>\n<li>Rosette CTD<\/li>\n<li>Syst\u00e8me sismique peu profond \u00e0 s\u00e9paration \u00e9lev\u00e9e \u00e0 canaux multiples<\/li>\n<li>RHIB<\/li>\n<li>\u00c9quipement De Plong\u00e9e<\/li>\n<li>ROV<\/li>\n<li>magn\u00e9tom\u00e8tre de mer<\/li>\n<li>Syst\u00e8me sonar \u00e0 balayage lat\u00e9ral<\/li>\n<li>\u00c9cho-sondeur de pont, radar, tr\u00e8s haute fr\u00e9quence et radios Sirius<\/li>\n<li>Mesure de d\u00e9bit avec mesure continue<\/li>\n<li>Grande cabine pour installer d&rsquo;autres \u00e9quipements oc\u00e9anographiques<\/li>\n<li>Oc\u00e9anographique &#8211; treuil, bossoir, longeron, grue arri\u00e8re, portique et portique pour d\u00e9ployer l&rsquo;\u00e9quipement sur le c\u00f4t\u00e9 ou la poupe<\/li>\n<li>Espaces de laboratoire secs et humides<\/li>\n<li>Syst\u00e8me de positionnement dynamique connect\u00e9 aux propulseurs d&rsquo;\u00e9trave et de poupe<\/li>\n<\/ul>\n<div class=\"wptm_table tablesorter-bootstrap \" data-id=\"69\" data-hightlight=\"0\"><div class=\"wptm_buttons buttons_wptmTbl69\"><\/div><div class=\"wptmresponsive dataTables-wptmtable wptmtable \" id=\"wptmtable69\" data-tableid=\"wptmTbl69\"><table data-count-header=\"1\"  data-format-decimal_count=\"0\" data-format-decimal_symbol=\".\" data-format-symbol_position=\"0\" data-format-thousand_symbol=\",\"  data-format-currency_symbol=\"$\"  data-name-style=\"69_1759812729.css\" data-format=\"YYYY-MM-DD\" id=\"wptmTbl69\" data-id=\"69\" data-responsive=\"false\" data-hideCols=\"false\"  data-type=\"html\" data-paging=\"false\" data-searching=\"true\"  data-ordering=\"false\" data-table-breakpoint=\"980\" data-scroll-x=\"true\" data-scroll-collapse=\"true\" data-align=\"center\" data-range=\"[]\" data-hideColumn=\"[0,0,0,0,0]\"  data-colwidths=\"[228,228,228,228,228]\"  data-colwidths_desktop=[]  data-colwidths_tablet=[]  data-colwidths_mobile=[]  class=\"wptm_main_table  disablePager hideScrollHeader\"><colgroup><col data-dtr=\"0\" data-dtc=\"0\" class=\"dtc0\"><col data-dtr=\"0\" data-dtc=\"1\" class=\"dtc1\"><col data-dtr=\"0\" data-dtc=\"2\" class=\"dtc2\"><col data-dtr=\"0\" data-dtc=\"3\" class=\"dtc3\"><col data-dtr=\"0\" data-dtc=\"4\" class=\"dtc4\"><\/colgroup><thead><tr class=\"wptm-header-cells-index\"><th rowspan=\"1\" colspan=\"1\" data-dtr=\"0\" data-dtc=\"0\" class=\"dtr0 dtc0\"><\/th><th rowspan=\"1\" colspan=\"1\" data-dtr=\"0\" data-dtc=\"1\" class=\"dtr0 dtc1\"><\/th><th rowspan=\"1\" colspan=\"1\" data-dtr=\"0\" data-dtc=\"2\" class=\"dtr0 dtc2\"><\/th><th rowspan=\"1\" colspan=\"1\" data-dtr=\"0\" data-dtc=\"3\" class=\"dtr0 dtc3\"><\/th><th rowspan=\"1\" colspan=\"1\" data-dtr=\"0\" data-dtc=\"4\" class=\"dtr0 dtc4\"><\/th><\/tr><tr class=\" row0\"><th   data-priority=\"0\" class=\"dtr0 dtc0\"><\/th><th   data-priority=\"0\" class=\"dtr0 dtc1\">Research 22<\/th><th   data-priority=\"0\" class=\"dtr0 dtc2\">Research 18<\/th><th   data-priority=\"0\" class=\"dtr0 dtc3\">Research 14<\/th><th   data-priority=\"0\" class=\"dtr0 dtc4\">Research 10<\/th><\/thead><tbody><tr class=\" row1\"><td    class=\"dtr1 dtc0\">Length (m)<\/td><td    class=\"dtr1 dtc1\">22<\/td><td    class=\"dtr1 dtc2\">18<\/td><td    class=\"dtr1 dtc3\">14<\/td><td    class=\"dtr1 dtc4\">10<\/td><\/tr><tr class=\" row2\"><td    class=\"dtr2 dtc0\">Beam (m)<\/td><td    class=\"dtr2 dtc1\">7<\/td><td    class=\"dtr2 dtc2\">6<\/td><td    class=\"dtr2 dtc3\">5<\/td><td    class=\"dtr2 dtc4\">4<\/td><\/tr><tr class=\" row3\"><td    class=\"dtr3 dtc0\">Draft (m)<\/td><td    class=\"dtr3 dtc1\">1.5<\/td><td    class=\"dtr3 dtc2\">1-Jun<\/td><td    class=\"dtr3 dtc3\">0.7<\/td><td    class=\"dtr3 dtc4\">0.5<\/td><\/tr><tr class=\" row4\"><td    class=\"dtr4 dtc0\">Hull<\/td><td  colspan=\"4\"   class=\"dtr4 dtc1\">Catamaran Hull (Standard) | Mono Hull (Optional)<\/td><td  style=\"display: none\"   class=\"dtr4 dtc2\"><\/td><td  style=\"display: none\"   class=\"dtr4 dtc3\"><\/td><td  style=\"display: none\"   class=\"dtr4 dtc4\"><\/td><\/tr><tr class=\" row5\"><td    class=\"dtr5 dtc0\">Material<\/td><td  colspan=\"4\"   class=\"dtr5 dtc1\">Marine Grade Aluminium (Standard) | Steel (Optional)<\/td><td  style=\"display: none\"   class=\"dtr5 dtc2\"><\/td><td  style=\"display: none\"   class=\"dtr5 dtc3\"><\/td><td  style=\"display: none\"   class=\"dtr5 dtc4\"><\/td><\/tr><tr class=\" row6\"><td    class=\"dtr6 dtc0\">Propellers<\/td><td  colspan=\"4\"   class=\"dtr6 dtc1\">Fixed Pitch ( Standard ) | Waterjet ( Optional )<\/td><td  style=\"display: none\"   class=\"dtr6 dtc2\"><\/td><td  style=\"display: none\"   class=\"dtr6 dtc3\"><\/td><td  style=\"display: none\"   class=\"dtr6 dtc4\"><\/td><\/tr><tr class=\" row7\"><td    class=\"dtr7 dtc0\">Speed<\/td><td  colspan=\"4\"   class=\"dtr7 dtc1\">Min 10 - 20 Knots<\/td><td  style=\"display: none\"   class=\"dtr7 dtc2\"><\/td><td  style=\"display: none\"   class=\"dtr7 dtc3\"><\/td><td  style=\"display: none\"   class=\"dtr7 dtc4\"><\/td><\/tr><\/tbody><tfoot><tr><td class=\"dtr7 dtc0\" style=\"height: 0;\"><\/td><td class=\"dtr7 dtc1\" style=\"height: 0;\"><\/td><td class=\"dtr7 dtc2\" style=\"height: 0;\"><\/td><td class=\"dtr7 dtc3\" style=\"height: 0;\"><\/td><td class=\"dtr7 dtc4\" style=\"height: 0;\"><\/td><\/tr><\/tfoot><\/table><\/div><style>#wptmtable69 .dataTables_wrapper > .dataTables_scroll {max-height:500px;overflow: auto;}<\/style><script>window.wptm_ajaxurl = 'https:\/\/mavideniz.com.tr\/wp-admin\/admin-ajax.php?juwpfisadmin=false&action=Wptm&'; window.wptm_front = 'https:\/\/mavideniz.com.tr\/wp-content\/plugins\/wp-table-manager\/app\/site\/assets\/'; window.wptm_style = 'https:\/\/mavideniz.com.tr\/wp-content\/uploads\/wptm\/';<\/script><\/div><style><\/style>\n","protected":false},"excerpt":{"rendered":"<p>Conception des navires de recherche c\u00f4tiers pour l&rsquo;\u00e9chantillonnage biologique, chimique, oc\u00e9anographique et g\u00e9ologique. Inshore Research Vessel, \u00e9quip\u00e9 des derni\u00e8res avanc\u00e9es [&hellip;]<\/p>\n","protected":false},"author":1,"featured_media":0,"parent":41261,"menu_order":0,"comment_status":"closed","ping_status":"closed","template":"","meta":{"site-sidebar-layout":"default","site-content-layout":"","ast-site-content-layout":"default","site-content-style":"default","site-sidebar-style":"default","ast-global-header-display":"","ast-banner-title-visibility":"","ast-main-header-display":"","ast-hfb-above-header-display":"","ast-hfb-below-header-display":"","ast-hfb-mobile-header-display":"","site-post-title":"","ast-breadcrumbs-content":"","ast-featured-img":"","footer-sml-layout":"","ast-disable-related-posts":"","theme-transparent-header-meta":"","adv-header-id-meta":"","stick-header-meta":"","header-above-stick-meta":"","header-main-stick-meta":"","header-below-stick-meta":"","astra-migrate-meta-layouts":"default","ast-page-background-enabled":"default","ast-page-background-meta":{"desktop":{"background-color":"var(--ast-global-color-5)","background-image":"","background-repeat":"repeat","background-position":"center center","background-size":"auto","background-attachment":"scroll","background-type":"","background-media":"","overlay-type":"","overlay-color":"","overlay-opacity":"","overlay-gradient":""},"tablet":{"background-color":"","background-image":"","background-repeat":"repeat","background-position":"center center","background-size":"auto","background-attachment":"scroll","background-type":"","background-media":"","overlay-type":"","overlay-color":"","overlay-opacity":"","overlay-gradient":""},"mobile":{"background-color":"","background-image":"","background-repeat":"repeat","background-position":"center center","background-size":"auto","background-attachment":"scroll","background-type":"","background-media":"","overlay-type":"","overlay-color":"","overlay-opacity":"","overlay-gradient":""}},"ast-content-background-meta":{"desktop":{"background-color":"var(--ast-global-color-4)","background-image":"","background-repeat":"repeat","background-position":"center center","background-size":"auto","background-attachment":"scroll","background-type":"","background-media":"","overlay-type":"","overlay-color":"","overlay-opacity":"","overlay-gradient":""},"tablet":{"background-color":"var(--ast-global-color-4)","background-image":"","background-repeat":"repeat","background-position":"center center","background-size":"auto","background-attachment":"scroll","background-type":"","background-media":"","overlay-type":"","overlay-color":"","overlay-opacity":"","overlay-gradient":""},"mobile":{"background-color":"var(--ast-global-color-4)","background-image":"","background-repeat":"repeat","background-position":"center center","background-size":"auto","background-attachment":"scroll","background-type":"","background-media":"","overlay-type":"","overlay-color":"","overlay-opacity":"","overlay-gradient":""}},"footnotes":""},"class_list":["post-41271","page","type-page","status-publish","hentry"],"_links":{"self":[{"href":"https:\/\/mavideniz.com.tr\/fr\/wp-json\/wp\/v2\/pages\/41271","targetHints":{"allow":["GET"]}}],"collection":[{"href":"https:\/\/mavideniz.com.tr\/fr\/wp-json\/wp\/v2\/pages"}],"about":[{"href":"https:\/\/mavideniz.com.tr\/fr\/wp-json\/wp\/v2\/types\/page"}],"author":[{"embeddable":true,"href":"https:\/\/mavideniz.com.tr\/fr\/wp-json\/wp\/v2\/users\/1"}],"replies":[{"embeddable":true,"href":"https:\/\/mavideniz.com.tr\/fr\/wp-json\/wp\/v2\/comments?post=41271"}],"version-history":[{"count":0,"href":"https:\/\/mavideniz.com.tr\/fr\/wp-json\/wp\/v2\/pages\/41271\/revisions"}],"up":[{"embeddable":true,"href":"https:\/\/mavideniz.com.tr\/fr\/wp-json\/wp\/v2\/pages\/41261"}],"wp:attachment":[{"href":"https:\/\/mavideniz.com.tr\/fr\/wp-json\/wp\/v2\/media?parent=41271"}],"curies":[{"name":"wp","href":"https:\/\/api.w.org\/{rel}","templated":true}]}}