{"id":41285,"date":"2022-10-23T21:53:26","date_gmt":"2022-10-23T21:53:26","guid":{"rendered":"https:\/\/mavideniz.com.tr\/?page_id=41285"},"modified":"2022-10-23T21:53:28","modified_gmt":"2022-10-23T21:53:28","slug":"chat-de-mer-navire-decumage-de-dechets","status":"publish","type":"page","link":"https:\/\/mavideniz.com.tr\/fr\/navires-bateaux\/dechets-debris-algues-navire-de-nettoyage-de-sargasses\/chat-de-mer-navire-decumage-de-dechets\/","title":{"rendered":"Chat de mer &#8211; Navire d&rsquo;\u00e9cumage de d\u00e9chets"},"content":{"rendered":"\n<p>Mavi Deniz est un leader du march\u00e9 et le plus grand producteur mondial dans la conception et la fabrication de Trash Skimmer Vessel. Les navires de r\u00e9cup\u00e9ration de d\u00e9bris et d&rsquo;ordures Mavi Deniz sont s\u00fbrs et faciles \u00e0 utiliser et offrent une solution pratique et rentable pour de nombreuses applications de contr\u00f4le de la pollution marine peu profonde.<\/p>\n<p>Les d\u00e9bris marins, les d\u00e9chets marins et les d\u00e9chets marins sont nocifs pour la vie marine, y compris les oiseaux prot\u00e9g\u00e9s, les requins, les tortues et les mammif\u00e8res marins. Les d\u00e9bris marins peuvent causer des blessures ou la mort par noyade, enchev\u00eatrement, blessures internes ou faim apr\u00e8s ingestion. Les algues marines sont des organismes ressemblant \u00e0 des plantes qui vivent attach\u00e9s \u00e0 la roche ou \u00e0 d&rsquo;autres substrats rigides dans les zones c\u00f4ti\u00e8res. Les algues appartiennent \u00e0 trois groupes, qui se distinguent empiriquement depuis le milieu du XIXe si\u00e8cle par la couleur du thalle : les algues brunes, les algues rouges et les algues vertes.<\/p>\n<p>Le syst\u00e8me de contr\u00f4le de la pollution et de lutte contre la pollution des navires \u00e9cumeurs d&rsquo;ordures est fourni avec un syst\u00e8me de convoyeur \u00e0 bande entre les coques du catamaran dans l&rsquo;unit\u00e9 pour permettre la r\u00e9cup\u00e9ration de toutes sortes de polluants flottants et semi-immerg\u00e9s, y compris les mati\u00e8res plastiques, les ordures, la liti\u00e8re, les bouteilles, les cigarettes, les bois, les algues, les d\u00e9bris solides, les mati\u00e8res organiques. Le navire de lutte contre la pollution polyvalent peut \u00eatre \u00e9quip\u00e9 de divers types d&rsquo;\u00e9quipements d&rsquo;intervention afin qu&rsquo;il puisse utiliser dans de nombreuses applications diff\u00e9rentes, y compris le d\u00e9ploiement de la fl\u00e8che, la lutte contre l&rsquo;incendie, la manutention des bou\u00e9es, le remorquage, les t\u00e2ches g\u00e9n\u00e9rales de bateau de travail, la surveillance, la pulv\u00e9risation de dispersants, la r\u00e9cup\u00e9ration d&rsquo;huile, le ramassage des ordures, le stockage et l&rsquo;\u00e9limination des micro-polluants de la mer et les op\u00e9rations de nettoyage de la plage.<\/p>\n<p>Barrage d&rsquo;\u00e9cumage des ordures con\u00e7u pour lutter contre la pollution en mer, le Barrage de contr\u00f4le de la pollution isole la zone pollu\u00e9e avec des barri\u00e8res de p\u00e9trole transport\u00e9es \u00e0 bord pour r\u00e9cup\u00e9rer les d\u00e9versements d&rsquo;hydrocarbures et stocker \u00e0 l&rsquo;int\u00e9rieur des r\u00e9servoirs, recueille et d\u00e9tient les d\u00e9chets solides flottants et semi-submerg\u00e9s ; combat les incendies, les roches propres et les r\u00e9cifs plus fournir un soutien g\u00e9n\u00e9ral dans la zone.<\/p>\n<p>Trash Skimmer Vessel dispose d&rsquo;une puissance hydraulique, et un pont d\u00e9gag\u00e9 avec une grue hydraulique fournit un outil polyvalent pour de nombreuses op\u00e9rations dans le port ou en mer. Une bobine de fl\u00e8che en option peut \u00eatre utilis\u00e9e pour stocker et d\u00e9ployer diverses estacades de tailles diff\u00e9rentes ou des moniteurs de mousse\/eau pour la lutte contre l&rsquo;incendie. Un syst\u00e8me de pulv\u00e9risation de dispersant volontaire est install\u00e9 pour appliquer l&rsquo;agent de dispersion chimique \u00e0 travers des bras articul\u00e9s mont\u00e9s sur les deux c\u00f4t\u00e9s du r\u00e9cipient. Un navire optionnel d&rsquo;intervention anti-pollution recueille \u00e9galement les nappes d&rsquo;hydrocarbures et d&rsquo;hydrocarbures sur l&rsquo;eau avec le syst\u00e8me d&rsquo;\u00e9cumage d&rsquo;huile. Le navire de lutte contre la pollution a \u00e9t\u00e9 sp\u00e9cialement con\u00e7u pour \u00eatre exploit\u00e9 dans les zones portuaires, les eaux avoisinantes et les activit\u00e9s en haute mer ou en mer.<\/p>\n<p>L&rsquo;Organisation maritime internationale a annonc\u00e9 une strat\u00e9gie visant \u00e0 r\u00e9duire \u00e0 z\u00e9ro les \u00e9missions de gaz \u00e0 effet de serre (GES) d&rsquo;ici le d\u00e9but du si\u00e8cle ; la r\u00e9glementation du milieu marin a \u00e9t\u00e9 resserr\u00e9e partout dans le monde. La mise en oeuvre de zones de contr\u00f4le des \u00e9missions a commenc\u00e9 \u00e0 affecter les op\u00e9rations des navires. Mavi Deniz a lanc\u00e9 avec succ\u00e8s de nouvelles r\u00e9glementations de contr\u00f4le des \u00e9missions en d\u00e9veloppant des solutions bicarburant et des technologies d&rsquo;\u00e9nergie verte plus propres. Les options d&rsquo;\u00e9nergie verte de Mavi Deniz, le syst\u00e8me d&rsquo;\u00e9nergie solaire, le syst\u00e8me d&rsquo;alimentation par batterie, le syst\u00e8me de pile \u00e0 combustible \u00e0 hydrog\u00e8ne et le syst\u00e8me de GPL peuvent \u00eatre enti\u00e8rement int\u00e9gr\u00e9s dans le navire \u00e9cumeur de d\u00e9chets, y compris l&rsquo;\u00e9quipement de pont et le syst\u00e8me de propulsion.<\/p>\n<p><strong>Trash Skimmer Options d&rsquo;alimentation verte<\/strong><\/p>\n<ul>\n<li>Propuls\u00e9 par le syst\u00e8me d&rsquo;\u00e9nergie solaire<\/li>\n<li>Aliment\u00e9 par un syst\u00e8me d&rsquo;alimentation par batterie<\/li>\n<li>Aliment\u00e9 par un syst\u00e8me de pile \u00e0 combustible \u00e0 hydrog\u00e8ne<\/li>\n<li>Aliment\u00e9 par un syst\u00e8me GPL<\/li>\n<\/ul>\n<p><strong>Caract\u00e9ristiques <\/strong><\/p>\n<ul>\n<li>Le navire de d\u00e9pollution est bas\u00e9 sur une coque de catamaran en acier robuste.<\/li>\n<li>Le navire de contr\u00f4le de la pollution peut pivoter de 360 degr\u00e9s en place.<\/li>\n<li>Trash Skimmer Vessel a deux moteurs.<\/li>\n<li>T\u00e2ches g\u00e9n\u00e9rales du bateau de travail.<\/li>\n<li>Grue hydraulique pour aider dans les op\u00e9rations de transfert de d\u00e9chets.<\/li>\n<li>Pollution Response avec son syst\u00e8me de convoyeur \u00e0 bande interne pour r\u00e9cup\u00e9rer tous les d\u00e9chets\/d\u00e9bris\/ordures de la mer.<\/li>\n<li>Les ordures sont entrepos\u00e9es dans des bacs \u00e0 conteneurs ou dans des r\u00e9servoirs.<\/li>\n<li>R\u00e9servoir de stockage des ordures jusqu&rsquo;\u00e0 30 m\u00b3.<\/li>\n<li>Syst\u00e8me de r\u00e9cup\u00e9ration d&rsquo;huile.<\/li>\n<li>R\u00e9ception d&rsquo;eau huileuse. (boues, boues, boues de cale et d\u00e9chets liquides huileux)<\/li>\n<li>D\u00e9ploiement et stockage des rampes d&rsquo;huile avec bobine de rampe.<\/li>\n<li>Lutte Contre Le Feu.<\/li>\n<li>Syst\u00e8me de pulv\u00e9risation de dispersant.<\/li>\n<li>Travaux de remorquage avec crochet de remorquage.<\/li>\n<li><\/li>\n<li>Cabine pour l&rsquo;\u00e9quipage<\/li>\n<li>Atelier et magasin<\/li>\n<li>Confort-s\u00e9curit\u00e9 sans bruit, odeurs d\u00e9sagr\u00e9ables et \u00e9missions de suie.<\/li>\n<\/ul>\n<p><strong>Voici quelques exemples de la principale source de d\u00e9bris marins, d\u00e9chets marins, d\u00e9bris marins, d\u00e9chets marins et algues :<\/strong><\/p>\n<p><strong>bas\u00e9 \u00e0 terre<\/strong><\/p>\n<ul>\n<li>D\u00e9charges<\/li>\n<li>Rivi\u00e8res et eaux de crue<\/li>\n<li>Sorties industrielles<\/li>\n<li>Rejet des \u00e9gouts pluviaux<\/li>\n<li>Eaux us\u00e9es municipales non trait\u00e9es<\/li>\n<li>D\u00e9trituration des plages, des zones c\u00f4ti\u00e8res (tourisme)<\/li>\n<\/ul>\n<p><strong>bas\u00e9 en mer<\/strong><\/p>\n<ul>\n<li>Industrie de la p\u00eache<\/li>\n<li>Transport maritime (p. ex. transport, tourisme, p\u00eache)<\/li>\n<li>Extraction et extraction en mer<\/li>\n<li>D\u00e9versement ill\u00e9gal en mer<\/li>\n<li>Engins de p\u00eache rejet\u00e9s<\/li>\n<li>Plateforme p\u00e9troli\u00e8re et gazi\u00e8re offshore<\/li>\n<li>Installations aquacoles<\/li>\n<li>De nombreux navires<\/li>\n<\/ul>\n<p><strong>Le navire de contr\u00f4le de la pollution de Mavi Deniz est utilis\u00e9 dans le monde entier.<\/strong><\/p>\n<div class=\"wptm_table tablesorter-bootstrap \" data-id=\"72\" data-hightlight=\"0\"><div class=\"wptm_buttons buttons_wptmTbl72\"><\/div><div class=\"wptmresponsive dataTables-wptmtable wptmtable \" id=\"wptmtable72\" data-tableid=\"wptmTbl72\"><table data-count-header=\"1\"  data-format-decimal_count=\"0\" data-format-decimal_symbol=\".\" data-format-symbol_position=\"0\" data-format-thousand_symbol=\",\"  data-format-currency_symbol=\"$\"  data-name-style=\"72_1759811958.css\" data-format=\"YYYY-MM-DD\" id=\"wptmTbl72\" data-id=\"72\" data-responsive=\"false\" data-hideCols=\"false\"  data-type=\"html\" data-paging=\"false\" data-searching=\"true\"  data-ordering=\"false\" data-table-breakpoint=\"980\" data-scroll-x=\"true\" data-scroll-collapse=\"true\" data-align=\"center\" data-range=\"[]\" data-hideColumn=\"[0,0,0,0]\"  data-colwidths=\"[285,285,285,285]\"  data-colwidths_desktop=[]  data-colwidths_tablet=[]  data-colwidths_mobile=[]  class=\"wptm_main_table  disablePager hideScrollHeader\"><colgroup><col data-dtr=\"0\" data-dtc=\"0\" class=\"dtc0\"><col data-dtr=\"0\" data-dtc=\"1\" class=\"dtc1\"><col data-dtr=\"0\" data-dtc=\"2\" class=\"dtc2\"><col data-dtr=\"0\" data-dtc=\"3\" class=\"dtc3\"><\/colgroup><thead><tr class=\"wptm-header-cells-index\"><th rowspan=\"1\" colspan=\"1\" data-dtr=\"0\" data-dtc=\"0\" class=\"dtr0 dtc0\"><\/th><th rowspan=\"1\" colspan=\"1\" data-dtr=\"0\" data-dtc=\"1\" class=\"dtr0 dtc1\"><\/th><th rowspan=\"1\" colspan=\"1\" data-dtr=\"0\" data-dtc=\"2\" class=\"dtr0 dtc2\"><\/th><th rowspan=\"1\" colspan=\"1\" data-dtr=\"0\" data-dtc=\"3\" class=\"dtr0 dtc3\"><\/th><\/tr><tr class=\" row0\"><th   data-priority=\"0\" class=\"dtr0 dtc0\"><\/th><th   data-priority=\"0\" class=\"dtr0 dtc1\">Sea Cat 12<\/th><th   data-priority=\"0\" class=\"dtr0 dtc2\">Sea Cat 15<\/th><th   data-priority=\"0\" class=\"dtr0 dtc3\">Sea Cat 17<\/th><\/thead><tbody><tr class=\" row1\"><td    class=\"dtr1 dtc0\"><\/td><td    class=\"dtr1 dtc1\"><\/td><td    class=\"dtr1 dtc2\"><\/td><td    class=\"dtr1 dtc3\"><\/td><\/tr><tr class=\" row2\"><td  colspan=\"4\"   class=\"dtr2 dtc0\">Dimensions<\/td><td  style=\"display: none\"   class=\"dtr2 dtc1\"><\/td><td  style=\"display: none\"   class=\"dtr2 dtc2\"><\/td><td  style=\"display: none\"   class=\"dtr2 dtc3\"><\/td><\/tr><tr class=\" row3\"><td    class=\"dtr3 dtc0\">Length<\/td><td    class=\"dtr3 dtc1\">12 m<\/td><td    class=\"dtr3 dtc2\">15 m<\/td><td    class=\"dtr3 dtc3\">17 m<\/td><\/tr><tr class=\" row4\"><td    class=\"dtr4 dtc0\">Beam<\/td><td    class=\"dtr4 dtc1\">3.2 m<\/td><td    class=\"dtr4 dtc2\">5 m\u00b3<\/td><td    class=\"dtr4 dtc3\">6 m<\/td><\/tr><tr class=\" row5\"><td    class=\"dtr5 dtc0\">Draft<\/td><td    class=\"dtr5 dtc1\">1 m\u00b3<\/td><td    class=\"dtr5 dtc2\">1.2 m<\/td><td    class=\"dtr5 dtc3\">1.4 m<\/td><\/tr><tr class=\" row6\"><td    class=\"dtr6 dtc0\"><\/td><td    class=\"dtr6 dtc1\"><\/td><td    class=\"dtr6 dtc2\"><\/td><td    class=\"dtr6 dtc3\"><\/td><\/tr><tr class=\" row7\"><td  colspan=\"4\"   class=\"dtr7 dtc0\">General<\/td><td  style=\"display: none\"   class=\"dtr7 dtc1\"><\/td><td  style=\"display: none\"   class=\"dtr7 dtc2\"><\/td><td  style=\"display: none\"   class=\"dtr7 dtc3\"><\/td><\/tr><tr class=\" row8\"><td    class=\"dtr8 dtc0\">Purpose Of Vessel<\/td><td  colspan=\"3\"   class=\"dtr8 dtc1\">Trash and Debris Cleanup (Sea , River , Sea, Lake) + Pollution Control + Workboat + Fire fighting (Optional) + Oil Spill Response (Optional)<\/td><td  style=\"display: none\"   class=\"dtr8 dtc2\"><\/td><td  style=\"display: none\"   class=\"dtr8 dtc3\"><\/td><\/tr><tr class=\" row9\"><td    class=\"dtr9 dtc0\">Hull Type<\/td><td    class=\"dtr9 dtc1\">Catamaran<\/td><td    class=\"dtr9 dtc2\">Catamaran<\/td><td    class=\"dtr9 dtc3\">Catamaran<\/td><\/tr><tr class=\" row10\"><td    class=\"dtr10 dtc0\">Material ( Superstructure  + Hull )<\/td><td  colspan=\"3\"   class=\"dtr10 dtc1\">Steel ( Standard ) or Aluminium ( Optional )<\/td><td  style=\"display: none\"   class=\"dtr10 dtc2\"><\/td><td  style=\"display: none\"   class=\"dtr10 dtc3\"><\/td><\/tr><tr class=\" row11\"><td    class=\"dtr11 dtc0\">Paint<\/td><td  colspan=\"3\"   class=\"dtr11 dtc1\">Epoxy coating underwater hull, decks & superstructure with a lifetime of about 3 years.<\/td><td  style=\"display: none\"   class=\"dtr11 dtc2\"><\/td><td  style=\"display: none\"   class=\"dtr11 dtc3\"><\/td><\/tr><tr class=\" row12\"><td    class=\"dtr12 dtc0\">Classification (Optional)<\/td><td  colspan=\"3\"   class=\"dtr12 dtc1\">B.V. or Equivalent<\/td><td  style=\"display: none\"   class=\"dtr12 dtc2\"><\/td><td  style=\"display: none\"   class=\"dtr12 dtc3\"><\/td><\/tr><tr class=\" row13\"><td    class=\"dtr13 dtc0\"><\/td><td    class=\"dtr13 dtc1\"><\/td><td    class=\"dtr13 dtc2\"><\/td><td    class=\"dtr13 dtc3\"><\/td><\/tr><tr class=\" row14\"><td  colspan=\"4\"   class=\"dtr14 dtc0\">Tank Capacity<\/td><td  style=\"display: none\"   class=\"dtr14 dtc1\"><\/td><td  style=\"display: none\"   class=\"dtr14 dtc2\"><\/td><td  style=\"display: none\"   class=\"dtr14 dtc3\"><\/td><\/tr><tr class=\" row15\"><td    class=\"dtr15 dtc0\">Solid Waste Tank<\/td><td    class=\"dtr15 dtc1\">12 m\u00b3<\/td><td    class=\"dtr15 dtc2\">15 m\u00b3<\/td><td    class=\"dtr15 dtc3\">18 m\u00b3<\/td><\/tr><tr class=\" row16\"><td    class=\"dtr16 dtc0\">Recovered Oil tank<\/td><td    class=\"dtr16 dtc1\">5 m\u00b3<\/td><td    class=\"dtr16 dtc2\">5 m\u00b3<\/td><td    class=\"dtr16 dtc3\">5 m\u00b3<\/td><\/tr><tr class=\" row17\"><td    class=\"dtr17 dtc0\">F\/O Tank<\/td><td    class=\"dtr17 dtc1\">800 lt<\/td><td    class=\"dtr17 dtc2\">900 lt<\/td><td    class=\"dtr17 dtc3\">900 lt<\/td><\/tr><tr class=\" row18\"><td    class=\"dtr18 dtc0\">Fresh Water Tank (Optional)<\/td><td    class=\"dtr18 dtc1\">250 lt<\/td><td    class=\"dtr18 dtc2\">250 lt<\/td><td    class=\"dtr18 dtc3\">250 lt<\/td><\/tr><tr class=\" row19\"><td    class=\"dtr19 dtc0\"><\/td><td    class=\"dtr19 dtc1\"><\/td><td    class=\"dtr19 dtc2\"><\/td><td    class=\"dtr19 dtc3\"><\/td><\/tr><tr class=\" row20\"><td  colspan=\"4\"   class=\"dtr20 dtc0\">Power and Propulsion<\/td><td  style=\"display: none\"   class=\"dtr20 dtc1\"><\/td><td  style=\"display: none\"   class=\"dtr20 dtc2\"><\/td><td  style=\"display: none\"   class=\"dtr20 dtc3\"><\/td><\/tr><tr class=\" row21\"><td    class=\"dtr21 dtc0\">Propulsion<\/td><td  colspan=\"3\"   class=\"dtr21 dtc1\">Sterndrive ( Optional ) | Azimuth Thruster ( Optional ) |  Fixed Pitch ( Standard )<\/td><td  style=\"display: none\"   class=\"dtr21 dtc2\"><\/td><td  style=\"display: none\"   class=\"dtr21 dtc3\"><\/td><\/tr><tr class=\" row22\"><td    class=\"dtr22 dtc0\">Standard Power<\/td><td  colspan=\"3\"   class=\"dtr22 dtc1\">Diesel ( Standard )<\/td><td  style=\"display: none\"   class=\"dtr22 dtc2\"><\/td><td  style=\"display: none\"   class=\"dtr22 dtc3\"><\/td><\/tr><tr class=\" row23\"><td    class=\"dtr23 dtc0\">Green Power<\/td><td  colspan=\"3\"   class=\"dtr23 dtc1\">Battery ( Optional ) | Hydroen Fuel Cell (Optional) | Solar Energy (Optional) | LNG System (Optional)<\/td><td  style=\"display: none\"   class=\"dtr23 dtc2\"><\/td><td  style=\"display: none\"   class=\"dtr23 dtc3\"><\/td><\/tr><tr class=\" row24\"><td    class=\"dtr24 dtc0\">Engine<\/td><td    class=\"dtr24 dtc1\">2 x 125 hp<\/td><td    class=\"dtr24 dtc2\">2 x 300 hp<\/td><td    class=\"dtr24 dtc3\">2 x 300 hp<\/td><\/tr><tr class=\" row25\"><td    class=\"dtr25 dtc0\">Bow Thruster<\/td><td    class=\"dtr25 dtc1\">Optional<\/td><td    class=\"dtr25 dtc2\">Optional<\/td><td    class=\"dtr25 dtc3\">Optional<\/td><\/tr><tr class=\" row26\"><td    class=\"dtr26 dtc0\">Speed (Standard)<\/td><td    class=\"dtr26 dtc1\">8 Knots<\/td><td    class=\"dtr26 dtc2\">10 Knots<\/td><td    class=\"dtr26 dtc3\">12 Knots<\/td><\/tr><tr class=\" row27\"><td    class=\"dtr27 dtc0\">High Speed (Optional)<\/td><td    class=\"dtr27 dtc1\">Optional<\/td><td    class=\"dtr27 dtc2\">Optional<\/td><td    class=\"dtr27 dtc3\">Optional<\/td><\/tr><tr class=\" row28\"><td    class=\"dtr28 dtc0\"><\/td><td    class=\"dtr28 dtc1\"><\/td><td    class=\"dtr28 dtc2\"><\/td><td    class=\"dtr28 dtc3\"><\/td><\/tr><tr class=\" row29\"><td  colspan=\"4\"   class=\"dtr29 dtc0\">Oil Pollution Recovery System<\/td><td  style=\"display: none\"   class=\"dtr29 dtc1\"><\/td><td  style=\"display: none\"   class=\"dtr29 dtc2\"><\/td><td  style=\"display: none\"   class=\"dtr29 dtc3\"><\/td><\/tr><tr class=\" row30\"><td    class=\"dtr30 dtc0\">Oil Recovery Rate  (Optional)<\/td><td  colspan=\"3\"   class=\"dtr30 dtc1\">50 m\u00b3 \/ hr<\/td><td  style=\"display: none\"   class=\"dtr30 dtc2\"><\/td><td  style=\"display: none\"   class=\"dtr30 dtc3\"><\/td><\/tr><tr class=\" row31\"><td    class=\"dtr31 dtc0\">Type of Oil Skimmer  (Optional)<\/td><td  colspan=\"3\"   class=\"dtr31 dtc1\">Bow Collector or Inclined Belt Oil Skimmer or Side Collector or  Multi Skimmer<\/td><td  style=\"display: none\"   class=\"dtr31 dtc2\"><\/td><td  style=\"display: none\"   class=\"dtr31 dtc3\"><\/td><\/tr><tr class=\" row32\"><td    class=\"dtr32 dtc0\">Oil Collection Speed <\/td><td    class=\"dtr32 dtc1\">0-4 knots<\/td><td    class=\"dtr32 dtc2\">0-4 knots<\/td><td    class=\"dtr32 dtc3\">0-4 knots<\/td><\/tr><tr class=\" row33\"><td    class=\"dtr33 dtc0\">Oil Boom (Optional)<\/td><td  colspan=\"3\"   class=\"dtr33 dtc1\">Up to 400 m with Hydraulic Reel System<\/td><td  style=\"display: none\"   class=\"dtr33 dtc2\"><\/td><td  style=\"display: none\"   class=\"dtr33 dtc3\"><\/td><\/tr><tr class=\" row34\"><td    class=\"dtr34 dtc0\">Infrared Camera (Optional)<\/td><td  colspan=\"3\"   class=\"dtr34 dtc1\">Infrared Spill Tracking Camera<\/td><td  style=\"display: none\"   class=\"dtr34 dtc2\"><\/td><td  style=\"display: none\"   class=\"dtr34 dtc3\"><\/td><\/tr><tr class=\" row35\"><td    class=\"dtr35 dtc0\">Offloading  Pump (Optional)<\/td><td  colspan=\"3\"   class=\"dtr35 dtc1\">Up to 50 m\u00b3 \/ hr<\/td><td  style=\"display: none\"   class=\"dtr35 dtc2\"><\/td><td  style=\"display: none\"   class=\"dtr35 dtc3\"><\/td><\/tr><tr class=\" row36\"><td    class=\"dtr36 dtc0\">Dispersant Spray System (Optional)<\/td><td    class=\"dtr36 dtc1\">MaviSpray - 100 lt\/min<\/td><td    class=\"dtr36 dtc2\">MaviSpray - 100 lt\/min<\/td><td    class=\"dtr36 dtc3\">MaviSpray - 100 lt\/min<\/td><\/tr><tr class=\" row37\"><td    class=\"dtr37 dtc0\"><\/td><td    class=\"dtr37 dtc1\"><\/td><td    class=\"dtr37 dtc2\"><\/td><td    class=\"dtr37 dtc3\"><\/td><\/tr><tr class=\" row38\"><td  colspan=\"4\"   class=\"dtr38 dtc0\">Deck System<\/td><td  style=\"display: none\"   class=\"dtr38 dtc1\"><\/td><td  style=\"display: none\"   class=\"dtr38 dtc2\"><\/td><td  style=\"display: none\"   class=\"dtr38 dtc3\"><\/td><\/tr><tr class=\" row39\"><td    class=\"dtr39 dtc0\">Trash Conveyor<\/td><td  colspan=\"3\"   class=\"dtr39 dtc1\">Stainless Steel<\/td><td  style=\"display: none\"   class=\"dtr39 dtc2\"><\/td><td  style=\"display: none\"   class=\"dtr39 dtc3\"><\/td><\/tr><tr class=\" row40\"><td    class=\"dtr40 dtc0\">Crane<\/td><td  colspan=\"3\"   class=\"dtr40 dtc1\">Hydraulic Foldable Knuckle Crane - Up to 1 ton @ 8m<\/td><td  style=\"display: none\"   class=\"dtr40 dtc2\"><\/td><td  style=\"display: none\"   class=\"dtr40 dtc3\"><\/td><\/tr><tr class=\" row41\"><td    class=\"dtr41 dtc0\">Anchor<\/td><td    class=\"dtr41 dtc1\">1 pcs<\/td><td    class=\"dtr41 dtc2\">1 pcs<\/td><td    class=\"dtr41 dtc3\">1 pcs<\/td><\/tr><tr class=\" row42\"><td    class=\"dtr42 dtc0\">Optional<\/td><td  colspan=\"3\"   class=\"dtr42 dtc1\">Towing Winch \/ Hydrographic Equipment \/ Diving Equipments \/ Fire Fighting Equipment (Up to 600 m3\/h monitor) \/ Workboat<\/td><td  style=\"display: none\"   class=\"dtr42 dtc2\"><\/td><td  style=\"display: none\"   class=\"dtr42 dtc3\"><\/td><\/tr><tr class=\" row43\"><td    class=\"dtr43 dtc0\"><\/td><td    class=\"dtr43 dtc1\"><\/td><td    class=\"dtr43 dtc2\"><\/td><td    class=\"dtr43 dtc3\"><\/td><\/tr><tr class=\" row44\"><td  colspan=\"4\"   class=\"dtr44 dtc0\">Electronic and Navigation<\/td><td  style=\"display: none\"   class=\"dtr44 dtc1\"><\/td><td  style=\"display: none\"   class=\"dtr44 dtc2\"><\/td><td  style=\"display: none\"   class=\"dtr44 dtc3\"><\/td><\/tr><tr class=\" row45\"><td    class=\"dtr45 dtc0\">Standard<\/td><td  colspan=\"3\"   class=\"dtr45 dtc1\">Gyro Compass \/ Rudder Indicator \/ Wiper \/ Lighting Projector<\/td><td  style=\"display: none\"   class=\"dtr45 dtc2\"><\/td><td  style=\"display: none\"   class=\"dtr45 dtc3\"><\/td><\/tr><tr class=\" row46\"><td    class=\"dtr46 dtc0\">Optional<\/td><td  colspan=\"3\"   class=\"dtr46 dtc1\">Screen Display \/ Radar \/ GPS \/ Echosounder \/ VHF \/  Wind Direction Indicator \/ Autopilot \/ CCTV \/ Modem \/ Solar Panel \/ Search Light<\/td><td  style=\"display: none\"   class=\"dtr46 dtc2\"><\/td><td  style=\"display: none\"   class=\"dtr46 dtc3\"><\/td><\/tr><tr class=\" row47\"><td    class=\"dtr47 dtc0\"><\/td><td    class=\"dtr47 dtc1\"><\/td><td    class=\"dtr47 dtc2\"><\/td><td    class=\"dtr47 dtc3\"><\/td><\/tr><tr class=\" row48\"><td  colspan=\"4\"   class=\"dtr48 dtc0\">Accommodations<\/td><td  style=\"display: none\"   class=\"dtr48 dtc1\"><\/td><td  style=\"display: none\"   class=\"dtr48 dtc2\"><\/td><td  style=\"display: none\"   class=\"dtr48 dtc3\"><\/td><\/tr><tr class=\" row49\"><td    class=\"dtr49 dtc0\">Air Condition<\/td><td  colspan=\"3\"   class=\"dtr49 dtc1\">Heated (Standard) \/ Air-conditioned (Optional)<\/td><td  style=\"display: none\"   class=\"dtr49 dtc2\"><\/td><td  style=\"display: none\"   class=\"dtr49 dtc3\"><\/td><\/tr><tr class=\" row50\"><td    class=\"dtr50 dtc0\">Cabin<\/td><td  colspan=\"3\"   class=\"dtr50 dtc1\">A fully glazed wheelhouse high quality fit-out which includes seat.<\/td><td  style=\"display: none\"   class=\"dtr50 dtc2\"><\/td><td  style=\"display: none\"   class=\"dtr50 dtc3\"><\/td><\/tr><tr class=\" row51\"><td    class=\"dtr51 dtc0\">Optional<\/td><td  colspan=\"3\"   class=\"dtr51 dtc1\">WC \/ Gallery \/ Bed Cabin<\/td><td  style=\"display: none\"   class=\"dtr51 dtc2\"><\/td><td  style=\"display: none\"   class=\"dtr51 dtc3\"><\/td><\/tr><\/tbody><tfoot><tr><td class=\"dtr51 dtc0\" style=\"height: 0;\"><\/td><td class=\"dtr51 dtc1\" style=\"height: 0;\"><\/td><td class=\"dtr51 dtc2\" style=\"height: 0;\"><\/td><td class=\"dtr51 dtc3\" style=\"height: 0;\"><\/td><\/tr><\/tfoot><\/table><\/div><style>#wptmtable72 .dataTables_wrapper > .dataTables_scroll {max-height:850px;overflow: auto;}<\/style><script>window.wptm_ajaxurl = 'https:\/\/mavideniz.com.tr\/wp-admin\/admin-ajax.php?juwpfisadmin=false&action=Wptm&'; window.wptm_front = 'https:\/\/mavideniz.com.tr\/wp-content\/plugins\/wp-table-manager\/app\/site\/assets\/'; window.wptm_style = 'https:\/\/mavideniz.com.tr\/wp-content\/uploads\/wptm\/';<\/script><\/div><style><\/style>\n","protected":false},"excerpt":{"rendered":"<p>Mavi Deniz est un leader du march\u00e9 et le plus grand producteur mondial dans la conception et la fabrication de [&hellip;]<\/p>\n","protected":false},"author":1,"featured_media":0,"parent":41276,"menu_order":0,"comment_status":"closed","ping_status":"closed","template":"","meta":{"site-sidebar-layout":"default","site-content-layout":"","ast-site-content-layout":"default","site-content-style":"default","site-sidebar-style":"default","ast-global-header-display":"","ast-banner-title-visibility":"","ast-main-header-display":"","ast-hfb-above-header-display":"","ast-hfb-below-header-display":"","ast-hfb-mobile-header-display":"","site-post-title":"","ast-breadcrumbs-content":"","ast-featured-img":"","footer-sml-layout":"","ast-disable-related-posts":"","theme-transparent-header-meta":"","adv-header-id-meta":"","stick-header-meta":"","header-above-stick-meta":"","header-main-stick-meta":"","header-below-stick-meta":"","astra-migrate-meta-layouts":"default","ast-page-background-enabled":"default","ast-page-background-meta":{"desktop":{"background-color":"var(--ast-global-color-5)","background-image":"","background-repeat":"repeat","background-position":"center center","background-size":"auto","background-attachment":"scroll","background-type":"","background-media":"","overlay-type":"","overlay-color":"","overlay-opacity":"","overlay-gradient":""},"tablet":{"background-color":"","background-image":"","background-repeat":"repeat","background-position":"center center","background-size":"auto","background-attachment":"scroll","background-type":"","background-media":"","overlay-type":"","overlay-color":"","overlay-opacity":"","overlay-gradient":""},"mobile":{"background-color":"","background-image":"","background-repeat":"repeat","background-position":"center center","background-size":"auto","background-attachment":"scroll","background-type":"","background-media":"","overlay-type":"","overlay-color":"","overlay-opacity":"","overlay-gradient":""}},"ast-content-background-meta":{"desktop":{"background-color":"var(--ast-global-color-4)","background-image":"","background-repeat":"repeat","background-position":"center center","background-size":"auto","background-attachment":"scroll","background-type":"","background-media":"","overlay-type":"","overlay-color":"","overlay-opacity":"","overlay-gradient":""},"tablet":{"background-color":"var(--ast-global-color-4)","background-image":"","background-repeat":"repeat","background-position":"center center","background-size":"auto","background-attachment":"scroll","background-type":"","background-media":"","overlay-type":"","overlay-color":"","overlay-opacity":"","overlay-gradient":""},"mobile":{"background-color":"var(--ast-global-color-4)","background-image":"","background-repeat":"repeat","background-position":"center center","background-size":"auto","background-attachment":"scroll","background-type":"","background-media":"","overlay-type":"","overlay-color":"","overlay-opacity":"","overlay-gradient":""}},"footnotes":""},"class_list":["post-41285","page","type-page","status-publish","hentry"],"_links":{"self":[{"href":"https:\/\/mavideniz.com.tr\/fr\/wp-json\/wp\/v2\/pages\/41285","targetHints":{"allow":["GET"]}}],"collection":[{"href":"https:\/\/mavideniz.com.tr\/fr\/wp-json\/wp\/v2\/pages"}],"about":[{"href":"https:\/\/mavideniz.com.tr\/fr\/wp-json\/wp\/v2\/types\/page"}],"author":[{"embeddable":true,"href":"https:\/\/mavideniz.com.tr\/fr\/wp-json\/wp\/v2\/users\/1"}],"replies":[{"embeddable":true,"href":"https:\/\/mavideniz.com.tr\/fr\/wp-json\/wp\/v2\/comments?post=41285"}],"version-history":[{"count":0,"href":"https:\/\/mavideniz.com.tr\/fr\/wp-json\/wp\/v2\/pages\/41285\/revisions"}],"up":[{"embeddable":true,"href":"https:\/\/mavideniz.com.tr\/fr\/wp-json\/wp\/v2\/pages\/41276"}],"wp:attachment":[{"href":"https:\/\/mavideniz.com.tr\/fr\/wp-json\/wp\/v2\/media?parent=41285"}],"curies":[{"name":"wp","href":"https:\/\/api.w.org\/{rel}","templated":true}]}}