{"id":41290,"date":"2022-10-23T21:55:10","date_gmt":"2022-10-23T21:55:10","guid":{"rendered":"https:\/\/mavideniz.com.tr\/?page_id=41290"},"modified":"2022-10-23T21:55:12","modified_gmt":"2022-10-23T21:55:12","slug":"auto-dechargeur-bateau-ecumeur-de-dechets","status":"publish","type":"page","link":"https:\/\/mavideniz.com.tr\/fr\/navires-bateaux\/dechets-debris-algues-navire-de-nettoyage-de-sargasses\/auto-dechargeur-bateau-ecumeur-de-dechets\/","title":{"rendered":"Auto-d\u00e9chargeur &#8211; Bateau \u00e9cumeur de d\u00e9chets"},"content":{"rendered":"\n<p>Bateau d&rsquo;\u00e9cumeur de d\u00e9chets \u00e0 d\u00e9chargement automatique con\u00e7u pour nettoyer la marina, le lac, la rivi\u00e8re, la mer, le port, les canaux, les baies, le port et les voies navigables, s\u00e9rie int\u00e9gr\u00e9e \u00e0 la conception standard fiable \u00e9prouv\u00e9e de haute qualit\u00e9 des composants et de l&rsquo;\u00e9quipement normalis\u00e9s.<\/p>\n<p>Mavi Deniz est un leader du march\u00e9\/le plus grand producteur mondial dans la conception et la fabrication de Trash Skimmer Boat. Les bateaux de r\u00e9cup\u00e9ration de d\u00e9bris et d&rsquo;ordures Mavi Deniz sont s\u00fbrs et faciles \u00e0 utiliser et offrent une solution pratique et rentable pour de nombreuses applications de contr\u00f4le de la pollution marine peu profonde.<\/p>\n<p>Les d\u00e9bris marins, les d\u00e9chets marins et les d\u00e9chets marins sont nocifs pour la vie marine, y compris les oiseaux prot\u00e9g\u00e9s, les requins, les tortues et les mammif\u00e8res marins. Les d\u00e9bris marins peuvent causer des blessures ou la mort par noyade, enchev\u00eatrement, blessures internes ou faim apr\u00e8s ingestion. Les algues marines sont des organismes ressemblant \u00e0 des plantes qui vivent attach\u00e9s \u00e0 la roche ou \u00e0 d&rsquo;autres substrats rigides dans les zones c\u00f4ti\u00e8res. Les algues appartiennent \u00e0 trois groupes, qui se distinguent empiriquement depuis le milieu du XIXe si\u00e8cle par la couleur du thalle : les algues brunes, les algues rouges et les algues vertes.<\/p>\n<p>Auto Unloader Trash Skimmer Boat est bas\u00e9 sur une coque de catamaran robuste en acier ou en aluminium. Le bateau Trash Skimmer peut facilement enlever les d\u00e9bris flottants d&rsquo;origine humaine et organique : b\u00fbches, pneus, r\u00e9frig\u00e9rateurs, liti\u00e8re, feuilles, bouteilles, canettes, cordes, poissons et plastiques. D\u00e9chargement automatique, bateau Trash Skimmer peut auto-charger les ordures + d\u00e9bris \u00e0 la terre ou d&rsquo;autres navires, pas besoin d&rsquo;une grue. Trash Skimmer effectue le d\u00e9versement des d\u00e9chets avec un syst\u00e8me de convoyeur intelligent.<\/p>\n<p>L&rsquo;Organisation maritime internationale a annonc\u00e9 une strat\u00e9gie visant \u00e0 r\u00e9duire \u00e0 z\u00e9ro les \u00e9missions de gaz \u00e0 effet de serre (GES) d&rsquo;ici le d\u00e9but du si\u00e8cle ; la r\u00e9glementation du milieu marin a \u00e9t\u00e9 resserr\u00e9e partout dans le monde. La mise en oeuvre de zones de contr\u00f4le des \u00e9missions a commenc\u00e9 \u00e0 affecter les op\u00e9rations des bateaux. Mavi Deniz a lanc\u00e9 avec succ\u00e8s de nouvelles r\u00e9glementations de contr\u00f4le des \u00e9missions en d\u00e9veloppant des solutions bicarburant et des technologies d&rsquo;\u00e9nergie verte plus propres. Les options d&rsquo;\u00e9nergie verte de Mavi Deniz, le syst\u00e8me d&rsquo;\u00e9nergie solaire, le syst\u00e8me d&rsquo;alimentation par batterie, le syst\u00e8me de pile \u00e0 combustible \u00e0 hydrog\u00e8ne et le syst\u00e8me de GPL peuvent \u00eatre enti\u00e8rement int\u00e9gr\u00e9s dans la poubelle \u00e9cumeuse bateau, y compris l&rsquo;\u00e9quipement de pont et le syst\u00e8me de propulsion.<\/p>\n<p><strong>Trash Skimmer Options d&rsquo;alimentation verte<\/strong><\/p>\n<ul>\n<li>Propuls\u00e9 par le syst\u00e8me d&rsquo;\u00e9nergie solaire<\/li>\n<li>Aliment\u00e9 par un syst\u00e8me d&rsquo;alimentation par batterie<\/li>\n<li>Aliment\u00e9 par un syst\u00e8me de pile \u00e0 combustible \u00e0 hydrog\u00e8ne<\/li>\n<li>Aliment\u00e9 par un syst\u00e8me GPL<\/li>\n<\/ul>\n<p><strong>Caract\u00e9ristiques<\/strong><\/p>\n<ul>\n<li>Le d\u00e9chargement automatique n&rsquo;a pas besoin de grue.<\/li>\n<li>Capacit\u00e9 de r\u00e9cup\u00e9ration \u00e9lev\u00e9e \u00e0 faible co\u00fbt<\/li>\n<li>Excellente manoeuvrabilit\u00e9.<\/li>\n<li>Efficace \u00c9lev\u00e9<\/li>\n<li>Excellent Tirant d&rsquo;eau peu profond avec stabilit\u00e9<\/li>\n<li>Moteurs simples ou doubles<\/li>\n<li>R\u00e9cup\u00e9ration des d\u00e9versements de p\u00e9trole<\/li>\n<li>Pose des estacades p\u00e9troli\u00e8res<\/li>\n<li>Lutte Contre L&rsquo;Incendie<\/li>\n<li>Stocke les d\u00e9chets solides, flottants et semi-immerg\u00e9s<\/li>\n<li>Stocke les d\u00e9chets et liquides d&rsquo;huile<\/li>\n<li>Les conceptions personnalis\u00e9es peuvent \u00eatre faites rapidement et \u00e9conomiquement.<\/li>\n<\/ul>\n<p><strong>Voici quelques exemples de la principale source de d\u00e9bris marins, d\u00e9chets marins, d\u00e9bris marins, d\u00e9chets marins et algues :<\/strong><\/p>\n<p><strong>bas\u00e9 \u00e0 terre<\/strong><\/p>\n<ul>\n<li>D\u00e9charges<\/li>\n<li>Rivi\u00e8res et eaux de crue<\/li>\n<li>Sorties industrielles<\/li>\n<li>Rejet des \u00e9gouts pluviaux<\/li>\n<li>Eaux us\u00e9es municipales non trait\u00e9es<\/li>\n<li>D\u00e9trituration des plages, des zones c\u00f4ti\u00e8res (tourisme)<\/li>\n<\/ul>\n<p><strong>bas\u00e9 en mer<\/strong><\/p>\n<ul>\n<li>Industrie de la p\u00eache<\/li>\n<li>Transport maritime (p. ex. transport, tourisme, p\u00eache)<\/li>\n<li>Extraction et extraction en mer<\/li>\n<li>D\u00e9versement ill\u00e9gal en mer<\/li>\n<li>Engins de p\u00eache rejet\u00e9s<\/li>\n<li>Plateforme p\u00e9troli\u00e8re et gazi\u00e8re offshore<\/li>\n<li>Installations aquacoles<\/li>\n<li>De nombreux navires<\/li>\n<\/ul>\n<div class=\"wptm_table tablesorter-bootstrap \" data-id=\"73\" data-hightlight=\"0\"><div class=\"wptm_buttons buttons_wptmTbl73\"><\/div><div class=\"wptmresponsive dataTables-wptmtable wptmtable \" id=\"wptmtable73\" data-tableid=\"wptmTbl73\"><table data-count-header=\"1\"  data-format-decimal_count=\"0\" data-format-decimal_symbol=\".\" data-format-symbol_position=\"0\" data-format-thousand_symbol=\",\"  data-format-currency_symbol=\"$\"  data-name-style=\"73_1759812052.css\" data-format=\"YYYY-MM-DD\" id=\"wptmTbl73\" data-id=\"73\" data-responsive=\"false\" data-hideCols=\"false\"  data-type=\"html\" data-paging=\"false\" data-searching=\"true\"  data-ordering=\"false\" data-table-breakpoint=\"980\" data-scroll-x=\"true\" data-scroll-collapse=\"true\" data-align=\"center\" data-range=\"[]\" data-hideColumn=\"[0,0,0,0,0]\"  data-colwidths=\"[285,285,285,285,285]\"  data-colwidths_desktop=[]  data-colwidths_tablet=[]  data-colwidths_mobile=[]  class=\"wptm_main_table  disablePager hideScrollHeader\"><colgroup><col data-dtr=\"0\" data-dtc=\"0\" class=\"dtc0\"><col data-dtr=\"0\" data-dtc=\"1\" class=\"dtc1\"><col data-dtr=\"0\" data-dtc=\"2\" class=\"dtc2\"><col data-dtr=\"0\" data-dtc=\"3\" class=\"dtc3\"><col data-dtr=\"0\" data-dtc=\"4\" class=\"dtc4\"><\/colgroup><thead><tr class=\"wptm-header-cells-index\"><th rowspan=\"1\" colspan=\"1\" data-dtr=\"0\" data-dtc=\"0\" class=\"dtr0 dtc0\"><\/th><th rowspan=\"1\" colspan=\"1\" data-dtr=\"0\" data-dtc=\"1\" class=\"dtr0 dtc1\"><\/th><th rowspan=\"1\" colspan=\"1\" data-dtr=\"0\" data-dtc=\"2\" class=\"dtr0 dtc2\"><\/th><th rowspan=\"1\" colspan=\"1\" data-dtr=\"0\" data-dtc=\"3\" class=\"dtr0 dtc3\"><\/th><th rowspan=\"1\" colspan=\"1\" data-dtr=\"0\" data-dtc=\"4\" class=\"dtr0 dtc4\"><\/th><\/tr><tr class=\" row0\"><th   data-priority=\"0\" class=\"dtr0 dtc0\"><\/th><th   data-priority=\"0\" class=\"dtr0 dtc1\">Self Unloader 10<\/th><th   data-priority=\"0\" class=\"dtr0 dtc2\">Self Unloader 12<\/th><th   data-priority=\"0\" class=\"dtr0 dtc3\">Self Unloader 14<\/th><th   data-priority=\"0\" class=\"dtr0 dtc4\">Self Unloader 16<\/th><\/thead><tbody><tr class=\" row1\"><td    class=\"dtr1 dtc0\"><\/td><td    class=\"dtr1 dtc1\"><\/td><td    class=\"dtr1 dtc2\"><\/td><td    class=\"dtr1 dtc3\"><\/td><td    class=\"dtr1 dtc4\"><\/td><\/tr><tr class=\" row2\"><td  colspan=\"5\"   class=\"dtr2 dtc0\">Dimensions<\/td><td  style=\"display: none\"   class=\"dtr2 dtc1\"><\/td><td  style=\"display: none\"   class=\"dtr2 dtc2\"><\/td><td  style=\"display: none\"   class=\"dtr2 dtc3\"><\/td><td  style=\"display: none\"   class=\"dtr2 dtc4\"><\/td><\/tr><tr class=\" row3\"><td    class=\"dtr3 dtc0\">Length<\/td><td    class=\"dtr3 dtc1\">10 m<\/td><td    class=\"dtr3 dtc2\">12 m<\/td><td    class=\"dtr3 dtc3\">14 m<\/td><td    class=\"dtr3 dtc4\">16 m<\/td><\/tr><tr class=\" row4\"><td    class=\"dtr4 dtc0\">Beam<\/td><td    class=\"dtr4 dtc1\">3.4 m<\/td><td    class=\"dtr4 dtc2\">4.2 m<\/td><td    class=\"dtr4 dtc3\">5.3 m<\/td><td    class=\"dtr4 dtc4\">6 m<\/td><\/tr><tr class=\" row5\"><td    class=\"dtr5 dtc0\">Draft<\/td><td    class=\"dtr5 dtc1\">0.5 m<\/td><td    class=\"dtr5 dtc2\">0.6 m<\/td><td    class=\"dtr5 dtc3\">1.2 m<\/td><td    class=\"dtr5 dtc4\">1.6 m<\/td><\/tr><tr class=\" row6\"><td    class=\"dtr6 dtc0\"><\/td><td    class=\"dtr6 dtc1\"><\/td><td    class=\"dtr6 dtc2\"><\/td><td    class=\"dtr6 dtc3\"><\/td><td    class=\"dtr6 dtc4\"><\/td><\/tr><tr class=\" row7\"><td  colspan=\"5\"   class=\"dtr7 dtc0\">General<\/td><td  style=\"display: none\"   class=\"dtr7 dtc1\"><\/td><td  style=\"display: none\"   class=\"dtr7 dtc2\"><\/td><td  style=\"display: none\"   class=\"dtr7 dtc3\"><\/td><td  style=\"display: none\"   class=\"dtr7 dtc4\"><\/td><\/tr><tr class=\" row8\"><td    class=\"dtr8 dtc0\">Purpose Of Vessel<\/td><td  colspan=\"4\"   class=\"dtr8 dtc1\">Trash and Debris Cleanup (Sea , River , Sea, Lake) + Pollution Control  + Fire fighting (Optional) + Oil Spill Response (Optional)<\/td><td  style=\"display: none\"   class=\"dtr8 dtc2\"><\/td><td  style=\"display: none\"   class=\"dtr8 dtc3\"><\/td><td  style=\"display: none\"   class=\"dtr8 dtc4\"><\/td><\/tr><tr class=\" row9\"><td    class=\"dtr9 dtc0\">Hull Type<\/td><td    class=\"dtr9 dtc1\">Catamaran<\/td><td    class=\"dtr9 dtc2\">Catamaran<\/td><td    class=\"dtr9 dtc3\">Catamaran<\/td><td    class=\"dtr9 dtc4\">Catamaran<\/td><\/tr><tr class=\" row10\"><td    class=\"dtr10 dtc0\">Material ( Superstructure  + Hull )<\/td><td    class=\"dtr10 dtc1\">Aluminium<\/td><td    class=\"dtr10 dtc2\">Aluminium<\/td><td    class=\"dtr10 dtc3\">Steel<\/td><td    class=\"dtr10 dtc4\">Steel<\/td><\/tr><tr class=\" row11\"><td    class=\"dtr11 dtc0\">Paint<\/td><td  colspan=\"4\"   class=\"dtr11 dtc1\">Epoxy coating underwater hull, decks & superstructure with a lifetime of about 3 years.<\/td><td  style=\"display: none\"   class=\"dtr11 dtc2\"><\/td><td  style=\"display: none\"   class=\"dtr11 dtc3\"><\/td><td  style=\"display: none\"   class=\"dtr11 dtc4\"><\/td><\/tr><tr class=\" row12\"><td    class=\"dtr12 dtc0\">Classification (Optional)<\/td><td  colspan=\"4\"   class=\"dtr12 dtc1\">B.V. or Equivalent<\/td><td  style=\"display: none\"   class=\"dtr12 dtc2\"><\/td><td  style=\"display: none\"   class=\"dtr12 dtc3\"><\/td><td  style=\"display: none\"   class=\"dtr12 dtc4\"><\/td><\/tr><tr class=\" row13\"><td    class=\"dtr13 dtc0\"><\/td><td    class=\"dtr13 dtc1\"><\/td><td    class=\"dtr13 dtc2\"><\/td><td    class=\"dtr13 dtc3\"><\/td><td    class=\"dtr13 dtc4\"><\/td><\/tr><tr class=\" row14\"><td  colspan=\"5\"   class=\"dtr14 dtc0\">Tank Capacity<\/td><td  style=\"display: none\"   class=\"dtr14 dtc1\"><\/td><td  style=\"display: none\"   class=\"dtr14 dtc2\"><\/td><td  style=\"display: none\"   class=\"dtr14 dtc3\"><\/td><td  style=\"display: none\"   class=\"dtr14 dtc4\"><\/td><\/tr><tr class=\" row15\"><td    class=\"dtr15 dtc0\">Solid Waste Tank<\/td><td    class=\"dtr15 dtc1\">5 m\u00b3<\/td><td    class=\"dtr15 dtc2\">8 m\u00b3<\/td><td    class=\"dtr15 dtc3\">18 m\u00b3<\/td><td    class=\"dtr15 dtc4\">25 m\u00b3<\/td><\/tr><tr class=\" row16\"><td    class=\"dtr16 dtc0\">Recovered Oil tank<\/td><td    class=\"dtr16 dtc1\">5 m\u00b3<\/td><td    class=\"dtr16 dtc2\">5 m\u00b3<\/td><td    class=\"dtr16 dtc3\">5 m\u00b3<\/td><td    class=\"dtr16 dtc4\">5 m\u00b3<\/td><\/tr><tr class=\" row17\"><td    class=\"dtr17 dtc0\">F\/O Tank<\/td><td    class=\"dtr17 dtc1\">800 lt<\/td><td    class=\"dtr17 dtc2\">800 lt<\/td><td    class=\"dtr17 dtc3\">900 lt<\/td><td    class=\"dtr17 dtc4\">900 lt<\/td><\/tr><tr class=\" row18\"><td    class=\"dtr18 dtc0\">Fresh Water Tank (Optional)<\/td><td    class=\"dtr18 dtc1\">250 lt<\/td><td    class=\"dtr18 dtc2\">250 lt<\/td><td    class=\"dtr18 dtc3\">250 lt<\/td><td    class=\"dtr18 dtc4\">250 lt<\/td><\/tr><tr class=\" row19\"><td    class=\"dtr19 dtc0\"><\/td><td    class=\"dtr19 dtc1\"><\/td><td    class=\"dtr19 dtc2\"><\/td><td    class=\"dtr19 dtc3\"><\/td><td    class=\"dtr19 dtc4\"><\/td><\/tr><tr class=\" row20\"><td  colspan=\"5\"   class=\"dtr20 dtc0\">Power and Propulsion<\/td><td  style=\"display: none\"   class=\"dtr20 dtc1\"><\/td><td  style=\"display: none\"   class=\"dtr20 dtc2\"><\/td><td  style=\"display: none\"   class=\"dtr20 dtc3\"><\/td><td  style=\"display: none\"   class=\"dtr20 dtc4\"><\/td><\/tr><tr class=\" row21\"><td    class=\"dtr21 dtc0\">Propulsion<\/td><td  colspan=\"4\"   class=\"dtr21 dtc1\">Sterndrive ( Optional ) | Azimuth Thruster ( Optional ) |  Fixed Pitch ( Standard )<\/td><td  style=\"display: none\"   class=\"dtr21 dtc2\"><\/td><td  style=\"display: none\"   class=\"dtr21 dtc3\"><\/td><td  style=\"display: none\"   class=\"dtr21 dtc4\"><\/td><\/tr><tr class=\" row22\"><td    class=\"dtr22 dtc0\">Standard Power<\/td><td  colspan=\"4\"   class=\"dtr22 dtc1\">Diesel ( Standard )<\/td><td  style=\"display: none\"   class=\"dtr22 dtc2\"><\/td><td  style=\"display: none\"   class=\"dtr22 dtc3\"><\/td><td  style=\"display: none\"   class=\"dtr22 dtc4\"><\/td><\/tr><tr class=\" row23\"><td    class=\"dtr23 dtc0\">Green Power<\/td><td  colspan=\"4\"   class=\"dtr23 dtc1\">Battery ( Optional ) | Hydroen Fuel Cell (Optional) | Solar Energy (Optional) | LNG System (Optional)<\/td><td  style=\"display: none\"   class=\"dtr23 dtc2\"><\/td><td  style=\"display: none\"   class=\"dtr23 dtc3\"><\/td><td  style=\"display: none\"   class=\"dtr23 dtc4\"><\/td><\/tr><tr class=\" row24\"><td    class=\"dtr24 dtc0\">Engine<\/td><td    class=\"dtr24 dtc1\">2 x 200 hp<\/td><td    class=\"dtr24 dtc2\">2 x 170 hp<\/td><td    class=\"dtr24 dtc3\">2 x 250 hp<\/td><td    class=\"dtr24 dtc4\">2 x 400 hp<\/td><\/tr><tr class=\" row25\"><td    class=\"dtr25 dtc0\">Bow Thruster<\/td><td    class=\"dtr25 dtc1\">Optional<\/td><td    class=\"dtr25 dtc2\">Optional<\/td><td    class=\"dtr25 dtc3\">Optional<\/td><td    class=\"dtr25 dtc4\">Optional<\/td><\/tr><tr class=\" row26\"><td    class=\"dtr26 dtc0\">Speed (Standard)<\/td><td    class=\"dtr26 dtc1\">10 Knots<\/td><td    class=\"dtr26 dtc2\">10 Knots<\/td><td    class=\"dtr26 dtc3\">10 Knots<\/td><td    class=\"dtr26 dtc4\">10 Knots<\/td><\/tr><tr class=\" row27\"><td    class=\"dtr27 dtc0\">High Speed (Optional)<\/td><td    class=\"dtr27 dtc1\">Optional<\/td><td    class=\"dtr27 dtc2\">Optional<\/td><td    class=\"dtr27 dtc3\">Optional<\/td><td    class=\"dtr27 dtc4\">Optional<\/td><\/tr><tr class=\" row28\"><td    class=\"dtr28 dtc0\"><\/td><td    class=\"dtr28 dtc1\"><\/td><td    class=\"dtr28 dtc2\"><\/td><td    class=\"dtr28 dtc3\"><\/td><td    class=\"dtr28 dtc4\"><\/td><\/tr><tr class=\" row29\"><td  colspan=\"5\"   class=\"dtr29 dtc0\">Oil Pollution Recovery System<\/td><td  style=\"display: none\"   class=\"dtr29 dtc1\"><\/td><td  style=\"display: none\"   class=\"dtr29 dtc2\"><\/td><td  style=\"display: none\"   class=\"dtr29 dtc3\"><\/td><td  style=\"display: none\"   class=\"dtr29 dtc4\"><\/td><\/tr><tr class=\" row30\"><td    class=\"dtr30 dtc0\">Oil Recovery Rate  (Optional)<\/td><td  colspan=\"4\"   class=\"dtr30 dtc1\">50 m\u00b3 \/ hr<\/td><td  style=\"display: none\"   class=\"dtr30 dtc2\"><\/td><td  style=\"display: none\"   class=\"dtr30 dtc3\"><\/td><td  style=\"display: none\"   class=\"dtr30 dtc4\"><\/td><\/tr><tr class=\" row31\"><td    class=\"dtr31 dtc0\">Type of Oil Skimmer  (Optional)<\/td><td  colspan=\"4\"   class=\"dtr31 dtc1\">Bow Collector or Inclined Belt Oil Skimmer or Side Collector or  Multi Skimmer<\/td><td  style=\"display: none\"   class=\"dtr31 dtc2\"><\/td><td  style=\"display: none\"   class=\"dtr31 dtc3\"><\/td><td  style=\"display: none\"   class=\"dtr31 dtc4\"><\/td><\/tr><tr class=\" row32\"><td    class=\"dtr32 dtc0\">Oil Collection Speed <\/td><td    class=\"dtr32 dtc1\">0-4 knots<\/td><td    class=\"dtr32 dtc2\">0-4 knots<\/td><td    class=\"dtr32 dtc3\">0-4 knots<\/td><td    class=\"dtr32 dtc4\">0-4 knots<\/td><\/tr><tr class=\" row33\"><td    class=\"dtr33 dtc0\">Oil Boom (Optional)<\/td><td  colspan=\"4\"   class=\"dtr33 dtc1\">Up to 400 m with Hydraulic Reel System<\/td><td  style=\"display: none\"   class=\"dtr33 dtc2\"><\/td><td  style=\"display: none\"   class=\"dtr33 dtc3\"><\/td><td  style=\"display: none\"   class=\"dtr33 dtc4\"><\/td><\/tr><tr class=\" row34\"><td    class=\"dtr34 dtc0\">Infrared Camera (Optional)<\/td><td  colspan=\"4\"   class=\"dtr34 dtc1\">Infrared Spill Tracking Camera<\/td><td  style=\"display: none\"   class=\"dtr34 dtc2\"><\/td><td  style=\"display: none\"   class=\"dtr34 dtc3\"><\/td><td  style=\"display: none\"   class=\"dtr34 dtc4\"><\/td><\/tr><tr class=\" row35\"><td    class=\"dtr35 dtc0\">Offloading  Pump (Optional)<\/td><td  colspan=\"4\"   class=\"dtr35 dtc1\">Up to 50 m\u00b3 \/ hr<\/td><td  style=\"display: none\"   class=\"dtr35 dtc2\"><\/td><td  style=\"display: none\"   class=\"dtr35 dtc3\"><\/td><td  style=\"display: none\"   class=\"dtr35 dtc4\"><\/td><\/tr><tr class=\" row36\"><td    class=\"dtr36 dtc0\">Dispersant Spray System (Optional)<\/td><td    class=\"dtr36 dtc1\">MaviSpray - 100 lt\/min<\/td><td    class=\"dtr36 dtc2\">MaviSpray - 100 lt\/min<\/td><td    class=\"dtr36 dtc3\">MaviSpray - 100 lt\/min<\/td><td    class=\"dtr36 dtc4\">MaviSpray - 100 lt\/min<\/td><\/tr><tr class=\" row37\"><td    class=\"dtr37 dtc0\"><\/td><td    class=\"dtr37 dtc1\"><\/td><td    class=\"dtr37 dtc2\"><\/td><td    class=\"dtr37 dtc3\"><\/td><td    class=\"dtr37 dtc4\"><\/td><\/tr><tr class=\" row38\"><td  colspan=\"5\"   class=\"dtr38 dtc0\">Deck System<\/td><td  style=\"display: none\"   class=\"dtr38 dtc1\"><\/td><td  style=\"display: none\"   class=\"dtr38 dtc2\"><\/td><td  style=\"display: none\"   class=\"dtr38 dtc3\"><\/td><td  style=\"display: none\"   class=\"dtr38 dtc4\"><\/td><\/tr><tr class=\" row39\"><td    class=\"dtr39 dtc0\">Trash Conveyor<\/td><td  colspan=\"4\"   class=\"dtr39 dtc1\">Stainless Steel (Standard ) - Plastic (Optional)<\/td><td  style=\"display: none\"   class=\"dtr39 dtc2\"><\/td><td  style=\"display: none\"   class=\"dtr39 dtc3\"><\/td><td  style=\"display: none\"   class=\"dtr39 dtc4\"><\/td><\/tr><tr class=\" row40\"><td    class=\"dtr40 dtc0\">Crane<\/td><td  colspan=\"4\"   class=\"dtr40 dtc1\">Hydraulic Foldable Knuckle Crane - Up to 1 ton @ 8m<\/td><td  style=\"display: none\"   class=\"dtr40 dtc2\"><\/td><td  style=\"display: none\"   class=\"dtr40 dtc3\"><\/td><td  style=\"display: none\"   class=\"dtr40 dtc4\"><\/td><\/tr><tr class=\" row41\"><td    class=\"dtr41 dtc0\">Fire Fighting Equipment (Optional)<\/td><td  colspan=\"4\"   class=\"dtr41 dtc1\">Up to 2 pcs<\/td><td  style=\"display: none\"   class=\"dtr41 dtc2\"><\/td><td  style=\"display: none\"   class=\"dtr41 dtc3\"><\/td><td  style=\"display: none\"   class=\"dtr41 dtc4\"><\/td><\/tr><tr class=\" row42\"><td    class=\"dtr42 dtc0\">Anchor<\/td><td    class=\"dtr42 dtc1\">1 pcs<\/td><td    class=\"dtr42 dtc2\">1 pcs<\/td><td    class=\"dtr42 dtc3\">1 pcs<\/td><td    class=\"dtr42 dtc4\">1 pcs<\/td><\/tr><tr class=\" row43\"><td    class=\"dtr43 dtc0\"><\/td><td    class=\"dtr43 dtc1\"><\/td><td    class=\"dtr43 dtc2\"><\/td><td    class=\"dtr43 dtc3\"><\/td><td    class=\"dtr43 dtc4\"><\/td><\/tr><tr class=\" row44\"><td  colspan=\"5\"   class=\"dtr44 dtc0\">Electronic and Navigation<\/td><td  style=\"display: none\"   class=\"dtr44 dtc1\"><\/td><td  style=\"display: none\"   class=\"dtr44 dtc2\"><\/td><td  style=\"display: none\"   class=\"dtr44 dtc3\"><\/td><td  style=\"display: none\"   class=\"dtr44 dtc4\"><\/td><\/tr><tr class=\" row45\"><td    class=\"dtr45 dtc0\">Standard<\/td><td  colspan=\"4\"   class=\"dtr45 dtc1\">Gyro Compass \/ Rudder Indicator \/ Wiper \/ Lighting Projector<\/td><td  style=\"display: none\"   class=\"dtr45 dtc2\"><\/td><td  style=\"display: none\"   class=\"dtr45 dtc3\"><\/td><td  style=\"display: none\"   class=\"dtr45 dtc4\"><\/td><\/tr><tr class=\" row46\"><td    class=\"dtr46 dtc0\">Optional<\/td><td  colspan=\"4\"   class=\"dtr46 dtc1\">Screen Display \/ Radar \/ GPS \/ Echosounder \/ VHF \/  Wind Direction Indicator \/ Autopilot \/ CCTV \/ Modem \/ Solar Panel \/ Search Light<\/td><td  style=\"display: none\"   class=\"dtr46 dtc2\"><\/td><td  style=\"display: none\"   class=\"dtr46 dtc3\"><\/td><td  style=\"display: none\"   class=\"dtr46 dtc4\"><\/td><\/tr><tr class=\" row47\"><td    class=\"dtr47 dtc0\"><\/td><td    class=\"dtr47 dtc1\"><\/td><td    class=\"dtr47 dtc2\"><\/td><td    class=\"dtr47 dtc3\"><\/td><td    class=\"dtr47 dtc4\"><\/td><\/tr><tr class=\" row48\"><td  colspan=\"5\"   class=\"dtr48 dtc0\">Accommodations<\/td><td  style=\"display: none\"   class=\"dtr48 dtc1\"><\/td><td  style=\"display: none\"   class=\"dtr48 dtc2\"><\/td><td  style=\"display: none\"   class=\"dtr48 dtc3\"><\/td><td  style=\"display: none\"   class=\"dtr48 dtc4\"><\/td><\/tr><tr class=\" row49\"><td    class=\"dtr49 dtc0\">Air Condition<\/td><td  colspan=\"4\"   class=\"dtr49 dtc1\">Heated (Standard) \/ Air-conditioned (Optional)<\/td><td  style=\"display: none\"   class=\"dtr49 dtc2\"><\/td><td  style=\"display: none\"   class=\"dtr49 dtc3\"><\/td><td  style=\"display: none\"   class=\"dtr49 dtc4\"><\/td><\/tr><tr class=\" row50\"><td    class=\"dtr50 dtc0\">Cabin<\/td><td  colspan=\"4\"   class=\"dtr50 dtc1\">A fully glazed wheelhouse high quality fit-out which includes seat.<\/td><td  style=\"display: none\"   class=\"dtr50 dtc2\"><\/td><td  style=\"display: none\"   class=\"dtr50 dtc3\"><\/td><td  style=\"display: none\"   class=\"dtr50 dtc4\"><\/td><\/tr><tr class=\" row51\"><td    class=\"dtr51 dtc0\">Optional<\/td><td  colspan=\"4\"   class=\"dtr51 dtc1\">WC \/ Gallery \/ Bed Cabin<\/td><td  style=\"display: none\"   class=\"dtr51 dtc2\"><\/td><td  style=\"display: none\"   class=\"dtr51 dtc3\"><\/td><td  style=\"display: none\"   class=\"dtr51 dtc4\"><\/td><\/tr><\/tbody><tfoot><tr><td class=\"dtr51 dtc0\" style=\"height: 0;\"><\/td><td class=\"dtr51 dtc1\" style=\"height: 0;\"><\/td><td class=\"dtr51 dtc2\" style=\"height: 0;\"><\/td><td class=\"dtr51 dtc3\" style=\"height: 0;\"><\/td><td class=\"dtr51 dtc4\" style=\"height: 0;\"><\/td><\/tr><\/tfoot><\/table><\/div><style>#wptmtable73 .dataTables_wrapper > .dataTables_scroll {max-height:500px;overflow: auto;}<\/style><script>window.wptm_ajaxurl = 'https:\/\/mavideniz.com.tr\/wp-admin\/admin-ajax.php?juwpfisadmin=false&action=Wptm&'; window.wptm_front = 'https:\/\/mavideniz.com.tr\/wp-content\/plugins\/wp-table-manager\/app\/site\/assets\/'; window.wptm_style = 'https:\/\/mavideniz.com.tr\/wp-content\/uploads\/wptm\/';<\/script><\/div><style><\/style>\n","protected":false},"excerpt":{"rendered":"<p>Bateau d&rsquo;\u00e9cumeur de d\u00e9chets \u00e0 d\u00e9chargement automatique con\u00e7u pour nettoyer la marina, le lac, la rivi\u00e8re, la mer, le port, [&hellip;]<\/p>\n","protected":false},"author":1,"featured_media":0,"parent":41276,"menu_order":0,"comment_status":"closed","ping_status":"closed","template":"","meta":{"site-sidebar-layout":"default","site-content-layout":"","ast-site-content-layout":"default","site-content-style":"default","site-sidebar-style":"default","ast-global-header-display":"","ast-banner-title-visibility":"","ast-main-header-display":"","ast-hfb-above-header-display":"","ast-hfb-below-header-display":"","ast-hfb-mobile-header-display":"","site-post-title":"","ast-breadcrumbs-content":"","ast-featured-img":"","footer-sml-layout":"","ast-disable-related-posts":"","theme-transparent-header-meta":"","adv-header-id-meta":"","stick-header-meta":"","header-above-stick-meta":"","header-main-stick-meta":"","header-below-stick-meta":"","astra-migrate-meta-layouts":"default","ast-page-background-enabled":"default","ast-page-background-meta":{"desktop":{"background-color":"var(--ast-global-color-5)","background-image":"","background-repeat":"repeat","background-position":"center center","background-size":"auto","background-attachment":"scroll","background-type":"","background-media":"","overlay-type":"","overlay-color":"","overlay-opacity":"","overlay-gradient":""},"tablet":{"background-color":"","background-image":"","background-repeat":"repeat","background-position":"center center","background-size":"auto","background-attachment":"scroll","background-type":"","background-media":"","overlay-type":"","overlay-color":"","overlay-opacity":"","overlay-gradient":""},"mobile":{"background-color":"","background-image":"","background-repeat":"repeat","background-position":"center center","background-size":"auto","background-attachment":"scroll","background-type":"","background-media":"","overlay-type":"","overlay-color":"","overlay-opacity":"","overlay-gradient":""}},"ast-content-background-meta":{"desktop":{"background-color":"var(--ast-global-color-4)","background-image":"","background-repeat":"repeat","background-position":"center center","background-size":"auto","background-attachment":"scroll","background-type":"","background-media":"","overlay-type":"","overlay-color":"","overlay-opacity":"","overlay-gradient":""},"tablet":{"background-color":"var(--ast-global-color-4)","background-image":"","background-repeat":"repeat","background-position":"center center","background-size":"auto","background-attachment":"scroll","background-type":"","background-media":"","overlay-type":"","overlay-color":"","overlay-opacity":"","overlay-gradient":""},"mobile":{"background-color":"var(--ast-global-color-4)","background-image":"","background-repeat":"repeat","background-position":"center center","background-size":"auto","background-attachment":"scroll","background-type":"","background-media":"","overlay-type":"","overlay-color":"","overlay-opacity":"","overlay-gradient":""}},"footnotes":""},"class_list":["post-41290","page","type-page","status-publish","hentry"],"_links":{"self":[{"href":"https:\/\/mavideniz.com.tr\/fr\/wp-json\/wp\/v2\/pages\/41290","targetHints":{"allow":["GET"]}}],"collection":[{"href":"https:\/\/mavideniz.com.tr\/fr\/wp-json\/wp\/v2\/pages"}],"about":[{"href":"https:\/\/mavideniz.com.tr\/fr\/wp-json\/wp\/v2\/types\/page"}],"author":[{"embeddable":true,"href":"https:\/\/mavideniz.com.tr\/fr\/wp-json\/wp\/v2\/users\/1"}],"replies":[{"embeddable":true,"href":"https:\/\/mavideniz.com.tr\/fr\/wp-json\/wp\/v2\/comments?post=41290"}],"version-history":[{"count":0,"href":"https:\/\/mavideniz.com.tr\/fr\/wp-json\/wp\/v2\/pages\/41290\/revisions"}],"up":[{"embeddable":true,"href":"https:\/\/mavideniz.com.tr\/fr\/wp-json\/wp\/v2\/pages\/41276"}],"wp:attachment":[{"href":"https:\/\/mavideniz.com.tr\/fr\/wp-json\/wp\/v2\/media?parent=41290"}],"curies":[{"name":"wp","href":"https:\/\/api.w.org\/{rel}","templated":true}]}}