{"id":41307,"date":"2022-10-23T22:11:17","date_gmt":"2022-10-23T22:11:17","guid":{"rendered":"https:\/\/mavideniz.com.tr\/?page_id=41307"},"modified":"2022-10-23T22:11:19","modified_gmt":"2022-10-23T22:11:19","slug":"bateau-dequipage-rapide","status":"publish","type":"page","link":"https:\/\/mavideniz.com.tr\/fr\/navires-bateaux\/transport-fluvial-passagere\/bateau-dequipage-rapide\/","title":{"rendered":"Bateau d&rsquo;\u00e9quipage rapide"},"content":{"rendered":"\n<p>Mavi Deniz Fast Crew Boat est con\u00e7u pour fonctionner dans toutes les eaux et au-del\u00e0 des exigences de classe et de drapeau.\u00a0\u00a0 La conception optimis\u00e9e de la coque r\u00e9duit le bruit de bord, les vibrations et le climat int\u00e9rieur, selon la notation de la classe de confort DNV. Le bateau est \u00e9galement conforme aux normes du Code des engins \u00e0 grande vitesse (HSC) de l&rsquo;OMI. Conception du Fast Crew Boat, nous travaillons avec les meilleurs designers du monde entier. Fast Crew Boat a une excellente vitesse, r\u00e9sistance et agilit\u00e9 pour transporter des charges avec une excellente tenue de la mer et une plate-forme stable pour les op\u00e9rations et la production ; voir notre qualit\u00e9, les normes et les diff\u00e9rences.<\/p>\n<p>Des postes de pont contr\u00f4lent ce bateau rapide. Une int\u00e9gration transparente avec le syst\u00e8me de positionnement dynamique du bateau permettra de maintenir la position et d&rsquo;am\u00e9liorer la s\u00e9curit\u00e9 lors des transferts de l&rsquo;\u00e9quipage \u00e0 l&rsquo;aide du syst\u00e8me de transfert des passagers entre le travail et la maison d&rsquo;Ampelmann. Chaque poste de commande se compose d&rsquo;un double papillon et de leviers inverseurs, et un dispositif de direction avec les postes de pont b\u00e2bord et tribord dispose \u00e9galement d&rsquo;un joystick de manoeuvre. Toutes les stations sont reli\u00e9es par les modules Hamilton Jet appropri\u00e9s \u00e0 l&rsquo;enregistreur de donn\u00e9es de voyage, au pilote automatique, au syst\u00e8me DP et au syst\u00e8me de surveillance. L&rsquo;agencement de la superstructure Fast Crew Boat permet un acc\u00e8s facile \u00e0 la salle des machines pendant l&rsquo;entretien. Cet agencement ergonomique donnera un maximum de confort lors de l&rsquo;utilisation et de satisfaction pour les passagers et l&rsquo;\u00e9quipage.<\/p>\n<p>Le pont principal abrite \u00e9galement des salles VIP, des aires de stockage et un atelier \u00e9quip\u00e9, tandis que les cabines de l&rsquo;\u00e9quipage et la cuisine se trouvent sur le pont central. Pour un design d&rsquo;int\u00e9rieur sur mesure pour les conditions et exigences locales ( si\u00e8ges de premi\u00e8re classe + LCD + climatisation + rev\u00eatement de sol de longue dur\u00e9e &#8211; rev\u00eatement de plafond &#8211; rev\u00eatement mural )<\/p>\n<p>Apr\u00e8s la livraison du navire, vous verrez la m\u00eame performance et la qualit\u00e9 des ann\u00e9es et des ann\u00e9es plus tard, aucun changement ; il y a une raison d&rsquo;attraper la performance et la qualit\u00e9 ; nous ne choisissons pas des produits bon march\u00e9, choisir le meilleur mat\u00e9riel et les produits pour la construction du Fast Crew Boat, et aussi choisir les meilleurs ouvriers, ing\u00e9nieurs. Nous pouvons organiser les conceptions pour votre profil op\u00e9rationnel et vos besoins.<\/p>\n<p><strong>Caract\u00e9ristiques | Facultatif<\/strong><\/p>\n<ul>\n<li>R\u00e9duction De La Consommation De Carburant<\/li>\n<li>R\u00e9cup\u00e9ration des d\u00e9versements de p\u00e9trole<\/li>\n<li>R\u00e9duction des co\u00fbts de fonctionnement<\/li>\n<li>\u00c9quipage De Transport + Cargaison Rapide<\/li>\n<li>Haute qualit\u00e9 pour le confort de l&rsquo;\u00e9quipage et des passagers<\/li>\n<li>Veille de s\u00e9curit\u00e9, y compris lutte contre l&rsquo;incendie<\/li>\n<li>Davit + Crane + A-frame<\/li>\n<li>Tarification comp\u00e9titive<\/li>\n<li>Crochet de remorquage de secours<\/li>\n<li>Design ergonomique moderne<\/li>\n<li>Stabilit\u00e9 et s\u00e9curit\u00e9 am\u00e9lior\u00e9es<\/li>\n<li>Tirant D&rsquo;Eau Faible<\/li>\n<li>\u00e9quipement de t\u00e9l\u00e9communication<\/li>\n<\/ul>\n<div class=\"wptm_table tablesorter-bootstrap \" data-id=\"49\" data-hightlight=\"0\"><div class=\"wptm_buttons buttons_wptmTbl49\"><\/div><div class=\"wptmresponsive dataTables-wptmtable wptmtable \" id=\"wptmtable49\" data-tableid=\"wptmTbl49\"><table data-count-header=\"1\"  data-format-decimal_count=\"0\" data-format-decimal_symbol=\".\" data-format-symbol_position=\"0\" data-format-thousand_symbol=\",\"  data-format-currency_symbol=\"$\"  data-name-style=\"49_1759814503.css\" data-format=\"YYYY-MM-DD\" id=\"wptmTbl49\" data-id=\"49\" data-responsive=\"false\" data-hideCols=\"false\"  data-type=\"html\" data-paging=\"false\" data-searching=\"true\"  data-ordering=\"false\" data-table-breakpoint=\"980\" data-scroll-x=\"true\" data-scroll-collapse=\"true\" data-align=\"center\" data-range=\"[]\" data-hideColumn=\"[0,0,0,0,0,0,0]\"  data-colwidths=\"[190,190,190,190,190,190,190]\"  data-colwidths_desktop=[]  data-colwidths_tablet=[]  data-colwidths_mobile=[]  class=\"wptm_main_table  disablePager hideScrollHeader\"><colgroup><col data-dtr=\"0\" data-dtc=\"0\" class=\"dtc0\"><col data-dtr=\"0\" data-dtc=\"1\" class=\"dtc1\"><col data-dtr=\"0\" data-dtc=\"2\" class=\"dtc2\"><col data-dtr=\"0\" data-dtc=\"3\" class=\"dtc3\"><col data-dtr=\"0\" data-dtc=\"4\" class=\"dtc4\"><col data-dtr=\"0\" data-dtc=\"5\" class=\"dtc5\"><col data-dtr=\"0\" data-dtc=\"6\" class=\"dtc6\"><\/colgroup><thead><tr class=\"wptm-header-cells-index\"><th rowspan=\"1\" colspan=\"1\" data-dtr=\"0\" data-dtc=\"0\" class=\"dtr0 dtc0\"><\/th><th rowspan=\"1\" colspan=\"1\" data-dtr=\"0\" data-dtc=\"1\" class=\"dtr0 dtc1\"><\/th><th rowspan=\"1\" colspan=\"1\" data-dtr=\"0\" data-dtc=\"2\" class=\"dtr0 dtc2\"><\/th><th rowspan=\"1\" colspan=\"1\" data-dtr=\"0\" data-dtc=\"3\" class=\"dtr0 dtc3\"><\/th><th rowspan=\"1\" colspan=\"1\" data-dtr=\"0\" data-dtc=\"4\" class=\"dtr0 dtc4\"><\/th><th rowspan=\"1\" colspan=\"1\" data-dtr=\"0\" data-dtc=\"5\" class=\"dtr0 dtc5\"><\/th><th rowspan=\"1\" colspan=\"1\" data-dtr=\"0\" data-dtc=\"6\" class=\"dtr0 dtc6\"><\/th><\/tr><tr class=\" row0\"><th   data-priority=\"0\" class=\"dtr0 dtc0\"><\/th><th   data-priority=\"0\" class=\"dtr0 dtc1\">Crew VI<\/th><th   data-priority=\"0\" class=\"dtr0 dtc2\">Crew V<\/th><th   data-priority=\"0\" class=\"dtr0 dtc3\">Crew IV<\/th><th   data-priority=\"0\" class=\"dtr0 dtc4\">Crew III<\/th><th   data-priority=\"0\" class=\"dtr0 dtc5\">Crew II<\/th><th   data-priority=\"0\" class=\"dtr0 dtc6\">Crew I<\/th><\/thead><tbody><tr class=\" row1\"><td    class=\"dtr1 dtc0\">Material<\/td><td  colspan=\"6\"   class=\"dtr1 dtc1\">Aluminium \/ Steel<\/td><td  style=\"display: none\"   class=\"dtr1 dtc2\"><\/td><td  style=\"display: none\"   class=\"dtr1 dtc3\"><\/td><td  style=\"display: none\"   class=\"dtr1 dtc4\"><\/td><td  style=\"display: none\"   class=\"dtr1 dtc5\"><\/td><td  style=\"display: none\"   class=\"dtr1 dtc6\"><\/td><\/tr><tr class=\" row2\"><td    class=\"dtr2 dtc0\">Length<\/td><td    class=\"dtr2 dtc1\">45 m<\/td><td    class=\"dtr2 dtc2\">40 m<\/td><td    class=\"dtr2 dtc3\">36 m<\/td><td    class=\"dtr2 dtc4\">32 m<\/td><td    class=\"dtr2 dtc5\">28 m<\/td><td    class=\"dtr2 dtc6\">24 m<\/td><\/tr><tr class=\" row3\"><td    class=\"dtr3 dtc0\">Width<\/td><td    class=\"dtr3 dtc1\">8 m<\/td><td    class=\"dtr3 dtc2\">7.5 m<\/td><td    class=\"dtr3 dtc3\">7.5 m<\/td><td    class=\"dtr3 dtc4\">7 m<\/td><td    class=\"dtr3 dtc5\">6.5 m<\/td><td    class=\"dtr3 dtc6\">6 m<\/td><\/tr><tr class=\" row4\"><td    class=\"dtr4 dtc0\">Draught<\/td><td    class=\"dtr4 dtc1\">2 m<\/td><td    class=\"dtr4 dtc2\">1.8 m<\/td><td    class=\"dtr4 dtc3\">1.7 m<\/td><td    class=\"dtr4 dtc4\">1.6 m<\/td><td    class=\"dtr4 dtc5\">1.5 m<\/td><td    class=\"dtr4 dtc6\">1.4 m<\/td><\/tr><tr class=\" row5\"><td    class=\"dtr5 dtc0\">Deck Area<\/td><td    class=\"dtr5 dtc1\">140 m2<\/td><td    class=\"dtr5 dtc2\">125 m2<\/td><td    class=\"dtr5 dtc3\">100 m2<\/td><td    class=\"dtr5 dtc4\">80 m2<\/td><td    class=\"dtr5 dtc5\">60 m2<\/td><td    class=\"dtr5 dtc6\">50 m2<\/td><\/tr><tr class=\" row6\"><td    class=\"dtr6 dtc0\">Deck Load Capacity<\/td><td    class=\"dtr6 dtc1\">85 T - 2 T\/m2<\/td><td    class=\"dtr6 dtc2\">70 T - 2 T\/m2<\/td><td    class=\"dtr6 dtc3\">50 T - 2 T\/m2<\/td><td    class=\"dtr6 dtc4\">35 T - 2 T\/m2<\/td><td    class=\"dtr6 dtc5\">20 T - 2 T\/m2<\/td><td    class=\"dtr6 dtc6\">10 T - 2 T\/m2<\/td><\/tr><tr class=\" row7\"><td    class=\"dtr7 dtc0\">Engine<\/td><td  colspan=\"6\"   class=\"dtr7 dtc1\">Twin or Triple<\/td><td  style=\"display: none\"   class=\"dtr7 dtc2\"><\/td><td  style=\"display: none\"   class=\"dtr7 dtc3\"><\/td><td  style=\"display: none\"   class=\"dtr7 dtc4\"><\/td><td  style=\"display: none\"   class=\"dtr7 dtc5\"><\/td><td  style=\"display: none\"   class=\"dtr7 dtc6\"><\/td><\/tr><tr class=\" row8\"><td    class=\"dtr8 dtc0\">Propellers<\/td><td  colspan=\"6\"   class=\"dtr8 dtc1\">Waterjet \/ Fixed Pitch<\/td><td  style=\"display: none\"   class=\"dtr8 dtc2\"><\/td><td  style=\"display: none\"   class=\"dtr8 dtc3\"><\/td><td  style=\"display: none\"   class=\"dtr8 dtc4\"><\/td><td  style=\"display: none\"   class=\"dtr8 dtc5\"><\/td><td  style=\"display: none\"   class=\"dtr8 dtc6\"><\/td><\/tr><tr class=\" row9\"><td    class=\"dtr9 dtc0\">Speed<\/td><td  colspan=\"6\"   class=\"dtr9 dtc1\">Up to 30 Knots<\/td><td  style=\"display: none\"   class=\"dtr9 dtc2\"><\/td><td  style=\"display: none\"   class=\"dtr9 dtc3\"><\/td><td  style=\"display: none\"   class=\"dtr9 dtc4\"><\/td><td  style=\"display: none\"   class=\"dtr9 dtc5\"><\/td><td  style=\"display: none\"   class=\"dtr9 dtc6\"><\/td><\/tr><tr class=\" row10\"><td    class=\"dtr10 dtc0\">Fuel Capacity<\/td><td    class=\"dtr10 dtc1\">100 T<\/td><td    class=\"dtr10 dtc2\">80 T<\/td><td    class=\"dtr10 dtc3\">50 T<\/td><td    class=\"dtr10 dtc4\">30 T<\/td><td    class=\"dtr10 dtc5\">20 T<\/td><td    class=\"dtr10 dtc6\">10 T<\/td><\/tr><tr class=\" row11\"><td    class=\"dtr11 dtc0\">Water Capacity<\/td><td    class=\"dtr11 dtc1\">30 T<\/td><td    class=\"dtr11 dtc2\">30 T<\/td><td    class=\"dtr11 dtc3\">20 T<\/td><td    class=\"dtr11 dtc4\">15 T<\/td><td    class=\"dtr11 dtc5\">10 T<\/td><td    class=\"dtr11 dtc6\">5 T<\/td><\/tr><tr class=\" row12\"><td    class=\"dtr12 dtc0\">Total Passenger<\/td><td    class=\"dtr12 dtc1\">100<\/td><td    class=\"dtr12 dtc2\">90<\/td><td    class=\"dtr12 dtc3\">80<\/td><td    class=\"dtr12 dtc4\">60<\/td><td    class=\"dtr12 dtc5\">40<\/td><td    class=\"dtr12 dtc6\">20<\/td><\/tr><tr class=\" row13\"><td    class=\"dtr13 dtc0\">Crew<\/td><td    class=\"dtr13 dtc1\">10<\/td><td    class=\"dtr13 dtc2\">10<\/td><td    class=\"dtr13 dtc3\">8<\/td><td    class=\"dtr13 dtc4\">15<\/td><td    class=\"dtr13 dtc5\">6<\/td><td    class=\"dtr13 dtc6\">5<\/td><\/tr><tr class=\" row14\"><td    class=\"dtr14 dtc0\">Optional<\/td><td  colspan=\"6\"   class=\"dtr14 dtc1\">Fire Fighting - Fast Rescue Boat - Deck Crane - Oil Spill Equipments - Additional Fendering - DP 1 \/ 2 \/ 3 - Water Maker - Bilge System<\/td><td  style=\"display: none\"   class=\"dtr14 dtc2\"><\/td><td  style=\"display: none\"   class=\"dtr14 dtc3\"><\/td><td  style=\"display: none\"   class=\"dtr14 dtc4\"><\/td><td  style=\"display: none\"   class=\"dtr14 dtc5\"><\/td><td  style=\"display: none\"   class=\"dtr14 dtc6\"><\/td><\/tr><\/tbody><tfoot><tr><td class=\"dtr14 dtc0\" style=\"height: 0;\"><\/td><td class=\"dtr14 dtc1\" style=\"height: 0;\"><\/td><td class=\"dtr14 dtc2\" style=\"height: 0;\"><\/td><td class=\"dtr14 dtc3\" style=\"height: 0;\"><\/td><td class=\"dtr14 dtc4\" style=\"height: 0;\"><\/td><td class=\"dtr14 dtc5\" style=\"height: 0;\"><\/td><td class=\"dtr14 dtc6\" style=\"height: 0;\"><\/td><\/tr><\/tfoot><\/table><\/div><style>#wptmtable49 .dataTables_wrapper > .dataTables_scroll {max-height:500px;overflow: auto;}<\/style><script>window.wptm_ajaxurl = 'https:\/\/mavideniz.com.tr\/wp-admin\/admin-ajax.php?juwpfisadmin=false&action=Wptm&'; window.wptm_front = 'https:\/\/mavideniz.com.tr\/wp-content\/plugins\/wp-table-manager\/app\/site\/assets\/'; window.wptm_style = 'https:\/\/mavideniz.com.tr\/wp-content\/uploads\/wptm\/';<\/script><\/div><style><\/style>\n","protected":false},"excerpt":{"rendered":"<p>Mavi Deniz Fast Crew Boat est con\u00e7u pour fonctionner dans toutes les eaux et au-del\u00e0 des exigences de classe et [&hellip;]<\/p>\n","protected":false},"author":1,"featured_media":0,"parent":41295,"menu_order":0,"comment_status":"closed","ping_status":"closed","template":"","meta":{"site-sidebar-layout":"default","site-content-layout":"","ast-site-content-layout":"default","site-content-style":"default","site-sidebar-style":"default","ast-global-header-display":"","ast-banner-title-visibility":"","ast-main-header-display":"","ast-hfb-above-header-display":"","ast-hfb-below-header-display":"","ast-hfb-mobile-header-display":"","site-post-title":"","ast-breadcrumbs-content":"","ast-featured-img":"","footer-sml-layout":"","ast-disable-related-posts":"","theme-transparent-header-meta":"","adv-header-id-meta":"","stick-header-meta":"","header-above-stick-meta":"","header-main-stick-meta":"","header-below-stick-meta":"","astra-migrate-meta-layouts":"default","ast-page-background-enabled":"default","ast-page-background-meta":{"desktop":{"background-color":"var(--ast-global-color-5)","background-image":"","background-repeat":"repeat","background-position":"center center","background-size":"auto","background-attachment":"scroll","background-type":"","background-media":"","overlay-type":"","overlay-color":"","overlay-opacity":"","overlay-gradient":""},"tablet":{"background-color":"","background-image":"","background-repeat":"repeat","background-position":"center center","background-size":"auto","background-attachment":"scroll","background-type":"","background-media":"","overlay-type":"","overlay-color":"","overlay-opacity":"","overlay-gradient":""},"mobile":{"background-color":"","background-image":"","background-repeat":"repeat","background-position":"center center","background-size":"auto","background-attachment":"scroll","background-type":"","background-media":"","overlay-type":"","overlay-color":"","overlay-opacity":"","overlay-gradient":""}},"ast-content-background-meta":{"desktop":{"background-color":"var(--ast-global-color-4)","background-image":"","background-repeat":"repeat","background-position":"center center","background-size":"auto","background-attachment":"scroll","background-type":"","background-media":"","overlay-type":"","overlay-color":"","overlay-opacity":"","overlay-gradient":""},"tablet":{"background-color":"var(--ast-global-color-4)","background-image":"","background-repeat":"repeat","background-position":"center center","background-size":"auto","background-attachment":"scroll","background-type":"","background-media":"","overlay-type":"","overlay-color":"","overlay-opacity":"","overlay-gradient":""},"mobile":{"background-color":"var(--ast-global-color-4)","background-image":"","background-repeat":"repeat","background-position":"center center","background-size":"auto","background-attachment":"scroll","background-type":"","background-media":"","overlay-type":"","overlay-color":"","overlay-opacity":"","overlay-gradient":""}},"footnotes":""},"class_list":["post-41307","page","type-page","status-publish","hentry"],"_links":{"self":[{"href":"https:\/\/mavideniz.com.tr\/fr\/wp-json\/wp\/v2\/pages\/41307","targetHints":{"allow":["GET"]}}],"collection":[{"href":"https:\/\/mavideniz.com.tr\/fr\/wp-json\/wp\/v2\/pages"}],"about":[{"href":"https:\/\/mavideniz.com.tr\/fr\/wp-json\/wp\/v2\/types\/page"}],"author":[{"embeddable":true,"href":"https:\/\/mavideniz.com.tr\/fr\/wp-json\/wp\/v2\/users\/1"}],"replies":[{"embeddable":true,"href":"https:\/\/mavideniz.com.tr\/fr\/wp-json\/wp\/v2\/comments?post=41307"}],"version-history":[{"count":0,"href":"https:\/\/mavideniz.com.tr\/fr\/wp-json\/wp\/v2\/pages\/41307\/revisions"}],"up":[{"embeddable":true,"href":"https:\/\/mavideniz.com.tr\/fr\/wp-json\/wp\/v2\/pages\/41295"}],"wp:attachment":[{"href":"https:\/\/mavideniz.com.tr\/fr\/wp-json\/wp\/v2\/media?parent=41307"}],"curies":[{"name":"wp","href":"https:\/\/api.w.org\/{rel}","templated":true}]}}