{"id":41313,"date":"2022-10-23T22:12:30","date_gmt":"2022-10-23T22:12:30","guid":{"rendered":"https:\/\/mavideniz.com.tr\/?page_id=41313"},"modified":"2022-10-23T22:12:34","modified_gmt":"2022-10-23T22:12:34","slug":"autobus-fluvial","status":"publish","type":"page","link":"https:\/\/mavideniz.com.tr\/fr\/navires-bateaux\/transport-fluvial-passagere\/autobus-fluvial\/","title":{"rendered":"Autobus fluvial"},"content":{"rendered":"\n<p>River Bus est con\u00e7u pour le transport de passagers \u00e0 l&rsquo;int\u00e9rieur de la rivi\u00e8re ou du lac. River Bus dispose d&rsquo;un navire efficace, \u00e9conomique et durable avec un niveau de confort \u00e9lev\u00e9 pour les passagers et l&rsquo;\u00e9quipage.<\/p>\n<p>Nos si\u00e8ges int\u00e9rieurs et ext\u00e9rieurs peuvent \u00eatre arrang\u00e9s pour vos besoins. Des kiosques \u00e0 bord servent des boissons chaudes et froides, des collations, des rafra\u00eechissements et une bagagerie pr\u00e8s de l&rsquo;entr\u00e9e pour assurer le confort des passagers, un acc\u00e8s facile et des toilettes accessibles.<\/p>\n<p>Notre River Bus se concentre sur une efficacit\u00e9 \u00e9nerg\u00e9tique maximale et des co\u00fbts d&rsquo;exploitation minimaux tout au long de la vie avec une faible r\u00e9sistance. La conception permet au navire de fonctionner de mani\u00e8re s\u00fbre et efficace avec<\/p>\n<p>niveaux minimaux de l&rsquo;\u00e9quipage. Il peut fonctionner enti\u00e8rement sur batteries ou dans une configuration hybride batterie-moteur o\u00f9 les options de carburant sont le gaz naturel liqu\u00e9fi\u00e9 (GNL) ou le biocarburant.<\/p>\n<div class=\"wptm_table tablesorter-bootstrap \" data-id=\"51\" data-hightlight=\"0\"><div class=\"wptm_buttons buttons_wptmTbl51\"><\/div><div class=\"wptmresponsive dataTables-wptmtable wptmtable \" id=\"wptmtable51\" data-tableid=\"wptmTbl51\"><table data-count-header=\"1\"  data-format-decimal_count=\"0\" data-format-decimal_symbol=\".\" data-format-symbol_position=\"0\" data-format-thousand_symbol=\",\"  data-format-currency_symbol=\"$\"  data-name-style=\"51_1759814638.css\" data-format=\"YYYY-MM-DD\" id=\"wptmTbl51\" data-id=\"51\" data-responsive=\"false\" data-hideCols=\"false\"  data-type=\"html\" data-paging=\"false\" data-searching=\"true\"  data-ordering=\"false\" data-table-breakpoint=\"980\" data-scroll-x=\"true\" data-scroll-collapse=\"true\" data-align=\"center\" data-range=\"[]\" data-hideColumn=\"[0,0,0,0,0,0,0,0]\"  data-colwidths=\"[142,142,142,142,142,142,142,142]\"  data-colwidths_desktop=[]  data-colwidths_tablet=[]  data-colwidths_mobile=[]  class=\"wptm_main_table  disablePager hideScrollHeader\"><colgroup><col data-dtr=\"0\" data-dtc=\"0\" class=\"dtc0\"><col data-dtr=\"0\" data-dtc=\"1\" class=\"dtc1\"><col data-dtr=\"0\" data-dtc=\"2\" class=\"dtc2\"><col data-dtr=\"0\" data-dtc=\"3\" class=\"dtc3\"><col data-dtr=\"0\" data-dtc=\"4\" class=\"dtc4\"><col data-dtr=\"0\" data-dtc=\"5\" class=\"dtc5\"><col data-dtr=\"0\" data-dtc=\"6\" class=\"dtc6\"><col data-dtr=\"0\" data-dtc=\"7\" class=\"dtc7\"><\/colgroup><thead><tr class=\"wptm-header-cells-index\"><th rowspan=\"1\" colspan=\"1\" data-dtr=\"0\" data-dtc=\"0\" class=\"dtr0 dtc0\"><\/th><th rowspan=\"1\" colspan=\"1\" data-dtr=\"0\" data-dtc=\"1\" class=\"dtr0 dtc1\"><\/th><th rowspan=\"1\" colspan=\"1\" data-dtr=\"0\" data-dtc=\"2\" class=\"dtr0 dtc2\"><\/th><th rowspan=\"1\" colspan=\"1\" data-dtr=\"0\" data-dtc=\"3\" class=\"dtr0 dtc3\"><\/th><th rowspan=\"1\" colspan=\"1\" data-dtr=\"0\" data-dtc=\"4\" class=\"dtr0 dtc4\"><\/th><th rowspan=\"1\" colspan=\"1\" data-dtr=\"0\" data-dtc=\"5\" class=\"dtr0 dtc5\"><\/th><th rowspan=\"1\" colspan=\"1\" data-dtr=\"0\" data-dtc=\"6\" class=\"dtr0 dtc6\"><\/th><th rowspan=\"1\" colspan=\"1\" data-dtr=\"0\" data-dtc=\"7\" class=\"dtr0 dtc7\"><\/th><\/tr><tr class=\" row0\"><th   data-priority=\"0\" class=\"dtr0 dtc0\"><\/th><th   data-priority=\"0\" class=\"dtr0 dtc1\">Shuttle 9<\/th><th   data-priority=\"0\" class=\"dtr0 dtc2\">Shuttle 12<\/th><th   data-priority=\"0\" class=\"dtr0 dtc3\">Shuttle 15<\/th><th   data-priority=\"0\" class=\"dtr0 dtc4\">Shuttle 18<\/th><th   data-priority=\"0\" class=\"dtr0 dtc5\">Shuttle 20<\/th><th   data-priority=\"0\" class=\"dtr0 dtc6\">Shuttle 24<\/th><th   data-priority=\"0\" class=\"dtr0 dtc7\">Shuttle 58<\/th><\/thead><tbody><tr class=\" row1\"><td    class=\"dtr1 dtc0\">Material<\/td><td    class=\"dtr1 dtc1\">Aluminium Alloy<\/td><td    class=\"dtr1 dtc2\">Aluminium Alloy<\/td><td    class=\"dtr1 dtc3\">Aluminium Alloy<\/td><td    class=\"dtr1 dtc4\">Aluminium Alloy<\/td><td    class=\"dtr1 dtc5\">Aluminium Alloy<\/td><td    class=\"dtr1 dtc6\">Aluminium Alloy<\/td><td    class=\"dtr1 dtc7\">Aluminium Alloy<\/td><\/tr><tr class=\" row2\"><td    class=\"dtr2 dtc0\">Length<\/td><td    class=\"dtr2 dtc1\">15 m<\/td><td    class=\"dtr2 dtc2\">12 m<\/td><td    class=\"dtr2 dtc3\">15 m<\/td><td    class=\"dtr2 dtc4\">18 m<\/td><td    class=\"dtr2 dtc5\">20 m<\/td><td    class=\"dtr2 dtc6\">24 m<\/td><td    class=\"dtr2 dtc7\">58 m<\/td><\/tr><tr class=\" row3\"><td    class=\"dtr3 dtc0\">Beam<\/td><td    class=\"dtr3 dtc1\">3.5 m<\/td><td    class=\"dtr3 dtc2\">4 m<\/td><td    class=\"dtr3 dtc3\">5.5 m<\/td><td    class=\"dtr3 dtc4\">6 m<\/td><td    class=\"dtr3 dtc5\">6.5 m<\/td><td    class=\"dtr3 dtc6\">7.2 m<\/td><td    class=\"dtr3 dtc7\">17 m<\/td><\/tr><tr class=\" row4\"><td    class=\"dtr4 dtc0\">Passanger<\/td><td    class=\"dtr4 dtc1\">Up to 32<\/td><td    class=\"dtr4 dtc2\">Up to 32<\/td><td    class=\"dtr4 dtc3\">Up to 32<\/td><td    class=\"dtr4 dtc4\">Up to 64<\/td><td    class=\"dtr4 dtc5\">Up to 64<\/td><td    class=\"dtr4 dtc6\">Up to 64<\/td><td    class=\"dtr4 dtc7\">Up to 413<\/td><\/tr><\/tbody><tfoot><tr><td class=\"dtr4 dtc0\" style=\"height: 0;\"><\/td><td class=\"dtr4 dtc1\" style=\"height: 0;\"><\/td><td class=\"dtr4 dtc2\" style=\"height: 0;\"><\/td><td class=\"dtr4 dtc3\" style=\"height: 0;\"><\/td><td class=\"dtr4 dtc4\" style=\"height: 0;\"><\/td><td class=\"dtr4 dtc5\" style=\"height: 0;\"><\/td><td class=\"dtr4 dtc6\" style=\"height: 0;\"><\/td><td class=\"dtr4 dtc7\" style=\"height: 0;\"><\/td><\/tr><\/tfoot><\/table><\/div><style>#wptmtable51 .dataTables_wrapper > .dataTables_scroll {max-height:500px;overflow: auto;}<\/style><script>window.wptm_ajaxurl = 'https:\/\/mavideniz.com.tr\/wp-admin\/admin-ajax.php?juwpfisadmin=false&action=Wptm&'; window.wptm_front = 'https:\/\/mavideniz.com.tr\/wp-content\/plugins\/wp-table-manager\/app\/site\/assets\/'; window.wptm_style = 'https:\/\/mavideniz.com.tr\/wp-content\/uploads\/wptm\/';<\/script><\/div><style><\/style>\n","protected":false},"excerpt":{"rendered":"<p>River Bus est con\u00e7u pour le transport de passagers \u00e0 l&rsquo;int\u00e9rieur de la rivi\u00e8re ou du lac. River Bus dispose [&hellip;]<\/p>\n","protected":false},"author":1,"featured_media":0,"parent":41295,"menu_order":0,"comment_status":"closed","ping_status":"closed","template":"","meta":{"site-sidebar-layout":"default","site-content-layout":"","ast-site-content-layout":"default","site-content-style":"default","site-sidebar-style":"default","ast-global-header-display":"","ast-banner-title-visibility":"","ast-main-header-display":"","ast-hfb-above-header-display":"","ast-hfb-below-header-display":"","ast-hfb-mobile-header-display":"","site-post-title":"","ast-breadcrumbs-content":"","ast-featured-img":"","footer-sml-layout":"","ast-disable-related-posts":"","theme-transparent-header-meta":"","adv-header-id-meta":"","stick-header-meta":"","header-above-stick-meta":"","header-main-stick-meta":"","header-below-stick-meta":"","astra-migrate-meta-layouts":"default","ast-page-background-enabled":"default","ast-page-background-meta":{"desktop":{"background-color":"var(--ast-global-color-5)","background-image":"","background-repeat":"repeat","background-position":"center center","background-size":"auto","background-attachment":"scroll","background-type":"","background-media":"","overlay-type":"","overlay-color":"","overlay-opacity":"","overlay-gradient":""},"tablet":{"background-color":"","background-image":"","background-repeat":"repeat","background-position":"center center","background-size":"auto","background-attachment":"scroll","background-type":"","background-media":"","overlay-type":"","overlay-color":"","overlay-opacity":"","overlay-gradient":""},"mobile":{"background-color":"","background-image":"","background-repeat":"repeat","background-position":"center center","background-size":"auto","background-attachment":"scroll","background-type":"","background-media":"","overlay-type":"","overlay-color":"","overlay-opacity":"","overlay-gradient":""}},"ast-content-background-meta":{"desktop":{"background-color":"var(--ast-global-color-4)","background-image":"","background-repeat":"repeat","background-position":"center center","background-size":"auto","background-attachment":"scroll","background-type":"","background-media":"","overlay-type":"","overlay-color":"","overlay-opacity":"","overlay-gradient":""},"tablet":{"background-color":"var(--ast-global-color-4)","background-image":"","background-repeat":"repeat","background-position":"center center","background-size":"auto","background-attachment":"scroll","background-type":"","background-media":"","overlay-type":"","overlay-color":"","overlay-opacity":"","overlay-gradient":""},"mobile":{"background-color":"var(--ast-global-color-4)","background-image":"","background-repeat":"repeat","background-position":"center center","background-size":"auto","background-attachment":"scroll","background-type":"","background-media":"","overlay-type":"","overlay-color":"","overlay-opacity":"","overlay-gradient":""}},"footnotes":""},"class_list":["post-41313","page","type-page","status-publish","hentry"],"_links":{"self":[{"href":"https:\/\/mavideniz.com.tr\/fr\/wp-json\/wp\/v2\/pages\/41313","targetHints":{"allow":["GET"]}}],"collection":[{"href":"https:\/\/mavideniz.com.tr\/fr\/wp-json\/wp\/v2\/pages"}],"about":[{"href":"https:\/\/mavideniz.com.tr\/fr\/wp-json\/wp\/v2\/types\/page"}],"author":[{"embeddable":true,"href":"https:\/\/mavideniz.com.tr\/fr\/wp-json\/wp\/v2\/users\/1"}],"replies":[{"embeddable":true,"href":"https:\/\/mavideniz.com.tr\/fr\/wp-json\/wp\/v2\/comments?post=41313"}],"version-history":[{"count":0,"href":"https:\/\/mavideniz.com.tr\/fr\/wp-json\/wp\/v2\/pages\/41313\/revisions"}],"up":[{"embeddable":true,"href":"https:\/\/mavideniz.com.tr\/fr\/wp-json\/wp\/v2\/pages\/41295"}],"wp:attachment":[{"href":"https:\/\/mavideniz.com.tr\/fr\/wp-json\/wp\/v2\/media?parent=41313"}],"curies":[{"name":"wp","href":"https:\/\/api.w.org\/{rel}","templated":true}]}}