{"id":41324,"date":"2022-10-23T22:19:37","date_gmt":"2022-10-23T22:19:37","guid":{"rendered":"https:\/\/mavideniz.com.tr\/?page_id=41324"},"modified":"2022-10-23T22:21:43","modified_gmt":"2022-10-23T22:21:43","slug":"navette-maritime","status":"publish","type":"page","link":"https:\/\/mavideniz.com.tr\/fr\/navires-bateaux\/transport-fluvial-passagere\/navette-maritime\/","title":{"rendered":"Navette maritime"},"content":{"rendered":"\n<p>Sea Shuttle est con\u00e7u pour transporter des passagers, des voitures et des v\u00e9los par voies navigables (mer, rivi\u00e8res, lacs, lagunes, canaux, etc.). Sea Shuttle offre un excellent potentiel en tant qu&rsquo;\u00e9l\u00e9ment essentiel de la vie urbaine, une exp\u00e9rience plus agr\u00e9able que les autres modes de transport, un temps de trajet fixe sans probl\u00e8mes de circulation, des d\u00e9placements confortables et beaucoup d&rsquo;espace pour les voitures et les v\u00e9los. Du coup, les villes retournent \u00e0 l&rsquo;eau.<\/p>\n<p>Avec les mod\u00e8les Mavi Deniz Sea Shuttle, vous verrez la diff\u00e9rence entre une propulsion hautement maniable, \u00e0 grande vitesse et silencieuse, et un roulement et des vibrations r\u00e9duits pour un meilleur confort des passagers dans toutes les situations m\u00e9t\u00e9orologiques. Nous utilisons une isolation unique pour la production de la navette maritime afin de r\u00e9duire le bruit \u00e0 bord et sous l&rsquo;eau, et les composants de la machinerie seront mont\u00e9s de mani\u00e8re r\u00e9siliente pour minimiser le bruit et les vibrations.<\/p>\n<p>Design int\u00e9rieur de la navette maritime sur mesure pour les conditions et les exigences locales (si\u00e8ges de premi\u00e8re classe + \u00e9cran LCD + climatisation + rev\u00eatement de sol durable &#8211; rev\u00eatement de plafond &#8211; rev\u00eatement mural)<\/p>\n<p>Apr\u00e8s avoir livr\u00e9 Shuttle, vous verrez les m\u00eames performances et la m\u00eame qualit\u00e9 des ann\u00e9es et des ann\u00e9es plus tard, sans changement\u00a0; il y a une raison d&rsquo;attraper la performance et la qualit\u00e9\u00a0; nous ne choisissons pas des produits bon march\u00e9, nous choisissons les meilleurs mat\u00e9riaux et produits pour la construction de la navette maritime, et nous choisissons \u00e9galement les meilleurs ouvriers, ing\u00e9nieurs. Nous pouvons organiser les conceptions en fonction de votre profil op\u00e9rationnel et de vos exigences.<\/p>\n<p><strong>Fonctionnalit\u00e9s<\/strong><\/p>\n<ul>\n<li>Pas besoin d&rsquo;une conception de terminal co\u00fbteuse, d&rsquo;un ponton, d&rsquo;un port ou d&rsquo;une jet\u00e9e<\/li>\n<li>Les mar\u00e9es ne posent aucun probl\u00e8me<\/li>\n<li>Voyager sans bruit<\/li>\n<li>D\u00e9lais de livraison courts et fiables<\/li>\n<li>Des prix comp\u00e9titifs<\/li>\n<li>Consommation de carburant r\u00e9duite<\/li>\n<li>Conception ergonomique moderne<\/li>\n<li>Stabilit\u00e9 et s\u00e9curit\u00e9 am\u00e9lior\u00e9es<\/li>\n<li>Tirant d&rsquo;eau peu profond<\/li>\n<li>Vitesse sup\u00e9rieure<\/li>\n<li>Low-wash<\/li>\n<\/ul>\n","protected":false},"excerpt":{"rendered":"<p>Sea Shuttle est con\u00e7u pour transporter des passagers, des voitures et des v\u00e9los par voies navigables (mer, rivi\u00e8res, lacs, lagunes, [&hellip;]<\/p>\n","protected":false},"author":1,"featured_media":0,"parent":41295,"menu_order":0,"comment_status":"closed","ping_status":"closed","template":"","meta":{"site-sidebar-layout":"default","site-content-layout":"","ast-site-content-layout":"default","site-content-style":"default","site-sidebar-style":"default","ast-global-header-display":"","ast-banner-title-visibility":"","ast-main-header-display":"","ast-hfb-above-header-display":"","ast-hfb-below-header-display":"","ast-hfb-mobile-header-display":"","site-post-title":"","ast-breadcrumbs-content":"","ast-featured-img":"","footer-sml-layout":"","ast-disable-related-posts":"","theme-transparent-header-meta":"","adv-header-id-meta":"","stick-header-meta":"","header-above-stick-meta":"","header-main-stick-meta":"","header-below-stick-meta":"","astra-migrate-meta-layouts":"default","ast-page-background-enabled":"default","ast-page-background-meta":{"desktop":{"background-color":"var(--ast-global-color-5)","background-image":"","background-repeat":"repeat","background-position":"center center","background-size":"auto","background-attachment":"scroll","background-type":"","background-media":"","overlay-type":"","overlay-color":"","overlay-opacity":"","overlay-gradient":""},"tablet":{"background-color":"","background-image":"","background-repeat":"repeat","background-position":"center center","background-size":"auto","background-attachment":"scroll","background-type":"","background-media":"","overlay-type":"","overlay-color":"","overlay-opacity":"","overlay-gradient":""},"mobile":{"background-color":"","background-image":"","background-repeat":"repeat","background-position":"center center","background-size":"auto","background-attachment":"scroll","background-type":"","background-media":"","overlay-type":"","overlay-color":"","overlay-opacity":"","overlay-gradient":""}},"ast-content-background-meta":{"desktop":{"background-color":"var(--ast-global-color-4)","background-image":"","background-repeat":"repeat","background-position":"center center","background-size":"auto","background-attachment":"scroll","background-type":"","background-media":"","overlay-type":"","overlay-color":"","overlay-opacity":"","overlay-gradient":""},"tablet":{"background-color":"var(--ast-global-color-4)","background-image":"","background-repeat":"repeat","background-position":"center center","background-size":"auto","background-attachment":"scroll","background-type":"","background-media":"","overlay-type":"","overlay-color":"","overlay-opacity":"","overlay-gradient":""},"mobile":{"background-color":"var(--ast-global-color-4)","background-image":"","background-repeat":"repeat","background-position":"center center","background-size":"auto","background-attachment":"scroll","background-type":"","background-media":"","overlay-type":"","overlay-color":"","overlay-opacity":"","overlay-gradient":""}},"footnotes":""},"class_list":["post-41324","page","type-page","status-publish","hentry"],"_links":{"self":[{"href":"https:\/\/mavideniz.com.tr\/fr\/wp-json\/wp\/v2\/pages\/41324","targetHints":{"allow":["GET"]}}],"collection":[{"href":"https:\/\/mavideniz.com.tr\/fr\/wp-json\/wp\/v2\/pages"}],"about":[{"href":"https:\/\/mavideniz.com.tr\/fr\/wp-json\/wp\/v2\/types\/page"}],"author":[{"embeddable":true,"href":"https:\/\/mavideniz.com.tr\/fr\/wp-json\/wp\/v2\/users\/1"}],"replies":[{"embeddable":true,"href":"https:\/\/mavideniz.com.tr\/fr\/wp-json\/wp\/v2\/comments?post=41324"}],"version-history":[{"count":0,"href":"https:\/\/mavideniz.com.tr\/fr\/wp-json\/wp\/v2\/pages\/41324\/revisions"}],"up":[{"embeddable":true,"href":"https:\/\/mavideniz.com.tr\/fr\/wp-json\/wp\/v2\/pages\/41295"}],"wp:attachment":[{"href":"https:\/\/mavideniz.com.tr\/fr\/wp-json\/wp\/v2\/media?parent=41324"}],"curies":[{"name":"wp","href":"https:\/\/api.w.org\/{rel}","templated":true}]}}