{"id":41339,"date":"2022-10-23T22:27:52","date_gmt":"2022-10-23T22:27:52","guid":{"rendered":"https:\/\/mavideniz.com.tr\/?page_id=41339"},"modified":"2022-10-23T22:27:55","modified_gmt":"2022-10-23T22:27:55","slug":"gondole","status":"publish","type":"page","link":"https:\/\/mavideniz.com.tr\/fr\/navires-bateaux\/transport-fluvial-passagere\/gondole\/","title":{"rendered":"Gondole"},"content":{"rendered":"\n<p>Le Mavideniz Water Taxi a \u00e9t\u00e9 con\u00e7u et construit pour \u00eatre une alternative rapide et fiable pour tout le monde afin de r\u00e9duire le temps de voyage. Plus que cela, c&rsquo;est l&rsquo;un des meilleurs moyens de transport de passagers depuis la rivi\u00e8re, la mer ou le lac.<\/p>\n<p>Les mod\u00e8les de Mavi Deniz Water Taxi verront la diff\u00e9rence entre une propulsion silencieuse, \u00e0 grande vitesse et hautement manoeuvrable, et une r\u00e9duction du roulement et des vibrations pour un meilleur confort des passagers dans toutes les situations m\u00e9t\u00e9orologiques.<\/p>\n<p>L&rsquo;agencement de la Superstructure du Taxi de l&rsquo;eau permet un acc\u00e8s facile \u00e0 la salle des machines. Cet agencement ergonomique donnera un maximum de confort lors de l&rsquo;utilisation et de satisfaction pour les passagers et l&rsquo;\u00e9quipage.<\/p>\n<p>Water Taxi design d&rsquo;int\u00e9rieur sur mesure pour les conditions et les exigences locales ( si\u00e8ges de premi\u00e8re classe + LCD + Air conditionn\u00e9 + rev\u00eatement de sol de longue dur\u00e9e &#8211; rev\u00eatement de plafond &#8211; rev\u00eatement mural )<\/p>\n<p>Water Taxi D&rsquo;immenses parois vitr\u00e9es permettent de voir le panorama depuis chaque si\u00e8ge \u00e0 l&rsquo;int\u00e9rieur de la cabine du passager. De plus, l&rsquo;agencement de cabine passagers permet deux voyages handicap\u00e9s et de se d\u00e9placer.<\/p>\n<p>Water Taxi est \u00e9galement conforme \u00e0 la r\u00e9glementation fonci\u00e8re concernant l&rsquo;architecture, refl\u00e9t\u00e9e dans le nombre de toilettes et la largeur des passages en raison des handicap\u00e9s.<\/p>\n<p>Apr\u00e8s que nous livrons le navire, vous verrez la m\u00eame performance et la qualit\u00e9 des ann\u00e9es et des ann\u00e9es plus tard, sans aucun changement ; il y a une raison d&rsquo;attraper la performance et la qualit\u00e9 ; nous ne choisissons pas des produits bon march\u00e9, choisir le meilleur mat\u00e9riel et les produits pour la construction du Water Taxi, et aussi choisir les meilleurs travailleurs, ing\u00e9nieurs. Nous pouvons organiser les conceptions pour votre profil op\u00e9rationnel et vos besoins.<\/p>\n<p><strong>Caract\u00e9ristiques<\/strong><\/p>\n<ul>\n<li>D\u00e9lais de livraison courts et fiables<\/li>\n<li>Tarification comp\u00e9titive<\/li>\n<li>R\u00e9duction De La Consommation De Carburant<\/li>\n<li>Design ergonomique moderne<\/li>\n<li>Stabilit\u00e9 et s\u00e9curit\u00e9 am\u00e9lior\u00e9es<\/li>\n<li>Tirant D&rsquo;Eau Faible<\/li>\n<li>Vitesse Sup\u00e9rieure<\/li>\n<li>Faible niveau de lavage<\/li>\n<\/ul>\n<div class=\"wptm_table tablesorter-bootstrap \" data-id=\"53\" data-hightlight=\"0\"><div class=\"wptm_buttons buttons_wptmTbl53\"><\/div><div class=\"wptmresponsive dataTables-wptmtable wptmtable \" id=\"wptmtable53\" data-tableid=\"wptmTbl53\"><table data-count-header=\"1\"  data-format-decimal_count=\"0\" data-format-decimal_symbol=\".\" data-format-symbol_position=\"0\" data-format-thousand_symbol=\",\"  data-format-currency_symbol=\"$\"  data-name-style=\"53_1759814819.css\" data-format=\"YYYY-MM-DD\" id=\"wptmTbl53\" data-id=\"53\" data-responsive=\"false\" data-hideCols=\"false\"  data-type=\"html\" data-paging=\"false\" data-searching=\"true\"  data-ordering=\"false\" data-table-breakpoint=\"980\" data-scroll-x=\"true\" data-scroll-collapse=\"true\" data-align=\"center\" data-range=\"[]\" data-hideColumn=\"[0,0,0,0,0]\"  data-colwidths=\"[228,228,228,228,228]\"  data-colwidths_desktop=[]  data-colwidths_tablet=[]  data-colwidths_mobile=[]  class=\"wptm_main_table  disablePager hideScrollHeader\"><colgroup><col data-dtr=\"0\" data-dtc=\"0\" class=\"dtc0\"><col data-dtr=\"0\" data-dtc=\"1\" class=\"dtc1\"><col data-dtr=\"0\" data-dtc=\"2\" class=\"dtc2\"><col data-dtr=\"0\" data-dtc=\"3\" class=\"dtc3\"><col data-dtr=\"0\" data-dtc=\"4\" class=\"dtc4\"><\/colgroup><thead><tr class=\"wptm-header-cells-index\"><th rowspan=\"1\" colspan=\"1\" data-dtr=\"0\" data-dtc=\"0\" class=\"dtr0 dtc0\"><\/th><th rowspan=\"1\" colspan=\"1\" data-dtr=\"0\" data-dtc=\"1\" class=\"dtr0 dtc1\"><\/th><th rowspan=\"1\" colspan=\"1\" data-dtr=\"0\" data-dtc=\"2\" class=\"dtr0 dtc2\"><\/th><th rowspan=\"1\" colspan=\"1\" data-dtr=\"0\" data-dtc=\"3\" class=\"dtr0 dtc3\"><\/th><th rowspan=\"1\" colspan=\"1\" data-dtr=\"0\" data-dtc=\"4\" class=\"dtr0 dtc4\"><\/th><\/tr><tr class=\" row0\"><th   data-priority=\"0\" class=\"dtr0 dtc0\"><\/th><th   data-priority=\"0\" class=\"dtr0 dtc1\">Water Taxi IV<\/th><th   data-priority=\"0\" class=\"dtr0 dtc2\">Water Taxi III<\/th><th   data-priority=\"0\" class=\"dtr0 dtc3\">Water Taxi II<\/th><th   data-priority=\"0\" class=\"dtr0 dtc4\">Water Taxi I<\/th><\/thead><tbody><tr class=\" row1\"><td    class=\"dtr1 dtc0\">Material<\/td><td  colspan=\"4\"   class=\"dtr1 dtc1\">Aluminium Alloy | GRP<\/td><td  style=\"display: none\"   class=\"dtr1 dtc2\"><\/td><td  style=\"display: none\"   class=\"dtr1 dtc3\"><\/td><td  style=\"display: none\"   class=\"dtr1 dtc4\"><\/td><\/tr><tr class=\" row2\"><td    class=\"dtr2 dtc0\">Passanger<\/td><td    class=\"dtr2 dtc1\">26<\/td><td    class=\"dtr2 dtc2\">18<\/td><td    class=\"dtr2 dtc3\">10<\/td><td    class=\"dtr2 dtc4\">8<\/td><\/tr><tr class=\" row3\"><td    class=\"dtr3 dtc0\">Length<\/td><td    class=\"dtr3 dtc1\">16 m<\/td><td    class=\"dtr3 dtc2\">15 m<\/td><td    class=\"dtr3 dtc3\">11 m<\/td><td    class=\"dtr3 dtc4\">9 m<\/td><\/tr><tr class=\" row4\"><td    class=\"dtr4 dtc0\">Width<\/td><td    class=\"dtr4 dtc1\">5.7 m<\/td><td    class=\"dtr4 dtc2\">4 m<\/td><td    class=\"dtr4 dtc3\">4 m<\/td><td    class=\"dtr4 dtc4\">4 m<\/td><\/tr><tr class=\" row5\"><td    class=\"dtr5 dtc0\">Draught<\/td><td    class=\"dtr5 dtc1\">1 m<\/td><td    class=\"dtr5 dtc2\">0.6 m<\/td><td    class=\"dtr5 dtc3\">0.6 m<\/td><td    class=\"dtr5 dtc4\">0.6 m<\/td><\/tr><tr class=\" row6\"><td    class=\"dtr6 dtc0\">Propellers<\/td><td  colspan=\"4\"   class=\"dtr6 dtc1\">Waterjet | Fixed Pitch<\/td><td  style=\"display: none\"   class=\"dtr6 dtc2\"><\/td><td  style=\"display: none\"   class=\"dtr6 dtc3\"><\/td><td  style=\"display: none\"   class=\"dtr6 dtc4\"><\/td><\/tr><tr class=\" row7\"><td    class=\"dtr7 dtc0\">Speed<\/td><td    class=\"dtr7 dtc1\">22 - 40 Knots<\/td><td    class=\"dtr7 dtc2\">22 - 40 Knots<\/td><td    class=\"dtr7 dtc3\">22 - 40 Knots<\/td><td    class=\"dtr7 dtc4\">22 - 40 Knots<\/td><\/tr><tr class=\" row8\"><td    class=\"dtr8 dtc0\">Fuel Capacity<\/td><td    class=\"dtr8 dtc1\">2000 lt.<\/td><td    class=\"dtr8 dtc2\">1500 lt.<\/td><td    class=\"dtr8 dtc3\">1250 lt.<\/td><td    class=\"dtr8 dtc4\">1000 lt.<\/td><\/tr><\/tbody><tfoot><tr><td class=\"dtr8 dtc0\" style=\"height: 0;\"><\/td><td class=\"dtr8 dtc1\" style=\"height: 0;\"><\/td><td class=\"dtr8 dtc2\" style=\"height: 0;\"><\/td><td class=\"dtr8 dtc3\" style=\"height: 0;\"><\/td><td class=\"dtr8 dtc4\" style=\"height: 0;\"><\/td><\/tr><\/tfoot><\/table><\/div><style>#wptmtable53 .dataTables_wrapper > .dataTables_scroll {max-height:500px;overflow: auto;}<\/style><script>window.wptm_ajaxurl = 'https:\/\/mavideniz.com.tr\/wp-admin\/admin-ajax.php?juwpfisadmin=false&action=Wptm&'; window.wptm_front = 'https:\/\/mavideniz.com.tr\/wp-content\/plugins\/wp-table-manager\/app\/site\/assets\/'; window.wptm_style = 'https:\/\/mavideniz.com.tr\/wp-content\/uploads\/wptm\/';<\/script><\/div><style><\/style>\n","protected":false},"excerpt":{"rendered":"<p>Le Mavideniz Water Taxi a \u00e9t\u00e9 con\u00e7u et construit pour \u00eatre une alternative rapide et fiable pour tout le monde [&hellip;]<\/p>\n","protected":false},"author":1,"featured_media":0,"parent":41295,"menu_order":0,"comment_status":"closed","ping_status":"closed","template":"","meta":{"site-sidebar-layout":"default","site-content-layout":"","ast-site-content-layout":"default","site-content-style":"default","site-sidebar-style":"default","ast-global-header-display":"","ast-banner-title-visibility":"","ast-main-header-display":"","ast-hfb-above-header-display":"","ast-hfb-below-header-display":"","ast-hfb-mobile-header-display":"","site-post-title":"","ast-breadcrumbs-content":"","ast-featured-img":"","footer-sml-layout":"","ast-disable-related-posts":"","theme-transparent-header-meta":"","adv-header-id-meta":"","stick-header-meta":"","header-above-stick-meta":"","header-main-stick-meta":"","header-below-stick-meta":"","astra-migrate-meta-layouts":"default","ast-page-background-enabled":"default","ast-page-background-meta":{"desktop":{"background-color":"var(--ast-global-color-5)","background-image":"","background-repeat":"repeat","background-position":"center center","background-size":"auto","background-attachment":"scroll","background-type":"","background-media":"","overlay-type":"","overlay-color":"","overlay-opacity":"","overlay-gradient":""},"tablet":{"background-color":"","background-image":"","background-repeat":"repeat","background-position":"center center","background-size":"auto","background-attachment":"scroll","background-type":"","background-media":"","overlay-type":"","overlay-color":"","overlay-opacity":"","overlay-gradient":""},"mobile":{"background-color":"","background-image":"","background-repeat":"repeat","background-position":"center center","background-size":"auto","background-attachment":"scroll","background-type":"","background-media":"","overlay-type":"","overlay-color":"","overlay-opacity":"","overlay-gradient":""}},"ast-content-background-meta":{"desktop":{"background-color":"var(--ast-global-color-4)","background-image":"","background-repeat":"repeat","background-position":"center center","background-size":"auto","background-attachment":"scroll","background-type":"","background-media":"","overlay-type":"","overlay-color":"","overlay-opacity":"","overlay-gradient":""},"tablet":{"background-color":"var(--ast-global-color-4)","background-image":"","background-repeat":"repeat","background-position":"center center","background-size":"auto","background-attachment":"scroll","background-type":"","background-media":"","overlay-type":"","overlay-color":"","overlay-opacity":"","overlay-gradient":""},"mobile":{"background-color":"var(--ast-global-color-4)","background-image":"","background-repeat":"repeat","background-position":"center center","background-size":"auto","background-attachment":"scroll","background-type":"","background-media":"","overlay-type":"","overlay-color":"","overlay-opacity":"","overlay-gradient":""}},"footnotes":""},"class_list":["post-41339","page","type-page","status-publish","hentry"],"_links":{"self":[{"href":"https:\/\/mavideniz.com.tr\/fr\/wp-json\/wp\/v2\/pages\/41339","targetHints":{"allow":["GET"]}}],"collection":[{"href":"https:\/\/mavideniz.com.tr\/fr\/wp-json\/wp\/v2\/pages"}],"about":[{"href":"https:\/\/mavideniz.com.tr\/fr\/wp-json\/wp\/v2\/types\/page"}],"author":[{"embeddable":true,"href":"https:\/\/mavideniz.com.tr\/fr\/wp-json\/wp\/v2\/users\/1"}],"replies":[{"embeddable":true,"href":"https:\/\/mavideniz.com.tr\/fr\/wp-json\/wp\/v2\/comments?post=41339"}],"version-history":[{"count":0,"href":"https:\/\/mavideniz.com.tr\/fr\/wp-json\/wp\/v2\/pages\/41339\/revisions"}],"up":[{"embeddable":true,"href":"https:\/\/mavideniz.com.tr\/fr\/wp-json\/wp\/v2\/pages\/41295"}],"wp:attachment":[{"href":"https:\/\/mavideniz.com.tr\/fr\/wp-json\/wp\/v2\/media?parent=41339"}],"curies":[{"name":"wp","href":"https:\/\/api.w.org\/{rel}","templated":true}]}}