{"id":42450,"date":"2022-10-29T12:05:45","date_gmt":"2022-10-29T12:05:45","guid":{"rendered":"https:\/\/mavideniz.com.tr\/?page_id=42450"},"modified":"2022-10-29T12:05:48","modified_gmt":"2022-10-29T12:05:48","slug":"elimination-des-mauvaises-herbes-aquatiques-voies-navigables-barrages","status":"publish","type":"page","link":"https:\/\/mavideniz.com.tr\/fr\/services-mavi-deniz\/elimination-des-mauvaises-herbes-aquatiques-voies-navigables-barrages\/","title":{"rendered":"\u00c9limination des mauvaises herbes aquatiques &#8211; Voies navigables + Barrages"},"content":{"rendered":"\n<p>Les plantes aquatiques servent \u00e0 une vari\u00e9t\u00e9 d&rsquo;utilisations dans un syst\u00e8me d&rsquo;eau, dont certaines sont vitales pour la sant\u00e9 globale du milieu aquatique. De nombreuses plantes aquatiques poussent dans les barrages agricoles, les cours d&rsquo;eau et les cours d&rsquo;eau ; heureusement, la plupart sont rarement un probl\u00e8me. Cependant, les plantes aquatiques peuvent prosp\u00e9rer lorsque l&rsquo;eau devient riche en nutriments jusqu&rsquo;\u00e0 ce qu&rsquo;elles deviennent une nuisance ou soient consid\u00e9r\u00e9es comme des mauvaises herbes.<\/p>\n<p>Certaines plantes aquatiques remplissent de nombreuses fonctions b\u00e9n\u00e9fiques et jouent un r\u00f4le vital dans les milieux aquatiques. L&rsquo;enl\u00e8vement de ces plantes peut d\u00e9truire la qualit\u00e9 de l&rsquo;eau et l&rsquo;habitat sans r\u00e9el b\u00e9n\u00e9fice. De nombreuses plantes de bordure sont essentielles pour le stockage des nutriments, la stabilisation des berges et le pi\u00e9geage des s\u00e9diments. La qualit\u00e9 de l&rsquo;eau est la plus critique<\/p>\n<p>et les plantes submerg\u00e9es aident \u00e0 oxyg\u00e9ner l&rsquo;eau. Les plantes aquatiques jouent \u00e9galement un r\u00f4le essentiel dans la fourniture<\/p>\n<p>habitat de nombreux organismes, en particulier les oiseaux, les amphibiens, les poissons, les insectes et d&rsquo;autres cr\u00e9atures de petits \u00e9tangs. Les plantes flottantes donnent de l&rsquo;ombre, r\u00e9duisent l&rsquo;\u00e9vaporation et maintiennent la temp\u00e9rature de l&rsquo;eau constante.<\/p>\n<p>Dans de nombreux cas, un plan d&rsquo;eau est un \u00e9cosyst\u00e8me diversifi\u00e9 et \u00e9quilibr\u00e9, et il faut prendre soin de maintenir cet \u00e9quilibre \u00e0 un avantage. Une croissance excessive peut indiquer un d\u00e9s\u00e9quilibre et entra\u00eener une d\u00e9t\u00e9rioration de l&rsquo;\u00e9cosyst\u00e8me.<\/p>\n<p><strong>Les plantes aquatiques deviennent un probl\u00e8me.<\/strong><\/p>\n<ul>\n<li>Couvrir toute la surface de l&rsquo;eau, ce qui entra\u00eene une diminution de l&rsquo;oxyg\u00e8ne &#8211; cela peut d\u00e9truire l&rsquo;\u00e9cosyst\u00e8me sous la surface et tuer les esp\u00e8ces aquatiques.<\/li>\n<li>Les esp\u00e8ces introduites concurrencent les esp\u00e8ces indig\u00e8nes et r\u00e9duisent la biodiversit\u00e9<\/li>\n<li>Impact sur l&rsquo;habitat aquatique des esp\u00e8ces d&rsquo;oiseaux et les amener \u00e0 se d\u00e9placer<\/li>\n<li>Interf\u00e9rer avec les activit\u00e9s commerciales et r\u00e9cr\u00e9atives<\/li>\n<li>Causer des blocages ou emp\u00eacher l&rsquo;entr\u00e9e d&rsquo;eau dans l&rsquo;\u00e9quipement de pompage &#8211; des cages en treillis peuvent \u00eatre n\u00e9cessaires pour loger la valve de pied loin de la mauvaise herbe.<\/li>\n<\/ul>\n<p><strong>Solutions d&rsquo;enl\u00e8vement m\u00e9canique et physique<\/strong><\/p>\n<ul>\n<li>Machine Amphibie<\/li>\n<li>R\u00e9colteuse D&rsquo;Herbes<\/li>\n<li>Drague Polyvalente<\/li>\n<li>Convoyeur \u00c0 Terre<\/li>\n<li>Boom V\u00e9g\u00e9tal Aquatique<\/li>\n<\/ul>\n","protected":false},"excerpt":{"rendered":"<p>Les plantes aquatiques servent \u00e0 une vari\u00e9t\u00e9 d&rsquo;utilisations dans un syst\u00e8me d&rsquo;eau, dont certaines sont vitales pour la sant\u00e9 globale [&hellip;]<\/p>\n","protected":false},"author":1,"featured_media":0,"parent":41771,"menu_order":0,"comment_status":"closed","ping_status":"closed","template":"","meta":{"site-sidebar-layout":"default","site-content-layout":"","ast-site-content-layout":"default","site-content-style":"default","site-sidebar-style":"default","ast-global-header-display":"","ast-banner-title-visibility":"","ast-main-header-display":"","ast-hfb-above-header-display":"","ast-hfb-below-header-display":"","ast-hfb-mobile-header-display":"","site-post-title":"","ast-breadcrumbs-content":"","ast-featured-img":"","footer-sml-layout":"","ast-disable-related-posts":"","theme-transparent-header-meta":"","adv-header-id-meta":"","stick-header-meta":"","header-above-stick-meta":"","header-main-stick-meta":"","header-below-stick-meta":"","astra-migrate-meta-layouts":"default","ast-page-background-enabled":"default","ast-page-background-meta":{"desktop":{"background-color":"var(--ast-global-color-5)","background-image":"","background-repeat":"repeat","background-position":"center center","background-size":"auto","background-attachment":"scroll","background-type":"","background-media":"","overlay-type":"","overlay-color":"","overlay-opacity":"","overlay-gradient":""},"tablet":{"background-color":"","background-image":"","background-repeat":"repeat","background-position":"center center","background-size":"auto","background-attachment":"scroll","background-type":"","background-media":"","overlay-type":"","overlay-color":"","overlay-opacity":"","overlay-gradient":""},"mobile":{"background-color":"","background-image":"","background-repeat":"repeat","background-position":"center center","background-size":"auto","background-attachment":"scroll","background-type":"","background-media":"","overlay-type":"","overlay-color":"","overlay-opacity":"","overlay-gradient":""}},"ast-content-background-meta":{"desktop":{"background-color":"var(--ast-global-color-4)","background-image":"","background-repeat":"repeat","background-position":"center center","background-size":"auto","background-attachment":"scroll","background-type":"","background-media":"","overlay-type":"","overlay-color":"","overlay-opacity":"","overlay-gradient":""},"tablet":{"background-color":"var(--ast-global-color-4)","background-image":"","background-repeat":"repeat","background-position":"center center","background-size":"auto","background-attachment":"scroll","background-type":"","background-media":"","overlay-type":"","overlay-color":"","overlay-opacity":"","overlay-gradient":""},"mobile":{"background-color":"var(--ast-global-color-4)","background-image":"","background-repeat":"repeat","background-position":"center center","background-size":"auto","background-attachment":"scroll","background-type":"","background-media":"","overlay-type":"","overlay-color":"","overlay-opacity":"","overlay-gradient":""}},"footnotes":""},"class_list":["post-42450","page","type-page","status-publish","hentry"],"_links":{"self":[{"href":"https:\/\/mavideniz.com.tr\/fr\/wp-json\/wp\/v2\/pages\/42450","targetHints":{"allow":["GET"]}}],"collection":[{"href":"https:\/\/mavideniz.com.tr\/fr\/wp-json\/wp\/v2\/pages"}],"about":[{"href":"https:\/\/mavideniz.com.tr\/fr\/wp-json\/wp\/v2\/types\/page"}],"author":[{"embeddable":true,"href":"https:\/\/mavideniz.com.tr\/fr\/wp-json\/wp\/v2\/users\/1"}],"replies":[{"embeddable":true,"href":"https:\/\/mavideniz.com.tr\/fr\/wp-json\/wp\/v2\/comments?post=42450"}],"version-history":[{"count":0,"href":"https:\/\/mavideniz.com.tr\/fr\/wp-json\/wp\/v2\/pages\/42450\/revisions"}],"up":[{"embeddable":true,"href":"https:\/\/mavideniz.com.tr\/fr\/wp-json\/wp\/v2\/pages\/41771"}],"wp:attachment":[{"href":"https:\/\/mavideniz.com.tr\/fr\/wp-json\/wp\/v2\/media?parent=42450"}],"curies":[{"name":"wp","href":"https:\/\/api.w.org\/{rel}","templated":true}]}}