{"id":42460,"date":"2022-10-29T12:51:34","date_gmt":"2022-10-29T12:51:34","guid":{"rendered":"https:\/\/mavideniz.com.tr\/?page_id=42460"},"modified":"2022-10-29T12:51:38","modified_gmt":"2022-10-29T12:51:38","slug":"intervention-en-mer-en-cas-de-deversement-dhydrocarbures","status":"publish","type":"page","link":"https:\/\/mavideniz.com.tr\/fr\/services-mavi-deniz\/intervention-7-24-en-cas-de-deversement-dhydrocarbures\/intervention-en-mer-en-cas-de-deversement-dhydrocarbures\/","title":{"rendered":"Intervention en mer en cas de d\u00e9versement d&rsquo;hydrocarbures"},"content":{"rendered":"\n<p>MAVI DENIZ est situ\u00e9 \u00e0 Istanbul, en Turquie, et a des \u00e9quipes d&rsquo;intervention en veille permanente 24 heures par jour, 365 jours par an, l&rsquo;intervention en cas de d\u00e9versement d&rsquo;huile et le service de pr\u00e9vention des d\u00e9versements.<\/p>\n<p>MAVI DENIZ est le principal fournisseur de la r\u00e9gion en mati\u00e8re d&rsquo;intervention en cas de d\u00e9versement d&rsquo;hydrocarbures et de pr\u00e9vention des d\u00e9versements d&rsquo;hydrocarbures, avec son \u00e9quipement et son personnel. Notre entreprise est enti\u00e8rement \u00e9quip\u00e9e et joue un r\u00f4le important dans la pr\u00e9vention et la r\u00e9duction de la pollution environnementale caus\u00e9e par les carburants, les huiles et les produits chimiques qui se propagent dans la mer en raison d&rsquo;une collision, d&rsquo;un incendie ou d&rsquo;un \u00e9chouement.<\/p>\n<p>L&rsquo;\u00e9quipe d&rsquo;intervention en cas de d\u00e9versement d&rsquo;hydrocarbures est form\u00e9e aux normes les plus \u00e9lev\u00e9es de l&rsquo;industrie et effectue r\u00e9guli\u00e8rement des exercices en mer. En mer, l&rsquo;\u00e9quipe d&rsquo;intervention en cas de d\u00e9versement d&rsquo;hydrocarbures peut intervenir en cas de d\u00e9versement d&rsquo;hydrocarbures en mer.<\/p>\n<p>Mavi Deniz est en \u00e9tat d&rsquo;alerte 24 heures sur 24 pour r\u00e9pondre \u00e0 de tels incidents en mer, rivi\u00e8res, estuaires ou rivages. Depuis sa cr\u00e9ation, Mavi Deniz a particip\u00e9 \u00e0 presque toutes les interventions et mesures de pr\u00e9vention des d\u00e9versements en mer en Turquie.<\/p>\n<p>Mavi Deniz fournit un support de secours de niveau 1, 2 et 3 aux ports, ports de plaisance, chantiers navals, raffineries, ol\u00e9oducs, pipelines, exploration p\u00e9troli\u00e8re\/gazi\u00e8re et soci\u00e9t\u00e9s de production. Notre \u00e9quipement et notre navire sont \u00e9galement disponibles pour la location en tant que kits de niveau 1 ou de niveau 2 ou de mani\u00e8re flexible pour compl\u00e9ter l&rsquo;inventaire et les besoins existants du client pour des p\u00e9riodes courtes ou longues en fonction des op\u00e9rations. Tous nos \u00e9quipements sont certifi\u00e9s B.V. ou Equivalent et bien entretenus selon une proc\u00e9dure de maintenance interne.<\/p>\n<p>De plus, l&rsquo;expertise de Mavi Deniz a \u00e9t\u00e9 sollicit\u00e9e pour assister les clients le long de la mer \u00c9g\u00e9e, la mer Noire, la mer de Marmara et la mer M\u00e9diterran\u00e9e.<\/p>\n<p>Mavi Deniz se sp\u00e9cialise dans les d\u00e9versements d&rsquo;hydrocarbures en mer \/ pr\u00e8s de la c\u00f4te sur la r\u00e9cup\u00e9ration de l&rsquo;eau, le nettoyage des rives, l&rsquo;all\u00e8gement de la cargaison, et le retrait des \u00e9paves de r\u00e9cup\u00e9ration.<\/p>\n<p>Lorsque le p\u00e9trole est d\u00e9vers\u00e9 en mer, les d\u00e9versements de p\u00e9trole se propagent, se fragmentent et se dispersent naturellement sous l&rsquo;influence du vent, des vagues et des courants. Mavi Deniz peut imm\u00e9diatement exp\u00e9dier des \u00e9quipements d\u00e9di\u00e9s \u00e0 l&rsquo;intervention en cas de d\u00e9versement et \u00e0 la pr\u00e9vention des d\u00e9versements d&rsquo;hydrocarbures, y compris les navires anti-pollution hautement efficaces SEACAT dans le monde entier.<\/p>\n<p>Mavi Deniz peut fournir la gestion de projet, la main-d&rsquo;oeuvre sous contrat, l&rsquo;\u00e9quipement sp\u00e9cifique \u00e0 l&rsquo;intervention, l&rsquo;approvisionnement en mat\u00e9riel et les options d&rsquo;\u00e9limination en tout ou en parties selon vos besoins.<\/p>\n<p>Mavi Deniz offre des services complets concernant la protection et le nettoyage du milieu marin et la r\u00e9ponse aux d\u00e9versements de p\u00e9trole et de produits chimiques.<\/p>\n<p>Mavi Deniz est la soci\u00e9t\u00e9 priv\u00e9e la plus importante de la r\u00e9gion dans le domaine de l&rsquo;intervention en cas de d\u00e9versement d&rsquo;hydrocarbures et de la pr\u00e9vention des d\u00e9versements d&rsquo;hydrocarbures. Notre expertise s&rsquo;\u00e9tend de l&rsquo;intervention en cas de d\u00e9versement d&rsquo;hydrocarbures p\u00e9troliers en mer \u00e0 grande \u00e9chelle \u00e0 l&rsquo;intervention en cas de mati\u00e8res dangereuses inconnues. Mavi Deniz offre des forfaits complets pour l&rsquo;intervention en cas de d\u00e9versement d&rsquo;hydrocarbures sur les eaux c\u00f4ti\u00e8res et au large.<\/p>\n<p>Nous avons form\u00e9 des gestionnaires, des superviseurs et des techniciens disponibles pour vous aider \u00e0 r\u00e9pondre \u00e0 vos besoins d&rsquo;intervention sp\u00e9cifiques, ainsi que l&rsquo;\u00e9quipement et le mat\u00e9riel pour fournir cl\u00e9 en main de l&rsquo;intervention d&rsquo;urgence en cas de d\u00e9versement et de la pr\u00e9vention des d\u00e9versements. Des curriculum vitae propres au personnel et au projet sont disponibles sur demande et sur demande.<\/p>\n<p>Une fois le p\u00e9trole d\u00e9vers\u00e9 en mer, il se r\u00e9pandra, se fragmentera et se dispersera naturellement sous l&rsquo;influence du vent, des vagues et des courants.<\/p>\n<p>Nos relations avec l&rsquo;industrie, les organismes de r\u00e9glementation et les pr\u00e9occupations locales sont sans pr\u00e9c\u00e9dent. Peu d&rsquo;organisations peuvent offrir une exp\u00e9rience plus large.<\/p>\n<p><strong>Mavi Deniz offre :<\/strong><\/p>\n<ul>\n<li>Intervention en cas de d\u00e9versement d&rsquo;hydrocarbures et pr\u00e9vention des d\u00e9versements d&rsquo;hydrocarbures en cas d&rsquo;incident 7 x 24<\/li>\n<li>Pour emp\u00eacher le d\u00e9versement d&rsquo;atteindre le rivage,<\/li>\n<li>R\u00e9duire l&rsquo;impact sur la vie marine<\/li>\n<li>Acc\u00e9l\u00e9rer la d\u00e9gradation de toute huile non r\u00e9cup\u00e9r\u00e9e.<\/li>\n<\/ul>\n<p>Les dispersants sont des agents chimiques (semblables aux savons et aux d\u00e9tergents) qui aident \u00e0 d\u00e9composer une nappe d&rsquo;huile en petites gouttelettes, diluant ainsi l&rsquo;eau. Bien que cela n&rsquo;\u00e9limine pas les mati\u00e8res d\u00e9vers\u00e9es, les particules de p\u00e9trole plus petites sont plus facilement biod\u00e9grad\u00e9es, ce qui fournit une mesure de protection pour les habitats sensibles menac\u00e9s par une nappe de surface. Les dispersants sont pulv\u00e9ris\u00e9s sur les d\u00e9versements par des bateaux ou des avions sp\u00e9cialement \u00e9quip\u00e9s.<\/p>\n<p>Les dispersants, appliqu\u00e9s sur le d\u00e9versement par des navires ou des avions, peuvent efficacement d\u00e9composer les d\u00e9versements d&rsquo;hydrocarbures de densit\u00e9 l\u00e9g\u00e8re ou moyenne en un \u00ab polissage \u00bb final apr\u00e8s que d&rsquo;autres options d&rsquo;intervention ont \u00e9t\u00e9 utilis\u00e9es.<\/p>\n<p>Nous sommes \u00e9quip\u00e9s pour effectuer des transferts d&rsquo;huile d&rsquo;urgence, d\u00e9ployer des mesures de pr\u00e9vention de la pollution telles que la fl\u00e8che de confinement, louer de l&rsquo;\u00e9quipement de r\u00e9cup\u00e9ration de secours et effectuer d&rsquo;autres services tels que la formation d&rsquo;intervention sp\u00e9cifique \u00e0 l&rsquo;entreprise. Que vous ayez besoin de bateaux de travail, de remorqueurs pour la manutention de plates-formes de forage en mer, de barri\u00e8res de confinement, d&rsquo;ailes pour une op\u00e9ration d&rsquo;all\u00e8gement, d&rsquo;unit\u00e9s d&rsquo;aspiration, de barri\u00e8res de rivage pour un projet de nettoyage de plage, ou de dragues pour l&rsquo;assainissement du site, Mavi Deniz peut vous aider \u00e0 concevoir et \u00e0 installer un syst\u00e8me qui r\u00e9pond \u00e0 vos besoins sp\u00e9cifiques.<\/p>\n","protected":false},"excerpt":{"rendered":"<p>MAVI DENIZ est situ\u00e9 \u00e0 Istanbul, en Turquie, et a des \u00e9quipes d&rsquo;intervention en veille permanente 24 heures par jour, [&hellip;]<\/p>\n","protected":false},"author":1,"featured_media":0,"parent":42455,"menu_order":0,"comment_status":"closed","ping_status":"closed","template":"","meta":{"site-sidebar-layout":"default","site-content-layout":"","ast-site-content-layout":"default","site-content-style":"default","site-sidebar-style":"default","ast-global-header-display":"","ast-banner-title-visibility":"","ast-main-header-display":"","ast-hfb-above-header-display":"","ast-hfb-below-header-display":"","ast-hfb-mobile-header-display":"","site-post-title":"","ast-breadcrumbs-content":"","ast-featured-img":"","footer-sml-layout":"","ast-disable-related-posts":"","theme-transparent-header-meta":"","adv-header-id-meta":"","stick-header-meta":"","header-above-stick-meta":"","header-main-stick-meta":"","header-below-stick-meta":"","astra-migrate-meta-layouts":"default","ast-page-background-enabled":"default","ast-page-background-meta":{"desktop":{"background-color":"var(--ast-global-color-5)","background-image":"","background-repeat":"repeat","background-position":"center center","background-size":"auto","background-attachment":"scroll","background-type":"","background-media":"","overlay-type":"","overlay-color":"","overlay-opacity":"","overlay-gradient":""},"tablet":{"background-color":"","background-image":"","background-repeat":"repeat","background-position":"center center","background-size":"auto","background-attachment":"scroll","background-type":"","background-media":"","overlay-type":"","overlay-color":"","overlay-opacity":"","overlay-gradient":""},"mobile":{"background-color":"","background-image":"","background-repeat":"repeat","background-position":"center center","background-size":"auto","background-attachment":"scroll","background-type":"","background-media":"","overlay-type":"","overlay-color":"","overlay-opacity":"","overlay-gradient":""}},"ast-content-background-meta":{"desktop":{"background-color":"var(--ast-global-color-4)","background-image":"","background-repeat":"repeat","background-position":"center center","background-size":"auto","background-attachment":"scroll","background-type":"","background-media":"","overlay-type":"","overlay-color":"","overlay-opacity":"","overlay-gradient":""},"tablet":{"background-color":"var(--ast-global-color-4)","background-image":"","background-repeat":"repeat","background-position":"center center","background-size":"auto","background-attachment":"scroll","background-type":"","background-media":"","overlay-type":"","overlay-color":"","overlay-opacity":"","overlay-gradient":""},"mobile":{"background-color":"var(--ast-global-color-4)","background-image":"","background-repeat":"repeat","background-position":"center center","background-size":"auto","background-attachment":"scroll","background-type":"","background-media":"","overlay-type":"","overlay-color":"","overlay-opacity":"","overlay-gradient":""}},"footnotes":""},"class_list":["post-42460","page","type-page","status-publish","hentry"],"_links":{"self":[{"href":"https:\/\/mavideniz.com.tr\/fr\/wp-json\/wp\/v2\/pages\/42460","targetHints":{"allow":["GET"]}}],"collection":[{"href":"https:\/\/mavideniz.com.tr\/fr\/wp-json\/wp\/v2\/pages"}],"about":[{"href":"https:\/\/mavideniz.com.tr\/fr\/wp-json\/wp\/v2\/types\/page"}],"author":[{"embeddable":true,"href":"https:\/\/mavideniz.com.tr\/fr\/wp-json\/wp\/v2\/users\/1"}],"replies":[{"embeddable":true,"href":"https:\/\/mavideniz.com.tr\/fr\/wp-json\/wp\/v2\/comments?post=42460"}],"version-history":[{"count":0,"href":"https:\/\/mavideniz.com.tr\/fr\/wp-json\/wp\/v2\/pages\/42460\/revisions"}],"up":[{"embeddable":true,"href":"https:\/\/mavideniz.com.tr\/fr\/wp-json\/wp\/v2\/pages\/42455"}],"wp:attachment":[{"href":"https:\/\/mavideniz.com.tr\/fr\/wp-json\/wp\/v2\/media?parent=42460"}],"curies":[{"name":"wp","href":"https:\/\/api.w.org\/{rel}","templated":true}]}}