{"id":42467,"date":"2022-10-29T13:05:38","date_gmt":"2022-10-29T13:05:38","guid":{"rendered":"https:\/\/mavideniz.com.tr\/?page_id=42467"},"modified":"2022-10-29T13:05:42","modified_gmt":"2022-10-29T13:05:42","slug":"intervention-en-cas-de-deversement-de-produits-chimiques-matieres-dangereuses","status":"publish","type":"page","link":"https:\/\/mavideniz.com.tr\/fr\/services-mavi-deniz\/intervention-7-24-en-cas-de-deversement-dhydrocarbures\/intervention-en-cas-de-deversement-de-produits-chimiques-matieres-dangereuses\/","title":{"rendered":"Intervention en cas de d\u00e9versement de produits chimiques &#8211; Mati\u00e8res dangereuses"},"content":{"rendered":"\n<p>Les produits chimiques exigent des soins sp\u00e9cialis\u00e9s dans la manipulation et le transport. Malgr\u00e9 cela, des accidents peuvent encore survenir et surviennent. Mavi Deniz offre des services d&rsquo;intervention en cas de d\u00e9versement de produits chimiques, tous disponibles en veille permanente, uniquement d\u00e9di\u00e9s \u00e0 l&rsquo;intervention en cas de d\u00e9versements et de fuites de produits chimiques pour les entreprises de transport, les fabricants de produits chimiques, les compagnies p\u00e9troli\u00e8res, les chemins de fer, l&rsquo;industrie a\u00e9rienne, les ports et les services publics, ainsi que les agences locales, \u00e9tatiques et f\u00e9d\u00e9rales.<\/p>\n<p>Mavi Deniz fournit des services d&rsquo;intervention chimique d&rsquo;urgence 24\/7, y compris l&rsquo;\u00e9valuation du site et la d\u00e9contamination de toute \u00e9chelle d&rsquo;incident chimique. Nous utilisons les m\u00e9thodes et les technologies les plus r\u00e9centes en mati\u00e8re de r\u00e9action aux d\u00e9versements de produits chimiques avec nos \u00e9quipes professionnelles. Ils coordonnent habilement des agents hautement qualifi\u00e9s, se mobilisent rapidement pour r\u00e9pondre \u00e0 toute situation, que ce soit loin en mer ou \u00e0 un point crucial de l&rsquo;infrastructure de transport, pour prot\u00e9ger la s\u00e9curit\u00e9 publique et minimiser l&rsquo;impact d&rsquo;un d\u00e9versement sur l&rsquo;environnement.<\/p>\n<p>Le transport, le traitement ou la fabrication de mati\u00e8res radioactives sont dangereux et il est essentiel de pr\u00e9voir des mesures d&rsquo;urgence. Mavi Deniz offre une gamme compl\u00e8te de r\u00e9ponse aux d\u00e9versements de produits chimiques, tous disponibles en veille permanente.<\/p>\n<p>Des fuites radioactives, en transit ou sur place, peuvent se produire \u00e0 tout moment. Nous voulons que vous dormiez mieux sachant que les meilleurs experts du pays ne sont qu&rsquo;\u00e0 un coup de t\u00e9l\u00e9phone. Ils ont re\u00e7u une formation compl\u00e8te pour minimiser les effets des rayonnements, g\u00e9rer la d\u00e9contamination des usines, des v\u00e9hicules et de l&rsquo;\u00e9quipement et mettre en oeuvre des tests rigoureux de l&rsquo;environnement et de tout le personnel \u00e0 risque.<\/p>\n<p><strong>Pour les incidents, Mavideniz implique des produits chimiques en trois \u00e9tapes reconnues d&rsquo;intervention :<\/strong><\/p>\n<ul>\n<li><strong>Niveau 1.<\/strong> Un incident mettant en cause des mati\u00e8res dangereuses peut \u00eatre ma\u00eetris\u00e9, \u00e9teint et att\u00e9nu\u00e9 en utilisant les ressources imm\u00e9diatement disponibles pour les intervenants du secteur public ayant juridiction. Les \u00e9v\u00e9nements de niveau 1 pr\u00e9sentent peu de risques pour l&rsquo;environnement et la sant\u00e9 publique en ce qui concerne le confinement et le nettoyage.<\/li>\n<li><strong>Niveau 2.<\/strong> Un incident mettant en cause des mati\u00e8res dangereuses qui d\u00e9passent les capacit\u00e9s des premiers intervenants sur les lieux pourrait d\u00e9passer les capacit\u00e9s des intervenants du secteur public ayant comp\u00e9tence. Les incidents de niveau 2 peuvent n\u00e9cessiter les services d&rsquo;une \u00e9quipe d&rsquo;intervention \u00e9tatique ou r\u00e9gionale ou une autre assistance \u00e9tatique ou f\u00e9d\u00e9rale. Ce niveau peut \u00eatre imm\u00e9diat et \u00e0 long terme.<br \/>\nLe risque pour l&rsquo;environnement et la sant\u00e9 publique.<\/li>\n<li><strong>Niveau 3.<\/strong> Un incident impliquant des mati\u00e8res dangereuses au-del\u00e0 des capacit\u00e9s d&rsquo;une \u00e9quipe d&rsquo;intervention nationale ou r\u00e9gionale n\u00e9cessite une assistance suppl\u00e9mentaire. Les \u00e9v\u00e9nements de niveau 3 n\u00e9cessitent des ressources des agences \u00e9tatiques et f\u00e9d\u00e9rales ainsi que du secteur priv\u00e9. Ces d\u00e9veloppements posent des risques extr\u00eames, imm\u00e9diats et \u00e0 long terme pour l&rsquo;environnement et la sant\u00e9 publique.<\/li>\n<\/ul>\n","protected":false},"excerpt":{"rendered":"<p>Les produits chimiques exigent des soins sp\u00e9cialis\u00e9s dans la manipulation et le transport. Malgr\u00e9 cela, des accidents peuvent encore survenir [&hellip;]<\/p>\n","protected":false},"author":1,"featured_media":0,"parent":42455,"menu_order":0,"comment_status":"closed","ping_status":"closed","template":"","meta":{"site-sidebar-layout":"default","site-content-layout":"","ast-site-content-layout":"default","site-content-style":"default","site-sidebar-style":"default","ast-global-header-display":"","ast-banner-title-visibility":"","ast-main-header-display":"","ast-hfb-above-header-display":"","ast-hfb-below-header-display":"","ast-hfb-mobile-header-display":"","site-post-title":"","ast-breadcrumbs-content":"","ast-featured-img":"","footer-sml-layout":"","ast-disable-related-posts":"","theme-transparent-header-meta":"","adv-header-id-meta":"","stick-header-meta":"","header-above-stick-meta":"","header-main-stick-meta":"","header-below-stick-meta":"","astra-migrate-meta-layouts":"default","ast-page-background-enabled":"default","ast-page-background-meta":{"desktop":{"background-color":"var(--ast-global-color-5)","background-image":"","background-repeat":"repeat","background-position":"center center","background-size":"auto","background-attachment":"scroll","background-type":"","background-media":"","overlay-type":"","overlay-color":"","overlay-opacity":"","overlay-gradient":""},"tablet":{"background-color":"","background-image":"","background-repeat":"repeat","background-position":"center center","background-size":"auto","background-attachment":"scroll","background-type":"","background-media":"","overlay-type":"","overlay-color":"","overlay-opacity":"","overlay-gradient":""},"mobile":{"background-color":"","background-image":"","background-repeat":"repeat","background-position":"center center","background-size":"auto","background-attachment":"scroll","background-type":"","background-media":"","overlay-type":"","overlay-color":"","overlay-opacity":"","overlay-gradient":""}},"ast-content-background-meta":{"desktop":{"background-color":"var(--ast-global-color-4)","background-image":"","background-repeat":"repeat","background-position":"center center","background-size":"auto","background-attachment":"scroll","background-type":"","background-media":"","overlay-type":"","overlay-color":"","overlay-opacity":"","overlay-gradient":""},"tablet":{"background-color":"var(--ast-global-color-4)","background-image":"","background-repeat":"repeat","background-position":"center center","background-size":"auto","background-attachment":"scroll","background-type":"","background-media":"","overlay-type":"","overlay-color":"","overlay-opacity":"","overlay-gradient":""},"mobile":{"background-color":"var(--ast-global-color-4)","background-image":"","background-repeat":"repeat","background-position":"center center","background-size":"auto","background-attachment":"scroll","background-type":"","background-media":"","overlay-type":"","overlay-color":"","overlay-opacity":"","overlay-gradient":""}},"footnotes":""},"class_list":["post-42467","page","type-page","status-publish","hentry"],"_links":{"self":[{"href":"https:\/\/mavideniz.com.tr\/fr\/wp-json\/wp\/v2\/pages\/42467","targetHints":{"allow":["GET"]}}],"collection":[{"href":"https:\/\/mavideniz.com.tr\/fr\/wp-json\/wp\/v2\/pages"}],"about":[{"href":"https:\/\/mavideniz.com.tr\/fr\/wp-json\/wp\/v2\/types\/page"}],"author":[{"embeddable":true,"href":"https:\/\/mavideniz.com.tr\/fr\/wp-json\/wp\/v2\/users\/1"}],"replies":[{"embeddable":true,"href":"https:\/\/mavideniz.com.tr\/fr\/wp-json\/wp\/v2\/comments?post=42467"}],"version-history":[{"count":0,"href":"https:\/\/mavideniz.com.tr\/fr\/wp-json\/wp\/v2\/pages\/42467\/revisions"}],"up":[{"embeddable":true,"href":"https:\/\/mavideniz.com.tr\/fr\/wp-json\/wp\/v2\/pages\/42455"}],"wp:attachment":[{"href":"https:\/\/mavideniz.com.tr\/fr\/wp-json\/wp\/v2\/media?parent=42467"}],"curies":[{"name":"wp","href":"https:\/\/api.w.org\/{rel}","templated":true}]}}