{"id":42485,"date":"2022-10-29T13:39:35","date_gmt":"2022-10-29T13:39:35","guid":{"rendered":"https:\/\/mavideniz.com.tr\/?page_id=42485"},"modified":"2022-10-29T13:39:38","modified_gmt":"2022-10-29T13:39:38","slug":"intervention-en-cas-de-deversement-dhydrocarbures-sur-le-littoral-intervention-en-cas-de-deversement-dhydrocarbures-a-linterieur-des-terres","status":"publish","type":"page","link":"https:\/\/mavideniz.com.tr\/fr\/services-mavi-deniz\/intervention-7-24-en-cas-de-deversement-dhydrocarbures\/intervention-en-cas-de-deversement-dhydrocarbures-sur-le-littoral-intervention-en-cas-de-deversement-dhydrocarbures-a-linterieur-des-terres\/","title":{"rendered":"Intervention en cas de d\u00e9versement d&rsquo;hydrocarbures sur le littoral + Intervention en cas de d\u00e9versement d&rsquo;hydrocarbures \u00e0 l&rsquo;int\u00e9rieur des terres"},"content":{"rendered":"\n<p>MAVI DENIZ est situ\u00e9 \u00e0 Istanbul, en Turquie, et a des \u00e9quipes d&rsquo;intervention en veille permanente 24 heures par jour, 365 jours par an. Intervention en cas de d\u00e9versement d&rsquo;hydrocarbures sur terre et rivage<\/p>\n<p>Sur les terres et le littoral, les d\u00e9versements de p\u00e9trole ralentissent les dommages caus\u00e9s \u00e0 l&rsquo;environnement. Les d\u00e9versements sur les terres risquent davantage d&rsquo;avoir un impact direct sur les activit\u00e9s humaines ou les ressources associ\u00e9es aux activit\u00e9s sociales ou \u00e9conomiques.<\/p>\n<p>Les \u00e9quipes d&rsquo;intervention en cas de d\u00e9versement d&rsquo;hydrocarbures (sur les c\u00f4tes et dans les terres) sont form\u00e9es aux normes industrielles les plus \u00e9lev\u00e9es et font r\u00e9guli\u00e8rement de l&rsquo;exercice. (Rivage + Int\u00e9rieur) L&rsquo;\u00e9quipe d&rsquo;intervention en cas de d\u00e9versement d&rsquo;hydrocarbures peut intervenir en cas de d\u00e9versement d&rsquo;hydrocarbures sur terre ou par pipeline, qu&rsquo;il s&rsquo;agisse de d\u00e9versements d&rsquo;hydrocarbures domestiques mineurs ou d&rsquo;incidents industriels majeurs, comme des d\u00e9versements d&rsquo;hydrocarbures par pipeline, de carburant d&rsquo;aviation ou de stockage d&rsquo;hydrocarbures industriels.<\/p>\n<p>Pour le nettoyage du rivage, nous utilisons la r\u00e9cup\u00e9ration naturelle, le retrait manuel, l&rsquo;inondation ou le lavage, l&rsquo;utilisation d&rsquo;aspirateurs, la machine amphibie, l&rsquo;\u00e9cumeur d&rsquo;huile, le bateau d&rsquo;\u00e9cumage, la rampe d&rsquo;huile, le retrait m\u00e9canique, le labourage et l&rsquo;a\u00e9ration, le retravail des s\u00e9diments ou le lavage de surf, et l&rsquo;utilisation de sorbants ou d&rsquo;agents de nettoyage chimiques.<\/p>\n<p>Mavi Deniz fournit un support de secours de niveau 1, 2 et 3 aux ports, ports de plaisance, chantiers navals, raffineries, compagnies p\u00e9troli\u00e8res, pipelines, exploration p\u00e9troli\u00e8re\/gazi\u00e8re, industrie et soci\u00e9t\u00e9s de production. Notre \u00e9quipement est \u00e9galement disponible pour la location en tant que kits Tier 1 ou Tier 2 ou de mani\u00e8re flexible pour compl\u00e9ter l&rsquo;inventaire et les besoins existants du client pour des p\u00e9riodes courtes ou longues en fonction des op\u00e9rations. Tous nos \u00e9quipements sont certifi\u00e9s B.V. ou Equivalent et bien entretenus selon une proc\u00e9dure de maintenance interne.<\/p>\n<p>La structure de base du rivage et la taille des mat\u00e9riaux pr\u00e9sents sont les facteurs les plus critiques en termes de nettoyage des d\u00e9versements d&rsquo;hydrocarbures. De nombreux rivages sont class\u00e9s en fonction de leur sensibilit\u00e9 aux d\u00e9versements d&rsquo;hydrocarbures et de leur facilit\u00e9 de nettoyage. Certains types sont le rocher, les structures solides artificielles, les plages de rochers, les plages de galets-galets, les plages mixtes de sable-gravier, les plages de sable, les plates-formes de sable de mar\u00e9e, les plates-formes de mar\u00e9e de boue, les marais, la tourbe, et la toundra basse, et la mangrove.<\/p>\n<p>Lorsque le p\u00e9trole atteint le rivage, nous pouvons avoir besoin d&rsquo;efforts consid\u00e9rables pour nettoyer les zones touch\u00e9es. La plupart des d\u00e9versements d&rsquo;hydrocarbures provenant de navires se produisent pr\u00e8s de la c\u00f4te et, par cons\u00e9quent, de nombreux d\u00e9versements contaminent les rives. L&rsquo;arriv\u00e9e de p\u00e9trole sur le rivage peut avoir d&rsquo;importantes r\u00e9percussions environnementales et \u00e9conomiques. Elle peut \u00e9galement d\u00e9terminer en grande partie la perception politique et publique de l&rsquo;ampleur de l&rsquo;incident et des co\u00fbts excessifs.<\/p>\n<p>Mavi Deniz peut \u00e9galement aider dans diverses r\u00e9ponses terrestres pour les produits p\u00e9troliers.<\/p>\n<ul>\n<li>D\u00e9versements d&rsquo;hydrocarbures dans les r\u00e9servoirs<\/li>\n<li>D\u00e9versement d&rsquo;ol\u00e9oduc<\/li>\n<li>D\u00e9versement de carbur\u00e9acteur<\/li>\n<li>D\u00e9versement de p\u00e9trole industriel<\/li>\n<li>R\u00e9cup\u00e9ration de produits de ravitaillement<\/li>\n<li>D\u00e9versements d&rsquo;incidents ferroviaires<\/li>\n<li>D\u00e9versements li\u00e9s \u00e0 des incidents a\u00e9riens<\/li>\n<li>Planification d&rsquo;urgence<\/li>\n<li>Audits de conformit\u00e9 r\u00e9glementaires du site<\/li>\n<li>Assainissement des sites contamin\u00e9s<\/li>\n<li>Recherches environnementales sur site<\/li>\n<\/ul>\n<p>Mavi Deniz a prouv\u00e9 qu&rsquo;il pouvait faire face \u00e0 l&rsquo;urgence de fa\u00e7on s\u00fbre et plus efficace.<\/p>\n<p>De plus, Mavi Deniz peut effectuer des op\u00e9rations de correction une fois la phase d&rsquo;urgence termin\u00e9e. Nous avons du personnel et des sous-traitants qui peuvent aider \u00e0 remettre l&rsquo;environnement environnant dans son \u00e9tat initial, avec des services allant de l&rsquo;\u00e9valuation du site \u00e0 la biorem\u00e9diation.<\/p>\n","protected":false},"excerpt":{"rendered":"<p>MAVI DENIZ est situ\u00e9 \u00e0 Istanbul, en Turquie, et a des \u00e9quipes d&rsquo;intervention en veille permanente 24 heures par jour, [&hellip;]<\/p>\n","protected":false},"author":1,"featured_media":0,"parent":42455,"menu_order":0,"comment_status":"closed","ping_status":"closed","template":"","meta":{"site-sidebar-layout":"default","site-content-layout":"","ast-site-content-layout":"default","site-content-style":"default","site-sidebar-style":"default","ast-global-header-display":"","ast-banner-title-visibility":"","ast-main-header-display":"","ast-hfb-above-header-display":"","ast-hfb-below-header-display":"","ast-hfb-mobile-header-display":"","site-post-title":"","ast-breadcrumbs-content":"","ast-featured-img":"","footer-sml-layout":"","ast-disable-related-posts":"","theme-transparent-header-meta":"","adv-header-id-meta":"","stick-header-meta":"","header-above-stick-meta":"","header-main-stick-meta":"","header-below-stick-meta":"","astra-migrate-meta-layouts":"default","ast-page-background-enabled":"default","ast-page-background-meta":{"desktop":{"background-color":"var(--ast-global-color-5)","background-image":"","background-repeat":"repeat","background-position":"center center","background-size":"auto","background-attachment":"scroll","background-type":"","background-media":"","overlay-type":"","overlay-color":"","overlay-opacity":"","overlay-gradient":""},"tablet":{"background-color":"","background-image":"","background-repeat":"repeat","background-position":"center center","background-size":"auto","background-attachment":"scroll","background-type":"","background-media":"","overlay-type":"","overlay-color":"","overlay-opacity":"","overlay-gradient":""},"mobile":{"background-color":"","background-image":"","background-repeat":"repeat","background-position":"center center","background-size":"auto","background-attachment":"scroll","background-type":"","background-media":"","overlay-type":"","overlay-color":"","overlay-opacity":"","overlay-gradient":""}},"ast-content-background-meta":{"desktop":{"background-color":"var(--ast-global-color-4)","background-image":"","background-repeat":"repeat","background-position":"center center","background-size":"auto","background-attachment":"scroll","background-type":"","background-media":"","overlay-type":"","overlay-color":"","overlay-opacity":"","overlay-gradient":""},"tablet":{"background-color":"var(--ast-global-color-4)","background-image":"","background-repeat":"repeat","background-position":"center center","background-size":"auto","background-attachment":"scroll","background-type":"","background-media":"","overlay-type":"","overlay-color":"","overlay-opacity":"","overlay-gradient":""},"mobile":{"background-color":"var(--ast-global-color-4)","background-image":"","background-repeat":"repeat","background-position":"center center","background-size":"auto","background-attachment":"scroll","background-type":"","background-media":"","overlay-type":"","overlay-color":"","overlay-opacity":"","overlay-gradient":""}},"footnotes":""},"class_list":["post-42485","page","type-page","status-publish","hentry"],"_links":{"self":[{"href":"https:\/\/mavideniz.com.tr\/fr\/wp-json\/wp\/v2\/pages\/42485","targetHints":{"allow":["GET"]}}],"collection":[{"href":"https:\/\/mavideniz.com.tr\/fr\/wp-json\/wp\/v2\/pages"}],"about":[{"href":"https:\/\/mavideniz.com.tr\/fr\/wp-json\/wp\/v2\/types\/page"}],"author":[{"embeddable":true,"href":"https:\/\/mavideniz.com.tr\/fr\/wp-json\/wp\/v2\/users\/1"}],"replies":[{"embeddable":true,"href":"https:\/\/mavideniz.com.tr\/fr\/wp-json\/wp\/v2\/comments?post=42485"}],"version-history":[{"count":0,"href":"https:\/\/mavideniz.com.tr\/fr\/wp-json\/wp\/v2\/pages\/42485\/revisions"}],"up":[{"embeddable":true,"href":"https:\/\/mavideniz.com.tr\/fr\/wp-json\/wp\/v2\/pages\/42455"}],"wp:attachment":[{"href":"https:\/\/mavideniz.com.tr\/fr\/wp-json\/wp\/v2\/media?parent=42485"}],"curies":[{"name":"wp","href":"https:\/\/api.w.org\/{rel}","templated":true}]}}