{"id":42492,"date":"2022-10-29T14:07:27","date_gmt":"2022-10-29T14:07:27","guid":{"rendered":"https:\/\/mavideniz.com.tr\/?page_id=42492"},"modified":"2022-10-29T14:07:31","modified_gmt":"2022-10-29T14:07:31","slug":"nettoyage-de-citernes-industrielles-nettoyage-de-navires","status":"publish","type":"page","link":"https:\/\/mavideniz.com.tr\/fr\/services-mavi-deniz\/nettoyage-de-citernes-industrielles-nettoyage-de-navires\/","title":{"rendered":"Nettoyage de citernes industrielles + nettoyage de navires"},"content":{"rendered":"\n<p><strong>Nettoyage Industriel Des R\u00e9servoirs<\/strong><\/p>\n<p>Mavi Deniz ouvre la voie en fournissant un service de nettoyage de cuve industriel flexible et complet. Bien qu&rsquo;il s&rsquo;agisse d&rsquo;une proc\u00e9dure de routine, elle n\u00e9cessite une formation sp\u00e9cialis\u00e9e, des op\u00e9rateurs qualifi\u00e9s et de l&rsquo;\u00e9quipement sp\u00e9cialis\u00e9. L&rsquo;investissement n\u00e9cessaire \u00e0 bon nombre de nos clients leur interdit de faire ce travail eux-m\u00eames. Mavi Deniz poss\u00e8de les connaissances techniques et l&rsquo;exp\u00e9rience pour nettoyer vos r\u00e9servoirs les plus difficiles avec succ\u00e8s.<\/p>\n<p>Nous analysons le contenu de la cuve, y compris les essais de substances dangereuses. Nous concevons un plan qui tient compte de l&#8217;emplacement du r\u00e9servoir, des facteurs environnementaux et des besoins pour s&rsquo;adapter \u00e0 vos op\u00e9rations quotidiennes et minimiser les temps d&rsquo;arr\u00eat.<\/p>\n<p>Le nettoyage industriel des cuves est effectu\u00e9 soit par des m\u00e9thodes de non-entr\u00e9e, soit par notre personnel hautement exp\u00e9riment\u00e9 travaillant \u00e0 l&rsquo;int\u00e9rieur de la cuve. Bien s\u00fbr, leur s\u00e9curit\u00e9 est primordiale, et nous effectuons des \u00e9valuations compl\u00e8tes des risques et op\u00e9rons dans des proc\u00e9dures strictes d&rsquo;espace confin\u00e9 en utilisant les \u00e9quipements de s\u00e9curit\u00e9 et appareils respiratoires les plus r\u00e9cents.<\/p>\n<p>Mavi Deniz fournit la solution parfaite. Nous pouvons mobiliser l&rsquo;\u00e9quipement et la main-d&rsquo;oeuvre \u00e0 court pr\u00e9avis pour traiter les boues et les flux de d\u00e9chets \u00e0 partir d&rsquo;une grande vari\u00e9t\u00e9 de sources, y compris les r\u00e9servoirs de carburant et d&rsquo;huile, les \u00e9gouts, les r\u00e9servoirs de slop oil, les r\u00e9servoirs de p\u00e9trole brut, les r\u00e9servoirs de ballast, les travaux industriels, le nettoyage des r\u00e9servoirs de locomotives et le service sans gaz et les fosses \u00e0 d\u00e9chets pour s\u00e9parer les d\u00e9chets r\u00e9sultants des op\u00e9rations de nettoyage.<\/p>\n<p>De plus en plus, nous utilisons des t\u00eates de lavage robustes et pr\u00e9cises qui minimisent la n\u00e9cessit\u00e9 d&rsquo;une entr\u00e9e potentiellement dangereuse de l&rsquo;homme dans les r\u00e9servoirs, r\u00e9duisant ainsi les risques et am\u00e9liorant la sant\u00e9 et la s\u00e9curit\u00e9. En combinaison avec nos syst\u00e8mes de s\u00e9paration huile\/d\u00e9chets, cette m\u00e9thode nous permet d&rsquo;offrir un ensemble complet de nettoyage de r\u00e9servoir et de r\u00e9cup\u00e9ration d&rsquo;huile, r\u00e9duisant ainsi le co\u00fbt global.<\/p>\n<p>La technologie et l&rsquo;\u00e9quipement sont con\u00e7us et con\u00e7us pour am\u00e9liorer l&rsquo;efficacit\u00e9 de la raffinerie. Il en r\u00e9sulte un avantage \u00e9conomique pour les op\u00e9rations \u00e0 long terme.<\/p>\n<p>Les syst\u00e8mes de s\u00e9paration convertissent les mati\u00e8res r\u00e9cup\u00e9r\u00e9es en divers produits destin\u00e9s \u00e0 la vente, \u00e0 l&rsquo;\u00e9limination et au recyclage. Le syst\u00e8me s\u00e9parateur vise \u00e0 r\u00e9duire la teneur en EAU, HUILE et SOLIDES.<\/p>\n<p><strong>Nettoyage de r\u00e9servoir industriel pour<\/strong><\/p>\n<ul>\n<li>R\u00e9servoirs de p\u00e9trole brut<\/li>\n<li>Terminaux De Produits<\/li>\n<li>R\u00e9servoirs De Stockage<\/li>\n<li>R\u00e9servoirs De Carburant<\/li>\n<li>Raffineries<\/li>\n<li>Centrales \u00c9lectriques<\/li>\n<li>Pipelines et stations de compression<\/li>\n<li>\u00c9vacuation Des Eaux Sal\u00e9es<\/li>\n<\/ul>\n<p><strong>Nettoyage Des Cuves<\/strong><\/p>\n<p>Mavi Deniz poss\u00e8de l&rsquo;expertise n\u00e9cessaire pour nettoyer efficacement vos citernes \u00e0 cargaison. Il est essentiel de se laver entre les diff\u00e9rents types de cargaisons. Notre \u00e9quipe de sp\u00e9cialistes poss\u00e8de les ann\u00e9es d&rsquo;exp\u00e9rience n\u00e9cessaires pour garantir un lavage de haute qualit\u00e9. De nombreux propri\u00e9taires de navires ont fait l&rsquo;entretien courant des citernes \u00e0 cargaison entre les voyages pour r\u00e9duire la contamination de la cargaison. Laissez-nous prendre soin de vos besoins de nettoyage de r\u00e9servoir de cargaison ou de changement de cat\u00e9gorie de nettoyage aujourd&rsquo;hui.<\/p>\n<p>Un directeur autoris\u00e9 est responsable de l&rsquo;inspection et de la certification sans gaz de tous les nettoyages de r\u00e9servoirs et de toutes les conditions sans gaz du navire avant l&rsquo;entr\u00e9e du chantier naval ou pendant la p\u00e9riode de chargement\/d\u00e9chargement dans le port ou la zone de mouillage.<\/p>\n<p><strong>Caract\u00e9ristiques<\/strong><\/p>\n<ul>\n<li>Nettoyage Robotique Des R\u00e9servoirs<\/li>\n<li>T\u00e9l\u00e9commande + Nettoyage automatique<\/li>\n<li>Nettoyage Des R\u00e9servoirs \u00c0 Entr\u00e9e Humaine<\/li>\n<li>Le robot coupe efficacement les s\u00e9diments\/boues sans cr\u00e9er de turbidit\u00e9.<\/li>\n<li>S\u00e9curit\u00e9 professionnelle NO MEN Processus d&rsquo;ENTR\u00c9E<\/li>\n<li>Nettoyage des r\u00e9servoirs plus rapide et plus s\u00fbr<\/li>\n<li>Traitement sur site et s\u00e9paration des boues en 3 phases<\/li>\n<li>L&rsquo;eau propre est pomp\u00e9e vers la zone souhait\u00e9e (g\u00e9n\u00e9ralement dans le r\u00e9servoir\/bassin)<\/li>\n<li>Conception et installation cl\u00e9s en main<\/li>\n<li>Liquide de lavage sp\u00e9cial<\/li>\n<li>Quantification s\u00fbre et pr\u00e9cise des boues<\/li>\n<li>Nettoyage des r\u00e9servoirs plus rapide et plus s\u00fbr<\/li>\n<li>\u00c9limination en ligne des boues des s\u00e9parateurs API, unit\u00e9 de boues DAF<\/li>\n<li>S\u00e9paration, classification et pompage<\/li>\n<li>Traitement sur site et s\u00e9paration des boues en 3 phases<\/li>\n<li>R\u00e9cup\u00e9ration du p\u00e9trole produit \u00e0 la raffinerie<\/li>\n<li>Il en r\u00e9sulte une r\u00e9duction consid\u00e9rable du volume de s\u00e9diments destin\u00e9s \u00e0 \u00eatre \u00e9limin\u00e9s.<\/li>\n<li>Une \u00e9limination minimale des d\u00e9chets est n\u00e9cessaire et r\u00e9duit la consommation d&rsquo;eau, de diluant, d&rsquo;\u00e9lectricit\u00e9 et d&rsquo;air.<\/li>\n<li>Nos clients choisissent la m\u00e9thode de nettoyage qu&rsquo;ils pr\u00e9f\u00e8rent ; une entr\u00e9e sans r\u00e9servoir pour r\u00e9cup\u00e9rer, recycler et r\u00e9utiliser les eaux us\u00e9es ou un nettoyage plus approfondi avec hydro-soufflage \u00e0 l&rsquo;eau chaude ou froide.<\/li>\n<\/ul>\n","protected":false},"excerpt":{"rendered":"<p>Nettoyage Industriel Des R\u00e9servoirs Mavi Deniz ouvre la voie en fournissant un service de nettoyage de cuve industriel flexible et [&hellip;]<\/p>\n","protected":false},"author":1,"featured_media":0,"parent":41771,"menu_order":0,"comment_status":"closed","ping_status":"closed","template":"","meta":{"site-sidebar-layout":"default","site-content-layout":"","ast-site-content-layout":"default","site-content-style":"default","site-sidebar-style":"default","ast-global-header-display":"","ast-banner-title-visibility":"","ast-main-header-display":"","ast-hfb-above-header-display":"","ast-hfb-below-header-display":"","ast-hfb-mobile-header-display":"","site-post-title":"","ast-breadcrumbs-content":"","ast-featured-img":"","footer-sml-layout":"","ast-disable-related-posts":"","theme-transparent-header-meta":"","adv-header-id-meta":"","stick-header-meta":"","header-above-stick-meta":"","header-main-stick-meta":"","header-below-stick-meta":"","astra-migrate-meta-layouts":"default","ast-page-background-enabled":"default","ast-page-background-meta":{"desktop":{"background-color":"var(--ast-global-color-5)","background-image":"","background-repeat":"repeat","background-position":"center center","background-size":"auto","background-attachment":"scroll","background-type":"","background-media":"","overlay-type":"","overlay-color":"","overlay-opacity":"","overlay-gradient":""},"tablet":{"background-color":"","background-image":"","background-repeat":"repeat","background-position":"center center","background-size":"auto","background-attachment":"scroll","background-type":"","background-media":"","overlay-type":"","overlay-color":"","overlay-opacity":"","overlay-gradient":""},"mobile":{"background-color":"","background-image":"","background-repeat":"repeat","background-position":"center center","background-size":"auto","background-attachment":"scroll","background-type":"","background-media":"","overlay-type":"","overlay-color":"","overlay-opacity":"","overlay-gradient":""}},"ast-content-background-meta":{"desktop":{"background-color":"var(--ast-global-color-4)","background-image":"","background-repeat":"repeat","background-position":"center center","background-size":"auto","background-attachment":"scroll","background-type":"","background-media":"","overlay-type":"","overlay-color":"","overlay-opacity":"","overlay-gradient":""},"tablet":{"background-color":"var(--ast-global-color-4)","background-image":"","background-repeat":"repeat","background-position":"center center","background-size":"auto","background-attachment":"scroll","background-type":"","background-media":"","overlay-type":"","overlay-color":"","overlay-opacity":"","overlay-gradient":""},"mobile":{"background-color":"var(--ast-global-color-4)","background-image":"","background-repeat":"repeat","background-position":"center center","background-size":"auto","background-attachment":"scroll","background-type":"","background-media":"","overlay-type":"","overlay-color":"","overlay-opacity":"","overlay-gradient":""}},"footnotes":""},"class_list":["post-42492","page","type-page","status-publish","hentry"],"_links":{"self":[{"href":"https:\/\/mavideniz.com.tr\/fr\/wp-json\/wp\/v2\/pages\/42492","targetHints":{"allow":["GET"]}}],"collection":[{"href":"https:\/\/mavideniz.com.tr\/fr\/wp-json\/wp\/v2\/pages"}],"about":[{"href":"https:\/\/mavideniz.com.tr\/fr\/wp-json\/wp\/v2\/types\/page"}],"author":[{"embeddable":true,"href":"https:\/\/mavideniz.com.tr\/fr\/wp-json\/wp\/v2\/users\/1"}],"replies":[{"embeddable":true,"href":"https:\/\/mavideniz.com.tr\/fr\/wp-json\/wp\/v2\/comments?post=42492"}],"version-history":[{"count":0,"href":"https:\/\/mavideniz.com.tr\/fr\/wp-json\/wp\/v2\/pages\/42492\/revisions"}],"up":[{"embeddable":true,"href":"https:\/\/mavideniz.com.tr\/fr\/wp-json\/wp\/v2\/pages\/41771"}],"wp:attachment":[{"href":"https:\/\/mavideniz.com.tr\/fr\/wp-json\/wp\/v2\/media?parent=42492"}],"curies":[{"name":"wp","href":"https:\/\/api.w.org\/{rel}","templated":true}]}}