{"id":42502,"date":"2022-10-29T14:31:27","date_gmt":"2022-10-29T14:31:27","guid":{"rendered":"https:\/\/mavideniz.com.tr\/?page_id=42502"},"modified":"2022-10-29T14:31:31","modified_gmt":"2022-10-29T14:31:31","slug":"eaux-souterraines-assainissement-des-sols","status":"publish","type":"page","link":"https:\/\/mavideniz.com.tr\/fr\/services-mavi-deniz\/assainissement-de-lenvironnement\/eaux-souterraines-assainissement-des-sols\/","title":{"rendered":"Eaux souterraines + Assainissement des sols"},"content":{"rendered":"\n<p>L&rsquo;assainissement du sol \u00e9limine les contaminants du sol : les hydrocarbures, les m\u00e9taux lourds et la cr\u00e9osote posent tous des probl\u00e8mes aux propri\u00e9taires. Il existe diff\u00e9rentes m\u00e9thodes de fixation du sol. L&rsquo;assainissement du sol peut \u00eatre r\u00e9alis\u00e9 par des moyens naturels, tels que certains types de bact\u00e9ries. En outre, la d\u00e9contamination thermique du sol, le barbotage d&rsquo;air et l&rsquo;encapsulation peuvent \u00eatre efficaces. Le type d&rsquo;assainissement le plus imm\u00e9diat est l&rsquo;enl\u00e8vement du sol contamin\u00e9 et son remplacement par un remblai propre. La contamination des sols a des effets profonds, \u00e0 long terme et nocifs sur les \u00e9cosyst\u00e8mes et les biens. De nombreux animaux absorbent la contamination du sol sous une forme unique, et la contamination du sol peut causer des morts massives. Cela, \u00e0 son tour, peut causer plus de probl\u00e8mes. Les humains peuvent \u00eatre malades de fa\u00e7on permanente en raison de la contamination du sol.<\/p>\n<p>L&rsquo;assainissement des eaux souterraines contamin\u00e9es par des d\u00e9versements accidentels ou des fuites et les produits chimiques impliqu\u00e9s dans la pollution du sol sont les hydrocarbures p\u00e9troliers, les pesticides, le plomb et d&rsquo;autres m\u00e9taux lourds. La contamination du sol peut \u00e9galement \u00eatre due \u00e0 la rupture des r\u00e9servoirs de stockage souterrains ou au lessivage des d\u00e9chets des d\u00e9charges. Exploitation mini\u00e8re, \u00e9pandage d&rsquo;engrais, d\u00e9versement de p\u00e9trole et de carburant, pesticides, cyanure, substances volatiles, cr\u00e9osote et bien d&rsquo;autres questions environnementales. Sol contamin\u00e9, assainissement des eaux souterraines, assainissement des eaux de surface \u00e0 la suite de d\u00e9versements accidentels ou de la d\u00e9saffectation du site.<\/p>\n<p>L&rsquo;assainissement des eaux de surface est tr\u00e8s similaire \u00e0 l&rsquo;assainissement des eaux souterraines, sauf qu&rsquo;il est beaucoup plus facile d&rsquo;acc\u00e9der \u00e0 l&rsquo;eau au-dessus du sol. L&rsquo;eau de surface est expos\u00e9e \u00e0 de nombreux \u00e9l\u00e9ments diff\u00e9rents. Pourtant, l&rsquo;eau est un terrain de reproduction naturel pour les insectes, les bact\u00e9ries et d&rsquo;autres choses qui sont g\u00e9n\u00e9ralement nuisibles aux humains. L&rsquo;assainissement des eaux de surface est important parce que les humains sont plus susceptibles d&rsquo;entrer en contact avec les eaux de surface qu&rsquo;avec les eaux souterraines. Les probl\u00e8mes sont un peu plus simples \u00e0 trouver, et il peut \u00eatre un peu plus facile de s&rsquo;en occuper.<\/p>\n<p>L&rsquo;assainissement des s\u00e9diments est un m\u00e9lange d&rsquo;assainissement des eaux et des sols. Lorsque vous m\u00e9langez les deux, de nouvelles circonstances sont cr\u00e9\u00e9es, et donc de nouveaux probl\u00e8mes peuvent survenir. Les s\u00e9diments contamin\u00e9s tels que le sol, le sable, la mati\u00e8re organique ou d&rsquo;autres mati\u00e8res s&rsquo;accumulent \u00e0 des niveaux \u00e9lev\u00e9s au fond d&rsquo;un plan d&rsquo;eau contenant des mati\u00e8res toxiques. L&rsquo;assainissement des s\u00e9diments peut affecter l&rsquo;eau et le sol.<\/p>\n<p><strong>Certains sites d&rsquo;op\u00e9rations de r\u00e9habilitation des sols<\/strong><\/p>\n<ul>\n<li>Environnements urbains<\/li>\n<li>r\u00e9am\u00e9nagement de Brownfield<\/li>\n<li>Exploitation mini\u00e8re urbaine<\/li>\n<li>Zones mini\u00e8res et d&rsquo;extraction de mati\u00e8res premi\u00e8res<\/li>\n<li>Mines de charbon \u00e0 ciel ouvertTerres<br \/>\nmini\u00e8res<\/li>\n<li>Terrains miniers ayant diminu\u00e9<\/li>\n<li>Carri\u00e8res et mines \u00e0 ciel ouvert<\/li>\n<li>Tourbi\u00e8res<\/li>\n<li>P\u00e9trole Brut<\/li>\n<\/ul>\n<p><strong>Certaines de nos m\u00e9thodes d&rsquo;assainissement des sols :<\/strong><\/p>\n<ul>\n<li><strong>Les<\/strong> m\u00e9thodes de<strong> d\u00e9contamination chimique<\/strong> se concentrent g\u00e9n\u00e9ralement sur l&rsquo;oxydation chimique, par laquelle des oxydants chimiques r\u00e9actifs sont inject\u00e9s dans le sol et les eaux souterraines pour une destruction rapide et compl\u00e8te des contaminants.<\/li>\n<li><strong>La stabilisation du sol<\/strong> r\u00e9duit les risques de contamination en bloquant efficacement les contaminants dans le sol. Il peut \u00eatre r\u00e9alis\u00e9 de deux mani\u00e8res : d&rsquo;une part, en modifiant l&rsquo;impuret\u00e9 du sol sous une forme moins dangereuse ; d&rsquo;autre part, par solidification, en r\u00e9duisant la mobilit\u00e9 du polluant et en le liant en place pour qu&rsquo;il n&rsquo;atteigne aucun r\u00e9cepteur.<\/li>\n<li><strong>Le lavage du sol<\/strong> \u00e9limine les contaminants dangereux en lavant le sol avec une solution de lavage liquide. Au cours de ce processus, les sols \u00e0 grains fins, tels que les limons et les argiles, sont emport\u00e9s par les polluants, qui sont plus susceptibles de se lier aux sols fins. Ainsi, les fines contamin\u00e9es sont s\u00e9par\u00e9es des sols nettoy\u00e9s \u00e0 grains grossiers, tels que les sables et les graviers, qui peuvent \u00eatre r\u00e9utilis\u00e9s en toute s\u00e9curit\u00e9. Le lavage du sol ne d\u00e9truit ni n&rsquo;\u00e9limine les contaminants ; par cons\u00e9quent, le sol contamin\u00e9 doit \u00eatre \u00e9limin\u00e9 dans une installation agr\u00e9\u00e9e.<\/li>\n<li><strong>L&rsquo;assainissement thermique du sol<\/strong> est une m\u00e9thode qui permet d&rsquo;\u00e9liminer certains types de contaminants qu&rsquo;il vaut mieux \u00e9liminer en soumettant le sol \u00e0 des temp\u00e9ratures \u00e9lev\u00e9es. Ce proc\u00e9d\u00e9 est g\u00e9n\u00e9ralement r\u00e9serv\u00e9 aux sols contamin\u00e9s par de l&rsquo;eau contamin\u00e9e ou des compos\u00e9s hydrocarbon\u00e9s tels que l&rsquo;huile ou d&rsquo;autres produits p\u00e9troliers. Habituellement, cela se produit dans un four, aliment\u00e9 par la bande transporteuse.<\/li>\n<li><strong>La<\/strong> conversion d&rsquo;<strong>encapsulation<\/strong> s\u00e9pare au lieu de les filtrer. Essentiellement, l&rsquo;encapsulation garantit que les polluants ne peuvent pas se propager plus loin qu&rsquo;ils ne l&rsquo;ont d\u00e9j\u00e0 fait, ce qui agit comme une quarantaine m\u00e9dicale.<\/li>\n<li><strong>Le barbotage d&rsquo;air<\/strong> consiste \u00e0 injecter de grandes quantit\u00e9s d&rsquo;air dans une strate de sol contamin\u00e9 pour forcer les vapeurs organiques vers l&rsquo;ext\u00e9rieur \u00e0 \u00eatre trait\u00e9es par filtration au carbone. Contrairement \u00e0 d&rsquo;autres m\u00e9thodes, le barbotage d&rsquo;air doit \u00eatre appliqu\u00e9 directement sur le sol au lieu du sol extrait dans une unit\u00e9 de traitement. Le barbotage d&rsquo;air est couramment utilis\u00e9 pour \u00e9liminer les polluants hydrocarbon\u00e9s, mais il est pr\u00e9f\u00e9rable de l&rsquo;utiliser dans les cas o\u00f9 le sol ne peut pas \u00eatre enlev\u00e9 du site.<\/li>\n<li><strong>La biorestauration<\/strong> est \u00e9galement une technique de restauration in situ, mais elle utilise un m\u00e9canisme biologique plut\u00f4t qu&rsquo;une m\u00e9thode de filtration m\u00e9canique pour \u00e9liminer les contaminants. Le sol contamin\u00e9 est trait\u00e9 in situ par l&rsquo;application de bact\u00e9ries a\u00e9robies et ana\u00e9robies manipul\u00e9es qui se nourrissent du contaminant sp\u00e9cifique avec lequel une parcelle de sol est contamin\u00e9e.<\/li>\n<li><strong>L&rsquo;invention concerne un \u00e9cr\u00e9meur d&rsquo;huile de puits de surveillance<\/strong> rem\u00e9diant \u00e0 diverses huiles, allant des huiles combustibles l\u00e9g\u00e8res telles que l&rsquo;essence, le diesel l\u00e9ger ou le k\u00e9ros\u00e8ne aux produits lourds tels que l&rsquo;huile no 6, la cr\u00e9osote et le goudron de houille. Il est constitu\u00e9 d&rsquo;une courroie en mouvement continu sur un syst\u00e8me de poulies entra\u00een\u00e9es par un moteur \u00e9lectrique. Le mat\u00e9riau de ceinture pr\u00e9sente une forte affinit\u00e9 pour les liquides hydrocarbon\u00e9s et pour l&rsquo;\u00e9vacuation de l&rsquo;eau. Au fur et \u00e0 mesure que la courroie se d\u00e9place \u00e0 travers cette interface, elle recueille un contaminant hydrocarbon\u00e9 liquide, qui est \u00e9limin\u00e9 et collect\u00e9 au niveau du sol lorsque la courroie passe \u00e0 travers un m\u00e9canisme d&rsquo;essuie-glace. Dans la mesure o\u00f9 les hydrocarbures se d\u00e9posent au fond des puits de surveillance et o\u00f9 la poulie inf\u00e9rieure de l&rsquo;\u00e9cr\u00e9meur \u00e0 courroie les atteint, ces contaminants peuvent \u00e9galement \u00eatre \u00e9limin\u00e9s par un \u00e9cr\u00e9meur \u00e0 huile de puits de surveillance.<\/li>\n<li><strong>L&rsquo;extraction sous vide \u00e0 double phase (DPVE)<\/strong>, \u00e9galement appel\u00e9e extraction multiphase, est une technologie qui utilise un syst\u00e8me \u00e0 vide pouss\u00e9 pour \u00e9liminer \u00e0 la fois les eaux souterraines contamin\u00e9es et la vapeur du sol. Dans les syst\u00e8mes DPVE, un puits d&rsquo;extraction sous vide pouss\u00e9 est install\u00e9 avec sa section cribl\u00e9e dans les sols contamin\u00e9s et la zone souterraine. Les syst\u00e8mes d&rsquo;extraction de fluide\/vapeur d\u00e9priment la nappe phr\u00e9atique et l&rsquo;eau s&rsquo;\u00e9coule plus rapidement vers le puits d&rsquo;extraction. La DPVE \u00e9limine les contaminants au-dessus et en dessous de la nappe phr\u00e9atique. \u00c0 mesure que la nappe phr\u00e9atique autour du puits diminue \u00e0 cause du pompage, le sol non satur\u00e9 est expos\u00e9.<\/li>\n<\/ul>\n","protected":false},"excerpt":{"rendered":"<p>L&rsquo;assainissement du sol \u00e9limine les contaminants du sol : les hydrocarbures, les m\u00e9taux lourds et la cr\u00e9osote posent tous des [&hellip;]<\/p>\n","protected":false},"author":1,"featured_media":0,"parent":42498,"menu_order":0,"comment_status":"closed","ping_status":"closed","template":"","meta":{"site-sidebar-layout":"default","site-content-layout":"","ast-site-content-layout":"default","site-content-style":"default","site-sidebar-style":"default","ast-global-header-display":"","ast-banner-title-visibility":"","ast-main-header-display":"","ast-hfb-above-header-display":"","ast-hfb-below-header-display":"","ast-hfb-mobile-header-display":"","site-post-title":"","ast-breadcrumbs-content":"","ast-featured-img":"","footer-sml-layout":"","ast-disable-related-posts":"","theme-transparent-header-meta":"","adv-header-id-meta":"","stick-header-meta":"","header-above-stick-meta":"","header-main-stick-meta":"","header-below-stick-meta":"","astra-migrate-meta-layouts":"default","ast-page-background-enabled":"default","ast-page-background-meta":{"desktop":{"background-color":"var(--ast-global-color-5)","background-image":"","background-repeat":"repeat","background-position":"center center","background-size":"auto","background-attachment":"scroll","background-type":"","background-media":"","overlay-type":"","overlay-color":"","overlay-opacity":"","overlay-gradient":""},"tablet":{"background-color":"","background-image":"","background-repeat":"repeat","background-position":"center center","background-size":"auto","background-attachment":"scroll","background-type":"","background-media":"","overlay-type":"","overlay-color":"","overlay-opacity":"","overlay-gradient":""},"mobile":{"background-color":"","background-image":"","background-repeat":"repeat","background-position":"center center","background-size":"auto","background-attachment":"scroll","background-type":"","background-media":"","overlay-type":"","overlay-color":"","overlay-opacity":"","overlay-gradient":""}},"ast-content-background-meta":{"desktop":{"background-color":"var(--ast-global-color-4)","background-image":"","background-repeat":"repeat","background-position":"center center","background-size":"auto","background-attachment":"scroll","background-type":"","background-media":"","overlay-type":"","overlay-color":"","overlay-opacity":"","overlay-gradient":""},"tablet":{"background-color":"var(--ast-global-color-4)","background-image":"","background-repeat":"repeat","background-position":"center center","background-size":"auto","background-attachment":"scroll","background-type":"","background-media":"","overlay-type":"","overlay-color":"","overlay-opacity":"","overlay-gradient":""},"mobile":{"background-color":"var(--ast-global-color-4)","background-image":"","background-repeat":"repeat","background-position":"center center","background-size":"auto","background-attachment":"scroll","background-type":"","background-media":"","overlay-type":"","overlay-color":"","overlay-opacity":"","overlay-gradient":""}},"footnotes":""},"class_list":["post-42502","page","type-page","status-publish","hentry"],"_links":{"self":[{"href":"https:\/\/mavideniz.com.tr\/fr\/wp-json\/wp\/v2\/pages\/42502","targetHints":{"allow":["GET"]}}],"collection":[{"href":"https:\/\/mavideniz.com.tr\/fr\/wp-json\/wp\/v2\/pages"}],"about":[{"href":"https:\/\/mavideniz.com.tr\/fr\/wp-json\/wp\/v2\/types\/page"}],"author":[{"embeddable":true,"href":"https:\/\/mavideniz.com.tr\/fr\/wp-json\/wp\/v2\/users\/1"}],"replies":[{"embeddable":true,"href":"https:\/\/mavideniz.com.tr\/fr\/wp-json\/wp\/v2\/comments?post=42502"}],"version-history":[{"count":0,"href":"https:\/\/mavideniz.com.tr\/fr\/wp-json\/wp\/v2\/pages\/42502\/revisions"}],"up":[{"embeddable":true,"href":"https:\/\/mavideniz.com.tr\/fr\/wp-json\/wp\/v2\/pages\/42498"}],"wp:attachment":[{"href":"https:\/\/mavideniz.com.tr\/fr\/wp-json\/wp\/v2\/media?parent=42502"}],"curies":[{"name":"wp","href":"https:\/\/api.w.org\/{rel}","templated":true}]}}