{"id":42507,"date":"2022-10-29T14:34:39","date_gmt":"2022-10-29T14:34:39","guid":{"rendered":"https:\/\/mavideniz.com.tr\/?page_id=42507"},"modified":"2022-10-29T14:34:42","modified_gmt":"2022-10-29T14:34:42","slug":"assainissement-des-sediments","status":"publish","type":"page","link":"https:\/\/mavideniz.com.tr\/fr\/services-mavi-deniz\/assainissement-de-lenvironnement\/assainissement-des-sediments\/","title":{"rendered":"Assainissement des s\u00e9diments"},"content":{"rendered":"\n<p>Les s\u00e9diments sont des mati\u00e8res naturelles d\u00e9grad\u00e9es par l&rsquo;alt\u00e9ration et l&rsquo;\u00e9rosion. Il est ensuite transport\u00e9 par le vent, l&rsquo;eau ou la glace ou par la force de gravit\u00e9 agissant sur les particules. Par exemple, le sable et le limon peuvent \u00eatre suspendus dans l&rsquo;eau de la rivi\u00e8re et atteindre le fond marin d\u00e9pos\u00e9 par s\u00e9dimentation ; s&rsquo;ils sont enfouis, ils peuvent \u00e9ventuellement devenir du gr\u00e8s et du siltstone (roches s\u00e9dimentaires) par lithification.<\/p>\n<p>L&rsquo;\u00e9coulement naturel de l&rsquo;eau provoque g\u00e9n\u00e9ralement un dragage r\u00e9gulier des voies navigables locales. En dehors de l&rsquo;exploitation mini\u00e8re, l&rsquo;utilisation la plus courante d&rsquo;une drague est le dragage de r\u00e9servoir. Certaines villes et municipalit\u00e9s puisent l\u2019eau de la collectivit\u00e9 dans des r\u00e9servoirs \u00e0 ciel ouvert. Parfois, ces r\u00e9servoirs s&rsquo;envasent ou sont contamin\u00e9s par le mat\u00e9riau. Le dragage est un moyen efficace et efficient de garder ces r\u00e9serves propres.<\/p>\n<p>Les s\u00e9diments sont souvent transport\u00e9s par l&rsquo;eau (processus fluviaux), le vent (processus \u00e9oliens) et les glaciers. Les sables de plage et les d\u00e9p\u00f4ts de chenaux fluviaux sont des exemples de transport fluvial et de d\u00e9p\u00f4t, bien que les s\u00e9diments se d\u00e9posent souvent \u00e0 partir d&rsquo;eau lente ou stagnante dans les lacs et les oc\u00e9ans. Les dunes et les loess du d\u00e9sert sont des exemples de transport et de d\u00e9p\u00f4t \u00e9oliens. Les d\u00e9p\u00f4ts glaciaires de moraine et de till sont des s\u00e9diments transport\u00e9s par la glace.<\/p>\n<p><strong>Certains de nos rem\u00e8des et technologies de nettoyage :<\/strong><\/p>\n<ul>\n<li><strong>Le traitement in situ<\/strong> consiste g\u00e9n\u00e9ralement \u00e0 ajouter des modifications au traitement pour acc\u00e9l\u00e9rer l&rsquo;\u00e9limination ou l&rsquo;immobilisation du contaminant. Les modifications pour le traitement des s\u00e9diments comprennent l&rsquo;argile organophile, les z\u00e9olites, la bauxite, l&rsquo;oxyde\/hydroxyde de fer, l&rsquo;apatite et le fer de valence z\u00e9ro. Cependant, l&rsquo;approche la plus courante est le charbon actif (CA) sous forme de couche mince ou incorpor\u00e9 dans le s\u00e9diment.<\/li>\n<li><strong>Le r\u00e9tablissement naturel surveill\u00e9<\/strong> tire parti des processus biologiques, y compris l&rsquo;enfouissement naturel de s\u00e9diments contamin\u00e9s avec des s\u00e9diments propres.<\/li>\n<li><strong>Le capsulage<\/strong> consiste \u00e0 placer des mat\u00e9riaux propres sur les s\u00e9diments contamin\u00e9s. Lorsque les contaminants sont relativement immobiles dans le d\u00e9p\u00f4t, un bouchon emp\u00eache la flore et la faune de les contacter. Un bouchon relativement imperm\u00e9able peut emp\u00eacher l&rsquo;eau souterraine de se d\u00e9verser \u00e0 travers les s\u00e9diments contamin\u00e9s. Le capuchon d\u00e9tourne ainsi les eaux souterraines de la zone contamin\u00e9e.<\/li>\n<li><strong>Le dragage ou l&rsquo;excavation<\/strong> \u00e9limine les s\u00e9diments contamin\u00e9s d&rsquo;un plan d&rsquo;eau sans drainer ou d\u00e9vier l&rsquo;eau. Le dragage \u00e9limine \u00e9galement une certaine quantit\u00e9 d&rsquo;eau du s\u00e9diment. Les d\u00e9p\u00f4ts sont g\u00e9n\u00e9ralement ass\u00e9ch\u00e9s sur terre, et l&rsquo;eau est g\u00e9n\u00e9ralement trait\u00e9e avant d&rsquo;\u00eatre rejet\u00e9e dans le plan d&rsquo;eau ou les ouvrages publics de traitement. Les s\u00e9diments contamin\u00e9s sont \u00e9limin\u00e9s dans une d\u00e9charge ou une installation d&rsquo;\u00e9limination confin\u00e9e. Les s\u00e9diments fortement contamin\u00e9s peuvent \u00eatre trait\u00e9s avant leur \u00e9limination.<\/li>\n<\/ul>\n<p><strong>Solutions de gestion des risques et de planification des mesures correctives<\/strong><\/p>\n<ul>\n<li>Planification strat\u00e9gique et technique<\/li>\n<li>Aide aux groupes de r\u00e9glementation et d&rsquo;intervenants<\/li>\n<li>Co\u00fbt<\/li>\n<li>Mod\u00e9lisation empirique et num\u00e9rique<\/li>\n<li>\u00c9valuations des risques \u00e9cologiques et pour la sant\u00e9 humaine<\/li>\n<li>\u00c9tudes au banc et \u00e0 l&rsquo;\u00e9chelle pilote<\/li>\n<li>Am\u00e9nagement int\u00e9gr\u00e9 des rives et gestion des s\u00e9diments contamin\u00e9s<\/li>\n<li>Analyse des solutions de rechange<\/li>\n<li>Conception de la d\u00e9pollution des s\u00e9diments<\/li>\n<li>Services D&rsquo;Ing\u00e9nierie De R\u00e9habilitation<\/li>\n<li>Phase I \/ Services d&rsquo;\u00e9valuation du site<\/li>\n<li>Services d&rsquo;\u00e9valuation des risques et toxicologie<\/li>\n<li>Pr\u00e9sentations visuelles des mesures correctives propos\u00e9es et des communications techniques et des risques<\/li>\n<li>Acquisition de permis<\/li>\n<li>Gestion de la construction\/solutions cl\u00e9s en main<\/li>\n<li>Restauration du site<\/li>\n<li>Surveillance des performances Remedy<\/li>\n<li>assistance pour l&rsquo;\u00e9valuation des dommages caus\u00e9s aux ressources naturelles<\/li>\n<\/ul>\n","protected":false},"excerpt":{"rendered":"<p>Les s\u00e9diments sont des mati\u00e8res naturelles d\u00e9grad\u00e9es par l&rsquo;alt\u00e9ration et l&rsquo;\u00e9rosion. Il est ensuite transport\u00e9 par le vent, l&rsquo;eau ou [&hellip;]<\/p>\n","protected":false},"author":1,"featured_media":0,"parent":42498,"menu_order":0,"comment_status":"closed","ping_status":"closed","template":"","meta":{"site-sidebar-layout":"default","site-content-layout":"","ast-site-content-layout":"default","site-content-style":"default","site-sidebar-style":"default","ast-global-header-display":"","ast-banner-title-visibility":"","ast-main-header-display":"","ast-hfb-above-header-display":"","ast-hfb-below-header-display":"","ast-hfb-mobile-header-display":"","site-post-title":"","ast-breadcrumbs-content":"","ast-featured-img":"","footer-sml-layout":"","ast-disable-related-posts":"","theme-transparent-header-meta":"","adv-header-id-meta":"","stick-header-meta":"","header-above-stick-meta":"","header-main-stick-meta":"","header-below-stick-meta":"","astra-migrate-meta-layouts":"default","ast-page-background-enabled":"default","ast-page-background-meta":{"desktop":{"background-color":"var(--ast-global-color-5)","background-image":"","background-repeat":"repeat","background-position":"center center","background-size":"auto","background-attachment":"scroll","background-type":"","background-media":"","overlay-type":"","overlay-color":"","overlay-opacity":"","overlay-gradient":""},"tablet":{"background-color":"","background-image":"","background-repeat":"repeat","background-position":"center center","background-size":"auto","background-attachment":"scroll","background-type":"","background-media":"","overlay-type":"","overlay-color":"","overlay-opacity":"","overlay-gradient":""},"mobile":{"background-color":"","background-image":"","background-repeat":"repeat","background-position":"center center","background-size":"auto","background-attachment":"scroll","background-type":"","background-media":"","overlay-type":"","overlay-color":"","overlay-opacity":"","overlay-gradient":""}},"ast-content-background-meta":{"desktop":{"background-color":"var(--ast-global-color-4)","background-image":"","background-repeat":"repeat","background-position":"center center","background-size":"auto","background-attachment":"scroll","background-type":"","background-media":"","overlay-type":"","overlay-color":"","overlay-opacity":"","overlay-gradient":""},"tablet":{"background-color":"var(--ast-global-color-4)","background-image":"","background-repeat":"repeat","background-position":"center center","background-size":"auto","background-attachment":"scroll","background-type":"","background-media":"","overlay-type":"","overlay-color":"","overlay-opacity":"","overlay-gradient":""},"mobile":{"background-color":"var(--ast-global-color-4)","background-image":"","background-repeat":"repeat","background-position":"center center","background-size":"auto","background-attachment":"scroll","background-type":"","background-media":"","overlay-type":"","overlay-color":"","overlay-opacity":"","overlay-gradient":""}},"footnotes":""},"class_list":["post-42507","page","type-page","status-publish","hentry"],"_links":{"self":[{"href":"https:\/\/mavideniz.com.tr\/fr\/wp-json\/wp\/v2\/pages\/42507","targetHints":{"allow":["GET"]}}],"collection":[{"href":"https:\/\/mavideniz.com.tr\/fr\/wp-json\/wp\/v2\/pages"}],"about":[{"href":"https:\/\/mavideniz.com.tr\/fr\/wp-json\/wp\/v2\/types\/page"}],"author":[{"embeddable":true,"href":"https:\/\/mavideniz.com.tr\/fr\/wp-json\/wp\/v2\/users\/1"}],"replies":[{"embeddable":true,"href":"https:\/\/mavideniz.com.tr\/fr\/wp-json\/wp\/v2\/comments?post=42507"}],"version-history":[{"count":0,"href":"https:\/\/mavideniz.com.tr\/fr\/wp-json\/wp\/v2\/pages\/42507\/revisions"}],"up":[{"embeddable":true,"href":"https:\/\/mavideniz.com.tr\/fr\/wp-json\/wp\/v2\/pages\/42498"}],"wp:attachment":[{"href":"https:\/\/mavideniz.com.tr\/fr\/wp-json\/wp\/v2\/media?parent=42507"}],"curies":[{"name":"wp","href":"https:\/\/api.w.org\/{rel}","templated":true}]}}