{"id":42512,"date":"2022-10-29T14:39:09","date_gmt":"2022-10-29T14:39:09","guid":{"rendered":"https:\/\/mavideniz.com.tr\/?page_id=42512"},"modified":"2022-10-29T14:39:13","modified_gmt":"2022-10-29T14:39:13","slug":"enlevement-du-reservoir-de-stockage-souterrain-demantelement","status":"publish","type":"page","link":"https:\/\/mavideniz.com.tr\/fr\/services-mavi-deniz\/assainissement-de-lenvironnement\/enlevement-du-reservoir-de-stockage-souterrain-demantelement\/","title":{"rendered":"Enl\u00e8vement du r\u00e9servoir de stockage souterrain + d\u00e9mant\u00e8lement"},"content":{"rendered":"\n<p>Mavi Deniz offre un service complet de d\u00e9saffectation des r\u00e9servoirs pour les r\u00e9servoirs hors sol et souterrains, y compris le d\u00e9gazage et le nettoyage avec enl\u00e8vement vers des installations enti\u00e8rement autoris\u00e9es. Mavi Deniz fournit des conseils professionnels pour la d\u00e9saffectation des citernes, en tenant compte des exigences juridiques et environnementales locales et environnementales.<\/p>\n<p>Les r\u00e9servoirs de carburant souterrains sont une source importante de contamination du sol et de l&rsquo;eau, ce qui entra\u00eene des amendes co\u00fbteuses et des travaux d&rsquo;assainissement ou modifie votre configuration de stockage de carburant. Notre \u00e9quipe de d\u00e9classement des r\u00e9servoirs a une exp\u00e9rience \u00e9prouv\u00e9e et est pr\u00eate et enti\u00e8rement \u00e9quip\u00e9e pour fournir un niveau de service \u00e9lev\u00e9. Les op\u00e9rateurs sont enti\u00e8rement qualifi\u00e9s, form\u00e9s aux proc\u00e9dures de sant\u00e9 et de s\u00e9curit\u00e9 et \u00e9quip\u00e9s des \u00e9quipements de s\u00e9curit\u00e9 les plus r\u00e9cents.<\/p>\n<p><strong>Nous pouvons d\u00e9saffecter tous les types et toutes les tailles de r\u00e9servoirs redondants, y compris :<\/strong><\/p>\n<ul>\n<li>Huiles chauffantes<\/li>\n<li>Diesel<\/li>\n<li>Huiles de cuisson<\/li>\n<li>R\u00e9servoir de station-service<\/li>\n<li>Huile hydraulique<\/li>\n<li>Fioul<\/li>\n<li>Fioul Lourd<\/li>\n<li>Chimique, Acides, Alcalin<\/li>\n<li>Aliments + lait et bi\u00e8re<\/li>\n<\/ul>\n","protected":false},"excerpt":{"rendered":"<p>Mavi Deniz offre un service complet de d\u00e9saffectation des r\u00e9servoirs pour les r\u00e9servoirs hors sol et souterrains, y compris le [&hellip;]<\/p>\n","protected":false},"author":1,"featured_media":0,"parent":42498,"menu_order":0,"comment_status":"closed","ping_status":"closed","template":"","meta":{"site-sidebar-layout":"default","site-content-layout":"","ast-site-content-layout":"default","site-content-style":"default","site-sidebar-style":"default","ast-global-header-display":"","ast-banner-title-visibility":"","ast-main-header-display":"","ast-hfb-above-header-display":"","ast-hfb-below-header-display":"","ast-hfb-mobile-header-display":"","site-post-title":"","ast-breadcrumbs-content":"","ast-featured-img":"","footer-sml-layout":"","ast-disable-related-posts":"","theme-transparent-header-meta":"","adv-header-id-meta":"","stick-header-meta":"","header-above-stick-meta":"","header-main-stick-meta":"","header-below-stick-meta":"","astra-migrate-meta-layouts":"default","ast-page-background-enabled":"default","ast-page-background-meta":{"desktop":{"background-color":"var(--ast-global-color-5)","background-image":"","background-repeat":"repeat","background-position":"center center","background-size":"auto","background-attachment":"scroll","background-type":"","background-media":"","overlay-type":"","overlay-color":"","overlay-opacity":"","overlay-gradient":""},"tablet":{"background-color":"","background-image":"","background-repeat":"repeat","background-position":"center center","background-size":"auto","background-attachment":"scroll","background-type":"","background-media":"","overlay-type":"","overlay-color":"","overlay-opacity":"","overlay-gradient":""},"mobile":{"background-color":"","background-image":"","background-repeat":"repeat","background-position":"center center","background-size":"auto","background-attachment":"scroll","background-type":"","background-media":"","overlay-type":"","overlay-color":"","overlay-opacity":"","overlay-gradient":""}},"ast-content-background-meta":{"desktop":{"background-color":"var(--ast-global-color-4)","background-image":"","background-repeat":"repeat","background-position":"center center","background-size":"auto","background-attachment":"scroll","background-type":"","background-media":"","overlay-type":"","overlay-color":"","overlay-opacity":"","overlay-gradient":""},"tablet":{"background-color":"var(--ast-global-color-4)","background-image":"","background-repeat":"repeat","background-position":"center center","background-size":"auto","background-attachment":"scroll","background-type":"","background-media":"","overlay-type":"","overlay-color":"","overlay-opacity":"","overlay-gradient":""},"mobile":{"background-color":"var(--ast-global-color-4)","background-image":"","background-repeat":"repeat","background-position":"center center","background-size":"auto","background-attachment":"scroll","background-type":"","background-media":"","overlay-type":"","overlay-color":"","overlay-opacity":"","overlay-gradient":""}},"footnotes":""},"class_list":["post-42512","page","type-page","status-publish","hentry"],"_links":{"self":[{"href":"https:\/\/mavideniz.com.tr\/fr\/wp-json\/wp\/v2\/pages\/42512","targetHints":{"allow":["GET"]}}],"collection":[{"href":"https:\/\/mavideniz.com.tr\/fr\/wp-json\/wp\/v2\/pages"}],"about":[{"href":"https:\/\/mavideniz.com.tr\/fr\/wp-json\/wp\/v2\/types\/page"}],"author":[{"embeddable":true,"href":"https:\/\/mavideniz.com.tr\/fr\/wp-json\/wp\/v2\/users\/1"}],"replies":[{"embeddable":true,"href":"https:\/\/mavideniz.com.tr\/fr\/wp-json\/wp\/v2\/comments?post=42512"}],"version-history":[{"count":0,"href":"https:\/\/mavideniz.com.tr\/fr\/wp-json\/wp\/v2\/pages\/42512\/revisions"}],"up":[{"embeddable":true,"href":"https:\/\/mavideniz.com.tr\/fr\/wp-json\/wp\/v2\/pages\/42498"}],"wp:attachment":[{"href":"https:\/\/mavideniz.com.tr\/fr\/wp-json\/wp\/v2\/media?parent=42512"}],"curies":[{"name":"wp","href":"https:\/\/api.w.org\/{rel}","templated":true}]}}