{"id":42516,"date":"2022-10-29T14:52:41","date_gmt":"2022-10-29T14:52:41","guid":{"rendered":"https:\/\/mavideniz.com.tr\/?page_id=42516"},"modified":"2022-10-29T14:52:45","modified_gmt":"2022-10-29T14:52:45","slug":"nettoyage-des-dechets-marins-debris-marins","status":"publish","type":"page","link":"https:\/\/mavideniz.com.tr\/fr\/services-mavi-deniz\/nettoyage-des-dechets-marins-debris-marins\/","title":{"rendered":"Nettoyage des d\u00e9chets marins + d\u00e9bris marins"},"content":{"rendered":"\n<p>Ce service vise \u00e0 r\u00e9duire les d\u00e9chets marins flottants (surface de la mer) et les d\u00e9chets ; flottant op\u00e9rations de collecte de d\u00e9chets marins dans le monde entier avec nos bateaux \u00e9cumeurs de d\u00e9chets et les navires anti-pollution. Avec les op\u00e9rations de nettoyage de la surface de la mer, les d\u00e9bris marins \u00e0 la surface de la mer seront r\u00e9duits.<\/p>\n<p>Les d\u00e9bris marins, \u00e9galement connus sous le nom de d\u00e9chets marins, sont des d\u00e9chets cr\u00e9\u00e9s par l&rsquo;homme qui sont d\u00e9lib\u00e9r\u00e9ment ou accidentellement rejet\u00e9s dans un lac, une mer, un oc\u00e9an ou une voie d&rsquo;eau. Les d\u00e9bris oc\u00e9aniques flottants ont tendance \u00e0 s&rsquo;accumuler au centre des gyres et sur les c\u00f4tes, s&rsquo;\u00e9chouant fr\u00e9quemment, connus sous le nom de d\u00e9chets de plage ou de mar\u00e9es. L&rsquo;immersion d\u00e9lib\u00e9r\u00e9e de d\u00e9chets en mer est appel\u00e9e immersion en mer. Des d\u00e9bris d&rsquo;origine naturelle, tels que le bois flott\u00e9, sont \u00e9galement pr\u00e9sents.<\/p>\n<p>Avec l&rsquo;utilisation croissante du plastique, l&rsquo;influence humaine est devenue un probl\u00e8me, car de nombreux plastiques ne se biod\u00e9gradent pas. Le plastique d&rsquo;origine hydrique constitue une grave menace pour les poissons, les oiseaux de mer, les reptiles marins et les mammif\u00e8res marins, ainsi que pour les bateaux et les c\u00f4tes. Les d\u00e9versements, les d\u00e9versements de conteneurs, les d\u00e9chets lav\u00e9s dans les \u00e9gouts pluviaux, les cours d&rsquo;eau et les d\u00e9chets d&rsquo;enfouissement souffl\u00e9s par le vent contribuent \u00e0 ce probl\u00e8me.<\/p>\n<p>Certains aspects de la pollution marine estimaient que jusqu&rsquo;\u00e0 80 % de la pollution \u00e9tait d&rsquo;origine terrestre. Une grande vari\u00e9t\u00e9 d&rsquo;artefacts anthropiques peuvent devenir des d\u00e9bris marins ; sacs en plastique, ballons, bou\u00e9es, corde, d\u00e9chets m\u00e9dicaux, bouteilles en verre et en plastique, briquets, canettes de boisson, polystyr\u00e8ne, ligne de p\u00eache perdue et filets, et divers d\u00e9bris de navires de croisi\u00e8re et de plates-formes p\u00e9troli\u00e8res sont parmi les objets commun\u00e9ment trouv\u00e9s pour avoir \u00e9t\u00e9 lav\u00e9s \u00e0 terre. Les bagues en six-pack, en particulier, sont consid\u00e9r\u00e9es comme embl\u00e9matiques du probl\u00e8me.<\/p>\n<p><strong>Probl\u00e8me de mucilage marin, de morve ou de salive marine<\/strong><\/p>\n<p>Le mucilage marin, la morve de mer ou la salive de mer est une collection de mati\u00e8re organique semblable au mucus que l&rsquo;on trouve dans la mer. La substance cr\u00e9meuse et g\u00e9latineuse n&rsquo;est g\u00e9n\u00e9ralement pas nocive, mais elle peut attirer les virus et les bact\u00e9ries, y compris E. coli, et elle peut devenir une couverture qui \u00e9touffe la vie marine en dessous. Il est fr\u00e9quemment observ\u00e9 dans la mer M\u00e9diterran\u00e9e et les oc\u00e9ans.<\/p>\n<p><strong>Probl\u00e8me des r\u00e9seaux fant\u00f4mes<\/strong><\/p>\n<p>Les filets de p\u00eache laiss\u00e9s ou perdus dans l&rsquo;oc\u00e9an par les p\u00eacheurs &#8211; les filets fant\u00f4mes &#8211; peuvent enchev\u00eatrer les poissons, les dauphins, les tortues de mer, les requins, les dugongs, les crocodiles, les oiseaux de mer, les crabes et d&rsquo;autres cr\u00e9atures. Ces filets restreignent les mouvements, provoquant la famine, la lac\u00e9ration, l&rsquo;infection et la suffocation chez les animaux qui respirent de l&rsquo;air.<\/p>\n<p><strong>Probl\u00e8me Plastique<\/strong><\/p>\n<p>8,8 millions de tonnes de d\u00e9chets plastiques sont d\u00e9vers\u00e9es chaque ann\u00e9e dans les oc\u00e9ans du monde. L&rsquo;Asie \u00e9tait la principale source de d\u00e9chets plastiques mal g\u00e9r\u00e9s.<\/p>\n<p><strong>Probl\u00e8me Des D\u00e9bris<\/strong><\/p>\n<p>Les techniques de collecte et d&rsquo;\u00e9limination des d\u00e9bris marins (ou fluviaux) comprennent le navire de nettoyage de la mer. De tels dispositifs peuvent \u00eatre utilis\u00e9s lorsque les d\u00e9bris flottants sont dangereux pour la navigation.<\/p>\n<p>Une fois que les d\u00e9bris deviennent des \u00ab d\u00e9chets de plage \u00bb, la collecte manuelle et des machines sp\u00e9cialis\u00e9es de nettoyage de plage sont utilis\u00e9es pour ramasser les ordures.<\/p>\n<p>Ailleurs, des \u00ab\u00a0trappes \u00e0 ordures\u00a0\u00bb sont install\u00e9es sur les petites rivi\u00e8res pour capturer les d\u00e9bris d&rsquo;origine hydrique avant d&rsquo;atteindre la mer.<\/p>\n<p><strong>Probl\u00e8me des algues et des prolif\u00e9rations algales<\/strong><\/p>\n<p>Les algues sont un terme informel d\u00e9signant un grand groupe diversifi\u00e9 d&rsquo;organismes eucaryotes qui ne sont pas n\u00e9cessairement \u00e9troitement apparent\u00e9s et sont donc polyphyl\u00e9tiques. Les organismes inclus vont des genres unicellulaires, tels que Chlorella et les diatom\u00e9es, aux formes multicellulaires. L&rsquo;un d&rsquo;eux est le varech g\u00e9ant, une grande algue brune qui peut atteindre 50 m\u00e8tres de long. La plupart sont aquatiques et autotrophes et manquent de nombreux types de cellules et de tissus distincts, tels que les stomates, le xyl\u00e8me et le phlo\u00e8me, que l&rsquo;on trouve dans les plantes terrestres. Les algues marines les plus grandes et les plus complexes sont appel\u00e9es algues marines. En revanche, les formes d&rsquo;eau douce les plus complexes sont le Charophyta, une division d&rsquo;algues vertes qui comprend, par exemple, le Spirogyra et les stoneworts.<\/p>\n<p>Comme le terme \u00ab algues \u00bb est un terme g\u00e9n\u00e9ral qui englobe des organismes de tailles, de taux de croissance et de besoins en nutriments tr\u00e8s vari\u00e9s, il n&rsquo;existe pas de seuil officiellement reconnu pour ce qui est d\u00e9fini comme une prolif\u00e9ration. Pour certaines esp\u00e8ces, les algues peuvent \u00eatre consid\u00e9r\u00e9es comme fleurissant \u00e0 des concentrations atteignant des millions de cellules par millilitre, tandis que d&rsquo;autres forment des fleurs d&rsquo;eau de dizaines de milliers par litre. Les pigments photosynth\u00e9tiques dans les cellules d&rsquo;algues d\u00e9terminent la couleur de la prolif\u00e9ration d&rsquo;algues et sont souvent verd\u00e2tres. Cependant, ils peuvent \u00e9galement \u00eatre d&rsquo;une grande vari\u00e9t\u00e9 d&rsquo;autres couleurs, comme le jaune, le brun ou le rouge, selon l&rsquo;esp\u00e8ce d&rsquo;algue et le type de pigments qu&rsquo;ils contiennent.<\/p>\n<p><strong>Ce que nous pouvons faire \u00e0 propos des d\u00e9bris marins et des d\u00e9chets<\/strong><\/p>\n<p>Nous exploitons ou louons des bateaux de nettoyage de d\u00e9bris marins pour les municipalit\u00e9s afin de recueillir des d\u00e9bris \u00e0 la surface de la mer, des lacs ou des rivi\u00e8res.<\/p>\n<p>Nous concevons et louons notre navire de nettoyage des mers pour les municipalit\u00e9s afin de recueillir et de r\u00e9cup\u00e9rer les d\u00e9bris marins et les algues qui fleurissent dans les mers c\u00f4ti\u00e8res, les lacs d&rsquo;eau douce, les rivi\u00e8res ou les plages.<\/p>\n","protected":false},"excerpt":{"rendered":"<p>Ce service vise \u00e0 r\u00e9duire les d\u00e9chets marins flottants (surface de la mer) et les d\u00e9chets ; flottant op\u00e9rations de [&hellip;]<\/p>\n","protected":false},"author":1,"featured_media":0,"parent":41771,"menu_order":0,"comment_status":"closed","ping_status":"closed","template":"","meta":{"site-sidebar-layout":"default","site-content-layout":"","ast-site-content-layout":"default","site-content-style":"default","site-sidebar-style":"default","ast-global-header-display":"","ast-banner-title-visibility":"","ast-main-header-display":"","ast-hfb-above-header-display":"","ast-hfb-below-header-display":"","ast-hfb-mobile-header-display":"","site-post-title":"","ast-breadcrumbs-content":"","ast-featured-img":"","footer-sml-layout":"","ast-disable-related-posts":"","theme-transparent-header-meta":"","adv-header-id-meta":"","stick-header-meta":"","header-above-stick-meta":"","header-main-stick-meta":"","header-below-stick-meta":"","astra-migrate-meta-layouts":"default","ast-page-background-enabled":"default","ast-page-background-meta":{"desktop":{"background-color":"var(--ast-global-color-5)","background-image":"","background-repeat":"repeat","background-position":"center center","background-size":"auto","background-attachment":"scroll","background-type":"","background-media":"","overlay-type":"","overlay-color":"","overlay-opacity":"","overlay-gradient":""},"tablet":{"background-color":"","background-image":"","background-repeat":"repeat","background-position":"center center","background-size":"auto","background-attachment":"scroll","background-type":"","background-media":"","overlay-type":"","overlay-color":"","overlay-opacity":"","overlay-gradient":""},"mobile":{"background-color":"","background-image":"","background-repeat":"repeat","background-position":"center center","background-size":"auto","background-attachment":"scroll","background-type":"","background-media":"","overlay-type":"","overlay-color":"","overlay-opacity":"","overlay-gradient":""}},"ast-content-background-meta":{"desktop":{"background-color":"var(--ast-global-color-4)","background-image":"","background-repeat":"repeat","background-position":"center center","background-size":"auto","background-attachment":"scroll","background-type":"","background-media":"","overlay-type":"","overlay-color":"","overlay-opacity":"","overlay-gradient":""},"tablet":{"background-color":"var(--ast-global-color-4)","background-image":"","background-repeat":"repeat","background-position":"center center","background-size":"auto","background-attachment":"scroll","background-type":"","background-media":"","overlay-type":"","overlay-color":"","overlay-opacity":"","overlay-gradient":""},"mobile":{"background-color":"var(--ast-global-color-4)","background-image":"","background-repeat":"repeat","background-position":"center center","background-size":"auto","background-attachment":"scroll","background-type":"","background-media":"","overlay-type":"","overlay-color":"","overlay-opacity":"","overlay-gradient":""}},"footnotes":""},"class_list":["post-42516","page","type-page","status-publish","hentry"],"_links":{"self":[{"href":"https:\/\/mavideniz.com.tr\/fr\/wp-json\/wp\/v2\/pages\/42516","targetHints":{"allow":["GET"]}}],"collection":[{"href":"https:\/\/mavideniz.com.tr\/fr\/wp-json\/wp\/v2\/pages"}],"about":[{"href":"https:\/\/mavideniz.com.tr\/fr\/wp-json\/wp\/v2\/types\/page"}],"author":[{"embeddable":true,"href":"https:\/\/mavideniz.com.tr\/fr\/wp-json\/wp\/v2\/users\/1"}],"replies":[{"embeddable":true,"href":"https:\/\/mavideniz.com.tr\/fr\/wp-json\/wp\/v2\/comments?post=42516"}],"version-history":[{"count":0,"href":"https:\/\/mavideniz.com.tr\/fr\/wp-json\/wp\/v2\/pages\/42516\/revisions"}],"up":[{"embeddable":true,"href":"https:\/\/mavideniz.com.tr\/fr\/wp-json\/wp\/v2\/pages\/41771"}],"wp:attachment":[{"href":"https:\/\/mavideniz.com.tr\/fr\/wp-json\/wp\/v2\/media?parent=42516"}],"curies":[{"name":"wp","href":"https:\/\/api.w.org\/{rel}","templated":true}]}}