{"id":42524,"date":"2022-10-29T14:56:56","date_gmt":"2022-10-29T14:56:56","guid":{"rendered":"https:\/\/mavideniz.com.tr\/?page_id=42524"},"modified":"2022-10-29T14:57:00","modified_gmt":"2022-10-29T14:57:00","slug":"service-marpol","status":"publish","type":"page","link":"https:\/\/mavideniz.com.tr\/fr\/services-mavi-deniz\/service-marpol\/","title":{"rendered":"Service Marpol"},"content":{"rendered":"\n<p>Mavi Deniz a \u00e9t\u00e9 inaugur\u00e9 au d\u00e9but de l&rsquo;an 2000 avec deux consid\u00e9rations principales &#8211; le soin de l&rsquo;environnement marin et les activit\u00e9s de propri\u00e9taire de navire r\u00e9ussies.<\/p>\n<p><strong>Marine<\/strong><\/p>\n<p>\u00c0 cet \u00e9gard, le Groupe a mis en oeuvre avec succ\u00e8s le concept d&rsquo;installations de r\u00e9ception de salines flottantes, conform\u00e9ment \u00e0 la Convention MARPOL 73\/78.<\/p>\n<p>L&rsquo;installation de Mavi Deniz est id\u00e9alement situ\u00e9e en mer de Marmara, en mer \u00c9g\u00e9e et dans la zone de la mer M\u00e9diterran\u00e9e, fournissant l&rsquo;installation de r\u00e9ception des d\u00e9chets pour les ports\/navires de passage, entrants ou sortants, offrant des services complets sur une base de 24 heures.<\/p>\n<p>Marpol 73\/78, gestion des d\u00e9chets, milieu marin, d\u00e9chets dangereux, \u00e9limination des d\u00e9chets, assainissement des sols, eaux de cale, eaux de cale, boues, talus de r\u00e9ception et eaux de ballast sales.<\/p>\n<p>La convention MARPOL 73\/78 contient un ensemble de r\u00e8gles visant \u00e0 pr\u00e9venir la pollution marine par les navires. Actuellement, il existe six annexes diff\u00e9rentes qui contiennent des r\u00e8gles relatives \u00e0 un autre aspect de la pollution marine, comme indiqu\u00e9 ci-apr\u00e8s :<\/p>\n<ul>\n<li>Annexe I &#8211; Pollution par les hydrocarbures (p\u00e9trole brut, mazout)<\/li>\n<li>Annexe II &#8211; Substances liquides nocives transport\u00e9es dans la pollution en vrac<\/li>\n<li>Annexe III &#8211; Substances nocives transport\u00e9es sous forme emball\u00e9e<\/li>\n<li>Annexe IV &#8211; Pollution par les eaux us\u00e9es<\/li>\n<li>Annexe V &#8211; Pollution des ordures<\/li>\n<\/ul>\n<p>Cela maximise l&rsquo;efficacit\u00e9 et r\u00e9duit le co\u00fbt et le d\u00e9lai \u00e0 un minimum absolu.<\/p>\n<ul>\n<li>R\u00e9ception et traitement des eaux de cale \/ boues \/ pente \/ ordures<\/li>\n<li>Documentaire de certification des d\u00e9chets<\/li>\n<li>Recycler les services<\/li>\n<\/ul>\n<p>Pour recevoir des talus, des boues, des eaux de cale, de l&rsquo;eau de ballast sale et des ordures avec nos camions et navires licenci\u00e9s des ports \/ navires, y compris les passagers, les navires de croisi\u00e8re, les navires de charge et les p\u00e9troliers \/ chimiques dans le monde entier.<\/p>\n<p><strong>Industriel<\/strong><\/p>\n<p>Nous pouvons fournir des services de gestion des d\u00e9chets partout o\u00f9 des d\u00e9chets dangereux sont produits :<\/p>\n<ul>\n<li>Raffineries De P\u00e9trole<\/li>\n<li>Industries chimiques<\/li>\n<li>Industries alimentaires<\/li>\n<li>Installations Militaires<\/li>\n<li>Installations de stockage<\/li>\n<li>Organismes publics<\/li>\n<\/ul>\n<p>Nous conseillons toujours la philosophie prioritaire de la gestion des d\u00e9chets, qui est, d&rsquo;une part, la pr\u00e9vention ou la r\u00e9duction de la production de d\u00e9chets et de leur nocivit\u00e9 et, d&rsquo;autre part, la valorisation des d\u00e9chets par recyclage, r\u00e9utilisation ou valorisation, ou tout autre proc\u00e9d\u00e9 d&rsquo;extraction de mati\u00e8res premi\u00e8res secondaires ou l&rsquo;utilisation des d\u00e9chets comme source d&rsquo;\u00e9nergie.<\/p>\n<p>Marpol 73\/78, gestion des d\u00e9chets, milieu marin, d\u00e9chets dangereux, \u00e9limination des d\u00e9chets, assainissement des sols, eaux de cale, eaux de cale, \u00e9limination, boues, talus de r\u00e9ception, eaux de ballast sales.<\/p>\n<p>\u00c0 cet \u00e9gard, Mavi Deniz re\u00e7oit tous les d\u00e9chets liquides et solides aux D\u00e9charges Municipales et aux \u00c9tablissements de Recyclage par nos camions de licence exclusive. Au cours de la derni\u00e8re d\u00e9cennie, environ 1 000 tonnes de d\u00e9chets ont \u00e9t\u00e9 produites pour :<\/p>\n<p>Marpol 73\/78, gestion des d\u00e9chets, milieu marin, d\u00e9chets dangereux, \u00e9limination des d\u00e9chets, assainissement des sols, eaux de cale, eaux de cale, \u00e9limination, boues, talus r\u00e9cepteur, eaux de ballast sales, incin\u00e9ration,<\/p>\n<ul>\n<li>Traitement physico-chimique<\/li>\n<li>D\u00e9charge sp\u00e9cialement am\u00e9nag\u00e9e<\/li>\n<li>Recyclage\/r\u00e9cup\u00e9ration de m\u00e9taux et de compos\u00e9s m\u00e9talliques<\/li>\n<li>Raffinage du p\u00e9trole<\/li>\n<li>Utilisation principalement comme combustible pour produire de l&rsquo;\u00e9nergie.<\/li>\n<li>Recyclage\/r\u00e9cup\u00e9ration de mat\u00e9riaux organiques et inorganiques<\/li>\n<\/ul>\n<p>Les services offerts par le service de gestion des d\u00e9chets de Mavi Deniz sont :<\/p>\n<ul>\n<li>Total des plans de gestion des d\u00e9chets<\/li>\n<li>Gestion &#8211; Exp\u00e9ditions de d\u00e9chets dangereux en Turquie<\/li>\n<li>D\u00e9livrance de tous les permis n\u00e9cessaires \u00e0 la gestion des d\u00e9chets<\/li>\n<li>Assainissement du sol<\/li>\n<li>Destruction et r\u00e9duction des d\u00e9chets par d\u00e9chiquetage<\/li>\n<li>Plan logistique complet &#8211; Certificat d&rsquo;\u00e9limination finale des d\u00e9chets<\/li>\n<li>Vente d&rsquo;\u00e9quipements et de mat\u00e9riaux n\u00e9cessaires \u00e0 la gestion des d\u00e9chets.<\/li>\n<\/ul>\n","protected":false},"excerpt":{"rendered":"<p>Mavi Deniz a \u00e9t\u00e9 inaugur\u00e9 au d\u00e9but de l&rsquo;an 2000 avec deux consid\u00e9rations principales &#8211; le soin de l&rsquo;environnement marin [&hellip;]<\/p>\n","protected":false},"author":1,"featured_media":0,"parent":41771,"menu_order":0,"comment_status":"closed","ping_status":"closed","template":"","meta":{"site-sidebar-layout":"default","site-content-layout":"","ast-site-content-layout":"default","site-content-style":"default","site-sidebar-style":"default","ast-global-header-display":"","ast-banner-title-visibility":"","ast-main-header-display":"","ast-hfb-above-header-display":"","ast-hfb-below-header-display":"","ast-hfb-mobile-header-display":"","site-post-title":"","ast-breadcrumbs-content":"","ast-featured-img":"","footer-sml-layout":"","ast-disable-related-posts":"","theme-transparent-header-meta":"","adv-header-id-meta":"","stick-header-meta":"","header-above-stick-meta":"","header-main-stick-meta":"","header-below-stick-meta":"","astra-migrate-meta-layouts":"default","ast-page-background-enabled":"default","ast-page-background-meta":{"desktop":{"background-color":"var(--ast-global-color-5)","background-image":"","background-repeat":"repeat","background-position":"center center","background-size":"auto","background-attachment":"scroll","background-type":"","background-media":"","overlay-type":"","overlay-color":"","overlay-opacity":"","overlay-gradient":""},"tablet":{"background-color":"","background-image":"","background-repeat":"repeat","background-position":"center center","background-size":"auto","background-attachment":"scroll","background-type":"","background-media":"","overlay-type":"","overlay-color":"","overlay-opacity":"","overlay-gradient":""},"mobile":{"background-color":"","background-image":"","background-repeat":"repeat","background-position":"center center","background-size":"auto","background-attachment":"scroll","background-type":"","background-media":"","overlay-type":"","overlay-color":"","overlay-opacity":"","overlay-gradient":""}},"ast-content-background-meta":{"desktop":{"background-color":"var(--ast-global-color-4)","background-image":"","background-repeat":"repeat","background-position":"center center","background-size":"auto","background-attachment":"scroll","background-type":"","background-media":"","overlay-type":"","overlay-color":"","overlay-opacity":"","overlay-gradient":""},"tablet":{"background-color":"var(--ast-global-color-4)","background-image":"","background-repeat":"repeat","background-position":"center center","background-size":"auto","background-attachment":"scroll","background-type":"","background-media":"","overlay-type":"","overlay-color":"","overlay-opacity":"","overlay-gradient":""},"mobile":{"background-color":"var(--ast-global-color-4)","background-image":"","background-repeat":"repeat","background-position":"center center","background-size":"auto","background-attachment":"scroll","background-type":"","background-media":"","overlay-type":"","overlay-color":"","overlay-opacity":"","overlay-gradient":""}},"footnotes":""},"class_list":["post-42524","page","type-page","status-publish","hentry"],"_links":{"self":[{"href":"https:\/\/mavideniz.com.tr\/fr\/wp-json\/wp\/v2\/pages\/42524","targetHints":{"allow":["GET"]}}],"collection":[{"href":"https:\/\/mavideniz.com.tr\/fr\/wp-json\/wp\/v2\/pages"}],"about":[{"href":"https:\/\/mavideniz.com.tr\/fr\/wp-json\/wp\/v2\/types\/page"}],"author":[{"embeddable":true,"href":"https:\/\/mavideniz.com.tr\/fr\/wp-json\/wp\/v2\/users\/1"}],"replies":[{"embeddable":true,"href":"https:\/\/mavideniz.com.tr\/fr\/wp-json\/wp\/v2\/comments?post=42524"}],"version-history":[{"count":0,"href":"https:\/\/mavideniz.com.tr\/fr\/wp-json\/wp\/v2\/pages\/42524\/revisions"}],"up":[{"embeddable":true,"href":"https:\/\/mavideniz.com.tr\/fr\/wp-json\/wp\/v2\/pages\/41771"}],"wp:attachment":[{"href":"https:\/\/mavideniz.com.tr\/fr\/wp-json\/wp\/v2\/media?parent=42524"}],"curies":[{"name":"wp","href":"https:\/\/api.w.org\/{rel}","templated":true}]}}