{"id":42533,"date":"2022-10-29T15:07:22","date_gmt":"2022-10-29T15:07:22","guid":{"rendered":"https:\/\/mavideniz.com.tr\/?page_id=42533"},"modified":"2022-10-29T15:09:08","modified_gmt":"2022-10-29T15:09:08","slug":"imo-hns-cours-de-formation-sur-le-modele-oprc","status":"publish","type":"page","link":"https:\/\/mavideniz.com.tr\/fr\/services-mavi-deniz\/preparation-a-la-pollution\/imo-hns-cours-de-formation-sur-le-modele-oprc\/","title":{"rendered":"IMO HNS &#8211; Cours de formation sur le mod\u00e8le OPRC"},"content":{"rendered":"\n<p>L&rsquo;Organisation maritime internationale (OMI) a \u00e9labor\u00e9 la Convention internationale sur la pr\u00e9paration, l&rsquo;intervention et la coop\u00e9ration en cas de pollution par les hydrocarbures (Convention OPRC) en 1990. Les gouvernements de nombreux pays ratifient aujourd&rsquo;hui cette convention. Il s&rsquo;agit du principal instrument international permettant de mettre en oeuvre des syst\u00e8mes d&rsquo;intervention nationaux efficaces et des m\u00e9canismes de coop\u00e9ration internationale en cas de mar\u00e9e noire importante. La Convention de l&rsquo;OPRC oblige les gouvernements \u00e0 mettre en place des exercices pour les organisations impliqu\u00e9es dans la lutte contre la pollution par les hydrocarbures et la formation du personnel. Il demande \u00e9galement \u00e0 l&rsquo;OMI d&rsquo;\u00e9laborer un programme complet de formation en coop\u00e9ration avec les gouvernements et l&rsquo;industrie int\u00e9ress\u00e9s.<\/p>\n<p>Les cours de formation sur le mod\u00e8le OOPC de l&rsquo;OMI ont \u00e9t\u00e9 con\u00e7us pour compl\u00e9ter les cours existants sur le mod\u00e8le OOPC de l&rsquo;OMI en mati\u00e8re de pr\u00e9paration et d&rsquo;intervention en cas de d\u00e9versements d&rsquo;hydrocarbures en mer et d&rsquo;intervention en cas d&rsquo;incidents maritimes impliquant des substances dangereuses et nocives.<\/p>\n<p>La formation peut \u00eatre incluse dans une offre group\u00e9e ou fournie sur une base de produit individuelle.<\/p>\n<p>Les professionnels certifi\u00e9s et l&rsquo;\u00e9quipe technique de MAVI DENIZ ont une exp\u00e9rience consid\u00e9rable depuis de nombreuses ann\u00e9es.<\/p>\n<p>MAVI DENIZ organise \u00e9galement des s\u00e9minaires pour les professionnels du transport maritime, les \u00e9tudiants, les gestionnaires de l&rsquo;environnement, de la s\u00e9curit\u00e9 des travailleurs et de la sant\u00e9, les b\u00e9n\u00e9voles des \u00e9coles, les coll\u00e8ges techniques, les universit\u00e9s, le transport, le p\u00e9trole, le terminal, les entreprises portuaires, et les municipalit\u00e9s et les autorit\u00e9s locales.<\/p>\n<p>En plus d&rsquo;un \u00e9quipement de haute qualit\u00e9 pour r\u00e9pondre aux d\u00e9versements d&rsquo;hydrocarbures, Mavi Deniz offre une formation pratique, \u00e0 valeur ajout\u00e9e et \u00e9conomique ;<\/p>\n<p>Les cours mod\u00e8les HNS &#8211; OPRC de l&rsquo;OMI :<\/p>\n<ul>\n<li>Personnel op\u00e9rationnel de niveau 1<br \/>\nde l&rsquo;OMIFournir au personnel de l&rsquo;exploitant responsable des op\u00e9rations de nettoyage sur place un aper\u00e7u complet des diverses techniques disponibles pour r\u00e9cup\u00e9rer les hydrocarbures d\u00e9vers\u00e9s et nettoyer les rives pollu\u00e9es afin de devenir des membres influents d&rsquo;une \u00e9quipe d&rsquo;intervention en cas de d\u00e9versement d&rsquo;hydrocarbures et d&rsquo;\u00eatre au courant d&rsquo;autres probl\u00e8mes survenant pendant un d\u00e9versement.<\/li>\n<li>Niveau 2 de l&rsquo;OMI Superviseurs et<br \/>\ncommandants sur placeFournir au personnel form\u00e9 et exp\u00e9riment\u00e9 des responsabilit\u00e9s de gestion importantes dans le cadre du plan d&rsquo;intervention pertinent afin de coordonner et de superviser les op\u00e9rations d&rsquo;intervention et de fournir une intervention rapide, organis\u00e9e et efficace.<\/li>\n<li>Niveau 3<br \/>\nPersonnel de direction de l&rsquo;OMISensibiliser les membres du personnel de direction aux r\u00f4les et aux responsabilit\u00e9s qui leur incombent dans la gestion des d\u00e9versements d&rsquo;hydrocarbures d&rsquo;importance nationale et aux nombreux d\u00e9fis qui se pr\u00e9sentent souvent \u00e0 eux lors d&rsquo;un d\u00e9versement important. Les hauts repr\u00e9sentants de tous les groupes mentionn\u00e9s dans le plan national d&rsquo;intervention d&rsquo;urgence ou qui pourraient participer \u00e0 une intervention de niveau 3 doivent \u00eatre r\u00e9unis pour en apprendre davantage sur les questions par le biais de discussions avec des sp\u00e9cialistes et pour \u00e9laborer un processus national d&rsquo;intervention coordonn\u00e9\/int\u00e9gr\u00e9 pour g\u00e9rer les d\u00e9versements importants.<\/li>\n<li>Rafra\u00eechissement de l&rsquo;OMI Niveau 1-3<br \/>\nToute personne qui a un r\u00f4le li\u00e9 \u00e0 la pollution par les hydrocarbures b\u00e9n\u00e9ficierait d&rsquo;un rafra\u00eechissement des connaissances gr\u00e2ce aux nouvelles technologies, r\u00e8gles et r\u00e9glementations.<\/li>\n<li>OMI SNPD &#8211; Premiers intervenants, superviseurs et commandants sur place &#8211;<br \/>\nNiveau op\u00e9rationnelExaminer les d\u00e9fis et les dangers d&rsquo;une intervention SNPD et les composantes critiques de la r\u00e9action.<br \/>\nDiscuter du comportement des produits chimiques et de leurs caract\u00e9ristiques physiques et chimiques et examiner diff\u00e9rentes classes de marchandises dangereuses.<br \/>\nLa section de l&rsquo;intervention portera sur les diff\u00e9rents aspects de l&rsquo;intervention, y compris les organismes d&rsquo;intervention d&rsquo;urgence, la fa\u00e7on de r\u00e9agir aux incidents SNPD, les aspects de s\u00e9curit\u00e9 de l&rsquo;intervention, la d\u00e9contamination et les options d&rsquo;\u00e9limination des d\u00e9chets SNPD apr\u00e8s l&rsquo;activit\u00e9 op\u00e9rationnelle.<\/li>\n<li>HNS &#8211; Administrateurs et cadres sup\u00e9rieurs &#8211;<br \/>\nNiveau gestionnaireDiscutez du r\u00f4le de l&rsquo;OMI, de la l\u00e9gislation qui affecte le transport de HNS, et des r\u00e9gimes de r\u00e9mun\u00e9ration et de responsabilit\u00e9.<br \/>\nNous examinerons les diff\u00e9rentes formes d&rsquo;interaction qui peuvent avoir lieu avec les m\u00e9dias et soulignerons certaines choses \u00e0 faire et \u00e0 ne pas faire dans les rapports.<br \/>\nLa formation portera \u00e9galement sur l&rsquo;objectif de la planification d&rsquo;urgence, les consid\u00e9rations \u00e0 prendre lors de la r\u00e9daction d&rsquo;un plan d&rsquo;urgence, et expliquera la signification de la cartographie de sensibilit\u00e9 et les facteurs impliqu\u00e9s.<\/li>\n<li>Rafra\u00eechisseur SNPD Niveau 1-3<br \/>\nToute personne ayant un r\u00f4le li\u00e9 \u00e0 la pollution par les hydrocarbures b\u00e9n\u00e9ficierait d&rsquo;un rafra\u00eechissement des connaissances gr\u00e2ce aux nouvelles technologies, r\u00e8gles et r\u00e9glementations.<\/li>\n<li>La formation peut \u00eatre dispens\u00e9e dans votre \u00e9tablissement \u00e0 une date qui convient \u00e0 tout le personnel.<\/li>\n<li>La formation am\u00e9liore la familiarit\u00e9 des r\u00f4les d&rsquo;intervention et le rendement des \u00e9quipes par la formation.<\/li>\n<li>Formation, meilleure connaissance des ressources de l&rsquo;entreprise et des documents d&rsquo;intervention.<\/li>\n<\/ul>\n","protected":false},"excerpt":{"rendered":"<p>L&rsquo;Organisation maritime internationale (OMI) a \u00e9labor\u00e9 la Convention internationale sur la pr\u00e9paration, l&rsquo;intervention et la coop\u00e9ration en cas de pollution [&hellip;]<\/p>\n","protected":false},"author":1,"featured_media":0,"parent":42528,"menu_order":0,"comment_status":"closed","ping_status":"closed","template":"","meta":{"site-sidebar-layout":"default","site-content-layout":"","ast-site-content-layout":"default","site-content-style":"default","site-sidebar-style":"default","ast-global-header-display":"","ast-banner-title-visibility":"","ast-main-header-display":"","ast-hfb-above-header-display":"","ast-hfb-below-header-display":"","ast-hfb-mobile-header-display":"","site-post-title":"","ast-breadcrumbs-content":"","ast-featured-img":"","footer-sml-layout":"","ast-disable-related-posts":"","theme-transparent-header-meta":"","adv-header-id-meta":"","stick-header-meta":"","header-above-stick-meta":"","header-main-stick-meta":"","header-below-stick-meta":"","astra-migrate-meta-layouts":"default","ast-page-background-enabled":"default","ast-page-background-meta":{"desktop":{"background-color":"var(--ast-global-color-5)","background-image":"","background-repeat":"repeat","background-position":"center center","background-size":"auto","background-attachment":"scroll","background-type":"","background-media":"","overlay-type":"","overlay-color":"","overlay-opacity":"","overlay-gradient":""},"tablet":{"background-color":"","background-image":"","background-repeat":"repeat","background-position":"center center","background-size":"auto","background-attachment":"scroll","background-type":"","background-media":"","overlay-type":"","overlay-color":"","overlay-opacity":"","overlay-gradient":""},"mobile":{"background-color":"","background-image":"","background-repeat":"repeat","background-position":"center center","background-size":"auto","background-attachment":"scroll","background-type":"","background-media":"","overlay-type":"","overlay-color":"","overlay-opacity":"","overlay-gradient":""}},"ast-content-background-meta":{"desktop":{"background-color":"var(--ast-global-color-4)","background-image":"","background-repeat":"repeat","background-position":"center center","background-size":"auto","background-attachment":"scroll","background-type":"","background-media":"","overlay-type":"","overlay-color":"","overlay-opacity":"","overlay-gradient":""},"tablet":{"background-color":"var(--ast-global-color-4)","background-image":"","background-repeat":"repeat","background-position":"center center","background-size":"auto","background-attachment":"scroll","background-type":"","background-media":"","overlay-type":"","overlay-color":"","overlay-opacity":"","overlay-gradient":""},"mobile":{"background-color":"var(--ast-global-color-4)","background-image":"","background-repeat":"repeat","background-position":"center center","background-size":"auto","background-attachment":"scroll","background-type":"","background-media":"","overlay-type":"","overlay-color":"","overlay-opacity":"","overlay-gradient":""}},"footnotes":""},"class_list":["post-42533","page","type-page","status-publish","hentry"],"_links":{"self":[{"href":"https:\/\/mavideniz.com.tr\/fr\/wp-json\/wp\/v2\/pages\/42533","targetHints":{"allow":["GET"]}}],"collection":[{"href":"https:\/\/mavideniz.com.tr\/fr\/wp-json\/wp\/v2\/pages"}],"about":[{"href":"https:\/\/mavideniz.com.tr\/fr\/wp-json\/wp\/v2\/types\/page"}],"author":[{"embeddable":true,"href":"https:\/\/mavideniz.com.tr\/fr\/wp-json\/wp\/v2\/users\/1"}],"replies":[{"embeddable":true,"href":"https:\/\/mavideniz.com.tr\/fr\/wp-json\/wp\/v2\/comments?post=42533"}],"version-history":[{"count":0,"href":"https:\/\/mavideniz.com.tr\/fr\/wp-json\/wp\/v2\/pages\/42533\/revisions"}],"up":[{"embeddable":true,"href":"https:\/\/mavideniz.com.tr\/fr\/wp-json\/wp\/v2\/pages\/42528"}],"wp:attachment":[{"href":"https:\/\/mavideniz.com.tr\/fr\/wp-json\/wp\/v2\/media?parent=42533"}],"curies":[{"name":"wp","href":"https:\/\/api.w.org\/{rel}","templated":true}]}}