{"id":42544,"date":"2022-10-29T15:14:13","date_gmt":"2022-10-29T15:14:13","guid":{"rendered":"https:\/\/mavideniz.com.tr\/?page_id=42544"},"modified":"2022-10-29T15:14:17","modified_gmt":"2022-10-29T15:14:17","slug":"planification-de-linstallation-de-la-barriere-de-dechets","status":"publish","type":"page","link":"https:\/\/mavideniz.com.tr\/fr\/services-mavi-deniz\/preparation-a-la-pollution\/planification-de-linstallation-de-la-barriere-de-dechets\/","title":{"rendered":"Planification de l&rsquo;installation de la barri\u00e8re de d\u00e9chets"},"content":{"rendered":"\n<p>Le service de planification de l&rsquo;installation de la poubelle est essentiel pour ne pas \u00e9chouer apr\u00e8s l&rsquo;installation de la poubelle. De ce fait, nous organisons des phases et des \u00e9tapes.<\/p>\n<p><strong>Phase et \u00e9tapes de planification de l&rsquo;installation de la barri\u00e8re<\/strong><\/p>\n<ul>\n<li>Phase I &#8211; \u00c9tudes hydrologiques, topog\u00e9od\u00e9siques, bathym\u00e9triques, g\u00e9ologiques et ichtyofaunistiques;<\/li>\n<li>Phase II &#8211; S\u00e9lection des \u00e9quipements non conventionnels et des installations de nettoyage des voiles, analyse technico-\u00e9conomique et valeurs \u200b\u200bdes options s\u00e9lectionn\u00e9es ;<\/li>\n<li>Phase II &#8211; Pr\u00e9paration des exigences et des sp\u00e9cifications techniques pour les options s\u00e9lectionn\u00e9es pour l&rsquo;appel d&rsquo;offres relatif \u00e0 la fourniture et \u00e0 l&rsquo;installation ;<\/li>\n<li>\u00c9tape IV &#8211; Participation aux propositions techniques et financi\u00e8res des soumissionnaires participant \u00e0 l&rsquo;appel d&rsquo;offres pour la livraison de structures non conformes et d&rsquo;installations de nettoyage des voiles<\/li>\n<\/ul>\n<p>Apr\u00e8s l&rsquo;ach\u00e8vement de la phase et de l&rsquo;\u00e9tape, Mavideniz soumet le rapport technique ; avec ce rapport, vous obtiendrez la meilleure option \/ optimale pour la mise en oeuvre de la barri\u00e8re \u00e0 d\u00e9chets sur la base de l&rsquo;\u00e9valuation \u00e9conomique des alternatives, le b\u00e9n\u00e9fice \u00e9conomique (EIRR), la valeur actuelle nette (VAN), obtiendrez le type et la sp\u00e9cification des machines de nettoyage \/ collecte des d\u00e9chets ou navire s\u00e9lectionn\u00e9 sur les rivi\u00e8res et obtiendra de plus en plus d&rsquo;informations.<\/p>\n","protected":false},"excerpt":{"rendered":"<p>Le service de planification de l&rsquo;installation de la poubelle est essentiel pour ne pas \u00e9chouer apr\u00e8s l&rsquo;installation de la poubelle. [&hellip;]<\/p>\n","protected":false},"author":1,"featured_media":0,"parent":42528,"menu_order":0,"comment_status":"closed","ping_status":"closed","template":"","meta":{"site-sidebar-layout":"default","site-content-layout":"","ast-site-content-layout":"default","site-content-style":"default","site-sidebar-style":"default","ast-global-header-display":"","ast-banner-title-visibility":"","ast-main-header-display":"","ast-hfb-above-header-display":"","ast-hfb-below-header-display":"","ast-hfb-mobile-header-display":"","site-post-title":"","ast-breadcrumbs-content":"","ast-featured-img":"","footer-sml-layout":"","ast-disable-related-posts":"","theme-transparent-header-meta":"","adv-header-id-meta":"","stick-header-meta":"","header-above-stick-meta":"","header-main-stick-meta":"","header-below-stick-meta":"","astra-migrate-meta-layouts":"default","ast-page-background-enabled":"default","ast-page-background-meta":{"desktop":{"background-color":"var(--ast-global-color-5)","background-image":"","background-repeat":"repeat","background-position":"center center","background-size":"auto","background-attachment":"scroll","background-type":"","background-media":"","overlay-type":"","overlay-color":"","overlay-opacity":"","overlay-gradient":""},"tablet":{"background-color":"","background-image":"","background-repeat":"repeat","background-position":"center center","background-size":"auto","background-attachment":"scroll","background-type":"","background-media":"","overlay-type":"","overlay-color":"","overlay-opacity":"","overlay-gradient":""},"mobile":{"background-color":"","background-image":"","background-repeat":"repeat","background-position":"center center","background-size":"auto","background-attachment":"scroll","background-type":"","background-media":"","overlay-type":"","overlay-color":"","overlay-opacity":"","overlay-gradient":""}},"ast-content-background-meta":{"desktop":{"background-color":"var(--ast-global-color-4)","background-image":"","background-repeat":"repeat","background-position":"center center","background-size":"auto","background-attachment":"scroll","background-type":"","background-media":"","overlay-type":"","overlay-color":"","overlay-opacity":"","overlay-gradient":""},"tablet":{"background-color":"var(--ast-global-color-4)","background-image":"","background-repeat":"repeat","background-position":"center center","background-size":"auto","background-attachment":"scroll","background-type":"","background-media":"","overlay-type":"","overlay-color":"","overlay-opacity":"","overlay-gradient":""},"mobile":{"background-color":"var(--ast-global-color-4)","background-image":"","background-repeat":"repeat","background-position":"center center","background-size":"auto","background-attachment":"scroll","background-type":"","background-media":"","overlay-type":"","overlay-color":"","overlay-opacity":"","overlay-gradient":""}},"footnotes":""},"class_list":["post-42544","page","type-page","status-publish","hentry"],"_links":{"self":[{"href":"https:\/\/mavideniz.com.tr\/fr\/wp-json\/wp\/v2\/pages\/42544","targetHints":{"allow":["GET"]}}],"collection":[{"href":"https:\/\/mavideniz.com.tr\/fr\/wp-json\/wp\/v2\/pages"}],"about":[{"href":"https:\/\/mavideniz.com.tr\/fr\/wp-json\/wp\/v2\/types\/page"}],"author":[{"embeddable":true,"href":"https:\/\/mavideniz.com.tr\/fr\/wp-json\/wp\/v2\/users\/1"}],"replies":[{"embeddable":true,"href":"https:\/\/mavideniz.com.tr\/fr\/wp-json\/wp\/v2\/comments?post=42544"}],"version-history":[{"count":0,"href":"https:\/\/mavideniz.com.tr\/fr\/wp-json\/wp\/v2\/pages\/42544\/revisions"}],"up":[{"embeddable":true,"href":"https:\/\/mavideniz.com.tr\/fr\/wp-json\/wp\/v2\/pages\/42528"}],"wp:attachment":[{"href":"https:\/\/mavideniz.com.tr\/fr\/wp-json\/wp\/v2\/media?parent=42544"}],"curies":[{"name":"wp","href":"https:\/\/api.w.org\/{rel}","templated":true}]}}