{"id":42554,"date":"2022-10-29T15:19:48","date_gmt":"2022-10-29T15:19:48","guid":{"rendered":"https:\/\/mavideniz.com.tr\/?page_id=42554"},"modified":"2022-10-29T15:19:52","modified_gmt":"2022-10-29T15:19:52","slug":"nettoyage-du-littoral-de-la-plage","status":"publish","type":"page","link":"https:\/\/mavideniz.com.tr\/fr\/services-mavi-deniz\/nettoyage-du-littoral-de-la-plage\/","title":{"rendered":"Nettoyage du littoral + de la plage"},"content":{"rendered":"\n<p>Selon les caract\u00e9ristiques du site, le nettoyage des plages et des rivages pollu\u00e9s n\u00e9cessite des techniques et des m\u00e9thodes sp\u00e9cifiques.Avec les op\u00e9rations de nettoyage des rivages ou de nettoyage des plages, nous utilisons Manuel Cleanup + Equipement m\u00e9canique et Machines m\u00e9caniques<\/p>\n<p>Des m\u00e9thodes uniques efficaces peuvent \u00eatre impossibles et inutiles dans les zones sensibles sur le plan environnemental, et les op\u00e9rations de nettoyage doivent \u00eatre explicitement con\u00e7ues pour chaque cas. Les sites sont souvent difficiles d&rsquo;acc\u00e8s, et des diff\u00e9rences importantes entre la mar\u00e9e haute et la mar\u00e9e basse peuvent compliquer les op\u00e9rations.<\/p>\n<p>Le type de rivage joue un r\u00f4le essentiel dans la d\u00e9termination des techniques de nettoyage les plus appropri\u00e9es qui pourraient \u00eatre les plus appropri\u00e9es pour enlever les d\u00e9bris. Compte tenu du nettoyage d&rsquo;un type de rivage particulier, trois facteurs sont essentiels : le niveau d&rsquo;utilisation des am\u00e9nagements, la sensibilit\u00e9 environnementale et l&rsquo;exposition du rivage \u00e0 l&rsquo;action de nettoyage naturel.<\/p>\n<p>L&rsquo;\u00e9quipe de gestion doit tenir compte des diverses utilisations locales du milieu marin, comme les loisirs, le tourisme, les p\u00eaches, l&rsquo;industrie et la conservation marine. Une bonne organisation de la main-d&rsquo;oeuvre et des activit\u00e9s sur le littoral est \u00e9galement cruciale. Le nettoyage est effectu\u00e9 de la mani\u00e8re la plus s\u00fbre et la plus efficace, et les impacts environnementaux disproportionn\u00e9s sont \u00e9vit\u00e9s. Un plan d&rsquo;urgence bien con\u00e7u, int\u00e9grant un haut degr\u00e9 de connaissance locale, peut grandement aider la gestion et l&rsquo;organisation r\u00e9ussies d&rsquo;un nettoyage des rives.<\/p>\n<p>Les d\u00e9chets constituent un probl\u00e8me critique auquel sont confront\u00e9s tous les cours d&rsquo;eau, les plages, des lacs et des rivi\u00e8res \u00e0 tous les littoraux oc\u00e9aniques. Les op\u00e9rations de nettoyage de la plage les plus couramment trouv\u00e9s liti\u00e8re : Cigarette, Emballages alimentaires et conteneurs, Sacs (plastique), Caps \/ couvercles, Bouteilles de boisson (plastique), Boissons en canettes, tasses, assiettes, fourchettes, couteaux, cuill\u00e8res, pailles, agitateurs, bouteilles de boisson (verre), emballage de tabac \/ enveloppements, Conseils de cigare v.b. &#8230;<\/p>\n<p>Une machine de nettoyage de plage est un v\u00e9hicule qui tra\u00eene un dispositif de ratissage ou de criblage sur le sable de plage pour enlever les d\u00e9chets et autres mati\u00e8res \u00e9trang\u00e8res. Il s&rsquo;agit de v\u00e9hicules \u00e0 traction manuelle sur chenilles ou roues ou tract\u00e9s par un quad ou un tracteur. Les villes baln\u00e9aires utilisent des machines de nettoyage des plages pour lutter contre les probl\u00e8mes de d\u00e9chets laiss\u00e9s par les usagers, et d&rsquo;autres pollutions emport\u00e9es sur leurs rivages. Une des t\u00e2ches principales dans les strat\u00e9gies de nettoyage des plages est de trouver la meilleure fa\u00e7on de g\u00e9rer les d\u00e9chets de la plage, en tenant compte de l&rsquo;\u00e9rosion des plages et en changeant le terrain.<\/p>\n<p>Les machines de nettoyage de plage collectent le sable \u00e0 travers un m\u00e9canisme de ramassage ou de tra\u00een\u00e9e, puis r\u00e2telent ou tamisent tout ce qui est assez grand pour \u00eatre consid\u00e9r\u00e9 comme \u00e9tranger, y compris les b\u00e2tons, les pierres, les ordures, les seringues et d&rsquo;autres articles. Des applications similaires comprennent des plages de lac et des champs pour le volley de plage et la maternelle et des terrains de jeu sablonneux.<\/p>\n<p>Les machines de nettoyage de plage sont utilis\u00e9es dans le monde entier pour assurer la s\u00e9curit\u00e9 et le bonheur des vacanciers. Les municipalit\u00e9s et les centres de vill\u00e9giature peuvent maintenir leurs plages avec moins d&rsquo;heures investies en enlevant les d\u00e9chets, les algues ind\u00e9sirables et d&rsquo;autres d\u00e9bris de la plage.<\/p>\n<p>En plus de leur utilisation r\u00e9guli\u00e8re pour l&rsquo;enl\u00e8vement des ordures, les nettoyeurs de plages et de sable ont \u00e9t\u00e9 utilis\u00e9s pour nettoyer apr\u00e8s des catastrophes naturelles.<\/p>\n<p>Par exemple :<\/p>\n<p>\u00c0 Galveston, au Texas, les faibles niveaux d&rsquo;oxyg\u00e8ne dans l&rsquo;eau ont entra\u00een\u00e9 le d\u00e9versement de milliers de poissons morts. Des nettoyeurs \u00e0 sable \u00e0 r\u00e2teau ont ensuite \u00e9t\u00e9 utilis\u00e9s pour retirer les poissons en d\u00e9composition de la plage avant de lib\u00e9rer des toxines excessives dans l&rsquo;air, le sable et l&rsquo;eau.<\/p>\n<p>Les Jeux Olympiques de 2008 ont vu la premi\u00e8re t\u00e9l\u00e9commande Sabonis pour les terrains de beach-volley dans le parc Chaoyang de P\u00e9kin.<\/p>\n<p>Apr\u00e8s la mar\u00e9e noire de Deepwater Horizon, le nettoyage a donn\u00e9 lieu \u00e0 d&rsquo;importantes applications de nettoyeurs de sable dans la r\u00e9gion[1]. De m\u00eame, la mar\u00e9e noire de Rena en Nouvelle-Z\u00e9lande a vu des nettoyeurs de plages d\u00e9ploy\u00e9s pour enlever le sable fabriqu\u00e9.<\/p>\n<p>Les professionnels de Mavi Deniz sont form\u00e9s pour intervenir en cas de d\u00e9versements dans des sites difficiles d&rsquo;acc\u00e8s, tels que les hautes falaises et les fonds marins.<\/p>\n<p>Mavi Deniz a de l&rsquo;exp\u00e9rience dans le nettoyage des rivi\u00e8res jusqu&rsquo;\u00e0 la mer et a un contrat p\u00e9riodique avec les gouvernements locaux et les municipalit\u00e9s pour nettoyer la plage, la lagune, les lacs, les marinas et les zones portuaires. Nettoyage et d\u00e9pollution des c\u00f4tes (plages, rivages rocheux et docks).<\/p>\n<p>Les zones touristiques b\u00e9n\u00e9ficient \u00e9galement d&rsquo;un type de service similaire, y compris le nettoyage p\u00e9riodique et la pr\u00e9paration pour faire face \u00e0 un \u00e9ventuel incident de pollution.<\/p>\n","protected":false},"excerpt":{"rendered":"<p>Selon les caract\u00e9ristiques du site, le nettoyage des plages et des rivages pollu\u00e9s n\u00e9cessite des techniques et des m\u00e9thodes sp\u00e9cifiques.Avec [&hellip;]<\/p>\n","protected":false},"author":1,"featured_media":0,"parent":41771,"menu_order":0,"comment_status":"closed","ping_status":"closed","template":"","meta":{"site-sidebar-layout":"default","site-content-layout":"","ast-site-content-layout":"default","site-content-style":"default","site-sidebar-style":"default","ast-global-header-display":"","ast-banner-title-visibility":"","ast-main-header-display":"","ast-hfb-above-header-display":"","ast-hfb-below-header-display":"","ast-hfb-mobile-header-display":"","site-post-title":"","ast-breadcrumbs-content":"","ast-featured-img":"","footer-sml-layout":"","ast-disable-related-posts":"","theme-transparent-header-meta":"","adv-header-id-meta":"","stick-header-meta":"","header-above-stick-meta":"","header-main-stick-meta":"","header-below-stick-meta":"","astra-migrate-meta-layouts":"default","ast-page-background-enabled":"default","ast-page-background-meta":{"desktop":{"background-color":"var(--ast-global-color-5)","background-image":"","background-repeat":"repeat","background-position":"center center","background-size":"auto","background-attachment":"scroll","background-type":"","background-media":"","overlay-type":"","overlay-color":"","overlay-opacity":"","overlay-gradient":""},"tablet":{"background-color":"","background-image":"","background-repeat":"repeat","background-position":"center center","background-size":"auto","background-attachment":"scroll","background-type":"","background-media":"","overlay-type":"","overlay-color":"","overlay-opacity":"","overlay-gradient":""},"mobile":{"background-color":"","background-image":"","background-repeat":"repeat","background-position":"center center","background-size":"auto","background-attachment":"scroll","background-type":"","background-media":"","overlay-type":"","overlay-color":"","overlay-opacity":"","overlay-gradient":""}},"ast-content-background-meta":{"desktop":{"background-color":"var(--ast-global-color-4)","background-image":"","background-repeat":"repeat","background-position":"center center","background-size":"auto","background-attachment":"scroll","background-type":"","background-media":"","overlay-type":"","overlay-color":"","overlay-opacity":"","overlay-gradient":""},"tablet":{"background-color":"var(--ast-global-color-4)","background-image":"","background-repeat":"repeat","background-position":"center center","background-size":"auto","background-attachment":"scroll","background-type":"","background-media":"","overlay-type":"","overlay-color":"","overlay-opacity":"","overlay-gradient":""},"mobile":{"background-color":"var(--ast-global-color-4)","background-image":"","background-repeat":"repeat","background-position":"center center","background-size":"auto","background-attachment":"scroll","background-type":"","background-media":"","overlay-type":"","overlay-color":"","overlay-opacity":"","overlay-gradient":""}},"footnotes":""},"class_list":["post-42554","page","type-page","status-publish","hentry"],"_links":{"self":[{"href":"https:\/\/mavideniz.com.tr\/fr\/wp-json\/wp\/v2\/pages\/42554","targetHints":{"allow":["GET"]}}],"collection":[{"href":"https:\/\/mavideniz.com.tr\/fr\/wp-json\/wp\/v2\/pages"}],"about":[{"href":"https:\/\/mavideniz.com.tr\/fr\/wp-json\/wp\/v2\/types\/page"}],"author":[{"embeddable":true,"href":"https:\/\/mavideniz.com.tr\/fr\/wp-json\/wp\/v2\/users\/1"}],"replies":[{"embeddable":true,"href":"https:\/\/mavideniz.com.tr\/fr\/wp-json\/wp\/v2\/comments?post=42554"}],"version-history":[{"count":0,"href":"https:\/\/mavideniz.com.tr\/fr\/wp-json\/wp\/v2\/pages\/42554\/revisions"}],"up":[{"embeddable":true,"href":"https:\/\/mavideniz.com.tr\/fr\/wp-json\/wp\/v2\/pages\/41771"}],"wp:attachment":[{"href":"https:\/\/mavideniz.com.tr\/fr\/wp-json\/wp\/v2\/media?parent=42554"}],"curies":[{"name":"wp","href":"https:\/\/api.w.org\/{rel}","templated":true}]}}