{"id":42669,"date":"2020-10-07T17:26:00","date_gmt":"2020-10-07T17:26:00","guid":{"rendered":"https:\/\/mavideniz.com.tr\/?page_id=42669"},"modified":"2024-04-22T20:18:11","modified_gmt":"2024-04-22T20:18:11","slug":"operation-dintervention-en-cas-de-deversement-dhydrocarbures-par-fast-ferry","status":"publish","type":"page","link":"https:\/\/mavideniz.com.tr\/fr\/services-mavi-deniz\/intervention-7-24-en-cas-de-deversement-dhydrocarbures\/operations-gestion-de-la-lutte-contre-les-deversements-dhydrocarbures\/operation-dintervention-en-cas-de-deversement-dhydrocarbures-par-fast-ferry\/","title":{"rendered":"Op\u00e9ration d&rsquo;intervention en cas de d\u00e9versement d&rsquo;hydrocarbures par Fast Ferry"},"content":{"rendered":"<p>Le 7 octobre 2020, la compagnie \u0130DO-Istanbul Sea Buses a atteint la jet\u00e9e \u0130DO-Bostanc\u0131 avec tout l&rsquo;\u00e9quipement et le personnel n\u00e9cessaires pour effectuer l&rsquo;intervention requise vers 21h30, \u00e0 la demande d&rsquo;une intervention \u00e0 la pollution marine v\u00e9cue \u00e0 la jet\u00e9e \u0130DO-Bostanc\u0131.<\/p>\n<p>Il a \u00e9t\u00e9 constat\u00e9 que la pollution marine a \u00e9t\u00e9 emport\u00e9e dans la zone contr\u00f4l\u00e9e avec la barri\u00e8re \u00e0 combustible retir\u00e9e, et des travaux de nettoyage ont \u00e9t\u00e9 commenc\u00e9s dans la zone.<\/p>\n<p>Avec l&rsquo;\u00e9quipe de nettoyage de 8 personnes et l&rsquo;\u00e9quipement d&rsquo;intervention, notre personnel de l&rsquo;entreprise a effectu\u00e9 r\u00e9guli\u00e8rement des travaux de contr\u00f4le de la pollution, d&rsquo;analyse de la pollution et de nettoyage.<\/p>\n<p>Lors des travaux de nettoyage effectu\u00e9s par notre soci\u00e9t\u00e9, la Garde c\u00f4ti\u00e8re TCSG-10, et IMM. Le bateau de protection et de contr\u00f4le de l&rsquo;environnement a constamment surveill\u00e9 la sc\u00e8ne du crime pendant les interventions, les \u00e9valuations de la situation et les \u00e9changes d&rsquo;id\u00e9es avec toutes les parties, en particulier les responsables de l&rsquo;OID. La surface de la mer, les navires, la roche et les quais ont \u00e9t\u00e9 nettoy\u00e9s en trois jours.<\/p>\n","protected":false},"excerpt":{"rendered":"<p>Le 7 octobre 2020, la compagnie \u0130DO-Istanbul Sea Buses a atteint la jet\u00e9e \u0130DO-Bostanc\u0131 avec tout l&rsquo;\u00e9quipement et le personnel [&hellip;]<\/p>\n","protected":false},"author":1,"featured_media":0,"parent":42477,"menu_order":0,"comment_status":"closed","ping_status":"closed","template":"","meta":{"site-sidebar-layout":"default","site-content-layout":"","ast-site-content-layout":"default","site-content-style":"default","site-sidebar-style":"default","ast-global-header-display":"","ast-banner-title-visibility":"","ast-main-header-display":"","ast-hfb-above-header-display":"","ast-hfb-below-header-display":"","ast-hfb-mobile-header-display":"","site-post-title":"","ast-breadcrumbs-content":"","ast-featured-img":"","footer-sml-layout":"","ast-disable-related-posts":"","theme-transparent-header-meta":"","adv-header-id-meta":"","stick-header-meta":"","header-above-stick-meta":"","header-main-stick-meta":"","header-below-stick-meta":"","astra-migrate-meta-layouts":"default","ast-page-background-enabled":"default","ast-page-background-meta":{"desktop":{"background-color":"var(--ast-global-color-5)","background-image":"","background-repeat":"repeat","background-position":"center center","background-size":"auto","background-attachment":"scroll","background-type":"","background-media":"","overlay-type":"","overlay-color":"","overlay-opacity":"","overlay-gradient":""},"tablet":{"background-color":"","background-image":"","background-repeat":"repeat","background-position":"center center","background-size":"auto","background-attachment":"scroll","background-type":"","background-media":"","overlay-type":"","overlay-color":"","overlay-opacity":"","overlay-gradient":""},"mobile":{"background-color":"","background-image":"","background-repeat":"repeat","background-position":"center center","background-size":"auto","background-attachment":"scroll","background-type":"","background-media":"","overlay-type":"","overlay-color":"","overlay-opacity":"","overlay-gradient":""}},"ast-content-background-meta":{"desktop":{"background-color":"var(--ast-global-color-4)","background-image":"","background-repeat":"repeat","background-position":"center center","background-size":"auto","background-attachment":"scroll","background-type":"","background-media":"","overlay-type":"","overlay-color":"","overlay-opacity":"","overlay-gradient":""},"tablet":{"background-color":"var(--ast-global-color-4)","background-image":"","background-repeat":"repeat","background-position":"center center","background-size":"auto","background-attachment":"scroll","background-type":"","background-media":"","overlay-type":"","overlay-color":"","overlay-opacity":"","overlay-gradient":""},"mobile":{"background-color":"var(--ast-global-color-4)","background-image":"","background-repeat":"repeat","background-position":"center center","background-size":"auto","background-attachment":"scroll","background-type":"","background-media":"","overlay-type":"","overlay-color":"","overlay-opacity":"","overlay-gradient":""}},"footnotes":""},"class_list":["post-42669","page","type-page","status-publish","hentry"],"_links":{"self":[{"href":"https:\/\/mavideniz.com.tr\/fr\/wp-json\/wp\/v2\/pages\/42669","targetHints":{"allow":["GET"]}}],"collection":[{"href":"https:\/\/mavideniz.com.tr\/fr\/wp-json\/wp\/v2\/pages"}],"about":[{"href":"https:\/\/mavideniz.com.tr\/fr\/wp-json\/wp\/v2\/types\/page"}],"author":[{"embeddable":true,"href":"https:\/\/mavideniz.com.tr\/fr\/wp-json\/wp\/v2\/users\/1"}],"replies":[{"embeddable":true,"href":"https:\/\/mavideniz.com.tr\/fr\/wp-json\/wp\/v2\/comments?post=42669"}],"version-history":[{"count":0,"href":"https:\/\/mavideniz.com.tr\/fr\/wp-json\/wp\/v2\/pages\/42669\/revisions"}],"up":[{"embeddable":true,"href":"https:\/\/mavideniz.com.tr\/fr\/wp-json\/wp\/v2\/pages\/42477"}],"wp:attachment":[{"href":"https:\/\/mavideniz.com.tr\/fr\/wp-json\/wp\/v2\/media?parent=42669"}],"curies":[{"name":"wp","href":"https:\/\/api.w.org\/{rel}","templated":true}]}}