{"id":42674,"date":"2017-01-13T17:37:00","date_gmt":"2017-01-13T17:37:00","guid":{"rendered":"https:\/\/mavideniz.com.tr\/?page_id=42674"},"modified":"2024-04-22T20:21:18","modified_gmt":"2024-04-22T20:21:18","slug":"fuite-de-mazout-de-poliport-operation-de-nettoyage-de-deversement-dhydrocarbures","status":"publish","type":"page","link":"https:\/\/mavideniz.com.tr\/fr\/services-mavi-deniz\/intervention-7-24-en-cas-de-deversement-dhydrocarbures\/operations-gestion-de-la-lutte-contre-les-deversements-dhydrocarbures\/fuite-de-mazout-de-poliport-operation-de-nettoyage-de-deversement-dhydrocarbures\/","title":{"rendered":"Fuite de mazout de Poliport &#8211; Op\u00e9ration de nettoyage de d\u00e9versement d&rsquo;hydrocarbures"},"content":{"rendered":"<p>Environ 90 \u00e0 100 tonnes de mazout ont fui vers Izmit Bay \u00e0 partir des r\u00e9servoirs terrestres de Poliport. Pendant le transfert du mazout entre les r\u00e9servoirs, le mazout s&rsquo;est d\u00e9vers\u00e9 dans les bassins de s\u00e9curit\u00e9, s&rsquo;\u00e9coulant du bassin de s\u00e9curit\u00e9 vers le canal d&rsquo;eau de pluie, et la pollution de la mer s&rsquo;est produite de l\u00e0 \u00e0 la mer. En cons\u00e9quence, cela a caus\u00e9 la pollution du littoral de la baie d&rsquo;Izmit et a menac\u00e9 la vie marine. Izmit Bay a ferm\u00e9 l&rsquo;entr\u00e9e du port pour le transit des navires,<\/p>\n<p>\u00c9quipes d&rsquo;intervention en cas de d\u00e9versement de p\u00e9trole Mavi Deniz ( \u00c9quipe sur le rivage + \u00c9quipe en mer )<\/p>\n<p>En mer, les op\u00e9rations d&rsquo;intervention en cas de d\u00e9versement de p\u00e9trole ont principalement fonctionn\u00e9 dans le refuge Tav\u015fanc\u0131l Fisher, le port de Turkuaz et la zone de bou\u00e9e de Milangaz, principalement c\u00f4t\u00e9 navire, et la surface de la mer a \u00e9t\u00e9 nettoy\u00e9e des d\u00e9versements. Toutes les op\u00e9rations sont effectu\u00e9es par le bateau anti-pollution et l&rsquo;\u00e9quipage de Basaran 1. De plus, le Basaran 1 est le seul navire de r\u00e9cup\u00e9ration de p\u00e9trole qui peut recueillir du mazout \u00e0 la surface de la mer lors de l&rsquo;op\u00e9ration de d\u00e9versement de Poliport.<\/p>\n<p>L&rsquo;\u00e9quipe d&rsquo;intervention en cas de d\u00e9versement de p\u00e9trole a travaill\u00e9 sur la zone du refuge de p\u00eacheurs de Tav\u015fanc\u0131l. Surface de la mer et rivage nettoy\u00e9s<\/p>\n<p>En mer et sur le rivage, les op\u00e9rations sont men\u00e9es avec succ\u00e8s. Les d\u00e9chets des d\u00e9versements d&rsquo;hydrocarbures sont stock\u00e9s dans les barils. Les d\u00e9chets de d\u00e9versement d&rsquo;hydrocarbures collect\u00e9s ont \u00e9t\u00e9 livr\u00e9s aux v\u00e9hicules agr\u00e9\u00e9s pour \u00eatre \u00e9limin\u00e9s \u00e0 \u0130zayda\u015f, une installation agr\u00e9\u00e9e d&rsquo;\u00e9limination des d\u00e9chets.<\/p>\n","protected":false},"excerpt":{"rendered":"<p>Environ 90 \u00e0 100 tonnes de mazout ont fui vers Izmit Bay \u00e0 partir des r\u00e9servoirs terrestres de Poliport. Pendant [&hellip;]<\/p>\n","protected":false},"author":1,"featured_media":0,"parent":42477,"menu_order":0,"comment_status":"closed","ping_status":"closed","template":"","meta":{"site-sidebar-layout":"default","site-content-layout":"","ast-site-content-layout":"default","site-content-style":"default","site-sidebar-style":"default","ast-global-header-display":"","ast-banner-title-visibility":"","ast-main-header-display":"","ast-hfb-above-header-display":"","ast-hfb-below-header-display":"","ast-hfb-mobile-header-display":"","site-post-title":"","ast-breadcrumbs-content":"","ast-featured-img":"","footer-sml-layout":"","ast-disable-related-posts":"","theme-transparent-header-meta":"","adv-header-id-meta":"","stick-header-meta":"","header-above-stick-meta":"","header-main-stick-meta":"","header-below-stick-meta":"","astra-migrate-meta-layouts":"default","ast-page-background-enabled":"default","ast-page-background-meta":{"desktop":{"background-color":"var(--ast-global-color-5)","background-image":"","background-repeat":"repeat","background-position":"center center","background-size":"auto","background-attachment":"scroll","background-type":"","background-media":"","overlay-type":"","overlay-color":"","overlay-opacity":"","overlay-gradient":""},"tablet":{"background-color":"","background-image":"","background-repeat":"repeat","background-position":"center center","background-size":"auto","background-attachment":"scroll","background-type":"","background-media":"","overlay-type":"","overlay-color":"","overlay-opacity":"","overlay-gradient":""},"mobile":{"background-color":"","background-image":"","background-repeat":"repeat","background-position":"center center","background-size":"auto","background-attachment":"scroll","background-type":"","background-media":"","overlay-type":"","overlay-color":"","overlay-opacity":"","overlay-gradient":""}},"ast-content-background-meta":{"desktop":{"background-color":"var(--ast-global-color-4)","background-image":"","background-repeat":"repeat","background-position":"center center","background-size":"auto","background-attachment":"scroll","background-type":"","background-media":"","overlay-type":"","overlay-color":"","overlay-opacity":"","overlay-gradient":""},"tablet":{"background-color":"var(--ast-global-color-4)","background-image":"","background-repeat":"repeat","background-position":"center center","background-size":"auto","background-attachment":"scroll","background-type":"","background-media":"","overlay-type":"","overlay-color":"","overlay-opacity":"","overlay-gradient":""},"mobile":{"background-color":"var(--ast-global-color-4)","background-image":"","background-repeat":"repeat","background-position":"center center","background-size":"auto","background-attachment":"scroll","background-type":"","background-media":"","overlay-type":"","overlay-color":"","overlay-opacity":"","overlay-gradient":""}},"footnotes":""},"class_list":["post-42674","page","type-page","status-publish","hentry"],"_links":{"self":[{"href":"https:\/\/mavideniz.com.tr\/fr\/wp-json\/wp\/v2\/pages\/42674","targetHints":{"allow":["GET"]}}],"collection":[{"href":"https:\/\/mavideniz.com.tr\/fr\/wp-json\/wp\/v2\/pages"}],"about":[{"href":"https:\/\/mavideniz.com.tr\/fr\/wp-json\/wp\/v2\/types\/page"}],"author":[{"embeddable":true,"href":"https:\/\/mavideniz.com.tr\/fr\/wp-json\/wp\/v2\/users\/1"}],"replies":[{"embeddable":true,"href":"https:\/\/mavideniz.com.tr\/fr\/wp-json\/wp\/v2\/comments?post=42674"}],"version-history":[{"count":0,"href":"https:\/\/mavideniz.com.tr\/fr\/wp-json\/wp\/v2\/pages\/42674\/revisions"}],"up":[{"embeddable":true,"href":"https:\/\/mavideniz.com.tr\/fr\/wp-json\/wp\/v2\/pages\/42477"}],"wp:attachment":[{"href":"https:\/\/mavideniz.com.tr\/fr\/wp-json\/wp\/v2\/media?parent=42674"}],"curies":[{"name":"wp","href":"https:\/\/api.w.org\/{rel}","templated":true}]}}