{"id":42684,"date":"2017-07-27T18:18:00","date_gmt":"2017-07-27T18:18:00","guid":{"rendered":"https:\/\/mavideniz.com.tr\/?page_id=42684"},"modified":"2024-04-22T21:02:36","modified_gmt":"2024-04-22T21:02:36","slug":"operation-dintervention-en-cas-de-deversement-dhydrocarbures-grimaldi-napoli","status":"publish","type":"page","link":"https:\/\/mavideniz.com.tr\/fr\/services-mavi-deniz\/intervention-7-24-en-cas-de-deversement-dhydrocarbures\/operations-gestion-de-la-lutte-contre-les-deversements-dhydrocarbures\/operation-dintervention-en-cas-de-deversement-dhydrocarbures-grimaldi-napoli\/","title":{"rendered":"Op\u00e9ration d&rsquo;intervention en cas de d\u00e9versement d&rsquo;hydrocarbures Grimaldi Napoli"},"content":{"rendered":"<p><strong>R\u00e9action aux d\u00e9versements de produits chimiques au port de Haydarpasa<\/strong><\/p>\n<p>Des gr\u00ealons de la taille de balles de golf et des pluies torrentielles ont frapp\u00e9 Istanbul jeudi dans une temp\u00eate monstrueuse qui a inond\u00e9 les routes, abattu des arbres et paralys\u00e9 le trafic a\u00e9rien et les transports aux heures de pointe dans la plus grande ville de Turquie.<\/p>\n<p>Un violent orage a caus\u00e9 l&rsquo;effondrement d&rsquo;une grue et un incendie s&rsquo;est d\u00e9clar\u00e9 au port d&rsquo;Haydarpasa \u00e0 Istanbul le 27 juillet. La Grande grue s&rsquo;est renvers\u00e9e au port de Haydarpasa, pr\u00e8s du tunnel du Bosphore, provoquant une explosion et un incendie massif.<\/p>\n<p>Selon les informations de presse, des barils de p\u00e9trole ont renvers\u00e9 la grue et provoqu\u00e9 une explosion. Au moins une personne a \u00e9t\u00e9 bless\u00e9e dans l&rsquo;incendie, qui a \u00e9t\u00e9 ma\u00eetris\u00e9 par la suite.<\/p>\n<p>Apr\u00e8s l&rsquo;effondrement des grues, les fuites dans les conteneurs sur terre et les d\u00e9versements de produits chimiques vont \u00e0 l&rsquo;eau de mer dans la r\u00e9gion de la mer de Marmara pendant les intemp\u00e9ries. On estime qu&rsquo;une tonne de d\u00e9versement se produit au port. Mavi Deniz Tier 3 Oil Spill Equipment est en attente dans le port pour une urgence dans un conteneur d&rsquo;urgence de 40&Prime;. 100 m Oil Boom est lanc\u00e9 autour du port, et les tampons et les barri\u00e8res absorbant les produits chimiques, les kits de d\u00e9versement et les machines \u00e0 vide portables recueillent les produits chimiques sur la terre et l&rsquo;eau. Les d\u00e9chets dangereux sont transport\u00e9s \u00e0 l&rsquo;usine de r\u00e9ception des d\u00e9chets d&rsquo;Izaydas. Dans 2 semaines, l&rsquo;op\u00e9ration a \u00e9t\u00e9 termin\u00e9e.<\/p>\n<ol>\n<li><strong> \u00c9valuer et communiquer<\/strong><\/li>\n<\/ol>\n<p>En cas de d\u00e9versement, les travailleurs doivent avertir les autres personnes pr\u00e9sentes dans la zone d&rsquo;\u00e9vacuer ou de rester \u00e0 l&rsquo;\u00e9cart de l&rsquo;incident. Les employ\u00e9s devraient \u00e9galement communiquer avec le coordonnateur ou le gestionnaire des interventions d&rsquo;urgence de votre \u00e9tablissement. Une communication claire tout de suite assurera la s\u00e9curit\u00e9 de tous.<\/p>\n<p>Au cours de cette \u00e9tape, les employ\u00e9s doivent \u00e9viter la substance d\u00e9vers\u00e9e, car l&rsquo;intervention pourrait entra\u00eener des glissements et des chutes ou une exposition dangereuse au produit chimique.<\/p>\n<ol start=\"2\">\n<li><strong> Pr\u00e9parer<\/strong><\/li>\n<\/ol>\n<p>Se pr\u00e9parer \u00e0 nettoyer un d\u00e9versement de produits chimiques n\u00e9cessite deux types de pr\u00e9paration. Tout d&rsquo;abord, assurez-vous que la zone est bien a\u00e9r\u00e9e. Ceci est particuli\u00e8rement important, par exemple, si l&#8217;emplacement du d\u00e9versement est un espace confin\u00e9.<\/p>\n<p>Une fois que la zone est s\u00fbre, les responsables du nettoyage du d\u00e9versement devraient se procurer l&rsquo;un des trousses de d\u00e9versement de votre entreprise. (Assurez-vous d&rsquo;avoir \u00e0 port\u00e9e de main des trousses de d\u00e9versement en tout temps et dans des tailles appropri\u00e9es pour les incidents qui peuvent survenir dans votre installation.) Ensuite, les employ\u00e9s qui r\u00e9pondent au questionnaire devraient porter tout \u00e9quipement de protection individuelle (EPI) n\u00e9cessaire, y compris des lunettes, des gants, un blouse de laboratoire ou une combinaison de protection, et m\u00eame une protection respiratoire. La n\u00e9cessit\u00e9 ou non d&rsquo;un appareil respiratoire d\u00e9pendra de la quantit\u00e9 de produit chimique d\u00e9vers\u00e9e et de la quantit\u00e9 d\u00e9vers\u00e9e.<\/p>\n<ol start=\"3\">\n<li><strong> Arr\u00eater et contenir<\/strong><\/li>\n<\/ol>\n<p>Id\u00e9alement, les deux \u00e9tapes pr\u00e9c\u00e9dentes ont \u00e9t\u00e9 effectu\u00e9es rapidement afin de g\u00e9rer le d\u00e9versement le plus rapidement possible. Une fois pr\u00e9par\u00e9e, la personne qui intervient en cas de d\u00e9versement doit arr\u00eater l&rsquo;\u00e9coulement du liquide. Si un contenant est tomb\u00e9 et a renvers\u00e9 un produit chimique, c&rsquo;est aussi simple que de mettre le contenant en position verticale. Si un contenant a \u00e9t\u00e9 perfor\u00e9 ou s&rsquo;il fuit, le r\u00e9pondant peut placer un bouchon ou un mastic sur l&rsquo;ouverture ou placer un contenant propre sous la fuite. Cette \u00e9tape simple vous permettra de vous assurer que le d\u00e9versement est aussi petit que possible et qu&rsquo;il n&rsquo;a pas d&rsquo;impact sur les autres secteurs de votre installation.<\/p>\n<p>Utilisez ensuite les absorbants de la trousse de d\u00e9versement, comme les coussinets, les chaussettes et les oreillers. Dans le cas de certains produits chimiques, on peut \u00e9galement utiliser une poudre d&rsquo;acide ou de base neutralisante. Le personnel devrait commencer par placer les chaussettes absorbantes autour des bords du d\u00e9versement pour cr\u00e9er une digue, mais pas trop pr\u00e8s du produit chimique. Si le liquide s&rsquo;\u00e9coule rapidement, le fait de placer ces absorbeurs trop pr\u00e8s de l&rsquo;\u00e9coulement pourrait signifier qu&rsquo;ils ne peuvent contenir le d\u00e9versement. Une fois le liquide recueilli, le reste du produit chimique est recouvert de tampons absorbants.<\/p>\n<p>Enfin, tous les produits chimiques doivent \u00eatre tremp\u00e9s en utilisant le contenu absorbant appropri\u00e9 dans la trousse de d\u00e9versement. Utilisez les brosses, les cuill\u00e8res ou les poubelles fournies dans votre trousse de d\u00e9versement pour recueillir les mat\u00e9riaux.<\/p>\n<ol start=\"4\">\n<li><strong> Nettoyer<\/strong><\/li>\n<\/ol>\n<p>Une fois que le d\u00e9versement est tremp\u00e9, il est temps d&rsquo;\u00e9liminer ces d\u00e9chets correctement. Les tampons imbib\u00e9s de produits chimiques ne peuvent pas \u00eatre jet\u00e9s \u00e0 la poubelle, car certains d&rsquo;entre eux peuvent poser des probl\u00e8mes lorsqu&rsquo;ils sont m\u00e9lang\u00e9s \u00e0 d&rsquo;autres substances. Votre installation peut exiger que des d\u00e9chets dangereux soient plac\u00e9s dans des sacs ou des contenants sp\u00e9cifiques. Il est \u00e9galement possible d&rsquo;utiliser un seau de kit de d\u00e9versement pour contenir les produits chimiques. Dans les deux cas, apposez une \u00e9tiquette de d\u00e9chets dangereux sur le contenant et jetez-la par les voies appropri\u00e9es \u00e9tablies dans votre entreprise.<\/p>\n<p>Une fois que les d\u00e9chets ont \u00e9t\u00e9 \u00e9limin\u00e9s, la zone de d\u00e9versement doit \u00eatre nettoy\u00e9e \u00e0 l&rsquo;aide de savon et d&rsquo;eau pour \u00e9liminer les r\u00e9sidus chimiques. Cela aidera les autres employ\u00e9s \u00e0 retourner au travail en toute s\u00e9curit\u00e9.<\/p>\n<ol start=\"5\">\n<li><strong> Rapport<\/strong><\/li>\n<\/ol>\n<p>Une fois que le d\u00e9versement est nettoy\u00e9 et que tout est de nouveau sous contr\u00f4le, il est temps de documenter ce qui s&rsquo;est pass\u00e9 et de signaler le d\u00e9versement \u00e0 tous les organismes n\u00e9cessaires. Votre soci\u00e9t\u00e9 peut avoir des proc\u00e9dures sp\u00e9cifiques pour enregistrer l&rsquo;\u00e9v\u00e9nement en interne. Les organismes externes que vous devez aviser d\u00e9pendront du type de d\u00e9versement.<\/p>\n","protected":false},"excerpt":{"rendered":"<p>R\u00e9action aux d\u00e9versements de produits chimiques au port de Haydarpasa Des gr\u00ealons de la taille de balles de golf et [&hellip;]<\/p>\n","protected":false},"author":1,"featured_media":0,"parent":42477,"menu_order":0,"comment_status":"closed","ping_status":"closed","template":"","meta":{"site-sidebar-layout":"default","site-content-layout":"","ast-site-content-layout":"default","site-content-style":"default","site-sidebar-style":"default","ast-global-header-display":"","ast-banner-title-visibility":"","ast-main-header-display":"","ast-hfb-above-header-display":"","ast-hfb-below-header-display":"","ast-hfb-mobile-header-display":"","site-post-title":"","ast-breadcrumbs-content":"","ast-featured-img":"","footer-sml-layout":"","ast-disable-related-posts":"","theme-transparent-header-meta":"","adv-header-id-meta":"","stick-header-meta":"","header-above-stick-meta":"","header-main-stick-meta":"","header-below-stick-meta":"","astra-migrate-meta-layouts":"default","ast-page-background-enabled":"default","ast-page-background-meta":{"desktop":{"background-color":"var(--ast-global-color-5)","background-image":"","background-repeat":"repeat","background-position":"center center","background-size":"auto","background-attachment":"scroll","background-type":"","background-media":"","overlay-type":"","overlay-color":"","overlay-opacity":"","overlay-gradient":""},"tablet":{"background-color":"","background-image":"","background-repeat":"repeat","background-position":"center center","background-size":"auto","background-attachment":"scroll","background-type":"","background-media":"","overlay-type":"","overlay-color":"","overlay-opacity":"","overlay-gradient":""},"mobile":{"background-color":"","background-image":"","background-repeat":"repeat","background-position":"center center","background-size":"auto","background-attachment":"scroll","background-type":"","background-media":"","overlay-type":"","overlay-color":"","overlay-opacity":"","overlay-gradient":""}},"ast-content-background-meta":{"desktop":{"background-color":"var(--ast-global-color-4)","background-image":"","background-repeat":"repeat","background-position":"center center","background-size":"auto","background-attachment":"scroll","background-type":"","background-media":"","overlay-type":"","overlay-color":"","overlay-opacity":"","overlay-gradient":""},"tablet":{"background-color":"var(--ast-global-color-4)","background-image":"","background-repeat":"repeat","background-position":"center center","background-size":"auto","background-attachment":"scroll","background-type":"","background-media":"","overlay-type":"","overlay-color":"","overlay-opacity":"","overlay-gradient":""},"mobile":{"background-color":"var(--ast-global-color-4)","background-image":"","background-repeat":"repeat","background-position":"center center","background-size":"auto","background-attachment":"scroll","background-type":"","background-media":"","overlay-type":"","overlay-color":"","overlay-opacity":"","overlay-gradient":""}},"footnotes":""},"class_list":["post-42684","page","type-page","status-publish","hentry"],"_links":{"self":[{"href":"https:\/\/mavideniz.com.tr\/fr\/wp-json\/wp\/v2\/pages\/42684","targetHints":{"allow":["GET"]}}],"collection":[{"href":"https:\/\/mavideniz.com.tr\/fr\/wp-json\/wp\/v2\/pages"}],"about":[{"href":"https:\/\/mavideniz.com.tr\/fr\/wp-json\/wp\/v2\/types\/page"}],"author":[{"embeddable":true,"href":"https:\/\/mavideniz.com.tr\/fr\/wp-json\/wp\/v2\/users\/1"}],"replies":[{"embeddable":true,"href":"https:\/\/mavideniz.com.tr\/fr\/wp-json\/wp\/v2\/comments?post=42684"}],"version-history":[{"count":0,"href":"https:\/\/mavideniz.com.tr\/fr\/wp-json\/wp\/v2\/pages\/42684\/revisions"}],"up":[{"embeddable":true,"href":"https:\/\/mavideniz.com.tr\/fr\/wp-json\/wp\/v2\/pages\/42477"}],"wp:attachment":[{"href":"https:\/\/mavideniz.com.tr\/fr\/wp-json\/wp\/v2\/media?parent=42684"}],"curies":[{"name":"wp","href":"https:\/\/api.w.org\/{rel}","templated":true}]}}