{"id":42689,"date":"2004-12-18T18:37:00","date_gmt":"2004-12-18T18:37:00","guid":{"rendered":"https:\/\/mavideniz.com.tr\/?page_id=42689"},"modified":"2024-04-22T21:05:11","modified_gmt":"2024-04-22T21:05:11","slug":"m_t-british-enterprise-intervention-en-cas-de-deversement-dhydrocarbures","status":"publish","type":"page","link":"https:\/\/mavideniz.com.tr\/fr\/services-mavi-deniz\/intervention-7-24-en-cas-de-deversement-dhydrocarbures\/operations-gestion-de-la-lutte-contre-les-deversements-dhydrocarbures\/m_t-british-enterprise-intervention-en-cas-de-deversement-dhydrocarbures\/","title":{"rendered":"M_T BRITISH ENTERPRISE Intervention en cas de d\u00e9versement d&rsquo;hydrocarbures"},"content":{"rendered":"<p>Lieu de l&rsquo;accident : Ah\u0131rkap\u0131 Demir \/ Istanbul<\/p>\n<p>Notre \u00e9quipe d&rsquo;intervention d&rsquo;urgence en cas de mar\u00e9e noire a \u00e9t\u00e9 envoy\u00e9e sur les lieux o\u00f9 le M\/V BRITISH ENTERPRISE s&rsquo;est \u00e9chou\u00e9 pr\u00e8s de Yesilk\u00f6y dans la mer de Marmara le 16.02.2004 en raison de mauvaises conditions m\u00e9t\u00e9orologiques. 2450 tonnes de p\u00e9trole ont \u00e9t\u00e9 transport\u00e9es vers les autres petits p\u00e9troliers \u00e0 c\u00f4t\u00e9. Pendant plusieurs jours, les sauveteurs ont fait des pr\u00e9paratifs pour all\u00e9ger le navire afin qu&rsquo;une tentative de renflouement puisse \u00eatre faite, et l&rsquo;op\u00e9ration navire-navire STS a \u00e9t\u00e9 termin\u00e9e avec succ\u00e8s. Finalement, elle a \u00e9t\u00e9 relog\u00e9e avec succ\u00e8s et les op\u00e9rations d&rsquo;intervention de la soci\u00e9t\u00e9 Mavi Deniz Environmental Protection Services Corporation se sont poursuivies. Entre-temps, le navire \u00e9tait entour\u00e9 de barri\u00e8res gonflables de 600 m pour emp\u00eacher les fuites d&rsquo;huile \u00e0 la surface de la mer et l&rsquo;eau de ballast de 1000 tonnes \u00e9tait transport\u00e9e du p\u00e9trolier muni de navires de collecte des d\u00e9chets de cale \u00e0 l&rsquo;usine de recyclage des d\u00e9chets.<\/p>\n","protected":false},"excerpt":{"rendered":"<p>Lieu de l&rsquo;accident : Ah\u0131rkap\u0131 Demir \/ Istanbul Notre \u00e9quipe d&rsquo;intervention d&rsquo;urgence en cas de mar\u00e9e noire a \u00e9t\u00e9 envoy\u00e9e [&hellip;]<\/p>\n","protected":false},"author":1,"featured_media":0,"parent":42477,"menu_order":0,"comment_status":"closed","ping_status":"closed","template":"","meta":{"site-sidebar-layout":"default","site-content-layout":"","ast-site-content-layout":"default","site-content-style":"default","site-sidebar-style":"default","ast-global-header-display":"","ast-banner-title-visibility":"","ast-main-header-display":"","ast-hfb-above-header-display":"","ast-hfb-below-header-display":"","ast-hfb-mobile-header-display":"","site-post-title":"","ast-breadcrumbs-content":"","ast-featured-img":"","footer-sml-layout":"","ast-disable-related-posts":"","theme-transparent-header-meta":"","adv-header-id-meta":"","stick-header-meta":"","header-above-stick-meta":"","header-main-stick-meta":"","header-below-stick-meta":"","astra-migrate-meta-layouts":"default","ast-page-background-enabled":"default","ast-page-background-meta":{"desktop":{"background-color":"var(--ast-global-color-5)","background-image":"","background-repeat":"repeat","background-position":"center center","background-size":"auto","background-attachment":"scroll","background-type":"","background-media":"","overlay-type":"","overlay-color":"","overlay-opacity":"","overlay-gradient":""},"tablet":{"background-color":"","background-image":"","background-repeat":"repeat","background-position":"center center","background-size":"auto","background-attachment":"scroll","background-type":"","background-media":"","overlay-type":"","overlay-color":"","overlay-opacity":"","overlay-gradient":""},"mobile":{"background-color":"","background-image":"","background-repeat":"repeat","background-position":"center center","background-size":"auto","background-attachment":"scroll","background-type":"","background-media":"","overlay-type":"","overlay-color":"","overlay-opacity":"","overlay-gradient":""}},"ast-content-background-meta":{"desktop":{"background-color":"var(--ast-global-color-4)","background-image":"","background-repeat":"repeat","background-position":"center center","background-size":"auto","background-attachment":"scroll","background-type":"","background-media":"","overlay-type":"","overlay-color":"","overlay-opacity":"","overlay-gradient":""},"tablet":{"background-color":"var(--ast-global-color-4)","background-image":"","background-repeat":"repeat","background-position":"center center","background-size":"auto","background-attachment":"scroll","background-type":"","background-media":"","overlay-type":"","overlay-color":"","overlay-opacity":"","overlay-gradient":""},"mobile":{"background-color":"var(--ast-global-color-4)","background-image":"","background-repeat":"repeat","background-position":"center center","background-size":"auto","background-attachment":"scroll","background-type":"","background-media":"","overlay-type":"","overlay-color":"","overlay-opacity":"","overlay-gradient":""}},"footnotes":""},"class_list":["post-42689","page","type-page","status-publish","hentry"],"_links":{"self":[{"href":"https:\/\/mavideniz.com.tr\/fr\/wp-json\/wp\/v2\/pages\/42689","targetHints":{"allow":["GET"]}}],"collection":[{"href":"https:\/\/mavideniz.com.tr\/fr\/wp-json\/wp\/v2\/pages"}],"about":[{"href":"https:\/\/mavideniz.com.tr\/fr\/wp-json\/wp\/v2\/types\/page"}],"author":[{"embeddable":true,"href":"https:\/\/mavideniz.com.tr\/fr\/wp-json\/wp\/v2\/users\/1"}],"replies":[{"embeddable":true,"href":"https:\/\/mavideniz.com.tr\/fr\/wp-json\/wp\/v2\/comments?post=42689"}],"version-history":[{"count":0,"href":"https:\/\/mavideniz.com.tr\/fr\/wp-json\/wp\/v2\/pages\/42689\/revisions"}],"up":[{"embeddable":true,"href":"https:\/\/mavideniz.com.tr\/fr\/wp-json\/wp\/v2\/pages\/42477"}],"wp:attachment":[{"href":"https:\/\/mavideniz.com.tr\/fr\/wp-json\/wp\/v2\/media?parent=42689"}],"curies":[{"name":"wp","href":"https:\/\/api.w.org\/{rel}","templated":true}]}}