{"id":42694,"date":"2011-02-20T18:43:00","date_gmt":"2011-02-20T18:43:00","guid":{"rendered":"https:\/\/mavideniz.com.tr\/?page_id=42694"},"modified":"2024-04-22T21:11:26","modified_gmt":"2024-04-22T21:11:26","slug":"operation-de-lutte-contre-la-maree-noire-du-m_v-altenavi","status":"publish","type":"page","link":"https:\/\/mavideniz.com.tr\/fr\/services-mavi-deniz\/intervention-7-24-en-cas-de-deversement-dhydrocarbures\/operations-gestion-de-la-lutte-contre-les-deversements-dhydrocarbures\/operation-de-lutte-contre-la-maree-noire-du-m_v-altenavi\/","title":{"rendered":"Op\u00e9ration de lutte contre la mar\u00e9e noire du M_V ALTENAVI"},"content":{"rendered":"<p>Le port de Hereke Diler nomm\u00e9 M\/V Altenavi a d\u00e9vers\u00e9 du carburant provenant du d\u00e9bordement du navire \u00e0 pont durant le transfert de carburant. \u00c0 la suite de cet \u00e9v\u00e9nement, les ports, les navires et les c\u00f4tes ont \u00e9t\u00e9 contamin\u00e9s par du p\u00e9trole. Mavi Deniz Environmental Services Co. a mis en oeuvre une op\u00e9ration d&rsquo;intervention en cas de d\u00e9versement d&rsquo;hydrocarbures avec un navire de r\u00e9cup\u00e9ration d&rsquo;huile, une barri\u00e8re d&rsquo;huile, du personnel form\u00e9 et d&rsquo;autres \u00e9quipements en moins d&rsquo;une heure. Mer et nettoy\u00e9, et l&rsquo;op\u00e9ration a \u00e9t\u00e9 achev\u00e9e le 03.03.2011. Les d\u00e9chets collect\u00e9s ont \u00e9t\u00e9 soumis \u00e0 l&rsquo;installation d&rsquo;\u00e9limination des d\u00e9chets IZAYDAS.<\/p>\n","protected":false},"excerpt":{"rendered":"<p>Le port de Hereke Diler nomm\u00e9 M\/V Altenavi a d\u00e9vers\u00e9 du carburant provenant du d\u00e9bordement du navire \u00e0 pont durant [&hellip;]<\/p>\n","protected":false},"author":1,"featured_media":0,"parent":42477,"menu_order":0,"comment_status":"closed","ping_status":"closed","template":"","meta":{"site-sidebar-layout":"default","site-content-layout":"","ast-site-content-layout":"default","site-content-style":"default","site-sidebar-style":"default","ast-global-header-display":"","ast-banner-title-visibility":"","ast-main-header-display":"","ast-hfb-above-header-display":"","ast-hfb-below-header-display":"","ast-hfb-mobile-header-display":"","site-post-title":"","ast-breadcrumbs-content":"","ast-featured-img":"","footer-sml-layout":"","ast-disable-related-posts":"","theme-transparent-header-meta":"","adv-header-id-meta":"","stick-header-meta":"","header-above-stick-meta":"","header-main-stick-meta":"","header-below-stick-meta":"","astra-migrate-meta-layouts":"default","ast-page-background-enabled":"default","ast-page-background-meta":{"desktop":{"background-color":"var(--ast-global-color-5)","background-image":"","background-repeat":"repeat","background-position":"center center","background-size":"auto","background-attachment":"scroll","background-type":"","background-media":"","overlay-type":"","overlay-color":"","overlay-opacity":"","overlay-gradient":""},"tablet":{"background-color":"","background-image":"","background-repeat":"repeat","background-position":"center center","background-size":"auto","background-attachment":"scroll","background-type":"","background-media":"","overlay-type":"","overlay-color":"","overlay-opacity":"","overlay-gradient":""},"mobile":{"background-color":"","background-image":"","background-repeat":"repeat","background-position":"center center","background-size":"auto","background-attachment":"scroll","background-type":"","background-media":"","overlay-type":"","overlay-color":"","overlay-opacity":"","overlay-gradient":""}},"ast-content-background-meta":{"desktop":{"background-color":"var(--ast-global-color-4)","background-image":"","background-repeat":"repeat","background-position":"center center","background-size":"auto","background-attachment":"scroll","background-type":"","background-media":"","overlay-type":"","overlay-color":"","overlay-opacity":"","overlay-gradient":""},"tablet":{"background-color":"var(--ast-global-color-4)","background-image":"","background-repeat":"repeat","background-position":"center center","background-size":"auto","background-attachment":"scroll","background-type":"","background-media":"","overlay-type":"","overlay-color":"","overlay-opacity":"","overlay-gradient":""},"mobile":{"background-color":"var(--ast-global-color-4)","background-image":"","background-repeat":"repeat","background-position":"center center","background-size":"auto","background-attachment":"scroll","background-type":"","background-media":"","overlay-type":"","overlay-color":"","overlay-opacity":"","overlay-gradient":""}},"footnotes":""},"class_list":["post-42694","page","type-page","status-publish","hentry"],"_links":{"self":[{"href":"https:\/\/mavideniz.com.tr\/fr\/wp-json\/wp\/v2\/pages\/42694","targetHints":{"allow":["GET"]}}],"collection":[{"href":"https:\/\/mavideniz.com.tr\/fr\/wp-json\/wp\/v2\/pages"}],"about":[{"href":"https:\/\/mavideniz.com.tr\/fr\/wp-json\/wp\/v2\/types\/page"}],"author":[{"embeddable":true,"href":"https:\/\/mavideniz.com.tr\/fr\/wp-json\/wp\/v2\/users\/1"}],"replies":[{"embeddable":true,"href":"https:\/\/mavideniz.com.tr\/fr\/wp-json\/wp\/v2\/comments?post=42694"}],"version-history":[{"count":0,"href":"https:\/\/mavideniz.com.tr\/fr\/wp-json\/wp\/v2\/pages\/42694\/revisions"}],"up":[{"embeddable":true,"href":"https:\/\/mavideniz.com.tr\/fr\/wp-json\/wp\/v2\/pages\/42477"}],"wp:attachment":[{"href":"https:\/\/mavideniz.com.tr\/fr\/wp-json\/wp\/v2\/media?parent=42694"}],"curies":[{"name":"wp","href":"https:\/\/api.w.org\/{rel}","templated":true}]}}