{"id":42714,"date":"2004-02-28T19:23:00","date_gmt":"2004-02-28T19:23:00","guid":{"rendered":"https:\/\/mavideniz.com.tr\/?page_id=42714"},"modified":"2024-04-22T21:19:44","modified_gmt":"2024-04-22T21:19:44","slug":"operation-dintervention-en-cas-de-deversement-dhydrocarbures-m_v-endeavour","status":"publish","type":"page","link":"https:\/\/mavideniz.com.tr\/fr\/services-mavi-deniz\/intervention-7-24-en-cas-de-deversement-dhydrocarbures\/operations-gestion-de-la-lutte-contre-les-deversements-dhydrocarbures\/operation-dintervention-en-cas-de-deversement-dhydrocarbures-m_v-endeavour\/","title":{"rendered":"Op\u00e9ration d&rsquo;intervention en cas de d\u00e9versement d&rsquo;hydrocarbures M_V ENDEAVOUR"},"content":{"rendered":"<p>M\/V ENDEAVOR d\u00e9charger le mazout en mer pendant le soutage \u00e0 Derince, port p\u00e9trolier. Apr\u00e8s l&rsquo;accident, Mavi Deniz a mobilis\u00e9 l&rsquo;\u00e9quipement d&rsquo;intervention contre la pollution par les hydrocarbures ; en 2 heures, le d\u00e9versement a \u00e9t\u00e9 estim\u00e9 \u00e0 10 tonnes de mazout marin. Des barri\u00e8res anti-d\u00e9versement de 250 m sont d\u00e9ploy\u00e9es autour du navire. Oiler Port Authority demande \u00e9galement un service de nettoyage de la surface de la terre \u00e0 Mavi Deniz. Des bateaux de r\u00e9cup\u00e9ration des d\u00e9versements d&rsquo;hydrocarbures, des \u00e9cumeurs d&rsquo;hydrocarbures, des tampons d&rsquo;adsorption d&rsquo;hydrocarbures, des produits chimiques \u00e0 base d&rsquo;eau et des machines de chauffage ont \u00e9t\u00e9 utilis\u00e9s pour nettoyer la c\u00f4te et les roches. L&rsquo;op\u00e9ration de nettoyage d&rsquo;huile a lieu pendant un mois. Tous les d\u00e9chets huileux ont \u00e9t\u00e9 collect\u00e9s dans des f\u00fbts et transport\u00e9s par camion jusqu&rsquo;\u00e0 l&rsquo;usine d&rsquo;incin\u00e9ration agr\u00e9\u00e9e.<\/p>\n","protected":false},"excerpt":{"rendered":"<p>M\/V ENDEAVOR d\u00e9charger le mazout en mer pendant le soutage \u00e0 Derince, port p\u00e9trolier. Apr\u00e8s l&rsquo;accident, Mavi Deniz a mobilis\u00e9 [&hellip;]<\/p>\n","protected":false},"author":1,"featured_media":0,"parent":42477,"menu_order":0,"comment_status":"closed","ping_status":"closed","template":"","meta":{"site-sidebar-layout":"default","site-content-layout":"","ast-site-content-layout":"default","site-content-style":"default","site-sidebar-style":"default","ast-global-header-display":"","ast-banner-title-visibility":"","ast-main-header-display":"","ast-hfb-above-header-display":"","ast-hfb-below-header-display":"","ast-hfb-mobile-header-display":"","site-post-title":"","ast-breadcrumbs-content":"","ast-featured-img":"","footer-sml-layout":"","ast-disable-related-posts":"","theme-transparent-header-meta":"","adv-header-id-meta":"","stick-header-meta":"","header-above-stick-meta":"","header-main-stick-meta":"","header-below-stick-meta":"","astra-migrate-meta-layouts":"default","ast-page-background-enabled":"default","ast-page-background-meta":{"desktop":{"background-color":"var(--ast-global-color-5)","background-image":"","background-repeat":"repeat","background-position":"center center","background-size":"auto","background-attachment":"scroll","background-type":"","background-media":"","overlay-type":"","overlay-color":"","overlay-opacity":"","overlay-gradient":""},"tablet":{"background-color":"","background-image":"","background-repeat":"repeat","background-position":"center center","background-size":"auto","background-attachment":"scroll","background-type":"","background-media":"","overlay-type":"","overlay-color":"","overlay-opacity":"","overlay-gradient":""},"mobile":{"background-color":"","background-image":"","background-repeat":"repeat","background-position":"center center","background-size":"auto","background-attachment":"scroll","background-type":"","background-media":"","overlay-type":"","overlay-color":"","overlay-opacity":"","overlay-gradient":""}},"ast-content-background-meta":{"desktop":{"background-color":"var(--ast-global-color-4)","background-image":"","background-repeat":"repeat","background-position":"center center","background-size":"auto","background-attachment":"scroll","background-type":"","background-media":"","overlay-type":"","overlay-color":"","overlay-opacity":"","overlay-gradient":""},"tablet":{"background-color":"var(--ast-global-color-4)","background-image":"","background-repeat":"repeat","background-position":"center center","background-size":"auto","background-attachment":"scroll","background-type":"","background-media":"","overlay-type":"","overlay-color":"","overlay-opacity":"","overlay-gradient":""},"mobile":{"background-color":"var(--ast-global-color-4)","background-image":"","background-repeat":"repeat","background-position":"center center","background-size":"auto","background-attachment":"scroll","background-type":"","background-media":"","overlay-type":"","overlay-color":"","overlay-opacity":"","overlay-gradient":""}},"footnotes":""},"class_list":["post-42714","page","type-page","status-publish","hentry"],"_links":{"self":[{"href":"https:\/\/mavideniz.com.tr\/fr\/wp-json\/wp\/v2\/pages\/42714","targetHints":{"allow":["GET"]}}],"collection":[{"href":"https:\/\/mavideniz.com.tr\/fr\/wp-json\/wp\/v2\/pages"}],"about":[{"href":"https:\/\/mavideniz.com.tr\/fr\/wp-json\/wp\/v2\/types\/page"}],"author":[{"embeddable":true,"href":"https:\/\/mavideniz.com.tr\/fr\/wp-json\/wp\/v2\/users\/1"}],"replies":[{"embeddable":true,"href":"https:\/\/mavideniz.com.tr\/fr\/wp-json\/wp\/v2\/comments?post=42714"}],"version-history":[{"count":0,"href":"https:\/\/mavideniz.com.tr\/fr\/wp-json\/wp\/v2\/pages\/42714\/revisions"}],"up":[{"embeddable":true,"href":"https:\/\/mavideniz.com.tr\/fr\/wp-json\/wp\/v2\/pages\/42477"}],"wp:attachment":[{"href":"https:\/\/mavideniz.com.tr\/fr\/wp-json\/wp\/v2\/media?parent=42714"}],"curies":[{"name":"wp","href":"https:\/\/api.w.org\/{rel}","templated":true}]}}