{"id":42723,"date":"2004-09-25T19:32:00","date_gmt":"2004-09-25T19:32:00","guid":{"rendered":"https:\/\/mavideniz.com.tr\/?page_id=42723"},"modified":"2024-04-22T21:53:47","modified_gmt":"2024-04-22T21:53:47","slug":"operation-dintervention-en-cas-de-deversement-dhydrocarbures-m_v-granba","status":"publish","type":"page","link":"https:\/\/mavideniz.com.tr\/fr\/services-mavi-deniz\/intervention-7-24-en-cas-de-deversement-dhydrocarbures\/operations-gestion-de-la-lutte-contre-les-deversements-dhydrocarbures\/operation-dintervention-en-cas-de-deversement-dhydrocarbures-m_v-granba\/","title":{"rendered":"Op\u00e9ration d&rsquo;intervention en cas de d\u00e9versement d&rsquo;hydrocarbures M_V GRANBA"},"content":{"rendered":"<p>Le M\/V GRANBA a d\u00e9barqu\u00e9 \u00e0 02.00 pm sur la c\u00f4te d&rsquo;Assos. Le p\u00e9trolier mesure 89 m de long et est charg\u00e9 de 2 500 tonnes de p\u00e9trole. Ce travail n\u00e9cessite de l&rsquo;exp\u00e9rience, de l&rsquo;expertise, des pompes uniques et d&rsquo;autres \u00e9quipements fournis par l&rsquo;entreprise de sauvetage. Le propri\u00e9taire du navire choisit Mavi Deniz pour transborder l&rsquo;exploitation du p\u00e9trole de 2.500 tonnes \u00e0 un autre p\u00e9trolier qui vient \u00e0 c\u00f4t\u00e9. Dans le m\u00eame temps, l&rsquo;op\u00e9ration de limbo navire-\u00e0-navire est termin\u00e9e sans aucun probl\u00e8me sous la supervision de l&rsquo;organisme gouvernemental. Deux remorqueurs secourent le p\u00e9trolier. Tout l&rsquo;\u00e9quipement d&rsquo;urgence (pompes, bateaux, d\u00e9fenses, barrages p\u00e9troliers, main-d&rsquo;oeuvre, etc.) a \u00e9t\u00e9 fourni par Mavi Deniz.<\/p>\n","protected":false},"excerpt":{"rendered":"<p>Le M\/V GRANBA a d\u00e9barqu\u00e9 \u00e0 02.00 pm sur la c\u00f4te d&rsquo;Assos. Le p\u00e9trolier mesure 89 m de long et [&hellip;]<\/p>\n","protected":false},"author":1,"featured_media":0,"parent":42477,"menu_order":0,"comment_status":"closed","ping_status":"closed","template":"","meta":{"site-sidebar-layout":"default","site-content-layout":"","ast-site-content-layout":"default","site-content-style":"default","site-sidebar-style":"default","ast-global-header-display":"","ast-banner-title-visibility":"","ast-main-header-display":"","ast-hfb-above-header-display":"","ast-hfb-below-header-display":"","ast-hfb-mobile-header-display":"","site-post-title":"","ast-breadcrumbs-content":"","ast-featured-img":"","footer-sml-layout":"","ast-disable-related-posts":"","theme-transparent-header-meta":"","adv-header-id-meta":"","stick-header-meta":"","header-above-stick-meta":"","header-main-stick-meta":"","header-below-stick-meta":"","astra-migrate-meta-layouts":"default","ast-page-background-enabled":"default","ast-page-background-meta":{"desktop":{"background-color":"var(--ast-global-color-5)","background-image":"","background-repeat":"repeat","background-position":"center center","background-size":"auto","background-attachment":"scroll","background-type":"","background-media":"","overlay-type":"","overlay-color":"","overlay-opacity":"","overlay-gradient":""},"tablet":{"background-color":"","background-image":"","background-repeat":"repeat","background-position":"center center","background-size":"auto","background-attachment":"scroll","background-type":"","background-media":"","overlay-type":"","overlay-color":"","overlay-opacity":"","overlay-gradient":""},"mobile":{"background-color":"","background-image":"","background-repeat":"repeat","background-position":"center center","background-size":"auto","background-attachment":"scroll","background-type":"","background-media":"","overlay-type":"","overlay-color":"","overlay-opacity":"","overlay-gradient":""}},"ast-content-background-meta":{"desktop":{"background-color":"var(--ast-global-color-4)","background-image":"","background-repeat":"repeat","background-position":"center center","background-size":"auto","background-attachment":"scroll","background-type":"","background-media":"","overlay-type":"","overlay-color":"","overlay-opacity":"","overlay-gradient":""},"tablet":{"background-color":"var(--ast-global-color-4)","background-image":"","background-repeat":"repeat","background-position":"center center","background-size":"auto","background-attachment":"scroll","background-type":"","background-media":"","overlay-type":"","overlay-color":"","overlay-opacity":"","overlay-gradient":""},"mobile":{"background-color":"var(--ast-global-color-4)","background-image":"","background-repeat":"repeat","background-position":"center center","background-size":"auto","background-attachment":"scroll","background-type":"","background-media":"","overlay-type":"","overlay-color":"","overlay-opacity":"","overlay-gradient":""}},"footnotes":""},"class_list":["post-42723","page","type-page","status-publish","hentry"],"_links":{"self":[{"href":"https:\/\/mavideniz.com.tr\/fr\/wp-json\/wp\/v2\/pages\/42723","targetHints":{"allow":["GET"]}}],"collection":[{"href":"https:\/\/mavideniz.com.tr\/fr\/wp-json\/wp\/v2\/pages"}],"about":[{"href":"https:\/\/mavideniz.com.tr\/fr\/wp-json\/wp\/v2\/types\/page"}],"author":[{"embeddable":true,"href":"https:\/\/mavideniz.com.tr\/fr\/wp-json\/wp\/v2\/users\/1"}],"replies":[{"embeddable":true,"href":"https:\/\/mavideniz.com.tr\/fr\/wp-json\/wp\/v2\/comments?post=42723"}],"version-history":[{"count":0,"href":"https:\/\/mavideniz.com.tr\/fr\/wp-json\/wp\/v2\/pages\/42723\/revisions"}],"up":[{"embeddable":true,"href":"https:\/\/mavideniz.com.tr\/fr\/wp-json\/wp\/v2\/pages\/42477"}],"wp:attachment":[{"href":"https:\/\/mavideniz.com.tr\/fr\/wp-json\/wp\/v2\/media?parent=42723"}],"curies":[{"name":"wp","href":"https:\/\/api.w.org\/{rel}","templated":true}]}}