{"id":42740,"date":"2006-07-22T19:44:00","date_gmt":"2006-07-22T19:44:00","guid":{"rendered":"https:\/\/mavideniz.com.tr\/?page_id=42740"},"modified":"2024-04-22T21:59:14","modified_gmt":"2024-04-22T21:59:14","slug":"operation-dintervention-en-cas-de-deversement-dhydrocarbures-m_v-nikhil","status":"publish","type":"page","link":"https:\/\/mavideniz.com.tr\/fr\/services-mavi-deniz\/intervention-7-24-en-cas-de-deversement-dhydrocarbures\/operations-gestion-de-la-lutte-contre-les-deversements-dhydrocarbures\/operation-dintervention-en-cas-de-deversement-dhydrocarbures-m_v-nikhil\/","title":{"rendered":"Op\u00e9ration d&rsquo;intervention en cas de d\u00e9versement d&rsquo;hydrocarbures M_V NIKHIL"},"content":{"rendered":"<p>Le 22 juillet 2004, le NIKHIL a coul\u00e9 au port TCDD de Derince. \u00c0 la suite de l&rsquo;accident, le fort courant de surface a rapidement transport\u00e9 le p\u00e9trole vers le sud jusqu&rsquo;\u00e0 l&rsquo;ouverture sud de la mer de Marmara. Le d\u00e9versement a \u00e9t\u00e9 estim\u00e9 \u00e0 10 tonnes de mazout marin d&rsquo;une densit\u00e9 de 0,9454 g\/cm3 \u00e0 15 \u00b0C. Navire de r\u00e9cup\u00e9ration du mazout. Notre \u00e9quipe d&rsquo;intervention d&rsquo;urgence a commenc\u00e9 les op\u00e9rations de d\u00e9versement 15 minutes apr\u00e8s l&rsquo;accident. Des barri\u00e8res de confinement de 200 m ont \u00e9t\u00e9 utilis\u00e9es pour capturer la nappe de p\u00e9trole, transport\u00e9e vers le sud par le courant primaire dans le d\u00e9troit. L&rsquo;un des \u00e9quipements les plus efficaces utilis\u00e9s pour prot\u00e9ger la c\u00f4te \u00e9tait les rampes et les coussinets absorbants pendant les op\u00e9rations de nettoyage. Apr\u00e8s l&rsquo;accident, les barri\u00e8res ont \u00e9t\u00e9 nettoy\u00e9es pour \u00e9viter toute contamination suppl\u00e9mentaire. Les plongeurs ont r\u00e9cup\u00e9r\u00e9 les corps d&rsquo;un marin tu\u00e9 dans le vaisseau.<\/p>\n","protected":false},"excerpt":{"rendered":"<p>Le 22 juillet 2004, le NIKHIL a coul\u00e9 au port TCDD de Derince. \u00c0 la suite de l&rsquo;accident, le fort [&hellip;]<\/p>\n","protected":false},"author":1,"featured_media":0,"parent":42477,"menu_order":0,"comment_status":"closed","ping_status":"closed","template":"","meta":{"site-sidebar-layout":"default","site-content-layout":"","ast-site-content-layout":"default","site-content-style":"default","site-sidebar-style":"default","ast-global-header-display":"","ast-banner-title-visibility":"","ast-main-header-display":"","ast-hfb-above-header-display":"","ast-hfb-below-header-display":"","ast-hfb-mobile-header-display":"","site-post-title":"","ast-breadcrumbs-content":"","ast-featured-img":"","footer-sml-layout":"","ast-disable-related-posts":"","theme-transparent-header-meta":"","adv-header-id-meta":"","stick-header-meta":"","header-above-stick-meta":"","header-main-stick-meta":"","header-below-stick-meta":"","astra-migrate-meta-layouts":"default","ast-page-background-enabled":"default","ast-page-background-meta":{"desktop":{"background-color":"var(--ast-global-color-5)","background-image":"","background-repeat":"repeat","background-position":"center center","background-size":"auto","background-attachment":"scroll","background-type":"","background-media":"","overlay-type":"","overlay-color":"","overlay-opacity":"","overlay-gradient":""},"tablet":{"background-color":"","background-image":"","background-repeat":"repeat","background-position":"center center","background-size":"auto","background-attachment":"scroll","background-type":"","background-media":"","overlay-type":"","overlay-color":"","overlay-opacity":"","overlay-gradient":""},"mobile":{"background-color":"","background-image":"","background-repeat":"repeat","background-position":"center center","background-size":"auto","background-attachment":"scroll","background-type":"","background-media":"","overlay-type":"","overlay-color":"","overlay-opacity":"","overlay-gradient":""}},"ast-content-background-meta":{"desktop":{"background-color":"var(--ast-global-color-4)","background-image":"","background-repeat":"repeat","background-position":"center center","background-size":"auto","background-attachment":"scroll","background-type":"","background-media":"","overlay-type":"","overlay-color":"","overlay-opacity":"","overlay-gradient":""},"tablet":{"background-color":"var(--ast-global-color-4)","background-image":"","background-repeat":"repeat","background-position":"center center","background-size":"auto","background-attachment":"scroll","background-type":"","background-media":"","overlay-type":"","overlay-color":"","overlay-opacity":"","overlay-gradient":""},"mobile":{"background-color":"var(--ast-global-color-4)","background-image":"","background-repeat":"repeat","background-position":"center center","background-size":"auto","background-attachment":"scroll","background-type":"","background-media":"","overlay-type":"","overlay-color":"","overlay-opacity":"","overlay-gradient":""}},"footnotes":""},"class_list":["post-42740","page","type-page","status-publish","hentry"],"_links":{"self":[{"href":"https:\/\/mavideniz.com.tr\/fr\/wp-json\/wp\/v2\/pages\/42740","targetHints":{"allow":["GET"]}}],"collection":[{"href":"https:\/\/mavideniz.com.tr\/fr\/wp-json\/wp\/v2\/pages"}],"about":[{"href":"https:\/\/mavideniz.com.tr\/fr\/wp-json\/wp\/v2\/types\/page"}],"author":[{"embeddable":true,"href":"https:\/\/mavideniz.com.tr\/fr\/wp-json\/wp\/v2\/users\/1"}],"replies":[{"embeddable":true,"href":"https:\/\/mavideniz.com.tr\/fr\/wp-json\/wp\/v2\/comments?post=42740"}],"version-history":[{"count":0,"href":"https:\/\/mavideniz.com.tr\/fr\/wp-json\/wp\/v2\/pages\/42740\/revisions"}],"up":[{"embeddable":true,"href":"https:\/\/mavideniz.com.tr\/fr\/wp-json\/wp\/v2\/pages\/42477"}],"wp:attachment":[{"href":"https:\/\/mavideniz.com.tr\/fr\/wp-json\/wp\/v2\/media?parent=42740"}],"curies":[{"name":"wp","href":"https:\/\/api.w.org\/{rel}","templated":true}]}}