{"id":42749,"date":"2007-04-09T19:49:00","date_gmt":"2007-04-09T19:49:00","guid":{"rendered":"https:\/\/mavideniz.com.tr\/?page_id=42749"},"modified":"2024-04-22T22:32:07","modified_gmt":"2024-04-22T22:32:07","slug":"m_v-turgut-kocabas-operation-dintervention-en-cas-de-deversement-dhydrocarbures","status":"publish","type":"page","link":"https:\/\/mavideniz.com.tr\/fr\/services-mavi-deniz\/intervention-7-24-en-cas-de-deversement-dhydrocarbures\/operations-gestion-de-la-lutte-contre-les-deversements-dhydrocarbures\/m_v-turgut-kocabas-operation-dintervention-en-cas-de-deversement-dhydrocarbures\/","title":{"rendered":"M_V TURGUT KOCABAS Op\u00e9ration d&rsquo;intervention en cas de d\u00e9versement d&rsquo;hydrocarbures"},"content":{"rendered":"<p>L&rsquo;un des deux cargos a coul\u00e9 apr\u00e8s leur collision au large du hameau de Darica, dans la ville de Gebze, dans la ville de Kocaeli, au nord-ouest du pays. Une personne a \u00e9t\u00e9 port\u00e9e disparue apr\u00e8s la collision, et une autre a \u00e9t\u00e9 bless\u00e9e. Des sources ont indiqu\u00e9 au correspondant des AA que le cargo de 2 247 tonnes brutes \u00ab\u00a0Turgut Kocabas\u00a0\u00bb charg\u00e9 de 2 735 tonnes de fonte brute et le cargo de 8 220 tonnes brutes \u00ab\u00a0Zinnet Mete\u00a0\u00bb charg\u00e9 de 11 500 tonnes de fonte liquide sont entr\u00e9s en collision au large de Darica mardi. 2 247 cargos de jauge brute ont coul\u00e9 apr\u00e8s la collision. 15 des 16 membres d&rsquo;\u00e9quipage du navire nomm\u00e9 \u00ab Turgut Kocabas \u00bb ont \u00e9t\u00e9 secourus. L&rsquo;un des membres d&rsquo;\u00e9quipage secourus bless\u00e9s dans l&rsquo;accident a \u00e9t\u00e9 hospitalis\u00e9.<\/p>\n<p>D&rsquo;autre part, le corps des op\u00e9rations de recherche et de sauvetage de la personne perdue a \u00e9t\u00e9 retrouv\u00e9 le 06.09.2007 \u00e0 09:50 et livr\u00e9 \u00e0 la police navale qui a \u00e9t\u00e9 signal\u00e9 mort. \u00c0 la suite de la collision, le navire nomm\u00e9 TURGUT KOCABAS a coul\u00e9 \u00e0 une profondeur de 60 m\u00e8tres. Sur la position de 40 45&prime;.l 44N 029, 21.540 E. Mavi Deniz a mobilis\u00e9 son \u00e9quipement imm\u00e9diatement sur le lieu de l&rsquo;accident, y compris des pompes, des bateaux gonflables, un navire de r\u00e9cup\u00e9ration de p\u00e9trole, des estacades de p\u00e9trole, des tampons absorbants, des estacades absorbantes, des produits chimiques, des ancres avec la main-d&rsquo;oeuvre pour nettoyer la surface de l&rsquo;eau de mer de la nappe de p\u00e9trole et nettoyer le port, les zones de plage, les marais, les roches et les zones sensibles, etc. 600 m de estacades de p\u00e9trole d\u00e9ploy\u00e9es dans les zones accident\u00e9es apr\u00e8s l&rsquo;op\u00e9ration de nettoyage termin\u00e9e, l&rsquo;op\u00e9ration de transport transport\u00e9, \u00e0 l&rsquo;installation de r\u00e9ception des d\u00e9chets Izaydas.<\/p>\n","protected":false},"excerpt":{"rendered":"<p>L&rsquo;un des deux cargos a coul\u00e9 apr\u00e8s leur collision au large du hameau de Darica, dans la ville de Gebze, [&hellip;]<\/p>\n","protected":false},"author":1,"featured_media":0,"parent":42477,"menu_order":0,"comment_status":"closed","ping_status":"closed","template":"","meta":{"site-sidebar-layout":"default","site-content-layout":"","ast-site-content-layout":"default","site-content-style":"default","site-sidebar-style":"default","ast-global-header-display":"","ast-banner-title-visibility":"","ast-main-header-display":"","ast-hfb-above-header-display":"","ast-hfb-below-header-display":"","ast-hfb-mobile-header-display":"","site-post-title":"","ast-breadcrumbs-content":"","ast-featured-img":"","footer-sml-layout":"","ast-disable-related-posts":"","theme-transparent-header-meta":"","adv-header-id-meta":"","stick-header-meta":"","header-above-stick-meta":"","header-main-stick-meta":"","header-below-stick-meta":"","astra-migrate-meta-layouts":"default","ast-page-background-enabled":"default","ast-page-background-meta":{"desktop":{"background-color":"var(--ast-global-color-5)","background-image":"","background-repeat":"repeat","background-position":"center center","background-size":"auto","background-attachment":"scroll","background-type":"","background-media":"","overlay-type":"","overlay-color":"","overlay-opacity":"","overlay-gradient":""},"tablet":{"background-color":"","background-image":"","background-repeat":"repeat","background-position":"center center","background-size":"auto","background-attachment":"scroll","background-type":"","background-media":"","overlay-type":"","overlay-color":"","overlay-opacity":"","overlay-gradient":""},"mobile":{"background-color":"","background-image":"","background-repeat":"repeat","background-position":"center center","background-size":"auto","background-attachment":"scroll","background-type":"","background-media":"","overlay-type":"","overlay-color":"","overlay-opacity":"","overlay-gradient":""}},"ast-content-background-meta":{"desktop":{"background-color":"var(--ast-global-color-4)","background-image":"","background-repeat":"repeat","background-position":"center center","background-size":"auto","background-attachment":"scroll","background-type":"","background-media":"","overlay-type":"","overlay-color":"","overlay-opacity":"","overlay-gradient":""},"tablet":{"background-color":"var(--ast-global-color-4)","background-image":"","background-repeat":"repeat","background-position":"center center","background-size":"auto","background-attachment":"scroll","background-type":"","background-media":"","overlay-type":"","overlay-color":"","overlay-opacity":"","overlay-gradient":""},"mobile":{"background-color":"var(--ast-global-color-4)","background-image":"","background-repeat":"repeat","background-position":"center center","background-size":"auto","background-attachment":"scroll","background-type":"","background-media":"","overlay-type":"","overlay-color":"","overlay-opacity":"","overlay-gradient":""}},"footnotes":""},"class_list":["post-42749","page","type-page","status-publish","hentry"],"_links":{"self":[{"href":"https:\/\/mavideniz.com.tr\/fr\/wp-json\/wp\/v2\/pages\/42749","targetHints":{"allow":["GET"]}}],"collection":[{"href":"https:\/\/mavideniz.com.tr\/fr\/wp-json\/wp\/v2\/pages"}],"about":[{"href":"https:\/\/mavideniz.com.tr\/fr\/wp-json\/wp\/v2\/types\/page"}],"author":[{"embeddable":true,"href":"https:\/\/mavideniz.com.tr\/fr\/wp-json\/wp\/v2\/users\/1"}],"replies":[{"embeddable":true,"href":"https:\/\/mavideniz.com.tr\/fr\/wp-json\/wp\/v2\/comments?post=42749"}],"version-history":[{"count":0,"href":"https:\/\/mavideniz.com.tr\/fr\/wp-json\/wp\/v2\/pages\/42749\/revisions"}],"up":[{"embeddable":true,"href":"https:\/\/mavideniz.com.tr\/fr\/wp-json\/wp\/v2\/pages\/42477"}],"wp:attachment":[{"href":"https:\/\/mavideniz.com.tr\/fr\/wp-json\/wp\/v2\/media?parent=42749"}],"curies":[{"name":"wp","href":"https:\/\/api.w.org\/{rel}","templated":true}]}}