{"id":42759,"date":"2019-03-06T20:14:00","date_gmt":"2019-03-06T20:14:00","guid":{"rendered":"https:\/\/mavideniz.com.tr\/?page_id=42759"},"modified":"2024-04-22T22:36:05","modified_gmt":"2024-04-22T22:36:05","slug":"operation-dintervention-en-cas-de-deversement-dhydrocarbures-de-linstallation-msb-nato-pol","status":"publish","type":"page","link":"https:\/\/mavideniz.com.tr\/fr\/services-mavi-deniz\/intervention-7-24-en-cas-de-deversement-dhydrocarbures\/operations-gestion-de-la-lutte-contre-les-deversements-dhydrocarbures\/operation-dintervention-en-cas-de-deversement-dhydrocarbures-de-linstallation-msb-nato-pol\/","title":{"rendered":"Op\u00e9ration d&rsquo;intervention en cas de d\u00e9versement d&rsquo;hydrocarbures de l&rsquo;installation Msb Nato Pol"},"content":{"rendered":"<p>Une mar\u00e9e noire d&rsquo;environ 9,5 tonnes s&rsquo;est propag\u00e9e \u00e0 la rivi\u00e8re \u00e0 Iskenderun &#8211; Hatay ; notre \u00e9quipe professionnelle a effectu\u00e9 la premi\u00e8re intervention en utilisant le navire d&rsquo;intervention en cas de mar\u00e9e noire, le coussin absorbant et les rampes absorbantes.<\/p>\n<p>La rivi\u00e8re Mersin, sur le c\u00f4t\u00e9 qui se d\u00e9versait dans la mer, a \u00e9t\u00e9 cribl\u00e9e de barri\u00e8res absorbant le p\u00e9trole par un navire d&rsquo;intervention venant de la voie maritime. Surface de la mer nettoy\u00e9e par le navire d&rsquo;intervention. Les d\u00e9versements recueillis par les tampons absorbants et les impuret\u00e9s des d\u00e9versements d&rsquo;hydrocarbures dans le sol de la rivi\u00e8re ont \u00e9t\u00e9 \u00e9limin\u00e9s \u00e0 l&rsquo;int\u00e9rieur de la surface de la rivi\u00e8re. Les d\u00e9chets de d\u00e9versement d&rsquo;hydrocarbures accumul\u00e9s ont \u00e9t\u00e9 livr\u00e9s aux v\u00e9hicules autoris\u00e9s pour \u00eatre \u00e9limin\u00e9s \u00e0 Ayta\u00e7 hano\u011flu, une installation d&rsquo;\u00e9limination des d\u00e9chets agr\u00e9\u00e9e.<\/p>\n","protected":false},"excerpt":{"rendered":"<p>Une mar\u00e9e noire d&rsquo;environ 9,5 tonnes s&rsquo;est propag\u00e9e \u00e0 la rivi\u00e8re \u00e0 Iskenderun &#8211; Hatay ; notre \u00e9quipe professionnelle a [&hellip;]<\/p>\n","protected":false},"author":1,"featured_media":0,"parent":42477,"menu_order":0,"comment_status":"closed","ping_status":"closed","template":"","meta":{"site-sidebar-layout":"default","site-content-layout":"","ast-site-content-layout":"default","site-content-style":"default","site-sidebar-style":"default","ast-global-header-display":"","ast-banner-title-visibility":"","ast-main-header-display":"","ast-hfb-above-header-display":"","ast-hfb-below-header-display":"","ast-hfb-mobile-header-display":"","site-post-title":"","ast-breadcrumbs-content":"","ast-featured-img":"","footer-sml-layout":"","ast-disable-related-posts":"","theme-transparent-header-meta":"","adv-header-id-meta":"","stick-header-meta":"","header-above-stick-meta":"","header-main-stick-meta":"","header-below-stick-meta":"","astra-migrate-meta-layouts":"default","ast-page-background-enabled":"default","ast-page-background-meta":{"desktop":{"background-color":"var(--ast-global-color-5)","background-image":"","background-repeat":"repeat","background-position":"center center","background-size":"auto","background-attachment":"scroll","background-type":"","background-media":"","overlay-type":"","overlay-color":"","overlay-opacity":"","overlay-gradient":""},"tablet":{"background-color":"","background-image":"","background-repeat":"repeat","background-position":"center center","background-size":"auto","background-attachment":"scroll","background-type":"","background-media":"","overlay-type":"","overlay-color":"","overlay-opacity":"","overlay-gradient":""},"mobile":{"background-color":"","background-image":"","background-repeat":"repeat","background-position":"center center","background-size":"auto","background-attachment":"scroll","background-type":"","background-media":"","overlay-type":"","overlay-color":"","overlay-opacity":"","overlay-gradient":""}},"ast-content-background-meta":{"desktop":{"background-color":"var(--ast-global-color-4)","background-image":"","background-repeat":"repeat","background-position":"center center","background-size":"auto","background-attachment":"scroll","background-type":"","background-media":"","overlay-type":"","overlay-color":"","overlay-opacity":"","overlay-gradient":""},"tablet":{"background-color":"var(--ast-global-color-4)","background-image":"","background-repeat":"repeat","background-position":"center center","background-size":"auto","background-attachment":"scroll","background-type":"","background-media":"","overlay-type":"","overlay-color":"","overlay-opacity":"","overlay-gradient":""},"mobile":{"background-color":"var(--ast-global-color-4)","background-image":"","background-repeat":"repeat","background-position":"center center","background-size":"auto","background-attachment":"scroll","background-type":"","background-media":"","overlay-type":"","overlay-color":"","overlay-opacity":"","overlay-gradient":""}},"footnotes":""},"class_list":["post-42759","page","type-page","status-publish","hentry"],"_links":{"self":[{"href":"https:\/\/mavideniz.com.tr\/fr\/wp-json\/wp\/v2\/pages\/42759","targetHints":{"allow":["GET"]}}],"collection":[{"href":"https:\/\/mavideniz.com.tr\/fr\/wp-json\/wp\/v2\/pages"}],"about":[{"href":"https:\/\/mavideniz.com.tr\/fr\/wp-json\/wp\/v2\/types\/page"}],"author":[{"embeddable":true,"href":"https:\/\/mavideniz.com.tr\/fr\/wp-json\/wp\/v2\/users\/1"}],"replies":[{"embeddable":true,"href":"https:\/\/mavideniz.com.tr\/fr\/wp-json\/wp\/v2\/comments?post=42759"}],"version-history":[{"count":0,"href":"https:\/\/mavideniz.com.tr\/fr\/wp-json\/wp\/v2\/pages\/42759\/revisions"}],"up":[{"embeddable":true,"href":"https:\/\/mavideniz.com.tr\/fr\/wp-json\/wp\/v2\/pages\/42477"}],"wp:attachment":[{"href":"https:\/\/mavideniz.com.tr\/fr\/wp-json\/wp\/v2\/media?parent=42759"}],"curies":[{"name":"wp","href":"https:\/\/api.w.org\/{rel}","templated":true}]}}