{"id":42764,"date":"2014-08-11T20:15:00","date_gmt":"2014-08-11T20:15:00","guid":{"rendered":"https:\/\/mavideniz.com.tr\/?page_id=42764"},"modified":"2024-04-22T22:37:37","modified_gmt":"2024-04-22T22:37:37","slug":"operation-dintervention-en-cas-de-deversement-dhydrocarbures-par-un-transporteur-de-poissons-vivants-en-norvege","status":"publish","type":"page","link":"https:\/\/mavideniz.com.tr\/fr\/services-mavi-deniz\/intervention-7-24-en-cas-de-deversement-dhydrocarbures\/operations-gestion-de-la-lutte-contre-les-deversements-dhydrocarbures\/operation-dintervention-en-cas-de-deversement-dhydrocarbures-par-un-transporteur-de-poissons-vivants-en-norvege\/","title":{"rendered":"Op\u00e9ration d&rsquo;intervention en cas de d\u00e9versement d&rsquo;hydrocarbures par un transporteur de poissons vivants en Norv\u00e8ge"},"content":{"rendered":"<p>Le navire nomm\u00e9 Lilly Johanne, construit pour la soci\u00e9t\u00e9 norv\u00e9gienne Aqua Star, vivait c\u00f4te \u00e0 c\u00f4te comme navire de transport de poissons sur le chantier naval de Caltrans.<\/p>\n<p>Le navire Lilly Johanne, long de 49,75 m et large de 12,60 m, construit pour les acheteurs norv\u00e9giens, attach\u00e9 au quai par la jet\u00e9e du chantier naval \u00c7eliktrans \u00e0 Tuzla, a \u00e9t\u00e9 mis \u00e0 l&rsquo;\u00e9cart pour une raison inconnue ces derniers jours.<\/p>\n<p>En janvier, on a estim\u00e9 qu&rsquo;il y aurait des dommages mat\u00e9riels au navire transportant le navire de transport de poissons vivants qui \u00e9tait creus\u00e9, et 200 m de barri\u00e8res, le boom de l&rsquo;huile et les coussins d&rsquo;huile par Mavideniz Co. tir\u00e9s contre la possibilit\u00e9 qu&rsquo;il pourrait y avoir une fuite de carburant autour de la zone pour emp\u00eacher les dommages \u00e0 la baie de Tuzla.<\/p>\n","protected":false},"excerpt":{"rendered":"<p>Le navire nomm\u00e9 Lilly Johanne, construit pour la soci\u00e9t\u00e9 norv\u00e9gienne Aqua Star, vivait c\u00f4te \u00e0 c\u00f4te comme navire de transport [&hellip;]<\/p>\n","protected":false},"author":1,"featured_media":0,"parent":42477,"menu_order":0,"comment_status":"closed","ping_status":"closed","template":"","meta":{"site-sidebar-layout":"default","site-content-layout":"","ast-site-content-layout":"default","site-content-style":"default","site-sidebar-style":"default","ast-global-header-display":"","ast-banner-title-visibility":"","ast-main-header-display":"","ast-hfb-above-header-display":"","ast-hfb-below-header-display":"","ast-hfb-mobile-header-display":"","site-post-title":"","ast-breadcrumbs-content":"","ast-featured-img":"","footer-sml-layout":"","ast-disable-related-posts":"","theme-transparent-header-meta":"","adv-header-id-meta":"","stick-header-meta":"","header-above-stick-meta":"","header-main-stick-meta":"","header-below-stick-meta":"","astra-migrate-meta-layouts":"default","ast-page-background-enabled":"default","ast-page-background-meta":{"desktop":{"background-color":"var(--ast-global-color-5)","background-image":"","background-repeat":"repeat","background-position":"center center","background-size":"auto","background-attachment":"scroll","background-type":"","background-media":"","overlay-type":"","overlay-color":"","overlay-opacity":"","overlay-gradient":""},"tablet":{"background-color":"","background-image":"","background-repeat":"repeat","background-position":"center center","background-size":"auto","background-attachment":"scroll","background-type":"","background-media":"","overlay-type":"","overlay-color":"","overlay-opacity":"","overlay-gradient":""},"mobile":{"background-color":"","background-image":"","background-repeat":"repeat","background-position":"center center","background-size":"auto","background-attachment":"scroll","background-type":"","background-media":"","overlay-type":"","overlay-color":"","overlay-opacity":"","overlay-gradient":""}},"ast-content-background-meta":{"desktop":{"background-color":"var(--ast-global-color-4)","background-image":"","background-repeat":"repeat","background-position":"center center","background-size":"auto","background-attachment":"scroll","background-type":"","background-media":"","overlay-type":"","overlay-color":"","overlay-opacity":"","overlay-gradient":""},"tablet":{"background-color":"var(--ast-global-color-4)","background-image":"","background-repeat":"repeat","background-position":"center center","background-size":"auto","background-attachment":"scroll","background-type":"","background-media":"","overlay-type":"","overlay-color":"","overlay-opacity":"","overlay-gradient":""},"mobile":{"background-color":"var(--ast-global-color-4)","background-image":"","background-repeat":"repeat","background-position":"center center","background-size":"auto","background-attachment":"scroll","background-type":"","background-media":"","overlay-type":"","overlay-color":"","overlay-opacity":"","overlay-gradient":""}},"footnotes":""},"class_list":["post-42764","page","type-page","status-publish","hentry"],"_links":{"self":[{"href":"https:\/\/mavideniz.com.tr\/fr\/wp-json\/wp\/v2\/pages\/42764","targetHints":{"allow":["GET"]}}],"collection":[{"href":"https:\/\/mavideniz.com.tr\/fr\/wp-json\/wp\/v2\/pages"}],"about":[{"href":"https:\/\/mavideniz.com.tr\/fr\/wp-json\/wp\/v2\/types\/page"}],"author":[{"embeddable":true,"href":"https:\/\/mavideniz.com.tr\/fr\/wp-json\/wp\/v2\/users\/1"}],"replies":[{"embeddable":true,"href":"https:\/\/mavideniz.com.tr\/fr\/wp-json\/wp\/v2\/comments?post=42764"}],"version-history":[{"count":0,"href":"https:\/\/mavideniz.com.tr\/fr\/wp-json\/wp\/v2\/pages\/42764\/revisions"}],"up":[{"embeddable":true,"href":"https:\/\/mavideniz.com.tr\/fr\/wp-json\/wp\/v2\/pages\/42477"}],"wp:attachment":[{"href":"https:\/\/mavideniz.com.tr\/fr\/wp-json\/wp\/v2\/media?parent=42764"}],"curies":[{"name":"wp","href":"https:\/\/api.w.org\/{rel}","templated":true}]}}