{"id":42773,"date":"2019-10-20T20:23:00","date_gmt":"2019-10-20T20:23:00","guid":{"rendered":"https:\/\/mavideniz.com.tr\/?page_id=42773"},"modified":"2024-04-22T22:40:51","modified_gmt":"2024-04-22T22:40:51","slug":"soylu-ship-recycling-fuel-oil-fuite-aliaga","status":"publish","type":"page","link":"https:\/\/mavideniz.com.tr\/fr\/services-mavi-deniz\/intervention-7-24-en-cas-de-deversement-dhydrocarbures\/operations-gestion-de-la-lutte-contre-les-deversements-dhydrocarbures\/soylu-ship-recycling-fuel-oil-fuite-aliaga\/","title":{"rendered":"Soylu Ship Recycling Fuel Oil Fuite &#8211; Alia\u011fa"},"content":{"rendered":"<p>La substance \u00e0 base d&rsquo;huile qui s&rsquo;est \u00e9chapp\u00e9e du cargo d\u00e9mantel\u00e9 dans une installation de recyclage de navires dans le district d&rsquo;Alia\u011fa d&rsquo;Izmir a caus\u00e9 la pollution.<\/p>\n<p>Les \u00e9quipes d&rsquo;intervention en cas de d\u00e9versement d&rsquo;hydrocarbures de Mavi Deniz ( \u00e9quipe riveraine + \u00e9quipe en mer ) sont intervenues dans la pollution par d\u00e9versement d&rsquo;hydrocarbures.<\/p>\n<p>En mer, la mar\u00e9e noire, entour\u00e9e d&rsquo;une barri\u00e8re et d&rsquo;un barrage, a \u00e9t\u00e9 nettoy\u00e9e par le bateau anti-pollution Basaran II. L&rsquo;\u00e9cumoire \u00e0 huile et les absorbants d&rsquo;huile sont utilis\u00e9s pour le nettoyage des surfaces marines.<\/p>\n<p>L&rsquo;\u00e9quipe d&rsquo;intervention en cas de d\u00e9versement de p\u00e9trole sur le rivage a travaill\u00e9 sur la zone de l&rsquo;abri pour p\u00eacheurs ALDER et le parc Avc\u0131 Ramadan. \u00c0 l&rsquo;int\u00e9rieur de l&rsquo;Alder, la surface de la mer est nettoy\u00e9e par des absorbeurs d&rsquo;huile, et un plongeur de la mar\u00e9e noire nettoie les c\u00f4t\u00e9s du bateau. De plus, la zone riveraine du parc Avc\u0131 Ramadan a \u00e9t\u00e9 nettoy\u00e9e de la mar\u00e9e noire.<\/p>\n<p>En mer et sur le littoral, les op\u00e9rations de d\u00e9versement de p\u00e9trole ont \u00e9t\u00e9 couronn\u00e9es de succ\u00e8s. Les d\u00e9chets des d\u00e9versements d&rsquo;hydrocarbures sont stock\u00e9s dans les barils. D\u00e9chets de d\u00e9versements d&rsquo;hydrocarbures collect\u00e9s livr\u00e9s \u00e0 l&rsquo;installation d&rsquo;\u00e9limination des d\u00e9chets agr\u00e9\u00e9e.<\/p>\n","protected":false},"excerpt":{"rendered":"<p>La substance \u00e0 base d&rsquo;huile qui s&rsquo;est \u00e9chapp\u00e9e du cargo d\u00e9mantel\u00e9 dans une installation de recyclage de navires dans le [&hellip;]<\/p>\n","protected":false},"author":1,"featured_media":0,"parent":42477,"menu_order":0,"comment_status":"closed","ping_status":"closed","template":"","meta":{"site-sidebar-layout":"default","site-content-layout":"","ast-site-content-layout":"default","site-content-style":"default","site-sidebar-style":"default","ast-global-header-display":"","ast-banner-title-visibility":"","ast-main-header-display":"","ast-hfb-above-header-display":"","ast-hfb-below-header-display":"","ast-hfb-mobile-header-display":"","site-post-title":"","ast-breadcrumbs-content":"","ast-featured-img":"","footer-sml-layout":"","ast-disable-related-posts":"","theme-transparent-header-meta":"","adv-header-id-meta":"","stick-header-meta":"","header-above-stick-meta":"","header-main-stick-meta":"","header-below-stick-meta":"","astra-migrate-meta-layouts":"default","ast-page-background-enabled":"default","ast-page-background-meta":{"desktop":{"background-color":"var(--ast-global-color-5)","background-image":"","background-repeat":"repeat","background-position":"center center","background-size":"auto","background-attachment":"scroll","background-type":"","background-media":"","overlay-type":"","overlay-color":"","overlay-opacity":"","overlay-gradient":""},"tablet":{"background-color":"","background-image":"","background-repeat":"repeat","background-position":"center center","background-size":"auto","background-attachment":"scroll","background-type":"","background-media":"","overlay-type":"","overlay-color":"","overlay-opacity":"","overlay-gradient":""},"mobile":{"background-color":"","background-image":"","background-repeat":"repeat","background-position":"center center","background-size":"auto","background-attachment":"scroll","background-type":"","background-media":"","overlay-type":"","overlay-color":"","overlay-opacity":"","overlay-gradient":""}},"ast-content-background-meta":{"desktop":{"background-color":"var(--ast-global-color-4)","background-image":"","background-repeat":"repeat","background-position":"center center","background-size":"auto","background-attachment":"scroll","background-type":"","background-media":"","overlay-type":"","overlay-color":"","overlay-opacity":"","overlay-gradient":""},"tablet":{"background-color":"var(--ast-global-color-4)","background-image":"","background-repeat":"repeat","background-position":"center center","background-size":"auto","background-attachment":"scroll","background-type":"","background-media":"","overlay-type":"","overlay-color":"","overlay-opacity":"","overlay-gradient":""},"mobile":{"background-color":"var(--ast-global-color-4)","background-image":"","background-repeat":"repeat","background-position":"center center","background-size":"auto","background-attachment":"scroll","background-type":"","background-media":"","overlay-type":"","overlay-color":"","overlay-opacity":"","overlay-gradient":""}},"footnotes":""},"class_list":["post-42773","page","type-page","status-publish","hentry"],"_links":{"self":[{"href":"https:\/\/mavideniz.com.tr\/fr\/wp-json\/wp\/v2\/pages\/42773","targetHints":{"allow":["GET"]}}],"collection":[{"href":"https:\/\/mavideniz.com.tr\/fr\/wp-json\/wp\/v2\/pages"}],"about":[{"href":"https:\/\/mavideniz.com.tr\/fr\/wp-json\/wp\/v2\/types\/page"}],"author":[{"embeddable":true,"href":"https:\/\/mavideniz.com.tr\/fr\/wp-json\/wp\/v2\/users\/1"}],"replies":[{"embeddable":true,"href":"https:\/\/mavideniz.com.tr\/fr\/wp-json\/wp\/v2\/comments?post=42773"}],"version-history":[{"count":0,"href":"https:\/\/mavideniz.com.tr\/fr\/wp-json\/wp\/v2\/pages\/42773\/revisions"}],"up":[{"embeddable":true,"href":"https:\/\/mavideniz.com.tr\/fr\/wp-json\/wp\/v2\/pages\/42477"}],"wp:attachment":[{"href":"https:\/\/mavideniz.com.tr\/fr\/wp-json\/wp\/v2\/media?parent=42773"}],"curies":[{"name":"wp","href":"https:\/\/api.w.org\/{rel}","templated":true}]}}