{"id":42784,"date":"2021-12-15T20:31:00","date_gmt":"2021-12-15T20:31:00","guid":{"rendered":"https:\/\/mavideniz.com.tr\/?page_id=42784"},"modified":"2024-04-22T22:48:49","modified_gmt":"2024-04-22T22:48:49","slug":"deversement-de-petrole-sur-la-riviere-yarimca-de-turkish-petroleum","status":"publish","type":"page","link":"https:\/\/mavideniz.com.tr\/fr\/services-mavi-deniz\/intervention-7-24-en-cas-de-deversement-dhydrocarbures\/operations-gestion-de-la-lutte-contre-les-deversements-dhydrocarbures\/deversement-de-petrole-sur-la-riviere-yarimca-de-turkish-petroleum\/","title":{"rendered":"D\u00e9versement de p\u00e9trole sur la rivi\u00e8re Yar\u0131mca de Turkish Petroleum"},"content":{"rendered":"<p>\u00c0 la demande du directeur de l&rsquo;installation turque de Petroleum Yar\u0131mca d&rsquo;intervenir dans la pollution caus\u00e9e par la rivi\u00e8re le 15 d\u00e9cembre 2021<\/p>\n<p><img loading=\"lazy\" decoding=\"async\" class=\"size-full wp-image-30378 alignleft\" src=\"https:\/\/mavideniz.com.tr\/wp-content\/uploads\/Services\/HNS-and-Oil-Spill-Response-Prevention\/Oil-Spill-Operation\/Turkuaz\/Bobcat-River-Oil-Spill-Response-1.jpg\" alt=\"\" width=\"375\" height=\"250\" title=\"\">En arrivant sur les lieux, des barri\u00e8res de saucisses absorbant l&rsquo;huile et des barri\u00e8res d&rsquo;huile ont \u00e9t\u00e9 plac\u00e9es sur la partie du lit de la rivi\u00e8re qui se d\u00e9verse dans la mer pour pr\u00e9venir la pollution. Apr\u00e8s que la pollution a \u00e9t\u00e9 emprisonn\u00e9e dans la rivi\u00e8re, des efforts pour nettoyer la pollution avec des tampons absorbant le p\u00e9trole ont commenc\u00e9. On a constat\u00e9 que la source de pollution n&rsquo;\u00e9tait pas compl\u00e8tement coup\u00e9e pendant l&rsquo;op\u00e9ration. La source de la pollution a \u00e9t\u00e9 atteinte pendant la journ\u00e9e, et les responsables de la compagnie chimique Z\u00fclfikarlar ont lanc\u00e9 des op\u00e9rations pour arr\u00eater et \u00e9liminer la pollution. La collecte de la source de d\u00e9chets a commenc\u00e9 \u00e0 l&rsquo;aide d&rsquo;un camion \u00e0 vide.<\/p>\n<p>Le 16 d\u00e9cembre 2021, des saucisses et des tampons absorbant le p\u00e9trole dans le lit de la rivi\u00e8re ont termin\u00e9 le processus d&rsquo;absorption du p\u00e9trole et de<img loading=\"lazy\" decoding=\"async\" class=\"size-full wp-image-30380 alignright\" src=\"https:\/\/mavideniz.com.tr\/wp-content\/uploads\/Services\/HNS-and-Oil-Spill-Response-Prevention\/Oil-Spill-Operation\/Turkuaz\/River-Oil-Spill-Response-Oil-Absorbent-Boom.jpg\" alt=\"\" width=\"375\" height=\"250\" title=\"\"> ses d\u00e9riv\u00e9s, et le processus de collecte a commenc\u00e9. Apr\u00e8s le processus de collecte des d\u00e9chets, l&rsquo;huile et ses r\u00e9sultats ont \u00e9t\u00e9 vus sur la rivi\u00e8re, et l&rsquo;intervention a continu\u00e9 avec des saucisses et des tampons absorbant l&rsquo;huile. En pla\u00e7ant les saucisses absorbant les hydrocarbures au point o\u00f9 la pollution est vers\u00e9e dans la rivi\u00e8re, la pollution atteint le point o\u00f9 les d\u00e9versements de la rivi\u00e8re sont r\u00e9duits.<\/p>\n<p>Lorsque la pollution s&rsquo;est r\u00e9pandue dans la rivi\u00e8re, les responsables de la soci\u00e9t\u00e9 Z\u00fclfikarlar ont commenc\u00e9 \u00e0 s\u00e9parer les sols contamin\u00e9s \u00e0 l&rsquo;aide d&rsquo;un lynx roux, et les sols pollu\u00e9s ont \u00e9t\u00e9 remplis de sacs \u00e0 dos. Apr\u00e8s que la pollution a \u00e9t\u00e9 coup\u00e9e dans la soir\u00e9e, des rampes d&rsquo;huile, des tampons absorbant l&rsquo;huile et des saucisses ont \u00e9t\u00e9 ramass\u00e9s. Par la suite, les d\u00e9chets contenus dans les sacs Big bag ont \u00e9t\u00e9 charg\u00e9s sur le camion pour \u00eatre \u00e9limin\u00e9s.<\/p>\n","protected":false},"excerpt":{"rendered":"<p>\u00c0 la demande du directeur de l&rsquo;installation turque de Petroleum Yar\u0131mca d&rsquo;intervenir dans la pollution caus\u00e9e par la rivi\u00e8re le [&hellip;]<\/p>\n","protected":false},"author":1,"featured_media":30374,"parent":42477,"menu_order":0,"comment_status":"closed","ping_status":"closed","template":"","meta":{"site-sidebar-layout":"default","site-content-layout":"","ast-site-content-layout":"default","site-content-style":"default","site-sidebar-style":"default","ast-global-header-display":"","ast-banner-title-visibility":"","ast-main-header-display":"","ast-hfb-above-header-display":"","ast-hfb-below-header-display":"","ast-hfb-mobile-header-display":"","site-post-title":"","ast-breadcrumbs-content":"","ast-featured-img":"","footer-sml-layout":"","ast-disable-related-posts":"","theme-transparent-header-meta":"","adv-header-id-meta":"","stick-header-meta":"","header-above-stick-meta":"","header-main-stick-meta":"","header-below-stick-meta":"","astra-migrate-meta-layouts":"default","ast-page-background-enabled":"default","ast-page-background-meta":{"desktop":{"background-color":"var(--ast-global-color-5)","background-image":"","background-repeat":"repeat","background-position":"center center","background-size":"auto","background-attachment":"scroll","background-type":"","background-media":"","overlay-type":"","overlay-color":"","overlay-opacity":"","overlay-gradient":""},"tablet":{"background-color":"","background-image":"","background-repeat":"repeat","background-position":"center center","background-size":"auto","background-attachment":"scroll","background-type":"","background-media":"","overlay-type":"","overlay-color":"","overlay-opacity":"","overlay-gradient":""},"mobile":{"background-color":"","background-image":"","background-repeat":"repeat","background-position":"center center","background-size":"auto","background-attachment":"scroll","background-type":"","background-media":"","overlay-type":"","overlay-color":"","overlay-opacity":"","overlay-gradient":""}},"ast-content-background-meta":{"desktop":{"background-color":"var(--ast-global-color-4)","background-image":"","background-repeat":"repeat","background-position":"center center","background-size":"auto","background-attachment":"scroll","background-type":"","background-media":"","overlay-type":"","overlay-color":"","overlay-opacity":"","overlay-gradient":""},"tablet":{"background-color":"var(--ast-global-color-4)","background-image":"","background-repeat":"repeat","background-position":"center center","background-size":"auto","background-attachment":"scroll","background-type":"","background-media":"","overlay-type":"","overlay-color":"","overlay-opacity":"","overlay-gradient":""},"mobile":{"background-color":"var(--ast-global-color-4)","background-image":"","background-repeat":"repeat","background-position":"center center","background-size":"auto","background-attachment":"scroll","background-type":"","background-media":"","overlay-type":"","overlay-color":"","overlay-opacity":"","overlay-gradient":""}},"footnotes":""},"class_list":["post-42784","page","type-page","status-publish","has-post-thumbnail","hentry"],"_links":{"self":[{"href":"https:\/\/mavideniz.com.tr\/fr\/wp-json\/wp\/v2\/pages\/42784","targetHints":{"allow":["GET"]}}],"collection":[{"href":"https:\/\/mavideniz.com.tr\/fr\/wp-json\/wp\/v2\/pages"}],"about":[{"href":"https:\/\/mavideniz.com.tr\/fr\/wp-json\/wp\/v2\/types\/page"}],"author":[{"embeddable":true,"href":"https:\/\/mavideniz.com.tr\/fr\/wp-json\/wp\/v2\/users\/1"}],"replies":[{"embeddable":true,"href":"https:\/\/mavideniz.com.tr\/fr\/wp-json\/wp\/v2\/comments?post=42784"}],"version-history":[{"count":0,"href":"https:\/\/mavideniz.com.tr\/fr\/wp-json\/wp\/v2\/pages\/42784\/revisions"}],"up":[{"embeddable":true,"href":"https:\/\/mavideniz.com.tr\/fr\/wp-json\/wp\/v2\/pages\/42477"}],"wp:featuredmedia":[{"embeddable":true,"href":"https:\/\/mavideniz.com.tr\/fr\/wp-json\/wp\/v2\/media\/30374"}],"wp:attachment":[{"href":"https:\/\/mavideniz.com.tr\/fr\/wp-json\/wp\/v2\/media?parent=42784"}],"curies":[{"name":"wp","href":"https:\/\/api.w.org\/{rel}","templated":true}]}}