{"id":42791,"date":"2020-03-12T20:42:00","date_gmt":"2020-03-12T20:42:00","guid":{"rendered":"https:\/\/mavideniz.com.tr\/?page_id=42791"},"modified":"2024-04-22T22:50:31","modified_gmt":"2024-04-22T22:50:31","slug":"operation-dintervention-en-cas-de-deversement-dhydrocarbures-du-navire-clavigo","status":"publish","type":"page","link":"https:\/\/mavideniz.com.tr\/fr\/services-mavi-deniz\/intervention-7-24-en-cas-de-deversement-dhydrocarbures\/operations-gestion-de-la-lutte-contre-les-deversements-dhydrocarbures\/operation-dintervention-en-cas-de-deversement-dhydrocarbures-du-navire-clavigo\/","title":{"rendered":"Op\u00e9ration d&rsquo;intervention en cas de d\u00e9versement d&rsquo;hydrocarbures du navire Clavigo"},"content":{"rendered":"<p>Le navire Clavigo, qui \u00e9chappa \u00e0 tout contr\u00f4le en raison du sud-ouest et des fortes pluies au large de Tuzla, s&rsquo;\u00e9crasa sur un navire nomm\u00e9 Dede. En raison de l&rsquo;impact de la collision, les deux navires ont commenc\u00e9 \u00e0 prendre l&rsquo;eau en se couchant sur leurs c\u00f4t\u00e9s. Des \u00e9quipes de garde-c\u00f4tes ont \u00e9t\u00e9 d\u00e9p\u00each\u00e9es sur les lieux. Les \u00e9quipages ont sauv\u00e9 un total de 13 membres d&rsquo;\u00e9quipage \u00e0 bord. Le navire Clavigo, qui a \u00e9t\u00e9 impliqu\u00e9 dans l&rsquo;accident, est rest\u00e9 sur son flanc sur la c\u00f4te de Tuzla. Une barri\u00e8re d&rsquo;huile a \u00e9t\u00e9 install\u00e9e autour du navire pour emp\u00eacher le carburant qui pourrait fuir de se propager \u00e0 la mer, et des coussins absorbants, une rampe et un \u00e9cumoire \u00e0 huile ont \u00e9t\u00e9 utilis\u00e9s comme r\u00e9serve. Par la suite, le navire r\u00e2tel\u00e9 a flott\u00e9.<\/p>\n","protected":false},"excerpt":{"rendered":"<p>Le navire Clavigo, qui \u00e9chappa \u00e0 tout contr\u00f4le en raison du sud-ouest et des fortes pluies au large de Tuzla, [&hellip;]<\/p>\n","protected":false},"author":1,"featured_media":0,"parent":42477,"menu_order":0,"comment_status":"closed","ping_status":"closed","template":"","meta":{"site-sidebar-layout":"default","site-content-layout":"","ast-site-content-layout":"default","site-content-style":"default","site-sidebar-style":"default","ast-global-header-display":"","ast-banner-title-visibility":"","ast-main-header-display":"","ast-hfb-above-header-display":"","ast-hfb-below-header-display":"","ast-hfb-mobile-header-display":"","site-post-title":"","ast-breadcrumbs-content":"","ast-featured-img":"","footer-sml-layout":"","ast-disable-related-posts":"","theme-transparent-header-meta":"","adv-header-id-meta":"","stick-header-meta":"","header-above-stick-meta":"","header-main-stick-meta":"","header-below-stick-meta":"","astra-migrate-meta-layouts":"default","ast-page-background-enabled":"default","ast-page-background-meta":{"desktop":{"background-color":"var(--ast-global-color-5)","background-image":"","background-repeat":"repeat","background-position":"center center","background-size":"auto","background-attachment":"scroll","background-type":"","background-media":"","overlay-type":"","overlay-color":"","overlay-opacity":"","overlay-gradient":""},"tablet":{"background-color":"","background-image":"","background-repeat":"repeat","background-position":"center center","background-size":"auto","background-attachment":"scroll","background-type":"","background-media":"","overlay-type":"","overlay-color":"","overlay-opacity":"","overlay-gradient":""},"mobile":{"background-color":"","background-image":"","background-repeat":"repeat","background-position":"center center","background-size":"auto","background-attachment":"scroll","background-type":"","background-media":"","overlay-type":"","overlay-color":"","overlay-opacity":"","overlay-gradient":""}},"ast-content-background-meta":{"desktop":{"background-color":"var(--ast-global-color-4)","background-image":"","background-repeat":"repeat","background-position":"center center","background-size":"auto","background-attachment":"scroll","background-type":"","background-media":"","overlay-type":"","overlay-color":"","overlay-opacity":"","overlay-gradient":""},"tablet":{"background-color":"var(--ast-global-color-4)","background-image":"","background-repeat":"repeat","background-position":"center center","background-size":"auto","background-attachment":"scroll","background-type":"","background-media":"","overlay-type":"","overlay-color":"","overlay-opacity":"","overlay-gradient":""},"mobile":{"background-color":"var(--ast-global-color-4)","background-image":"","background-repeat":"repeat","background-position":"center center","background-size":"auto","background-attachment":"scroll","background-type":"","background-media":"","overlay-type":"","overlay-color":"","overlay-opacity":"","overlay-gradient":""}},"footnotes":""},"class_list":["post-42791","page","type-page","status-publish","hentry"],"_links":{"self":[{"href":"https:\/\/mavideniz.com.tr\/fr\/wp-json\/wp\/v2\/pages\/42791","targetHints":{"allow":["GET"]}}],"collection":[{"href":"https:\/\/mavideniz.com.tr\/fr\/wp-json\/wp\/v2\/pages"}],"about":[{"href":"https:\/\/mavideniz.com.tr\/fr\/wp-json\/wp\/v2\/types\/page"}],"author":[{"embeddable":true,"href":"https:\/\/mavideniz.com.tr\/fr\/wp-json\/wp\/v2\/users\/1"}],"replies":[{"embeddable":true,"href":"https:\/\/mavideniz.com.tr\/fr\/wp-json\/wp\/v2\/comments?post=42791"}],"version-history":[{"count":0,"href":"https:\/\/mavideniz.com.tr\/fr\/wp-json\/wp\/v2\/pages\/42791\/revisions"}],"up":[{"embeddable":true,"href":"https:\/\/mavideniz.com.tr\/fr\/wp-json\/wp\/v2\/pages\/42477"}],"wp:attachment":[{"href":"https:\/\/mavideniz.com.tr\/fr\/wp-json\/wp\/v2\/media?parent=42791"}],"curies":[{"name":"wp","href":"https:\/\/api.w.org\/{rel}","templated":true}]}}