{"id":53243,"date":"2018-05-18T00:00:00","date_gmt":"2018-05-18T00:00:00","guid":{"rendered":"https:\/\/mavideniz.com.tr\/?page_id=53243"},"modified":"2023-06-29T13:11:23","modified_gmt":"2023-06-29T13:11:23","slug":"1-x-machine-amphibie-livree-en-bulgarie","status":"publish","type":"page","link":"https:\/\/mavideniz.com.tr\/fr\/actualites-evenements\/1-x-machine-amphibie-livree-en-bulgarie\/","title":{"rendered":"1 x MACHINE AMPHIBIE LIVR\u00c9E EN BULGARIE"},"content":{"rendered":"<p>18 mai 2018, Mavi Deniz a \u00e9t\u00e9 engag\u00e9 pour fournir une machine amphibie multifonctionnelle \u00e0 la Bulgarie avec une large gamme d&rsquo;outils et<img loading=\"lazy\" decoding=\"async\" class=\"size-full wp-image-25984 alignright\" src=\"https:\/\/mavideniz.com.tr\/wp-content\/uploads\/Media-Centre\/News-Events\/2018\/AMPHIBIOUS-MACHINE-1.jpg\" alt=\"\" width=\"375\" height=\"250\" title=\"\"> d&rsquo;accessoires disponibles. La nature amphibie de la machine permet l&rsquo;acc\u00e8s \u00e0 des zones normalement inaccessibles aux machines conventionnelles. C&rsquo;est la solution id\u00e9ale pour les travaux dans les lacs, les canaux et d&rsquo;autres habitats de zones humides. Le syst\u00e8me de distribution de poids donne \u00e0 la machine une faible pression au sol et une capacit\u00e9 de flottement, offrant des possibilit\u00e9s uniques pour travailler dans des environnements sensibles.<br \/>\nMAVI DENIZ plusieurs navires sont utilis\u00e9s pour les march\u00e9s nationaux et internationaux des d\u00e9chets et des d\u00e9versements d&rsquo;hydrocarbures.<\/p>\n","protected":false},"excerpt":{"rendered":"<p>18 mai 2018, Mavi Deniz a \u00e9t\u00e9 engag\u00e9 pour fournir une machine amphibie multifonctionnelle \u00e0 la Bulgarie avec une large [&hellip;]<\/p>\n","protected":false},"author":1,"featured_media":0,"parent":42559,"menu_order":0,"comment_status":"closed","ping_status":"closed","template":"","meta":{"site-sidebar-layout":"default","site-content-layout":"","ast-site-content-layout":"default","site-content-style":"default","site-sidebar-style":"default","ast-global-header-display":"","ast-banner-title-visibility":"","ast-main-header-display":"","ast-hfb-above-header-display":"","ast-hfb-below-header-display":"","ast-hfb-mobile-header-display":"","site-post-title":"","ast-breadcrumbs-content":"","ast-featured-img":"","footer-sml-layout":"","ast-disable-related-posts":"","theme-transparent-header-meta":"","adv-header-id-meta":"","stick-header-meta":"","header-above-stick-meta":"","header-main-stick-meta":"","header-below-stick-meta":"","astra-migrate-meta-layouts":"default","ast-page-background-enabled":"default","ast-page-background-meta":{"desktop":{"background-color":"var(--ast-global-color-5)","background-image":"","background-repeat":"repeat","background-position":"center center","background-size":"auto","background-attachment":"scroll","background-type":"","background-media":"","overlay-type":"","overlay-color":"","overlay-opacity":"","overlay-gradient":""},"tablet":{"background-color":"","background-image":"","background-repeat":"repeat","background-position":"center center","background-size":"auto","background-attachment":"scroll","background-type":"","background-media":"","overlay-type":"","overlay-color":"","overlay-opacity":"","overlay-gradient":""},"mobile":{"background-color":"","background-image":"","background-repeat":"repeat","background-position":"center center","background-size":"auto","background-attachment":"scroll","background-type":"","background-media":"","overlay-type":"","overlay-color":"","overlay-opacity":"","overlay-gradient":""}},"ast-content-background-meta":{"desktop":{"background-color":"var(--ast-global-color-4)","background-image":"","background-repeat":"repeat","background-position":"center center","background-size":"auto","background-attachment":"scroll","background-type":"","background-media":"","overlay-type":"","overlay-color":"","overlay-opacity":"","overlay-gradient":""},"tablet":{"background-color":"var(--ast-global-color-4)","background-image":"","background-repeat":"repeat","background-position":"center center","background-size":"auto","background-attachment":"scroll","background-type":"","background-media":"","overlay-type":"","overlay-color":"","overlay-opacity":"","overlay-gradient":""},"mobile":{"background-color":"var(--ast-global-color-4)","background-image":"","background-repeat":"repeat","background-position":"center center","background-size":"auto","background-attachment":"scroll","background-type":"","background-media":"","overlay-type":"","overlay-color":"","overlay-opacity":"","overlay-gradient":""}},"footnotes":""},"class_list":["post-53243","page","type-page","status-publish","hentry"],"_links":{"self":[{"href":"https:\/\/mavideniz.com.tr\/fr\/wp-json\/wp\/v2\/pages\/53243","targetHints":{"allow":["GET"]}}],"collection":[{"href":"https:\/\/mavideniz.com.tr\/fr\/wp-json\/wp\/v2\/pages"}],"about":[{"href":"https:\/\/mavideniz.com.tr\/fr\/wp-json\/wp\/v2\/types\/page"}],"author":[{"embeddable":true,"href":"https:\/\/mavideniz.com.tr\/fr\/wp-json\/wp\/v2\/users\/1"}],"replies":[{"embeddable":true,"href":"https:\/\/mavideniz.com.tr\/fr\/wp-json\/wp\/v2\/comments?post=53243"}],"version-history":[{"count":0,"href":"https:\/\/mavideniz.com.tr\/fr\/wp-json\/wp\/v2\/pages\/53243\/revisions"}],"up":[{"embeddable":true,"href":"https:\/\/mavideniz.com.tr\/fr\/wp-json\/wp\/v2\/pages\/42559"}],"wp:attachment":[{"href":"https:\/\/mavideniz.com.tr\/fr\/wp-json\/wp\/v2\/media?parent=53243"}],"curies":[{"name":"wp","href":"https:\/\/api.w.org\/{rel}","templated":true}]}}