{"id":53260,"date":"2020-12-20T00:00:00","date_gmt":"2020-12-20T00:00:00","guid":{"rendered":"https:\/\/mavideniz.com.tr\/?page_id=53260"},"modified":"2023-06-29T13:32:41","modified_gmt":"2023-06-29T13:32:41","slug":"commande-de-150-m-de-rideau-de-limon-au-qatar","status":"publish","type":"page","link":"https:\/\/mavideniz.com.tr\/fr\/actualites-evenements\/commande-de-150-m-de-rideau-de-limon-au-qatar\/","title":{"rendered":"COMMANDE DE 150 M DE RIDEAU DE LIMON AU QATAR"},"content":{"rendered":"<p>Le 20 d\u00e9cembre 2020, Mavi Deniz a sign\u00e9 un contrat avec MEDGULF CONSTRUCTION COMPANY WLL, Doha, pour la fourniture d&rsquo;une rampe anti-turbidit\u00e9 l\u00e9g\u00e8re de type I de 150 m.<br \/>\nUn rideau de limon est une structure poreuse ou imperm\u00e9able suspendue dans la colonne d&rsquo;eau pour contr\u00f4ler les s\u00e9diments en migration. Aussi connu<img loading=\"lazy\" decoding=\"async\" class=\"size-full wp-image-26110 alignright\" src=\"https:\/\/mavideniz.com.tr\/wp-content\/uploads\/Media-Centre\/News-Events\/2020\/Silt-Curtain-1.jpg\" alt=\"\" width=\"375\" height=\"250\" title=\"\"> sous le nom de rideau de turbidit\u00e9 ou \u00e9cran de vase, le rideau de vase a pour fonction de contenir les s\u00e9diments perturb\u00e9s \u00e0 environ un \u00e0 deux m\u00e8tres de la surface. Le contr\u00f4le de la dispersion permet aux s\u00e9diments en suspension de se d\u00e9poser et de tomber dans la colonne d&rsquo;eau. Un rideau de limon fournit l&rsquo;environnement et le temps n\u00e9cessaires pour que les s\u00e9diments en suspension se d\u00e9posent au fond.<br \/>\nLe contr\u00f4le des s\u00e9diments des chantiers de construction, le dragage, la d\u00e9cantation et les algues toxiques sont simplifi\u00e9s \u00e0 l&rsquo;aide d&rsquo;un rideau de silt. Fabriqu\u00e9 \u00e0 partir de g\u00e9ofabric et de PVC.<br \/>\nLes estacades en rideau de silt sont id\u00e9ales pour de nombreuses applications vari\u00e9es, y compris :<br \/>\n\u25cf&nbsp; Contr\u00f4le des s\u00e9diments et du ruissellement provenant des chantiers de construction<br \/>\n\u25cf&nbsp; Contr\u00f4le des s\u00e9diments provenant des op\u00e9rations de dragage et des d\u00e9p\u00f4ts de dragage<br \/>\n\u25cf&nbsp; Barrages de r\u00e9sidus miniers pour r\u00e9duire les solides en suspension<br \/>\n\u25cf&nbsp; Lutte contre les plantes aquatiques<br \/>\n\u25cf&nbsp; Contr\u00f4le des algues toxiques<\/p>\n","protected":false},"excerpt":{"rendered":"<p>Le 20 d\u00e9cembre 2020, Mavi Deniz a sign\u00e9 un contrat avec MEDGULF CONSTRUCTION COMPANY WLL, Doha, pour la fourniture d&rsquo;une [&hellip;]<\/p>\n","protected":false},"author":1,"featured_media":0,"parent":42559,"menu_order":0,"comment_status":"closed","ping_status":"closed","template":"","meta":{"site-sidebar-layout":"default","site-content-layout":"","ast-site-content-layout":"default","site-content-style":"default","site-sidebar-style":"default","ast-global-header-display":"","ast-banner-title-visibility":"","ast-main-header-display":"","ast-hfb-above-header-display":"","ast-hfb-below-header-display":"","ast-hfb-mobile-header-display":"","site-post-title":"","ast-breadcrumbs-content":"","ast-featured-img":"","footer-sml-layout":"","ast-disable-related-posts":"","theme-transparent-header-meta":"","adv-header-id-meta":"","stick-header-meta":"","header-above-stick-meta":"","header-main-stick-meta":"","header-below-stick-meta":"","astra-migrate-meta-layouts":"default","ast-page-background-enabled":"default","ast-page-background-meta":{"desktop":{"background-color":"var(--ast-global-color-5)","background-image":"","background-repeat":"repeat","background-position":"center center","background-size":"auto","background-attachment":"scroll","background-type":"","background-media":"","overlay-type":"","overlay-color":"","overlay-opacity":"","overlay-gradient":""},"tablet":{"background-color":"","background-image":"","background-repeat":"repeat","background-position":"center center","background-size":"auto","background-attachment":"scroll","background-type":"","background-media":"","overlay-type":"","overlay-color":"","overlay-opacity":"","overlay-gradient":""},"mobile":{"background-color":"","background-image":"","background-repeat":"repeat","background-position":"center center","background-size":"auto","background-attachment":"scroll","background-type":"","background-media":"","overlay-type":"","overlay-color":"","overlay-opacity":"","overlay-gradient":""}},"ast-content-background-meta":{"desktop":{"background-color":"var(--ast-global-color-4)","background-image":"","background-repeat":"repeat","background-position":"center center","background-size":"auto","background-attachment":"scroll","background-type":"","background-media":"","overlay-type":"","overlay-color":"","overlay-opacity":"","overlay-gradient":""},"tablet":{"background-color":"var(--ast-global-color-4)","background-image":"","background-repeat":"repeat","background-position":"center center","background-size":"auto","background-attachment":"scroll","background-type":"","background-media":"","overlay-type":"","overlay-color":"","overlay-opacity":"","overlay-gradient":""},"mobile":{"background-color":"var(--ast-global-color-4)","background-image":"","background-repeat":"repeat","background-position":"center center","background-size":"auto","background-attachment":"scroll","background-type":"","background-media":"","overlay-type":"","overlay-color":"","overlay-opacity":"","overlay-gradient":""}},"footnotes":""},"class_list":["post-53260","page","type-page","status-publish","hentry"],"_links":{"self":[{"href":"https:\/\/mavideniz.com.tr\/fr\/wp-json\/wp\/v2\/pages\/53260","targetHints":{"allow":["GET"]}}],"collection":[{"href":"https:\/\/mavideniz.com.tr\/fr\/wp-json\/wp\/v2\/pages"}],"about":[{"href":"https:\/\/mavideniz.com.tr\/fr\/wp-json\/wp\/v2\/types\/page"}],"author":[{"embeddable":true,"href":"https:\/\/mavideniz.com.tr\/fr\/wp-json\/wp\/v2\/users\/1"}],"replies":[{"embeddable":true,"href":"https:\/\/mavideniz.com.tr\/fr\/wp-json\/wp\/v2\/comments?post=53260"}],"version-history":[{"count":0,"href":"https:\/\/mavideniz.com.tr\/fr\/wp-json\/wp\/v2\/pages\/53260\/revisions"}],"up":[{"embeddable":true,"href":"https:\/\/mavideniz.com.tr\/fr\/wp-json\/wp\/v2\/pages\/42559"}],"wp:attachment":[{"href":"https:\/\/mavideniz.com.tr\/fr\/wp-json\/wp\/v2\/media?parent=53260"}],"curies":[{"name":"wp","href":"https:\/\/api.w.org\/{rel}","templated":true}]}}