{"id":53268,"date":"2019-01-02T00:00:00","date_gmt":"2019-01-02T00:00:00","guid":{"rendered":"https:\/\/mavideniz.com.tr\/?page_id=53268"},"modified":"2023-06-29T13:35:22","modified_gmt":"2023-06-29T13:35:22","slug":"2-x-machine-amphibie-livree-en-lituanie","status":"publish","type":"page","link":"https:\/\/mavideniz.com.tr\/fr\/actualites-evenements\/2-x-machine-amphibie-livree-en-lituanie\/","title":{"rendered":"2 x MACHINE AMPHIBIE LIVR\u00c9E EN LITUANIE"},"content":{"rendered":"<p>02 Janvier 2019, Mavi Deniz a \u00e9t\u00e9 engag\u00e9 pour fournir une machine amphibie multifonctionnelle \u00e0 la Lituanie avec une large gamme d&rsquo;outils et d&rsquo;accessoires.<\/p>\n<p>La nature amphibie de la machine permet l&rsquo;acc\u00e8s \u00e0 des zones normalement inaccessibles aux machines conventionnelles. C&rsquo;est la solution id\u00e9ale pour<img loading=\"lazy\" decoding=\"async\" class=\"alignright wp-image-25899 size-full\" src=\"https:\/\/mavideniz.com.tr\/wp-content\/uploads\/Media-Centre\/News-Events\/2019\/AMPHIBIOUS-MACHINE-2.jpg\" width=\"375\" height=\"250\" alt=\"\" title=\"\"> les travaux dans les lacs, les canaux et d&rsquo;autres habitats de zones humides.<\/p>\n<p>Le syst\u00e8me de distribution de poids donne \u00e0 la machine une faible pression au sol et une capacit\u00e9 de flottement, offrant des possibilit\u00e9s uniques pour travailler dans des environnements sensibles. Aucune autre machine, comme une grue, n&rsquo;est n\u00e9cessaire pour le chargement ou le d\u00e9chargement dans l&rsquo;eau. Amphibious Machine monte et descend la remorque qui peut \u00eatre tir\u00e9e par une voiture normale.<\/p>\n<p>En raison de son excellente manoeuvrabilit\u00e9 tourne rapidement autour de son essieu dans l&rsquo;eau et est id\u00e9al pour les zones \u00e9troites.<\/p>\n<p>Amphibex est une machine amphibie qui a de nombreux avantages.<\/p>\n<p>La machine primaire peut \u00eatre \u00e9quip\u00e9e d&rsquo;un ensemble complet d&rsquo;outils.<\/p>\n<p><strong>Le connecteur intelligent sur le bras de levage facilite le changement des diff\u00e9rents outils, ce qui leur permet de fonctionner comme :<\/strong><\/p>\n<ul>\n<li>R\u00e9colteuse<strong><img loading=\"lazy\" decoding=\"async\" class=\"size-full wp-image-25894 alignright\" src=\"https:\/\/mavideniz.com.tr\/wp-content\/uploads\/Media-Centre\/News-Events\/2019\/AMPHIBIOUS-MACHINE-1.jpg\" alt=\"\" width=\"375\" height=\"250\" title=\"\"><\/strong><\/li>\n<li>Collecteur<\/li>\n<li>Excavatrice<\/li>\n<li>Dragueur<\/li>\n<\/ul>\n<p>MAVI DENIZ plusieurs machines amphibies sont utilis\u00e9es pour les march\u00e9s nationaux et internationaux.<\/p>\n","protected":false},"excerpt":{"rendered":"<p>02 Janvier 2019, Mavi Deniz a \u00e9t\u00e9 engag\u00e9 pour fournir une machine amphibie multifonctionnelle \u00e0 la Lituanie avec une large [&hellip;]<\/p>\n","protected":false},"author":1,"featured_media":0,"parent":42559,"menu_order":0,"comment_status":"closed","ping_status":"closed","template":"","meta":{"site-sidebar-layout":"default","site-content-layout":"","ast-site-content-layout":"default","site-content-style":"default","site-sidebar-style":"default","ast-global-header-display":"","ast-banner-title-visibility":"","ast-main-header-display":"","ast-hfb-above-header-display":"","ast-hfb-below-header-display":"","ast-hfb-mobile-header-display":"","site-post-title":"","ast-breadcrumbs-content":"","ast-featured-img":"","footer-sml-layout":"","ast-disable-related-posts":"","theme-transparent-header-meta":"","adv-header-id-meta":"","stick-header-meta":"","header-above-stick-meta":"","header-main-stick-meta":"","header-below-stick-meta":"","astra-migrate-meta-layouts":"default","ast-page-background-enabled":"default","ast-page-background-meta":{"desktop":{"background-color":"var(--ast-global-color-5)","background-image":"","background-repeat":"repeat","background-position":"center center","background-size":"auto","background-attachment":"scroll","background-type":"","background-media":"","overlay-type":"","overlay-color":"","overlay-opacity":"","overlay-gradient":""},"tablet":{"background-color":"","background-image":"","background-repeat":"repeat","background-position":"center center","background-size":"auto","background-attachment":"scroll","background-type":"","background-media":"","overlay-type":"","overlay-color":"","overlay-opacity":"","overlay-gradient":""},"mobile":{"background-color":"","background-image":"","background-repeat":"repeat","background-position":"center center","background-size":"auto","background-attachment":"scroll","background-type":"","background-media":"","overlay-type":"","overlay-color":"","overlay-opacity":"","overlay-gradient":""}},"ast-content-background-meta":{"desktop":{"background-color":"var(--ast-global-color-4)","background-image":"","background-repeat":"repeat","background-position":"center center","background-size":"auto","background-attachment":"scroll","background-type":"","background-media":"","overlay-type":"","overlay-color":"","overlay-opacity":"","overlay-gradient":""},"tablet":{"background-color":"var(--ast-global-color-4)","background-image":"","background-repeat":"repeat","background-position":"center center","background-size":"auto","background-attachment":"scroll","background-type":"","background-media":"","overlay-type":"","overlay-color":"","overlay-opacity":"","overlay-gradient":""},"mobile":{"background-color":"var(--ast-global-color-4)","background-image":"","background-repeat":"repeat","background-position":"center center","background-size":"auto","background-attachment":"scroll","background-type":"","background-media":"","overlay-type":"","overlay-color":"","overlay-opacity":"","overlay-gradient":""}},"footnotes":""},"class_list":["post-53268","page","type-page","status-publish","hentry"],"_links":{"self":[{"href":"https:\/\/mavideniz.com.tr\/fr\/wp-json\/wp\/v2\/pages\/53268","targetHints":{"allow":["GET"]}}],"collection":[{"href":"https:\/\/mavideniz.com.tr\/fr\/wp-json\/wp\/v2\/pages"}],"about":[{"href":"https:\/\/mavideniz.com.tr\/fr\/wp-json\/wp\/v2\/types\/page"}],"author":[{"embeddable":true,"href":"https:\/\/mavideniz.com.tr\/fr\/wp-json\/wp\/v2\/users\/1"}],"replies":[{"embeddable":true,"href":"https:\/\/mavideniz.com.tr\/fr\/wp-json\/wp\/v2\/comments?post=53268"}],"version-history":[{"count":0,"href":"https:\/\/mavideniz.com.tr\/fr\/wp-json\/wp\/v2\/pages\/53268\/revisions"}],"up":[{"embeddable":true,"href":"https:\/\/mavideniz.com.tr\/fr\/wp-json\/wp\/v2\/pages\/42559"}],"wp:attachment":[{"href":"https:\/\/mavideniz.com.tr\/fr\/wp-json\/wp\/v2\/media?parent=53268"}],"curies":[{"name":"wp","href":"https:\/\/api.w.org\/{rel}","templated":true}]}}