{"id":53284,"date":"2018-02-19T00:00:00","date_gmt":"2018-02-19T00:00:00","guid":{"rendered":"https:\/\/mavideniz.com.tr\/?page_id=53284"},"modified":"2023-06-29T13:47:46","modified_gmt":"2023-06-29T13:47:46","slug":"2-x-fourniture-de-conteneurs-dintervention-en-cas-de-deversement-dhuile-au-turkmenistan","status":"publish","type":"page","link":"https:\/\/mavideniz.com.tr\/fr\/actualites-evenements\/2-x-fourniture-de-conteneurs-dintervention-en-cas-de-deversement-dhuile-au-turkmenistan\/","title":{"rendered":"2 x FOURNITURE DE CONTENEURS D&rsquo;INTERVENTION EN CAS DE D\u00c9VERSEMENT D&rsquo;HUILE AU TURKM\u00c9NISTAN"},"content":{"rendered":"<p>19 f\u00e9vrier 2018, Mavi Deniz fournira 2 pcs Tier 1 Oil Spill Response Equipment Container avec certificat RINA au projet GAP au port du Turkm\u00e9nistan.<\/p>\n<p>LONGUEUR INT\u00c9RIEURE : 5,895 m<img loading=\"lazy\" decoding=\"async\" class=\"alignright wp-image-26035 size-full\" src=\"https:\/\/mavideniz.com.tr\/wp-content\/uploads\/Media-Centre\/News-Events\/2018\/Rina-Class-Approved-Oil-Spill-Response-Container.jpg\" width=\"375\" height=\"250\" alt=\"\" title=\"\"><br \/>\nLARGEUR INT\u00c9RIEURE : 2.350 m<br \/>\nHAUTEUR INT\u00c9RIEURE : 2,392 m<br \/>\nLARGEUR DE LA PORTE : 2.340 m<br \/>\nHAUTEUR DE LA PORTE : 2,292 m<br \/>\nCAPACIT\u00c9 : 33 m3<br \/>\nPOIDS MAXIMAL DE LA CARGAISON : 28230 Kgs<\/p>\n<p><strong>Description<\/strong><\/p>\n<p>Les contenants standard sont aussi appel\u00e9s contenants \u00e0 usage g\u00e9n\u00e9ral.<\/p>\n<p>Ce sont des conteneurs ferm\u00e9s, c&rsquo;est-\u00e0-dire qu&rsquo;ils sont ferm\u00e9s de tous les c\u00f4t\u00e9s. Une distinction peut \u00eatre faite entre les types de conteneurs standard suivants :<\/p>\n<ul>\n<li>Conteneurs standard avec portes \u00e0 une ou aux deux extr\u00e9mit\u00e9s<\/li>\n<li>Conteneurs standard avec portes \u00e0 une ou aux deux extr\u00e9mit\u00e9s et portes sur toute la longueur d&rsquo;un c\u00f4t\u00e9 ou des deux c\u00f4t\u00e9s<\/li>\n<li>Conteneurs standard avec portes \u00e0 une ou aux deux extr\u00e9mit\u00e9s et portes sur un ou les deux c\u00f4t\u00e9s<\/li>\n<li>En outre, les diff\u00e9rents types de conteneurs standard diff\u00e8rent \u00e9galement par leurs dimensions et leur poids, ce qui donne lieu \u00e0 une large gamme de conteneurs standard.<\/li>\n<li>Les conteneurs standard sont principalement utilis\u00e9s comme conteneurs de 20&prime; et de 40&prime;. Les contenants de plus petites dimensions sont tr\u00e8s rarement utilis\u00e9s. En effet, la tendance est \u00e0 des tailles plus \u00e9tendues, par exemple, 45&prime;.<\/li>\n<\/ul>\n","protected":false},"excerpt":{"rendered":"<p>19 f\u00e9vrier 2018, Mavi Deniz fournira 2 pcs Tier 1 Oil Spill Response Equipment Container avec certificat RINA au projet [&hellip;]<\/p>\n","protected":false},"author":1,"featured_media":0,"parent":42559,"menu_order":0,"comment_status":"closed","ping_status":"closed","template":"","meta":{"site-sidebar-layout":"default","site-content-layout":"","ast-site-content-layout":"default","site-content-style":"default","site-sidebar-style":"default","ast-global-header-display":"","ast-banner-title-visibility":"","ast-main-header-display":"","ast-hfb-above-header-display":"","ast-hfb-below-header-display":"","ast-hfb-mobile-header-display":"","site-post-title":"","ast-breadcrumbs-content":"","ast-featured-img":"","footer-sml-layout":"","ast-disable-related-posts":"","theme-transparent-header-meta":"","adv-header-id-meta":"","stick-header-meta":"","header-above-stick-meta":"","header-main-stick-meta":"","header-below-stick-meta":"","astra-migrate-meta-layouts":"default","ast-page-background-enabled":"default","ast-page-background-meta":{"desktop":{"background-color":"var(--ast-global-color-5)","background-image":"","background-repeat":"repeat","background-position":"center center","background-size":"auto","background-attachment":"scroll","background-type":"","background-media":"","overlay-type":"","overlay-color":"","overlay-opacity":"","overlay-gradient":""},"tablet":{"background-color":"","background-image":"","background-repeat":"repeat","background-position":"center center","background-size":"auto","background-attachment":"scroll","background-type":"","background-media":"","overlay-type":"","overlay-color":"","overlay-opacity":"","overlay-gradient":""},"mobile":{"background-color":"","background-image":"","background-repeat":"repeat","background-position":"center center","background-size":"auto","background-attachment":"scroll","background-type":"","background-media":"","overlay-type":"","overlay-color":"","overlay-opacity":"","overlay-gradient":""}},"ast-content-background-meta":{"desktop":{"background-color":"var(--ast-global-color-4)","background-image":"","background-repeat":"repeat","background-position":"center center","background-size":"auto","background-attachment":"scroll","background-type":"","background-media":"","overlay-type":"","overlay-color":"","overlay-opacity":"","overlay-gradient":""},"tablet":{"background-color":"var(--ast-global-color-4)","background-image":"","background-repeat":"repeat","background-position":"center center","background-size":"auto","background-attachment":"scroll","background-type":"","background-media":"","overlay-type":"","overlay-color":"","overlay-opacity":"","overlay-gradient":""},"mobile":{"background-color":"var(--ast-global-color-4)","background-image":"","background-repeat":"repeat","background-position":"center center","background-size":"auto","background-attachment":"scroll","background-type":"","background-media":"","overlay-type":"","overlay-color":"","overlay-opacity":"","overlay-gradient":""}},"footnotes":""},"class_list":["post-53284","page","type-page","status-publish","hentry"],"_links":{"self":[{"href":"https:\/\/mavideniz.com.tr\/fr\/wp-json\/wp\/v2\/pages\/53284","targetHints":{"allow":["GET"]}}],"collection":[{"href":"https:\/\/mavideniz.com.tr\/fr\/wp-json\/wp\/v2\/pages"}],"about":[{"href":"https:\/\/mavideniz.com.tr\/fr\/wp-json\/wp\/v2\/types\/page"}],"author":[{"embeddable":true,"href":"https:\/\/mavideniz.com.tr\/fr\/wp-json\/wp\/v2\/users\/1"}],"replies":[{"embeddable":true,"href":"https:\/\/mavideniz.com.tr\/fr\/wp-json\/wp\/v2\/comments?post=53284"}],"version-history":[{"count":0,"href":"https:\/\/mavideniz.com.tr\/fr\/wp-json\/wp\/v2\/pages\/53284\/revisions"}],"up":[{"embeddable":true,"href":"https:\/\/mavideniz.com.tr\/fr\/wp-json\/wp\/v2\/pages\/42559"}],"wp:attachment":[{"href":"https:\/\/mavideniz.com.tr\/fr\/wp-json\/wp\/v2\/media?parent=53284"}],"curies":[{"name":"wp","href":"https:\/\/api.w.org\/{rel}","templated":true}]}}