{"id":53293,"date":"2021-01-13T00:00:00","date_gmt":"2021-01-13T00:00:00","guid":{"rendered":"https:\/\/mavideniz.com.tr\/?page_id=53293"},"modified":"2023-06-29T14:05:21","modified_gmt":"2023-06-29T14:05:21","slug":"2-x-exportation-de-garde-boue-pneumatique-vers-lestonie","status":"publish","type":"page","link":"https:\/\/mavideniz.com.tr\/fr\/actualites-evenements\/2-x-exportation-de-garde-boue-pneumatique-vers-lestonie\/","title":{"rendered":"2 x EXPORTATION DE GARDE-BOUE PNEUMATIQUE VERS L&rsquo;ESTONIE"},"content":{"rendered":"<p>13 janvier 2021, Mavi Deniz a \u00e9t\u00e9 engag\u00e9 pour fournir 2 pcs Pneumatic Fender 2800 mm x 4000 mm avec BV Class Certificat \u00e0 l&rsquo;Estonie, Tallinn Bekker<img loading=\"lazy\" decoding=\"async\" class=\"alignright wp-image-26558 size-full\" src=\"https:\/\/mavideniz.com.tr\/wp-content\/uploads\/Media-Centre\/News-Events\/2021\/PNEUMATIC-FENDER-ESTONIA-2.jpg\" width=\"375\" height=\"250\" alt=\"\" title=\"\"> Port.<br \/>\nL&rsquo;aile pneumatique ou l&rsquo;aile en caoutchouc gonflable ou l&rsquo;aile Yokohama utilise de l&rsquo;air comprim\u00e9 comme milieu tampon pour absorber l&rsquo;\u00e9nergie d&rsquo;impact du navire de sorte que le navire a plus de flexibilit\u00e9 et de douceur lorsqu&rsquo;il est amarr\u00e9, pour obtenir l&rsquo;effet d&#8217;emp\u00eacher la collision et la collision.<\/p>\n","protected":false},"excerpt":{"rendered":"<p>13 janvier 2021, Mavi Deniz a \u00e9t\u00e9 engag\u00e9 pour fournir 2 pcs Pneumatic Fender 2800 mm x 4000 mm avec [&hellip;]<\/p>\n","protected":false},"author":1,"featured_media":0,"parent":42559,"menu_order":0,"comment_status":"closed","ping_status":"closed","template":"","meta":{"site-sidebar-layout":"default","site-content-layout":"","ast-site-content-layout":"default","site-content-style":"default","site-sidebar-style":"default","ast-global-header-display":"","ast-banner-title-visibility":"","ast-main-header-display":"","ast-hfb-above-header-display":"","ast-hfb-below-header-display":"","ast-hfb-mobile-header-display":"","site-post-title":"","ast-breadcrumbs-content":"","ast-featured-img":"","footer-sml-layout":"","ast-disable-related-posts":"","theme-transparent-header-meta":"","adv-header-id-meta":"","stick-header-meta":"","header-above-stick-meta":"","header-main-stick-meta":"","header-below-stick-meta":"","astra-migrate-meta-layouts":"default","ast-page-background-enabled":"default","ast-page-background-meta":{"desktop":{"background-color":"var(--ast-global-color-5)","background-image":"","background-repeat":"repeat","background-position":"center center","background-size":"auto","background-attachment":"scroll","background-type":"","background-media":"","overlay-type":"","overlay-color":"","overlay-opacity":"","overlay-gradient":""},"tablet":{"background-color":"","background-image":"","background-repeat":"repeat","background-position":"center center","background-size":"auto","background-attachment":"scroll","background-type":"","background-media":"","overlay-type":"","overlay-color":"","overlay-opacity":"","overlay-gradient":""},"mobile":{"background-color":"","background-image":"","background-repeat":"repeat","background-position":"center center","background-size":"auto","background-attachment":"scroll","background-type":"","background-media":"","overlay-type":"","overlay-color":"","overlay-opacity":"","overlay-gradient":""}},"ast-content-background-meta":{"desktop":{"background-color":"var(--ast-global-color-4)","background-image":"","background-repeat":"repeat","background-position":"center center","background-size":"auto","background-attachment":"scroll","background-type":"","background-media":"","overlay-type":"","overlay-color":"","overlay-opacity":"","overlay-gradient":""},"tablet":{"background-color":"var(--ast-global-color-4)","background-image":"","background-repeat":"repeat","background-position":"center center","background-size":"auto","background-attachment":"scroll","background-type":"","background-media":"","overlay-type":"","overlay-color":"","overlay-opacity":"","overlay-gradient":""},"mobile":{"background-color":"var(--ast-global-color-4)","background-image":"","background-repeat":"repeat","background-position":"center center","background-size":"auto","background-attachment":"scroll","background-type":"","background-media":"","overlay-type":"","overlay-color":"","overlay-opacity":"","overlay-gradient":""}},"footnotes":""},"class_list":["post-53293","page","type-page","status-publish","hentry"],"_links":{"self":[{"href":"https:\/\/mavideniz.com.tr\/fr\/wp-json\/wp\/v2\/pages\/53293","targetHints":{"allow":["GET"]}}],"collection":[{"href":"https:\/\/mavideniz.com.tr\/fr\/wp-json\/wp\/v2\/pages"}],"about":[{"href":"https:\/\/mavideniz.com.tr\/fr\/wp-json\/wp\/v2\/types\/page"}],"author":[{"embeddable":true,"href":"https:\/\/mavideniz.com.tr\/fr\/wp-json\/wp\/v2\/users\/1"}],"replies":[{"embeddable":true,"href":"https:\/\/mavideniz.com.tr\/fr\/wp-json\/wp\/v2\/comments?post=53293"}],"version-history":[{"count":0,"href":"https:\/\/mavideniz.com.tr\/fr\/wp-json\/wp\/v2\/pages\/53293\/revisions"}],"up":[{"embeddable":true,"href":"https:\/\/mavideniz.com.tr\/fr\/wp-json\/wp\/v2\/pages\/42559"}],"wp:attachment":[{"href":"https:\/\/mavideniz.com.tr\/fr\/wp-json\/wp\/v2\/media?parent=53293"}],"curies":[{"name":"wp","href":"https:\/\/api.w.org\/{rel}","templated":true}]}}