{"id":53301,"date":"2021-02-15T00:00:00","date_gmt":"2021-02-15T00:00:00","guid":{"rendered":"https:\/\/mavideniz.com.tr\/?page_id=53301"},"modified":"2023-06-29T14:08:00","modified_gmt":"2023-06-29T14:08:00","slug":"2-x-systeme-dispersant-portable-livre-au-bangladesh","status":"publish","type":"page","link":"https:\/\/mavideniz.com.tr\/fr\/actualites-evenements\/2-x-systeme-dispersant-portable-livre-au-bangladesh\/","title":{"rendered":"2 x SYST\u00c8ME DISPERSANT PORTABLE LIVR\u00c9 AU BANGLADESH"},"content":{"rendered":"<p>Le 15 f\u00e9vrier 2021, Mavi Deniz a sign\u00e9 un contrat avec 3A Solutions pour la fourniture de 2 syst\u00e8mes portables de pulv\u00e9risation de dispersant aux garde-c\u00f4tes du Bangladesh. L&rsquo;unit\u00e9 MaviSpray est con\u00e7ue comme un pulv\u00e9risateur d&rsquo;huile dispersant portable et l\u00e9ger. Le MaviSpray peut \u00eatre utilis\u00e9 pour les<img loading=\"lazy\" decoding=\"async\" class=\"size-full wp-image-26565 alignright\" src=\"https:\/\/mavideniz.com.tr\/wp-content\/uploads\/Media-Centre\/News-Events\/2021\/PORTABLE-DISPERSANT-SPRAY-SYSTEM-BANGLADESH-1.jpg\" alt=\"\" width=\"375\" height=\"250\" title=\"\"> applications concentr\u00e9es et dilu\u00e9es. L&rsquo;unit\u00e9 de pompe comprend une pompe \u00e0 palettes \u00e0 amor\u00e7age automatique et utilise une pompe \u00e0 jet de liquide pour obtenir le m\u00e9lange eau de mer\/produit chimique requis. Quatre lances sont fournies, qui peuvent \u00eatre utilis\u00e9es simultan\u00e9ment si n\u00e9cessaire &#8211; r\u00e9servoir de dispersant avec dispersant de d\u00e9versement d&rsquo;huile de 1.000 litres.<br \/>\nChaque lance est \u00e9quip\u00e9e d&rsquo;un tuyau r\u00e9sistant aux produits chimiques de 10 m\u00e8tres et d&rsquo;un pistolet de pulv\u00e9risation r\u00e9sistant aux chocs avec une poign\u00e9e en nylon et un dispositif de protection de la g\u00e2chette. Les d\u00e9bits individuels vers les lances sont command\u00e9s par des vannes situ\u00e9es au niveau du collecteur de sortie.<br \/>\nLe syst\u00e8me de panneau de commande comprend une lampe d&rsquo;indication d&rsquo;allumage, un papillon des gaz, la lampe de protection contre la surchauffe du moteur, une lampe d&rsquo;alarme de niveau d&rsquo;\u00e9lectrolyte de batterie, un interrupteur marche\/arr\u00eat, une jauge compos\u00e9e pour l&rsquo;aspiration et une jauge de pression pour la livraison. Lance \u00e0 main 4 x \u00bd\u00a0\u00bb NB x 10 m\u00e8tres tuyau et lance.<\/p>\n","protected":false},"excerpt":{"rendered":"<p>Le 15 f\u00e9vrier 2021, Mavi Deniz a sign\u00e9 un contrat avec 3A Solutions pour la fourniture de 2 syst\u00e8mes portables [&hellip;]<\/p>\n","protected":false},"author":1,"featured_media":0,"parent":42559,"menu_order":0,"comment_status":"closed","ping_status":"closed","template":"","meta":{"site-sidebar-layout":"default","site-content-layout":"","ast-site-content-layout":"default","site-content-style":"default","site-sidebar-style":"default","ast-global-header-display":"","ast-banner-title-visibility":"","ast-main-header-display":"","ast-hfb-above-header-display":"","ast-hfb-below-header-display":"","ast-hfb-mobile-header-display":"","site-post-title":"","ast-breadcrumbs-content":"","ast-featured-img":"","footer-sml-layout":"","ast-disable-related-posts":"","theme-transparent-header-meta":"","adv-header-id-meta":"","stick-header-meta":"","header-above-stick-meta":"","header-main-stick-meta":"","header-below-stick-meta":"","astra-migrate-meta-layouts":"default","ast-page-background-enabled":"default","ast-page-background-meta":{"desktop":{"background-color":"var(--ast-global-color-5)","background-image":"","background-repeat":"repeat","background-position":"center center","background-size":"auto","background-attachment":"scroll","background-type":"","background-media":"","overlay-type":"","overlay-color":"","overlay-opacity":"","overlay-gradient":""},"tablet":{"background-color":"","background-image":"","background-repeat":"repeat","background-position":"center center","background-size":"auto","background-attachment":"scroll","background-type":"","background-media":"","overlay-type":"","overlay-color":"","overlay-opacity":"","overlay-gradient":""},"mobile":{"background-color":"","background-image":"","background-repeat":"repeat","background-position":"center center","background-size":"auto","background-attachment":"scroll","background-type":"","background-media":"","overlay-type":"","overlay-color":"","overlay-opacity":"","overlay-gradient":""}},"ast-content-background-meta":{"desktop":{"background-color":"var(--ast-global-color-4)","background-image":"","background-repeat":"repeat","background-position":"center center","background-size":"auto","background-attachment":"scroll","background-type":"","background-media":"","overlay-type":"","overlay-color":"","overlay-opacity":"","overlay-gradient":""},"tablet":{"background-color":"var(--ast-global-color-4)","background-image":"","background-repeat":"repeat","background-position":"center center","background-size":"auto","background-attachment":"scroll","background-type":"","background-media":"","overlay-type":"","overlay-color":"","overlay-opacity":"","overlay-gradient":""},"mobile":{"background-color":"var(--ast-global-color-4)","background-image":"","background-repeat":"repeat","background-position":"center center","background-size":"auto","background-attachment":"scroll","background-type":"","background-media":"","overlay-type":"","overlay-color":"","overlay-opacity":"","overlay-gradient":""}},"footnotes":""},"class_list":["post-53301","page","type-page","status-publish","hentry"],"_links":{"self":[{"href":"https:\/\/mavideniz.com.tr\/fr\/wp-json\/wp\/v2\/pages\/53301","targetHints":{"allow":["GET"]}}],"collection":[{"href":"https:\/\/mavideniz.com.tr\/fr\/wp-json\/wp\/v2\/pages"}],"about":[{"href":"https:\/\/mavideniz.com.tr\/fr\/wp-json\/wp\/v2\/types\/page"}],"author":[{"embeddable":true,"href":"https:\/\/mavideniz.com.tr\/fr\/wp-json\/wp\/v2\/users\/1"}],"replies":[{"embeddable":true,"href":"https:\/\/mavideniz.com.tr\/fr\/wp-json\/wp\/v2\/comments?post=53301"}],"version-history":[{"count":0,"href":"https:\/\/mavideniz.com.tr\/fr\/wp-json\/wp\/v2\/pages\/53301\/revisions"}],"up":[{"embeddable":true,"href":"https:\/\/mavideniz.com.tr\/fr\/wp-json\/wp\/v2\/pages\/42559"}],"wp:attachment":[{"href":"https:\/\/mavideniz.com.tr\/fr\/wp-json\/wp\/v2\/media?parent=53301"}],"curies":[{"name":"wp","href":"https:\/\/api.w.org\/{rel}","templated":true}]}}