{"id":53309,"date":"2016-05-04T00:00:00","date_gmt":"2016-05-04T00:00:00","guid":{"rendered":"https:\/\/mavideniz.com.tr\/?page_id=53309"},"modified":"2023-06-29T14:10:39","modified_gmt":"2023-06-29T14:10:39","slug":"barrage-fluvial-de-2-750-m-installe-dans-le-lac-de-bakou-azerbaidjan","status":"publish","type":"page","link":"https:\/\/mavideniz.com.tr\/fr\/actualites-evenements\/barrage-fluvial-de-2-750-m-installe-dans-le-lac-de-bakou-azerbaidjan\/","title":{"rendered":"BARRAGE FLUVIAL DE 2.750 m INSTALL\u00c9 DANS LE LAC DE BAKOU, AZERBA\u00cfDJAN"},"content":{"rendered":"<p>MAVI DENIZ est un fabricant leader d&rsquo;\u00e9quipements de protection des plages et des rivages.<\/p>\n<p>MAVI DENIZ est une soci\u00e9t\u00e9 internationale de conseil en environnement avec une r\u00e9putation in\u00e9gal\u00e9e pour fournir des services experts et sur mesure.<img loading=\"lazy\" decoding=\"async\" class=\"alignright wp-image-26422 size-full\" src=\"https:\/\/mavideniz.com.tr\/wp-content\/uploads\/Media-Centre\/News-Events\/2016\/River-Boom-2.jpg\" width=\"375\" height=\"250\" alt=\"\" title=\"\"><\/p>\n<p>MAVI DENIZ agit en tant que conseiller technique d&rsquo;un consortium visant \u00e0 d\u00e9velopper des \u00e9quipements de pointe \u00e0 Bakou, Azerba\u00efdjan, le 04 mai 2016. Le consortium de conseillers d&rsquo;Environmental Technologies Ltd. comprend X-OIL sur la finance et Caspian Marine MMC sur le juridique.<\/p>\n<p>2.750 m Trash Booms avec bou\u00e9es d&rsquo;\u00e9clairage sont install\u00e9s dans le lac, situ\u00e9 \u00e0 Bakou, efficace dans le confinement et la protection des plages telles que les algues, le verre, les seringues, le plastique, les canettes, les cigarettes, les coquillages, la pierre, le bois, et pratiquement tous les d\u00e9bris ind\u00e9sirables sur l&rsquo;eau.<\/p>\n<p><strong>Les services qui prennent en charge la correction comprennent :<\/strong><\/p>\n<ul>\n<li>\u00c9valuation des risques<\/li>\n<li>Conception et construction de mesures correctives<\/li>\n<li>Assainissement des sols et des eaux souterraines<\/li>\n<li>Fonctionnement et maintenance du syst\u00e8me de r\u00e9paration<\/li>\n<li>D\u00e9contamination et d\u00e9molition<\/li>\n<li>Enqu\u00eates de r\u00e9paration\/\u00e9tudes de faisabilit\u00e9<\/li>\n<li>Conseil municipal en traitement des eaux us\u00e9es<\/li>\n<li>Conseil en traitement des eaux huileuses<\/li>\n<li>Conseil en traitement des eaux produites<\/li>\n<\/ul>\n","protected":false},"excerpt":{"rendered":"<p>MAVI DENIZ est un fabricant leader d&rsquo;\u00e9quipements de protection des plages et des rivages. MAVI DENIZ est une soci\u00e9t\u00e9 internationale [&hellip;]<\/p>\n","protected":false},"author":1,"featured_media":0,"parent":42559,"menu_order":0,"comment_status":"closed","ping_status":"closed","template":"","meta":{"site-sidebar-layout":"default","site-content-layout":"","ast-site-content-layout":"default","site-content-style":"default","site-sidebar-style":"default","ast-global-header-display":"","ast-banner-title-visibility":"","ast-main-header-display":"","ast-hfb-above-header-display":"","ast-hfb-below-header-display":"","ast-hfb-mobile-header-display":"","site-post-title":"","ast-breadcrumbs-content":"","ast-featured-img":"","footer-sml-layout":"","ast-disable-related-posts":"","theme-transparent-header-meta":"","adv-header-id-meta":"","stick-header-meta":"","header-above-stick-meta":"","header-main-stick-meta":"","header-below-stick-meta":"","astra-migrate-meta-layouts":"default","ast-page-background-enabled":"default","ast-page-background-meta":{"desktop":{"background-color":"var(--ast-global-color-5)","background-image":"","background-repeat":"repeat","background-position":"center center","background-size":"auto","background-attachment":"scroll","background-type":"","background-media":"","overlay-type":"","overlay-color":"","overlay-opacity":"","overlay-gradient":""},"tablet":{"background-color":"","background-image":"","background-repeat":"repeat","background-position":"center center","background-size":"auto","background-attachment":"scroll","background-type":"","background-media":"","overlay-type":"","overlay-color":"","overlay-opacity":"","overlay-gradient":""},"mobile":{"background-color":"","background-image":"","background-repeat":"repeat","background-position":"center center","background-size":"auto","background-attachment":"scroll","background-type":"","background-media":"","overlay-type":"","overlay-color":"","overlay-opacity":"","overlay-gradient":""}},"ast-content-background-meta":{"desktop":{"background-color":"var(--ast-global-color-4)","background-image":"","background-repeat":"repeat","background-position":"center center","background-size":"auto","background-attachment":"scroll","background-type":"","background-media":"","overlay-type":"","overlay-color":"","overlay-opacity":"","overlay-gradient":""},"tablet":{"background-color":"var(--ast-global-color-4)","background-image":"","background-repeat":"repeat","background-position":"center center","background-size":"auto","background-attachment":"scroll","background-type":"","background-media":"","overlay-type":"","overlay-color":"","overlay-opacity":"","overlay-gradient":""},"mobile":{"background-color":"var(--ast-global-color-4)","background-image":"","background-repeat":"repeat","background-position":"center center","background-size":"auto","background-attachment":"scroll","background-type":"","background-media":"","overlay-type":"","overlay-color":"","overlay-opacity":"","overlay-gradient":""}},"footnotes":""},"class_list":["post-53309","page","type-page","status-publish","hentry"],"_links":{"self":[{"href":"https:\/\/mavideniz.com.tr\/fr\/wp-json\/wp\/v2\/pages\/53309","targetHints":{"allow":["GET"]}}],"collection":[{"href":"https:\/\/mavideniz.com.tr\/fr\/wp-json\/wp\/v2\/pages"}],"about":[{"href":"https:\/\/mavideniz.com.tr\/fr\/wp-json\/wp\/v2\/types\/page"}],"author":[{"embeddable":true,"href":"https:\/\/mavideniz.com.tr\/fr\/wp-json\/wp\/v2\/users\/1"}],"replies":[{"embeddable":true,"href":"https:\/\/mavideniz.com.tr\/fr\/wp-json\/wp\/v2\/comments?post=53309"}],"version-history":[{"count":0,"href":"https:\/\/mavideniz.com.tr\/fr\/wp-json\/wp\/v2\/pages\/53309\/revisions"}],"up":[{"embeddable":true,"href":"https:\/\/mavideniz.com.tr\/fr\/wp-json\/wp\/v2\/pages\/42559"}],"wp:attachment":[{"href":"https:\/\/mavideniz.com.tr\/fr\/wp-json\/wp\/v2\/media?parent=53309"}],"curies":[{"name":"wp","href":"https:\/\/api.w.org\/{rel}","templated":true}]}}