{"id":53317,"date":"2019-05-14T00:00:00","date_gmt":"2019-05-14T00:00:00","guid":{"rendered":"https:\/\/mavideniz.com.tr\/?page_id=53317"},"modified":"2023-06-29T14:16:34","modified_gmt":"2023-06-29T14:16:34","slug":"20-pcs-x-kit-de-deversement-dhuile-a-livrer-a-larabie-saoudite","status":"publish","type":"page","link":"https:\/\/mavideniz.com.tr\/fr\/actualites-evenements\/20-pcs-x-kit-de-deversement-dhuile-a-livrer-a-larabie-saoudite\/","title":{"rendered":"20 PCS x KIT DE D\u00c9VERSEMENT D&rsquo;HUILE \u00c0 LIVRER \u00c0 L&rsquo;ARABIE SAOUDITE"},"content":{"rendered":"<p>Le 14 mai 2019, Mavi Deniz ordonne de fournir 20 pi\u00e8ces de 12 kits de d\u00e9versement de p\u00e9trole marin Barrel MAVI DENIZ \u00e0 plusieurs navires au port de Djeddah en Arabie Saoudite.<\/p>\n<p>Les kits de d\u00e9versement MAVI DENIZ sont con\u00e7us pour faire face \u00e0 de nombreux d\u00e9versements de p\u00e9trole et de produits chimiques, des ports, des<img loading=\"lazy\" decoding=\"async\" class=\"size-full wp-image-25845 alignright\" src=\"https:\/\/mavideniz.com.tr\/wp-content\/uploads\/Media-Centre\/News-Events\/2019\/Oil-Spill-Kit-1.jpg\" alt=\"\" width=\"374\" height=\"250\" title=\"\"> navires, des chantiers navals et des usines industrielles lourdes aux petits ateliers d&rsquo;ing\u00e9nierie.<\/p>\n<p>La trousse de lutte contre les d\u00e9versements d&rsquo;hydrocarbures Mavi Deniz est une mesure d&rsquo;intervention en cas de d\u00e9versement d&rsquo;hydrocarbures en mer con\u00e7ue pour \u00eatre d\u00e9ploy\u00e9e rapidement et efficacement, en conjonction avec le plan d&rsquo;intervention de chaque navire, comme l&rsquo;exigent l&rsquo;OMI, MARPOL et l&rsquo;OPA &rsquo;90. Les sorbants inclus dans le kit de d\u00e9versement d&rsquo;huile sont produits sous diverses formes qui absorbent jusqu&rsquo;\u00e0 25 fois leur poids pour le contr\u00f4le de d\u00e9versement, le nettoyage, l&rsquo;entretien, la marine et d&rsquo;autres applications.<\/p>\n<p><strong>Prescriptions R\u00e9glementaires<\/strong><\/p>\n<p>Conform\u00e9ment \u00e0 la r\u00e9solution A535\/13 de l&rsquo;OMI et \u00e0 l&rsquo;article 4202 de la loi de 1990 sur la pollution par les hydrocarbures (OPA), il est recommand\u00e9 que les navires de 400 pieds (122 m\u00e8tres) et moins disposent d&rsquo;un \u00e9quipement suffisant en mat\u00e9riaux sorbants pour pouvoir \u00e9vacuer 7 barils (1100 litres) d&rsquo;huile, tandis que les navires plus grands doivent \u00eatre \u00e9quip\u00e9s pour absorber 12 barils (1900 litres) d&rsquo;huile. Les barges p\u00e9troli\u00e8res terrestres doivent \u00eatre capables de traiter au moins 1 baril (159 litres) de p\u00e9trole. La r\u00e8gle 37 de l&rsquo;annexe I de la convention MARPOL dispose que les p\u00e9troliers d&rsquo;une jauge brute \u00e9gale ou sup\u00e9rieure \u00e0 150 tonnages et tous les navires d&rsquo;une jauge brute \u00e9gale ou sup\u00e9rieure \u00e0 400 tonnages doivent \u00eatre munis d&rsquo;un plan d&rsquo;urgence en cas de pollution par les hydrocarbures (SOPEP) approuv\u00e9. Le plan stipule que les navires de moins de 400 pi ont besoin d&rsquo;un kit de d\u00e9versement en mer de 7 barils (1100 ltr). Les navires de plus de 400 pieds ont besoin d&rsquo;un kit de d\u00e9versement marin de 12 barils (1900 ltr).<\/p>\n","protected":false},"excerpt":{"rendered":"<p>Le 14 mai 2019, Mavi Deniz ordonne de fournir 20 pi\u00e8ces de 12 kits de d\u00e9versement de p\u00e9trole marin Barrel [&hellip;]<\/p>\n","protected":false},"author":1,"featured_media":0,"parent":42559,"menu_order":0,"comment_status":"closed","ping_status":"closed","template":"","meta":{"site-sidebar-layout":"default","site-content-layout":"","ast-site-content-layout":"default","site-content-style":"default","site-sidebar-style":"default","ast-global-header-display":"","ast-banner-title-visibility":"","ast-main-header-display":"","ast-hfb-above-header-display":"","ast-hfb-below-header-display":"","ast-hfb-mobile-header-display":"","site-post-title":"","ast-breadcrumbs-content":"","ast-featured-img":"","footer-sml-layout":"","ast-disable-related-posts":"","theme-transparent-header-meta":"","adv-header-id-meta":"","stick-header-meta":"","header-above-stick-meta":"","header-main-stick-meta":"","header-below-stick-meta":"","astra-migrate-meta-layouts":"default","ast-page-background-enabled":"default","ast-page-background-meta":{"desktop":{"background-color":"var(--ast-global-color-5)","background-image":"","background-repeat":"repeat","background-position":"center center","background-size":"auto","background-attachment":"scroll","background-type":"","background-media":"","overlay-type":"","overlay-color":"","overlay-opacity":"","overlay-gradient":""},"tablet":{"background-color":"","background-image":"","background-repeat":"repeat","background-position":"center center","background-size":"auto","background-attachment":"scroll","background-type":"","background-media":"","overlay-type":"","overlay-color":"","overlay-opacity":"","overlay-gradient":""},"mobile":{"background-color":"","background-image":"","background-repeat":"repeat","background-position":"center center","background-size":"auto","background-attachment":"scroll","background-type":"","background-media":"","overlay-type":"","overlay-color":"","overlay-opacity":"","overlay-gradient":""}},"ast-content-background-meta":{"desktop":{"background-color":"var(--ast-global-color-4)","background-image":"","background-repeat":"repeat","background-position":"center center","background-size":"auto","background-attachment":"scroll","background-type":"","background-media":"","overlay-type":"","overlay-color":"","overlay-opacity":"","overlay-gradient":""},"tablet":{"background-color":"var(--ast-global-color-4)","background-image":"","background-repeat":"repeat","background-position":"center center","background-size":"auto","background-attachment":"scroll","background-type":"","background-media":"","overlay-type":"","overlay-color":"","overlay-opacity":"","overlay-gradient":""},"mobile":{"background-color":"var(--ast-global-color-4)","background-image":"","background-repeat":"repeat","background-position":"center center","background-size":"auto","background-attachment":"scroll","background-type":"","background-media":"","overlay-type":"","overlay-color":"","overlay-opacity":"","overlay-gradient":""}},"footnotes":""},"class_list":["post-53317","page","type-page","status-publish","hentry"],"_links":{"self":[{"href":"https:\/\/mavideniz.com.tr\/fr\/wp-json\/wp\/v2\/pages\/53317","targetHints":{"allow":["GET"]}}],"collection":[{"href":"https:\/\/mavideniz.com.tr\/fr\/wp-json\/wp\/v2\/pages"}],"about":[{"href":"https:\/\/mavideniz.com.tr\/fr\/wp-json\/wp\/v2\/types\/page"}],"author":[{"embeddable":true,"href":"https:\/\/mavideniz.com.tr\/fr\/wp-json\/wp\/v2\/users\/1"}],"replies":[{"embeddable":true,"href":"https:\/\/mavideniz.com.tr\/fr\/wp-json\/wp\/v2\/comments?post=53317"}],"version-history":[{"count":0,"href":"https:\/\/mavideniz.com.tr\/fr\/wp-json\/wp\/v2\/pages\/53317\/revisions"}],"up":[{"embeddable":true,"href":"https:\/\/mavideniz.com.tr\/fr\/wp-json\/wp\/v2\/pages\/42559"}],"wp:attachment":[{"href":"https:\/\/mavideniz.com.tr\/fr\/wp-json\/wp\/v2\/media?parent=53317"}],"curies":[{"name":"wp","href":"https:\/\/api.w.org\/{rel}","templated":true}]}}