{"id":53325,"date":"2017-10-05T00:00:00","date_gmt":"2017-10-05T00:00:00","guid":{"rendered":"https:\/\/mavideniz.com.tr\/?page_id=53325"},"modified":"2023-06-29T14:26:43","modified_gmt":"2023-06-29T14:26:43","slug":"garde-boue-pneumatique-4-pieces","status":"publish","type":"page","link":"https:\/\/mavideniz.com.tr\/fr\/actualites-evenements\/garde-boue-pneumatique-4-pieces\/","title":{"rendered":"GARDE-BOUE PNEUMATIQUE 4 PI\u00c8CES"},"content":{"rendered":"<p>MAVI DENIZ fournit 4 pi\u00e8ces Yokohoma Fender le 05.October.2017 au chantier naval Gemak avec des dimensions Longueur 3,5 m x 2,5 m. Les d\u00e9fenses pneumatiques flottantes sont utilis\u00e9es dans le monde entier pour les op\u00e9rations de transfert de navire \u00e0 navire (STS), les terminaux et toutes sortes de navires.<br \/>\nDe navire \u00e0 navire (STS)<br \/>\nLes ailes flottantes telles que les ailes pneumatiques ou en mousse \u00e9lastom\u00e8re sont g\u00e9n\u00e9ralement utilis\u00e9es pour le soutage entre deux vaisseaux.<br \/>\nDepuis sa cr\u00e9ation jusqu&rsquo;\u00e0 aujourd&rsquo;hui, plus de 500 d\u00e9fenses ont \u00e9t\u00e9 fournies dans le monde entier pour les op\u00e9rations de navire \u00e0 navire et de navire \u00e0 quai au service de nos pr\u00e9cieux clients. Ces d\u00e9fenses jouent un r\u00f4le essentiel dans le processus s\u00e9curitaire d&rsquo;amarrage et d&rsquo;amarrage des navires.<br \/>\nUn garde-boue est un pare-chocs qui absorbe l&rsquo;\u00e9nergie cin\u00e9tique ou l&rsquo;accostage d&rsquo;un navire contre une jet\u00e9e, une paroi de quai ou d&rsquo;autres navires. Les d\u00e9fenses emp\u00eachent les dommages aux bateaux, aux navires et aux structures d&rsquo;accostage. Pour ce faire, les d\u00e9fenses ont g\u00e9n\u00e9ralement une absorption d&rsquo;\u00e9nergie \u00e9lev\u00e9e et une faible force de r\u00e9action. Les ailes sont g\u00e9n\u00e9ralement fabriqu\u00e9es en caoutchouc ou en mousse \u00e9lastom\u00e8re. Le type d&rsquo;aile le plus appropri\u00e9 pour une application d\u00e9pend de nombreuses variables, y compris les dimensions et le d\u00e9placement du navire, la distance de s\u00e9curit\u00e9 maximale autoris\u00e9e, la structure d&rsquo;accostage, les variations de mar\u00e9e et d&rsquo;autres conditions sp\u00e9cifiques \u00e0 l&rsquo;accostage. La taille de l&rsquo;unit\u00e9 d&rsquo;aile est bas\u00e9e sur l&rsquo;\u00e9nergie d&rsquo;accostage du vaisseau, qui est li\u00e9e au carr\u00e9 de la vitesse d&rsquo;accostage.<\/p>\n","protected":false},"excerpt":{"rendered":"<p>MAVI DENIZ fournit 4 pi\u00e8ces Yokohoma Fender le 05.October.2017 au chantier naval Gemak avec des dimensions Longueur 3,5 m x [&hellip;]<\/p>\n","protected":false},"author":1,"featured_media":0,"parent":42559,"menu_order":0,"comment_status":"closed","ping_status":"closed","template":"","meta":{"site-sidebar-layout":"default","site-content-layout":"","ast-site-content-layout":"default","site-content-style":"default","site-sidebar-style":"default","ast-global-header-display":"","ast-banner-title-visibility":"","ast-main-header-display":"","ast-hfb-above-header-display":"","ast-hfb-below-header-display":"","ast-hfb-mobile-header-display":"","site-post-title":"","ast-breadcrumbs-content":"","ast-featured-img":"","footer-sml-layout":"","ast-disable-related-posts":"","theme-transparent-header-meta":"","adv-header-id-meta":"","stick-header-meta":"","header-above-stick-meta":"","header-main-stick-meta":"","header-below-stick-meta":"","astra-migrate-meta-layouts":"default","ast-page-background-enabled":"default","ast-page-background-meta":{"desktop":{"background-color":"var(--ast-global-color-5)","background-image":"","background-repeat":"repeat","background-position":"center center","background-size":"auto","background-attachment":"scroll","background-type":"","background-media":"","overlay-type":"","overlay-color":"","overlay-opacity":"","overlay-gradient":""},"tablet":{"background-color":"","background-image":"","background-repeat":"repeat","background-position":"center center","background-size":"auto","background-attachment":"scroll","background-type":"","background-media":"","overlay-type":"","overlay-color":"","overlay-opacity":"","overlay-gradient":""},"mobile":{"background-color":"","background-image":"","background-repeat":"repeat","background-position":"center center","background-size":"auto","background-attachment":"scroll","background-type":"","background-media":"","overlay-type":"","overlay-color":"","overlay-opacity":"","overlay-gradient":""}},"ast-content-background-meta":{"desktop":{"background-color":"var(--ast-global-color-4)","background-image":"","background-repeat":"repeat","background-position":"center center","background-size":"auto","background-attachment":"scroll","background-type":"","background-media":"","overlay-type":"","overlay-color":"","overlay-opacity":"","overlay-gradient":""},"tablet":{"background-color":"var(--ast-global-color-4)","background-image":"","background-repeat":"repeat","background-position":"center center","background-size":"auto","background-attachment":"scroll","background-type":"","background-media":"","overlay-type":"","overlay-color":"","overlay-opacity":"","overlay-gradient":""},"mobile":{"background-color":"var(--ast-global-color-4)","background-image":"","background-repeat":"repeat","background-position":"center center","background-size":"auto","background-attachment":"scroll","background-type":"","background-media":"","overlay-type":"","overlay-color":"","overlay-opacity":"","overlay-gradient":""}},"footnotes":""},"class_list":["post-53325","page","type-page","status-publish","hentry"],"_links":{"self":[{"href":"https:\/\/mavideniz.com.tr\/fr\/wp-json\/wp\/v2\/pages\/53325","targetHints":{"allow":["GET"]}}],"collection":[{"href":"https:\/\/mavideniz.com.tr\/fr\/wp-json\/wp\/v2\/pages"}],"about":[{"href":"https:\/\/mavideniz.com.tr\/fr\/wp-json\/wp\/v2\/types\/page"}],"author":[{"embeddable":true,"href":"https:\/\/mavideniz.com.tr\/fr\/wp-json\/wp\/v2\/users\/1"}],"replies":[{"embeddable":true,"href":"https:\/\/mavideniz.com.tr\/fr\/wp-json\/wp\/v2\/comments?post=53325"}],"version-history":[{"count":0,"href":"https:\/\/mavideniz.com.tr\/fr\/wp-json\/wp\/v2\/pages\/53325\/revisions"}],"up":[{"embeddable":true,"href":"https:\/\/mavideniz.com.tr\/fr\/wp-json\/wp\/v2\/pages\/42559"}],"wp:attachment":[{"href":"https:\/\/mavideniz.com.tr\/fr\/wp-json\/wp\/v2\/media?parent=53325"}],"curies":[{"name":"wp","href":"https:\/\/api.w.org\/{rel}","templated":true}]}}