{"id":53333,"date":"2020-11-28T00:00:00","date_gmt":"2020-11-28T00:00:00","guid":{"rendered":"https:\/\/mavideniz.com.tr\/?page_id=53333"},"modified":"2023-06-29T14:28:31","modified_gmt":"2023-06-29T14:28:31","slug":"4-x-systeme-de-pulverisation-de-dispersant-pour-remorqueur","status":"publish","type":"page","link":"https:\/\/mavideniz.com.tr\/fr\/actualites-evenements\/4-x-systeme-de-pulverisation-de-dispersant-pour-remorqueur\/","title":{"rendered":"4 X SYST\u00c8ME DE PULV\u00c9RISATION DE DISPERSANT POUR REMORQUEUR"},"content":{"rendered":"<p>28 Novembre 2020, Mavi Deniz a sign\u00e9 un contrat avec Uzmar Shipbuilding Industry and Trade Inc pour fournir 4 pcs MAVISPRAY 8000D Syst\u00e8me portable de pulv\u00e9risation de dispersant \u00e9lectrique pour l&rsquo;application de dispersant concentr\u00e9 ou dilu\u00e9.<img loading=\"lazy\" decoding=\"async\" class=\"size-full wp-image-26122 alignright\" src=\"https:\/\/mavideniz.com.tr\/wp-content\/uploads\/Media-Centre\/News-Events\/2020\/TUG-BOAT-DISPERSANT-SPRAY-SYSTEM-1.jpg\" alt=\"\" width=\"375\" height=\"250\" title=\"\"><br \/>\nLe syst\u00e8me comprend une pompe \u00e9lectrique \u00e0 entra\u00eenement triphas\u00e9 de 400 V, 50 Hz, un bras de longueur de 8 m dans la section des bras de pulv\u00e9risation en aluminium l\u00e9ger de 2 \u00d7 4 m, un m\u00e2t de support en aluminium de 2,5 m, et tous les tuyaux, buses et raccords par le raccord.<br \/>\nLe syst\u00e8me comprend 415V, 50Hz, unit\u00e9 de pompe \u00e0 entra\u00eenement \u00e9lectrique triphas\u00e9, bras de longueur 8 m dans la section de 2 \u00d7 4 m bras de pulv\u00e9risation en aluminium l\u00e9ger, m\u00e2t de support avec 2,5 m d&rsquo;aluminium, et tous les tuyaux, buses et raccords par l&rsquo;attach\u00e9.<br \/>\n8 Pi\u00e8ces Buses Canalisations descendantes (1-2m) fournies pour convenir au franc-bord du bateau.<br \/>\nNous sommes l&rsquo;un des fournisseurs les plus soucieux de la s\u00e9curit\u00e9 des fabricants de pulv\u00e9risateurs dispersants.<\/p>\n","protected":false},"excerpt":{"rendered":"<p>28 Novembre 2020, Mavi Deniz a sign\u00e9 un contrat avec Uzmar Shipbuilding Industry and Trade Inc pour fournir 4 pcs [&hellip;]<\/p>\n","protected":false},"author":1,"featured_media":0,"parent":42559,"menu_order":0,"comment_status":"closed","ping_status":"closed","template":"","meta":{"site-sidebar-layout":"default","site-content-layout":"","ast-site-content-layout":"default","site-content-style":"default","site-sidebar-style":"default","ast-global-header-display":"","ast-banner-title-visibility":"","ast-main-header-display":"","ast-hfb-above-header-display":"","ast-hfb-below-header-display":"","ast-hfb-mobile-header-display":"","site-post-title":"","ast-breadcrumbs-content":"","ast-featured-img":"","footer-sml-layout":"","ast-disable-related-posts":"","theme-transparent-header-meta":"","adv-header-id-meta":"","stick-header-meta":"","header-above-stick-meta":"","header-main-stick-meta":"","header-below-stick-meta":"","astra-migrate-meta-layouts":"default","ast-page-background-enabled":"default","ast-page-background-meta":{"desktop":{"background-color":"var(--ast-global-color-5)","background-image":"","background-repeat":"repeat","background-position":"center center","background-size":"auto","background-attachment":"scroll","background-type":"","background-media":"","overlay-type":"","overlay-color":"","overlay-opacity":"","overlay-gradient":""},"tablet":{"background-color":"","background-image":"","background-repeat":"repeat","background-position":"center center","background-size":"auto","background-attachment":"scroll","background-type":"","background-media":"","overlay-type":"","overlay-color":"","overlay-opacity":"","overlay-gradient":""},"mobile":{"background-color":"","background-image":"","background-repeat":"repeat","background-position":"center center","background-size":"auto","background-attachment":"scroll","background-type":"","background-media":"","overlay-type":"","overlay-color":"","overlay-opacity":"","overlay-gradient":""}},"ast-content-background-meta":{"desktop":{"background-color":"var(--ast-global-color-4)","background-image":"","background-repeat":"repeat","background-position":"center center","background-size":"auto","background-attachment":"scroll","background-type":"","background-media":"","overlay-type":"","overlay-color":"","overlay-opacity":"","overlay-gradient":""},"tablet":{"background-color":"var(--ast-global-color-4)","background-image":"","background-repeat":"repeat","background-position":"center center","background-size":"auto","background-attachment":"scroll","background-type":"","background-media":"","overlay-type":"","overlay-color":"","overlay-opacity":"","overlay-gradient":""},"mobile":{"background-color":"var(--ast-global-color-4)","background-image":"","background-repeat":"repeat","background-position":"center center","background-size":"auto","background-attachment":"scroll","background-type":"","background-media":"","overlay-type":"","overlay-color":"","overlay-opacity":"","overlay-gradient":""}},"footnotes":""},"class_list":["post-53333","page","type-page","status-publish","hentry"],"_links":{"self":[{"href":"https:\/\/mavideniz.com.tr\/fr\/wp-json\/wp\/v2\/pages\/53333","targetHints":{"allow":["GET"]}}],"collection":[{"href":"https:\/\/mavideniz.com.tr\/fr\/wp-json\/wp\/v2\/pages"}],"about":[{"href":"https:\/\/mavideniz.com.tr\/fr\/wp-json\/wp\/v2\/types\/page"}],"author":[{"embeddable":true,"href":"https:\/\/mavideniz.com.tr\/fr\/wp-json\/wp\/v2\/users\/1"}],"replies":[{"embeddable":true,"href":"https:\/\/mavideniz.com.tr\/fr\/wp-json\/wp\/v2\/comments?post=53333"}],"version-history":[{"count":0,"href":"https:\/\/mavideniz.com.tr\/fr\/wp-json\/wp\/v2\/pages\/53333\/revisions"}],"up":[{"embeddable":true,"href":"https:\/\/mavideniz.com.tr\/fr\/wp-json\/wp\/v2\/pages\/42559"}],"wp:attachment":[{"href":"https:\/\/mavideniz.com.tr\/fr\/wp-json\/wp\/v2\/media?parent=53333"}],"curies":[{"name":"wp","href":"https:\/\/api.w.org\/{rel}","templated":true}]}}