{"id":53349,"date":"2018-01-16T00:00:00","date_gmt":"2018-01-16T00:00:00","guid":{"rendered":"https:\/\/mavideniz.com.tr\/?page_id=53349"},"modified":"2023-06-29T14:42:33","modified_gmt":"2023-06-29T14:42:33","slug":"6-x-conteneurs-dintervention-en-cas-de-deversement-dhuile-seront-installes-a-osv-azerbaidjan","status":"publish","type":"page","link":"https:\/\/mavideniz.com.tr\/fr\/actualites-evenements\/6-x-conteneurs-dintervention-en-cas-de-deversement-dhuile-seront-installes-a-osv-azerbaidjan\/","title":{"rendered":"6 x CONTENEURS D&rsquo;INTERVENTION EN CAS DE D\u00c9VERSEMENT D&rsquo;HUILE SERONT INSTALL\u00c9S \u00c0 OSV, AZERBA\u00cfDJAN"},"content":{"rendered":"<p>Le 16 janvier 2018, Mavi Deniz signe un accord avec Topaz Marine pour renforcer son navire de soutien offshore avec des \u00e9quipements d&rsquo;intervention en cas de d\u00e9versement d&rsquo;hydrocarbures. Mavi Deniz fournira six ensembles de conteneurs avec des unit\u00e9s d&rsquo;intervention d&rsquo;urgence, y compris une barri\u00e8re de 1.800 m, une bobine de fl\u00e8che, etc.<img loading=\"lazy\" decoding=\"async\" class=\"alignright wp-image-26051 size-full\" src=\"https:\/\/mavideniz.com.tr\/wp-content\/uploads\/Media-Centre\/News-Events\/2018\/Oil-Boom-Reel-Oil-Spill-Container.jpg\" width=\"375\" height=\"250\" alt=\"\" title=\"\"><\/p>\n<p>Topaz Energy and Marine est une soci\u00e9t\u00e9 leader de navires de soutien offshore (\u00ab OSV \u00bb) fournissant des solutions marines \u00e0 l&rsquo;industrie \u00e9nerg\u00e9tique mondiale, en se concentrant sur les op\u00e9rations en mer Caspienne, au Moyen-Orient, en Afrique de l&rsquo;Ouest et sous-marine dans la mer du Nord et le golfe du Mexique. Bas\u00e9e \u00e0 Duba\u00ef avec 40 ans d&rsquo;exp\u00e9rience au Moyen-Orient, Topaz exploite une flotte de plus de 90 navires de soutien offshore avec une moyenne d&rsquo;\u00e2ge de 7 ans, bien en dessous de la moyenne mondiale de 15 ans. Topaz est une filiale de Renaissance Services SAOG, une soci\u00e9t\u00e9 cot\u00e9e sur le march\u00e9 des valeurs mobili\u00e8res de Mascate, Oman.<\/p>\n<p>Topaz Energy and Marine est une soci\u00e9t\u00e9 leader de navires de soutien offshore (\u00ab OSV \u00bb) fournissant des solutions marines \u00e0 l&rsquo;industrie \u00e9nerg\u00e9tique mondiale, en se concentrant sur les op\u00e9rations en mer Caspienne, au Moyen-Orient, en Afrique de l&rsquo;Ouest et sous-marine dans la mer du Nord et le golfe du Mexique.<\/p>\n<p>Bas\u00e9e \u00e0 Duba\u00ef avec 40 ans d&rsquo;exp\u00e9rience au Moyen-Orient, Topaz exploite une flotte de plus de 90 navires de soutien offshore avec une moyenne d&rsquo;\u00e2ge de 7 ans, bien en dessous de la moyenne mondiale de 15 ans.<br \/>\nTopaz est une filiale de Renaissance Services SAOG, une soci\u00e9t\u00e9 cot\u00e9e sur le march\u00e9 des valeurs mobili\u00e8res de Mascate, Oman.<\/p>\n","protected":false},"excerpt":{"rendered":"<p>Le 16 janvier 2018, Mavi Deniz signe un accord avec Topaz Marine pour renforcer son navire de soutien offshore avec [&hellip;]<\/p>\n","protected":false},"author":1,"featured_media":0,"parent":42559,"menu_order":0,"comment_status":"closed","ping_status":"closed","template":"","meta":{"site-sidebar-layout":"default","site-content-layout":"","ast-site-content-layout":"default","site-content-style":"default","site-sidebar-style":"default","ast-global-header-display":"","ast-banner-title-visibility":"","ast-main-header-display":"","ast-hfb-above-header-display":"","ast-hfb-below-header-display":"","ast-hfb-mobile-header-display":"","site-post-title":"","ast-breadcrumbs-content":"","ast-featured-img":"","footer-sml-layout":"","ast-disable-related-posts":"","theme-transparent-header-meta":"","adv-header-id-meta":"","stick-header-meta":"","header-above-stick-meta":"","header-main-stick-meta":"","header-below-stick-meta":"","astra-migrate-meta-layouts":"default","ast-page-background-enabled":"default","ast-page-background-meta":{"desktop":{"background-color":"var(--ast-global-color-5)","background-image":"","background-repeat":"repeat","background-position":"center center","background-size":"auto","background-attachment":"scroll","background-type":"","background-media":"","overlay-type":"","overlay-color":"","overlay-opacity":"","overlay-gradient":""},"tablet":{"background-color":"","background-image":"","background-repeat":"repeat","background-position":"center center","background-size":"auto","background-attachment":"scroll","background-type":"","background-media":"","overlay-type":"","overlay-color":"","overlay-opacity":"","overlay-gradient":""},"mobile":{"background-color":"","background-image":"","background-repeat":"repeat","background-position":"center center","background-size":"auto","background-attachment":"scroll","background-type":"","background-media":"","overlay-type":"","overlay-color":"","overlay-opacity":"","overlay-gradient":""}},"ast-content-background-meta":{"desktop":{"background-color":"var(--ast-global-color-4)","background-image":"","background-repeat":"repeat","background-position":"center center","background-size":"auto","background-attachment":"scroll","background-type":"","background-media":"","overlay-type":"","overlay-color":"","overlay-opacity":"","overlay-gradient":""},"tablet":{"background-color":"var(--ast-global-color-4)","background-image":"","background-repeat":"repeat","background-position":"center center","background-size":"auto","background-attachment":"scroll","background-type":"","background-media":"","overlay-type":"","overlay-color":"","overlay-opacity":"","overlay-gradient":""},"mobile":{"background-color":"var(--ast-global-color-4)","background-image":"","background-repeat":"repeat","background-position":"center center","background-size":"auto","background-attachment":"scroll","background-type":"","background-media":"","overlay-type":"","overlay-color":"","overlay-opacity":"","overlay-gradient":""}},"footnotes":""},"class_list":["post-53349","page","type-page","status-publish","hentry"],"_links":{"self":[{"href":"https:\/\/mavideniz.com.tr\/fr\/wp-json\/wp\/v2\/pages\/53349","targetHints":{"allow":["GET"]}}],"collection":[{"href":"https:\/\/mavideniz.com.tr\/fr\/wp-json\/wp\/v2\/pages"}],"about":[{"href":"https:\/\/mavideniz.com.tr\/fr\/wp-json\/wp\/v2\/types\/page"}],"author":[{"embeddable":true,"href":"https:\/\/mavideniz.com.tr\/fr\/wp-json\/wp\/v2\/users\/1"}],"replies":[{"embeddable":true,"href":"https:\/\/mavideniz.com.tr\/fr\/wp-json\/wp\/v2\/comments?post=53349"}],"version-history":[{"count":0,"href":"https:\/\/mavideniz.com.tr\/fr\/wp-json\/wp\/v2\/pages\/53349\/revisions"}],"up":[{"embeddable":true,"href":"https:\/\/mavideniz.com.tr\/fr\/wp-json\/wp\/v2\/pages\/42559"}],"wp:attachment":[{"href":"https:\/\/mavideniz.com.tr\/fr\/wp-json\/wp\/v2\/media?parent=53349"}],"curies":[{"name":"wp","href":"https:\/\/api.w.org\/{rel}","templated":true}]}}