{"id":53358,"date":"2020-08-21T00:00:00","date_gmt":"2020-08-21T00:00:00","guid":{"rendered":"https:\/\/mavideniz.com.tr\/?page_id=53358"},"modified":"2023-06-29T14:44:23","modified_gmt":"2023-06-29T14:44:23","slug":"absorbants-exportes-vers-la-georgie","status":"publish","type":"page","link":"https:\/\/mavideniz.com.tr\/fr\/actualites-evenements\/absorbants-exportes-vers-la-georgie\/","title":{"rendered":"ABSORBANTS EXPORT\u00c9S VERS LA G\u00c9ORGIE"},"content":{"rendered":"<p>Le 21 ao\u00fbt 2020, Mavi Deniz a sign\u00e9 un contrat pour la fourniture en G\u00e9orgie d&rsquo;absorbants de rampe de sorbant, de tampons de sorbant, de granul\u00e9s de sorbant et de rouleaux de sorbant.<\/p>\n<p>Les tampons absorbants d&rsquo;huile sont recommand\u00e9s pour les d\u00e9versements mineurs d&rsquo;eau et l&rsquo;utilisation en usine. Excellent pour les pipelines, les<img loading=\"lazy\" decoding=\"async\" class=\"size-full wp-image-26158 alignright\" src=\"https:\/\/mavideniz.com.tr\/wp-content\/uploads\/Media-Centre\/News-Events\/2020\/ABSORBENTS-GEORGIA-1.jpg\" alt=\"\" width=\"375\" height=\"250\" title=\"\"> chantiers navals, les ponts de bateaux et de yachts, les usines, les usines industrielles, les quais de chargement, les ateliers de machines et d&rsquo;entretien, les services d&rsquo;incendie, l&rsquo;intervention municipale en cas de d\u00e9versement, ou partout o\u00f9 des d\u00e9versements liquides, chimiques ou p\u00e9troliers se produisent. Les rouleaux absorbant l&rsquo;huile sont con\u00e7us pour \u00eatre utilis\u00e9s en usine ou partout o\u00f9 les employ\u00e9s peuvent suivre l&rsquo;huile ou les d\u00e9versements &#8211; g\u00e9n\u00e9ralement utilis\u00e9s de fa\u00e7on s\u00e9lective. Les estacades \u00e0 sorbant d&rsquo;huile sont utilis\u00e9es pour les d\u00e9versements marins ou terrestres. Les rampes d&rsquo;extraction de sorbant d&rsquo;huile de Mavi Deniz sont un moyen rentable de r\u00e9cup\u00e9rer des d\u00e9versements de p\u00e9trole\/produits chimiques de petite et moyenne taille \u00e0 partir d&rsquo;entrep\u00f4ts, d&rsquo;usines, de protection de drainage, de ruisseaux, de lagunes, d&rsquo;\u00e9tangs de peuplement, de ports, de rivi\u00e8res ou pour la protection du littoral absorbant les fluides p\u00e9troliers provenant de la terre ou de l&rsquo;eau.<\/p>\n","protected":false},"excerpt":{"rendered":"<p>Le 21 ao\u00fbt 2020, Mavi Deniz a sign\u00e9 un contrat pour la fourniture en G\u00e9orgie d&rsquo;absorbants de rampe de sorbant, [&hellip;]<\/p>\n","protected":false},"author":1,"featured_media":0,"parent":42559,"menu_order":0,"comment_status":"closed","ping_status":"closed","template":"","meta":{"site-sidebar-layout":"default","site-content-layout":"","ast-site-content-layout":"default","site-content-style":"default","site-sidebar-style":"default","ast-global-header-display":"","ast-banner-title-visibility":"","ast-main-header-display":"","ast-hfb-above-header-display":"","ast-hfb-below-header-display":"","ast-hfb-mobile-header-display":"","site-post-title":"","ast-breadcrumbs-content":"","ast-featured-img":"","footer-sml-layout":"","ast-disable-related-posts":"","theme-transparent-header-meta":"","adv-header-id-meta":"","stick-header-meta":"","header-above-stick-meta":"","header-main-stick-meta":"","header-below-stick-meta":"","astra-migrate-meta-layouts":"default","ast-page-background-enabled":"default","ast-page-background-meta":{"desktop":{"background-color":"var(--ast-global-color-5)","background-image":"","background-repeat":"repeat","background-position":"center center","background-size":"auto","background-attachment":"scroll","background-type":"","background-media":"","overlay-type":"","overlay-color":"","overlay-opacity":"","overlay-gradient":""},"tablet":{"background-color":"","background-image":"","background-repeat":"repeat","background-position":"center center","background-size":"auto","background-attachment":"scroll","background-type":"","background-media":"","overlay-type":"","overlay-color":"","overlay-opacity":"","overlay-gradient":""},"mobile":{"background-color":"","background-image":"","background-repeat":"repeat","background-position":"center center","background-size":"auto","background-attachment":"scroll","background-type":"","background-media":"","overlay-type":"","overlay-color":"","overlay-opacity":"","overlay-gradient":""}},"ast-content-background-meta":{"desktop":{"background-color":"var(--ast-global-color-4)","background-image":"","background-repeat":"repeat","background-position":"center center","background-size":"auto","background-attachment":"scroll","background-type":"","background-media":"","overlay-type":"","overlay-color":"","overlay-opacity":"","overlay-gradient":""},"tablet":{"background-color":"var(--ast-global-color-4)","background-image":"","background-repeat":"repeat","background-position":"center center","background-size":"auto","background-attachment":"scroll","background-type":"","background-media":"","overlay-type":"","overlay-color":"","overlay-opacity":"","overlay-gradient":""},"mobile":{"background-color":"var(--ast-global-color-4)","background-image":"","background-repeat":"repeat","background-position":"center center","background-size":"auto","background-attachment":"scroll","background-type":"","background-media":"","overlay-type":"","overlay-color":"","overlay-opacity":"","overlay-gradient":""}},"footnotes":""},"class_list":["post-53358","page","type-page","status-publish","hentry"],"_links":{"self":[{"href":"https:\/\/mavideniz.com.tr\/fr\/wp-json\/wp\/v2\/pages\/53358","targetHints":{"allow":["GET"]}}],"collection":[{"href":"https:\/\/mavideniz.com.tr\/fr\/wp-json\/wp\/v2\/pages"}],"about":[{"href":"https:\/\/mavideniz.com.tr\/fr\/wp-json\/wp\/v2\/types\/page"}],"author":[{"embeddable":true,"href":"https:\/\/mavideniz.com.tr\/fr\/wp-json\/wp\/v2\/users\/1"}],"replies":[{"embeddable":true,"href":"https:\/\/mavideniz.com.tr\/fr\/wp-json\/wp\/v2\/comments?post=53358"}],"version-history":[{"count":0,"href":"https:\/\/mavideniz.com.tr\/fr\/wp-json\/wp\/v2\/pages\/53358\/revisions"}],"up":[{"embeddable":true,"href":"https:\/\/mavideniz.com.tr\/fr\/wp-json\/wp\/v2\/pages\/42559"}],"wp:attachment":[{"href":"https:\/\/mavideniz.com.tr\/fr\/wp-json\/wp\/v2\/media?parent=53358"}],"curies":[{"name":"wp","href":"https:\/\/api.w.org\/{rel}","templated":true}]}}