{"id":53367,"date":"2016-07-30T00:00:00","date_gmt":"2016-07-30T00:00:00","guid":{"rendered":"https:\/\/mavideniz.com.tr\/?page_id=53367"},"modified":"2023-06-29T14:46:32","modified_gmt":"2023-06-29T14:46:32","slug":"albania-port-of-durres-authority-imo-oprc-model-cours-_-exercice","status":"publish","type":"page","link":"https:\/\/mavideniz.com.tr\/fr\/actualites-evenements\/albania-port-of-durres-authority-imo-oprc-model-cours-_-exercice\/","title":{"rendered":"ALBANIA PORT OF DURRES AUTHORITY, IMO OPRC MODEL COURS _ EXERCICE"},"content":{"rendered":"<p>Le 30 juillet 2016, Mavi Deniz a sign\u00e9 le contrat de fourniture d&rsquo;une gamme de cours de formation de l&rsquo;OMI pour aborder tous les aspects de la planification, de l&rsquo;intervention et de la gestion des d\u00e9versements d&rsquo;hydrocarbures. Ces cours sont connus sous le nom de cours mod\u00e8les OPRC. Ces cours ont \u00e9t\u00e9 con\u00e7us et d\u00e9velopp\u00e9s par notre groupe international d&rsquo;experts. Ils sont disponibles en format CD et comprennent des manuels de l\u2019instructeur, des manuels du participant, des aides \u00e0 la formation pour les pr\u00e9sentations, ainsi que des directives et des outils suppl\u00e9mentaires.<\/p>\n<p><strong>Les cours de l&rsquo;OMI sur la pr\u00e9paration et l&rsquo;intervention en cas de pollution par les hydrocarbures ont \u00e9t\u00e9 \u00e9labor\u00e9s pour trois niveaux de comp\u00e9tence :<\/strong><\/p>\n<ul>\n<li>Personnel op\u00e9rationnel ( niveau 1 ) ;<\/li>\n<li>superviseurs et commandants sur place ( niveau 2) ;<\/li>\n<li>Personnel de direction (niveau 3).<\/li>\n<\/ul>\n<p>L&rsquo;\u00e9dition 2006 des cours du mod\u00e8le de l&rsquo;OPRC est en cours de mise \u00e0 jour. La nouvelle \u00e9dition sera disponible \u00e0 la fin de l&rsquo;ann\u00e9e 2015.<img loading=\"lazy\" decoding=\"async\" class=\"alignright wp-image-26404 size-full\" src=\"https:\/\/mavideniz.com.tr\/wp-content\/uploads\/Media-Centre\/News-Events\/2016\/IMO-OPRC-MODEL-COURSES-EXERCISE-Training-2.jpg\" width=\"375\" height=\"250\" alt=\"\" title=\"\"><\/p>\n<p>Gr\u00e2ce \u00e0 notre expertise en mati\u00e8re de r\u00e9ponse aux incidents, nous vous proposons les services suivants pour vous aider \u00e0 tester et \u00e0 am\u00e9liorer votre pr\u00e9paration :<\/p>\n<ul>\n<li>Exercices de notification \u2014 pour tester votre processus de r\u00e9ponse et vos proc\u00e9dures de mobilisation<\/li>\n<li>Activit\u00e9s guid\u00e9es de visite \u2014 pour appuyer de nouveaux employ\u00e9s, des \u00e9quipes ou des plans d&rsquo;urgence en cas de d\u00e9versement d&rsquo;hydrocarbures r\u00e9cents.<\/li>\n<li>Observation de l&rsquo;exercice \u2014 l&rsquo;\u00e9tude de l&rsquo;exercice sans participation fournit souvent une r\u00e9troaction plus d\u00e9taill\u00e9e sur les objectifs.<\/li>\n<li>Exercices pratiques : con\u00e7us pour tester le risque de vos op\u00e9rations et permettre l&rsquo;analyse de la r\u00e9ponse \u00e0 l&rsquo;incident<\/li>\n<li>Exercices de d\u00e9ploiement d&rsquo;\u00e9quipements : pour d\u00e9velopper votre capacit\u00e9 \u00e0 d\u00e9ployer des \u00e9quipements de niveau 1 de mani\u00e8re s\u00fbre et efficace.<\/li>\n<li>Exercices de gestion des incidents \u2014 con\u00e7us pour d\u00e9velopper votre \u00e9quipe de gestion des incidents<\/li>\n<li>Exercices complets de gestion des incidents \u2014 con\u00e7us pour tester la capacit\u00e9 de r\u00e9ponse compl\u00e8te. Les r\u00e9sultats de l&rsquo;examen peuvent \u00e9galement \u00eatre affin\u00e9s, par exemple, pour inclure des recommandations pr\u00e9cises sur l&rsquo;\u00e9quipement.<\/li>\n<\/ul>\n","protected":false},"excerpt":{"rendered":"<p>Le 30 juillet 2016, Mavi Deniz a sign\u00e9 le contrat de fourniture d&rsquo;une gamme de cours de formation de l&rsquo;OMI [&hellip;]<\/p>\n","protected":false},"author":1,"featured_media":0,"parent":42559,"menu_order":0,"comment_status":"closed","ping_status":"closed","template":"","meta":{"site-sidebar-layout":"default","site-content-layout":"","ast-site-content-layout":"default","site-content-style":"default","site-sidebar-style":"default","ast-global-header-display":"","ast-banner-title-visibility":"","ast-main-header-display":"","ast-hfb-above-header-display":"","ast-hfb-below-header-display":"","ast-hfb-mobile-header-display":"","site-post-title":"","ast-breadcrumbs-content":"","ast-featured-img":"","footer-sml-layout":"","ast-disable-related-posts":"","theme-transparent-header-meta":"","adv-header-id-meta":"","stick-header-meta":"","header-above-stick-meta":"","header-main-stick-meta":"","header-below-stick-meta":"","astra-migrate-meta-layouts":"default","ast-page-background-enabled":"default","ast-page-background-meta":{"desktop":{"background-color":"var(--ast-global-color-5)","background-image":"","background-repeat":"repeat","background-position":"center center","background-size":"auto","background-attachment":"scroll","background-type":"","background-media":"","overlay-type":"","overlay-color":"","overlay-opacity":"","overlay-gradient":""},"tablet":{"background-color":"","background-image":"","background-repeat":"repeat","background-position":"center center","background-size":"auto","background-attachment":"scroll","background-type":"","background-media":"","overlay-type":"","overlay-color":"","overlay-opacity":"","overlay-gradient":""},"mobile":{"background-color":"","background-image":"","background-repeat":"repeat","background-position":"center center","background-size":"auto","background-attachment":"scroll","background-type":"","background-media":"","overlay-type":"","overlay-color":"","overlay-opacity":"","overlay-gradient":""}},"ast-content-background-meta":{"desktop":{"background-color":"var(--ast-global-color-4)","background-image":"","background-repeat":"repeat","background-position":"center center","background-size":"auto","background-attachment":"scroll","background-type":"","background-media":"","overlay-type":"","overlay-color":"","overlay-opacity":"","overlay-gradient":""},"tablet":{"background-color":"var(--ast-global-color-4)","background-image":"","background-repeat":"repeat","background-position":"center center","background-size":"auto","background-attachment":"scroll","background-type":"","background-media":"","overlay-type":"","overlay-color":"","overlay-opacity":"","overlay-gradient":""},"mobile":{"background-color":"var(--ast-global-color-4)","background-image":"","background-repeat":"repeat","background-position":"center center","background-size":"auto","background-attachment":"scroll","background-type":"","background-media":"","overlay-type":"","overlay-color":"","overlay-opacity":"","overlay-gradient":""}},"footnotes":""},"class_list":["post-53367","page","type-page","status-publish","hentry"],"_links":{"self":[{"href":"https:\/\/mavideniz.com.tr\/fr\/wp-json\/wp\/v2\/pages\/53367","targetHints":{"allow":["GET"]}}],"collection":[{"href":"https:\/\/mavideniz.com.tr\/fr\/wp-json\/wp\/v2\/pages"}],"about":[{"href":"https:\/\/mavideniz.com.tr\/fr\/wp-json\/wp\/v2\/types\/page"}],"author":[{"embeddable":true,"href":"https:\/\/mavideniz.com.tr\/fr\/wp-json\/wp\/v2\/users\/1"}],"replies":[{"embeddable":true,"href":"https:\/\/mavideniz.com.tr\/fr\/wp-json\/wp\/v2\/comments?post=53367"}],"version-history":[{"count":0,"href":"https:\/\/mavideniz.com.tr\/fr\/wp-json\/wp\/v2\/pages\/53367\/revisions"}],"up":[{"embeddable":true,"href":"https:\/\/mavideniz.com.tr\/fr\/wp-json\/wp\/v2\/pages\/42559"}],"wp:attachment":[{"href":"https:\/\/mavideniz.com.tr\/fr\/wp-json\/wp\/v2\/media?parent=53367"}],"curies":[{"name":"wp","href":"https:\/\/api.w.org\/{rel}","templated":true}]}}