{"id":53375,"date":"2020-07-27T00:00:00","date_gmt":"2020-07-27T00:00:00","guid":{"rendered":"https:\/\/mavideniz.com.tr\/?page_id=53375"},"modified":"2023-06-29T15:02:31","modified_gmt":"2023-06-29T15:02:31","slug":"azerbaidjan-filet-barriere-a-meduse","status":"publish","type":"page","link":"https:\/\/mavideniz.com.tr\/fr\/actualites-evenements\/azerbaidjan-filet-barriere-a-meduse\/","title":{"rendered":"AZERBA\u00cfDJAN &#8211; FILET BARRI\u00c8RE \u00c0 M\u00c9DUSE"},"content":{"rendered":"<p>\u00c9cosyst\u00e8mes dans les habitats marins avec l&rsquo;approvisionnement de syst\u00e8mes de barri\u00e8re de m\u00e9duses dans le monde entier. L&rsquo;utilit\u00e9 des filets \u00e0 m\u00e9duses est reconnue dans divers domaines, d&rsquo;abord dans la p\u00eache et la baignade.<img loading=\"lazy\" decoding=\"async\" class=\"size-full wp-image-26170 alignright\" src=\"https:\/\/mavideniz.com.tr\/wp-content\/uploads\/Media-Centre\/News-Events\/2020\/JELLYFISH-BARRIER-NET-1.jpg\" alt=\"\" width=\"375\" height=\"250\" title=\"\"><\/p>\n<p>Voici les sp\u00e9cifications des filets de protection contre les m\u00e9duses ;<\/p>\n<ul>\n<li>Forte r\u00e9tention de m\u00e9duses et d&rsquo;algues.<\/li>\n<li>Aucun impact sur la vie marine.<\/li>\n<li>Aucun impact chimique<\/li>\n<li>La barri\u00e8re r\u00e9duit le co\u00fbt des soins de sant\u00e9 de l&rsquo;\u00c9tat pour les dommages caus\u00e9s par une m\u00e9duse piquante.<\/li>\n<li>Vous n&rsquo;avez pas besoin d&rsquo;aide : les barri\u00e8res sont pr\u00eates \u00e0 l&#8217;emploi.<\/li>\n<li>Les syst\u00e8mes de gonflage pendant l&rsquo;installation ou \u00e0 bord de la mer ne sont pas n\u00e9cessaires.<\/li>\n<li>Aucun risque de perforation ou de d\u00e9gonflage de la barri\u00e8re.<\/li>\n<li>Modules l\u00e9gers et faciles \u00e0 manipuler.<\/li>\n<\/ul>\n<p>Le 27.07.2020, Mavi Deniz s&rsquo;est mis d&rsquo;accord avec un nouveau client de la R\u00e9publique d&rsquo;Azerba\u00efdjan, Global Interiors Group, pour les filets de protection contre les m\u00e9duses.<\/p>\n<ul>\n<li>Filets Barri\u00e8re Contre Les M\u00e9duses<\/li>\n<li>Mod\u00e8le : Jellyfish II<\/li>\n<li>Hauteur nette : 1 m<\/li>\n<li>Section : 25 m<\/li>\n<li>Mat\u00e9riau : PVC<\/li>\n<li>Franc-bord : 20 cm<\/li>\n<\/ul>\n","protected":false},"excerpt":{"rendered":"<p>\u00c9cosyst\u00e8mes dans les habitats marins avec l&rsquo;approvisionnement de syst\u00e8mes de barri\u00e8re de m\u00e9duses dans le monde entier. L&rsquo;utilit\u00e9 des filets [&hellip;]<\/p>\n","protected":false},"author":1,"featured_media":0,"parent":42559,"menu_order":0,"comment_status":"closed","ping_status":"closed","template":"","meta":{"site-sidebar-layout":"default","site-content-layout":"","ast-site-content-layout":"default","site-content-style":"default","site-sidebar-style":"default","ast-global-header-display":"","ast-banner-title-visibility":"","ast-main-header-display":"","ast-hfb-above-header-display":"","ast-hfb-below-header-display":"","ast-hfb-mobile-header-display":"","site-post-title":"","ast-breadcrumbs-content":"","ast-featured-img":"","footer-sml-layout":"","ast-disable-related-posts":"","theme-transparent-header-meta":"","adv-header-id-meta":"","stick-header-meta":"","header-above-stick-meta":"","header-main-stick-meta":"","header-below-stick-meta":"","astra-migrate-meta-layouts":"default","ast-page-background-enabled":"default","ast-page-background-meta":{"desktop":{"background-color":"var(--ast-global-color-5)","background-image":"","background-repeat":"repeat","background-position":"center center","background-size":"auto","background-attachment":"scroll","background-type":"","background-media":"","overlay-type":"","overlay-color":"","overlay-opacity":"","overlay-gradient":""},"tablet":{"background-color":"","background-image":"","background-repeat":"repeat","background-position":"center center","background-size":"auto","background-attachment":"scroll","background-type":"","background-media":"","overlay-type":"","overlay-color":"","overlay-opacity":"","overlay-gradient":""},"mobile":{"background-color":"","background-image":"","background-repeat":"repeat","background-position":"center center","background-size":"auto","background-attachment":"scroll","background-type":"","background-media":"","overlay-type":"","overlay-color":"","overlay-opacity":"","overlay-gradient":""}},"ast-content-background-meta":{"desktop":{"background-color":"var(--ast-global-color-4)","background-image":"","background-repeat":"repeat","background-position":"center center","background-size":"auto","background-attachment":"scroll","background-type":"","background-media":"","overlay-type":"","overlay-color":"","overlay-opacity":"","overlay-gradient":""},"tablet":{"background-color":"var(--ast-global-color-4)","background-image":"","background-repeat":"repeat","background-position":"center center","background-size":"auto","background-attachment":"scroll","background-type":"","background-media":"","overlay-type":"","overlay-color":"","overlay-opacity":"","overlay-gradient":""},"mobile":{"background-color":"var(--ast-global-color-4)","background-image":"","background-repeat":"repeat","background-position":"center center","background-size":"auto","background-attachment":"scroll","background-type":"","background-media":"","overlay-type":"","overlay-color":"","overlay-opacity":"","overlay-gradient":""}},"footnotes":""},"class_list":["post-53375","page","type-page","status-publish","hentry"],"_links":{"self":[{"href":"https:\/\/mavideniz.com.tr\/fr\/wp-json\/wp\/v2\/pages\/53375","targetHints":{"allow":["GET"]}}],"collection":[{"href":"https:\/\/mavideniz.com.tr\/fr\/wp-json\/wp\/v2\/pages"}],"about":[{"href":"https:\/\/mavideniz.com.tr\/fr\/wp-json\/wp\/v2\/types\/page"}],"author":[{"embeddable":true,"href":"https:\/\/mavideniz.com.tr\/fr\/wp-json\/wp\/v2\/users\/1"}],"replies":[{"embeddable":true,"href":"https:\/\/mavideniz.com.tr\/fr\/wp-json\/wp\/v2\/comments?post=53375"}],"version-history":[{"count":0,"href":"https:\/\/mavideniz.com.tr\/fr\/wp-json\/wp\/v2\/pages\/53375\/revisions"}],"up":[{"embeddable":true,"href":"https:\/\/mavideniz.com.tr\/fr\/wp-json\/wp\/v2\/pages\/42559"}],"wp:attachment":[{"href":"https:\/\/mavideniz.com.tr\/fr\/wp-json\/wp\/v2\/media?parent=53375"}],"curies":[{"name":"wp","href":"https:\/\/api.w.org\/{rel}","templated":true}]}}