{"id":53384,"date":"2021-03-22T00:00:00","date_gmt":"2021-03-22T00:00:00","guid":{"rendered":"https:\/\/mavideniz.com.tr\/?page_id=53384"},"modified":"2023-06-29T15:05:28","modified_gmt":"2023-06-29T15:05:28","slug":"machine-de-nettoyage-de-plage-livree-en-jordanie","status":"publish","type":"page","link":"https:\/\/mavideniz.com.tr\/fr\/actualites-evenements\/machine-de-nettoyage-de-plage-livree-en-jordanie\/","title":{"rendered":"MACHINE DE NETTOYAGE DE PLAGE LIVR\u00c9E EN JORDANIE"},"content":{"rendered":"<p>22 mars 2021, Mavi Deniz a \u00e9t\u00e9 engag\u00e9 et lanc\u00e9 pour fournir un tracteur d&rsquo;ing\u00e9nierie remorqu\u00e9 machine de nettoyage de plage<br \/>\n\u00e0 Urbaser S.A. &amp; Specialized Engineering Center Jv, Jordanie.<img loading=\"lazy\" decoding=\"async\" class=\"size-full wp-image-26577 alignright\" src=\"https:\/\/mavideniz.com.tr\/wp-content\/uploads\/Media-Centre\/News-Events\/2021\/BEACH-CLEANING-MACHINE-Jordan-1.jpg\" alt=\"\" width=\"375\" height=\"250\" title=\"\"><br \/>\nMachine de nettoyage de plage Mod\u00e8le : XL &amp; Tarif : Balai avec plusieurs b\u00e2tons (dents de printemps)<br \/>\nLes mod\u00e8les de plage atteignent des vitesses de nettoyage impressionnantes &#8211; qu&rsquo;elles soient s\u00e8ches ou humides, douces ou fermes, l\u00e9g\u00e8rement ou gravement contamin\u00e9es &#8211; sable, pierres, coquillages ou algues.<\/p>\n<p>La technique parfaite pour toutes sortes de d\u00e9chets, ordures, et solides par les d\u00e9chets d&rsquo;huile ;<\/p>\n<ul>\n<li>M\u00e9gots de cigarettes,<\/li>\n<li>Pierres,<\/li>\n<li>Verre bris\u00e9,<\/li>\n<li>bouteilles en plastique,<\/li>\n<li>Flottaison,<\/li>\n<li>Algues marines,<\/li>\n<li>Sargasse,<\/li>\n<li>Nappes de p\u00e9trole<\/li>\n<\/ul>\n","protected":false},"excerpt":{"rendered":"<p>22 mars 2021, Mavi Deniz a \u00e9t\u00e9 engag\u00e9 et lanc\u00e9 pour fournir un tracteur d&rsquo;ing\u00e9nierie remorqu\u00e9 machine de nettoyage de [&hellip;]<\/p>\n","protected":false},"author":1,"featured_media":0,"parent":42559,"menu_order":0,"comment_status":"closed","ping_status":"closed","template":"","meta":{"site-sidebar-layout":"default","site-content-layout":"","ast-site-content-layout":"default","site-content-style":"default","site-sidebar-style":"default","ast-global-header-display":"","ast-banner-title-visibility":"","ast-main-header-display":"","ast-hfb-above-header-display":"","ast-hfb-below-header-display":"","ast-hfb-mobile-header-display":"","site-post-title":"","ast-breadcrumbs-content":"","ast-featured-img":"","footer-sml-layout":"","ast-disable-related-posts":"","theme-transparent-header-meta":"","adv-header-id-meta":"","stick-header-meta":"","header-above-stick-meta":"","header-main-stick-meta":"","header-below-stick-meta":"","astra-migrate-meta-layouts":"default","ast-page-background-enabled":"default","ast-page-background-meta":{"desktop":{"background-color":"var(--ast-global-color-5)","background-image":"","background-repeat":"repeat","background-position":"center center","background-size":"auto","background-attachment":"scroll","background-type":"","background-media":"","overlay-type":"","overlay-color":"","overlay-opacity":"","overlay-gradient":""},"tablet":{"background-color":"","background-image":"","background-repeat":"repeat","background-position":"center center","background-size":"auto","background-attachment":"scroll","background-type":"","background-media":"","overlay-type":"","overlay-color":"","overlay-opacity":"","overlay-gradient":""},"mobile":{"background-color":"","background-image":"","background-repeat":"repeat","background-position":"center center","background-size":"auto","background-attachment":"scroll","background-type":"","background-media":"","overlay-type":"","overlay-color":"","overlay-opacity":"","overlay-gradient":""}},"ast-content-background-meta":{"desktop":{"background-color":"var(--ast-global-color-4)","background-image":"","background-repeat":"repeat","background-position":"center center","background-size":"auto","background-attachment":"scroll","background-type":"","background-media":"","overlay-type":"","overlay-color":"","overlay-opacity":"","overlay-gradient":""},"tablet":{"background-color":"var(--ast-global-color-4)","background-image":"","background-repeat":"repeat","background-position":"center center","background-size":"auto","background-attachment":"scroll","background-type":"","background-media":"","overlay-type":"","overlay-color":"","overlay-opacity":"","overlay-gradient":""},"mobile":{"background-color":"var(--ast-global-color-4)","background-image":"","background-repeat":"repeat","background-position":"center center","background-size":"auto","background-attachment":"scroll","background-type":"","background-media":"","overlay-type":"","overlay-color":"","overlay-opacity":"","overlay-gradient":""}},"footnotes":""},"class_list":["post-53384","page","type-page","status-publish","hentry"],"_links":{"self":[{"href":"https:\/\/mavideniz.com.tr\/fr\/wp-json\/wp\/v2\/pages\/53384","targetHints":{"allow":["GET"]}}],"collection":[{"href":"https:\/\/mavideniz.com.tr\/fr\/wp-json\/wp\/v2\/pages"}],"about":[{"href":"https:\/\/mavideniz.com.tr\/fr\/wp-json\/wp\/v2\/types\/page"}],"author":[{"embeddable":true,"href":"https:\/\/mavideniz.com.tr\/fr\/wp-json\/wp\/v2\/users\/1"}],"replies":[{"embeddable":true,"href":"https:\/\/mavideniz.com.tr\/fr\/wp-json\/wp\/v2\/comments?post=53384"}],"version-history":[{"count":0,"href":"https:\/\/mavideniz.com.tr\/fr\/wp-json\/wp\/v2\/pages\/53384\/revisions"}],"up":[{"embeddable":true,"href":"https:\/\/mavideniz.com.tr\/fr\/wp-json\/wp\/v2\/pages\/42559"}],"wp:attachment":[{"href":"https:\/\/mavideniz.com.tr\/fr\/wp-json\/wp\/v2\/media?parent=53384"}],"curies":[{"name":"wp","href":"https:\/\/api.w.org\/{rel}","templated":true}]}}