{"id":53402,"date":"2015-09-16T00:00:00","date_gmt":"2015-09-16T00:00:00","guid":{"rendered":"https:\/\/mavideniz.com.tr\/?page_id=53402"},"modified":"2023-06-29T15:11:56","modified_gmt":"2023-06-29T15:11:56","slug":"caspian-technologies-for-environment-exposition-internationale-de-lenvironnement-2015","status":"publish","type":"page","link":"https:\/\/mavideniz.com.tr\/fr\/actualites-evenements\/caspian-technologies-for-environment-exposition-internationale-de-lenvironnement-2015\/","title":{"rendered":"CASPIAN TECHNOLOGIES FOR ENVIRONMENT EXPOSITION INTERNATIONALE DE L&rsquo;ENVIRONNEMENT 2015"},"content":{"rendered":"<p>MAVI DENIZ participera au 6\u00e8me Salon international de la protection de l&rsquo;environnement Caspien : Technologies pour l&rsquo;environnement Salon<img loading=\"lazy\" decoding=\"async\" class=\"alignright wp-image-26489 size-full\" src=\"https:\/\/mavideniz.com.tr\/wp-content\/uploads\/Media-Centre\/News-Events\/2015\/Caspian-Ecology-Mavi-Deniz-Environmental-Protection-1.jpg\" width=\"375\" height=\"250\" alt=\"\" title=\"\"> international de l&rsquo;environnement \u00e0 Bakou, Azerba\u00efdjan\/18-20 novembre 2015. Nous invitons tous nos clients et amis \u00e0 notre stand. Nous sommes&nbsp;heureux de revenir en Azerba\u00efdjan. Il a \u00e9t\u00e9 soutenu par le minist\u00e8re de l&rsquo;\u00e9cologie et des ressources naturelles et a r\u00e9uni 50 entreprises de 11 pays, y compris l&rsquo;Azerba\u00efdjan, le Danemark, l&rsquo;Allemagne, la Gr\u00e8ce, l&rsquo;Italie, la Russie, la Su\u00e8de, la Turquie et le Royaume-Uni.<\/p>\n","protected":false},"excerpt":{"rendered":"<p>MAVI DENIZ participera au 6\u00e8me Salon international de la protection de l&rsquo;environnement Caspien : Technologies pour l&rsquo;environnement Salon international de [&hellip;]<\/p>\n","protected":false},"author":1,"featured_media":0,"parent":42559,"menu_order":0,"comment_status":"closed","ping_status":"closed","template":"","meta":{"site-sidebar-layout":"default","site-content-layout":"","ast-site-content-layout":"default","site-content-style":"default","site-sidebar-style":"default","ast-global-header-display":"","ast-banner-title-visibility":"","ast-main-header-display":"","ast-hfb-above-header-display":"","ast-hfb-below-header-display":"","ast-hfb-mobile-header-display":"","site-post-title":"","ast-breadcrumbs-content":"","ast-featured-img":"","footer-sml-layout":"","ast-disable-related-posts":"","theme-transparent-header-meta":"","adv-header-id-meta":"","stick-header-meta":"","header-above-stick-meta":"","header-main-stick-meta":"","header-below-stick-meta":"","astra-migrate-meta-layouts":"default","ast-page-background-enabled":"default","ast-page-background-meta":{"desktop":{"background-color":"var(--ast-global-color-5)","background-image":"","background-repeat":"repeat","background-position":"center center","background-size":"auto","background-attachment":"scroll","background-type":"","background-media":"","overlay-type":"","overlay-color":"","overlay-opacity":"","overlay-gradient":""},"tablet":{"background-color":"","background-image":"","background-repeat":"repeat","background-position":"center center","background-size":"auto","background-attachment":"scroll","background-type":"","background-media":"","overlay-type":"","overlay-color":"","overlay-opacity":"","overlay-gradient":""},"mobile":{"background-color":"","background-image":"","background-repeat":"repeat","background-position":"center center","background-size":"auto","background-attachment":"scroll","background-type":"","background-media":"","overlay-type":"","overlay-color":"","overlay-opacity":"","overlay-gradient":""}},"ast-content-background-meta":{"desktop":{"background-color":"var(--ast-global-color-4)","background-image":"","background-repeat":"repeat","background-position":"center center","background-size":"auto","background-attachment":"scroll","background-type":"","background-media":"","overlay-type":"","overlay-color":"","overlay-opacity":"","overlay-gradient":""},"tablet":{"background-color":"var(--ast-global-color-4)","background-image":"","background-repeat":"repeat","background-position":"center center","background-size":"auto","background-attachment":"scroll","background-type":"","background-media":"","overlay-type":"","overlay-color":"","overlay-opacity":"","overlay-gradient":""},"mobile":{"background-color":"var(--ast-global-color-4)","background-image":"","background-repeat":"repeat","background-position":"center center","background-size":"auto","background-attachment":"scroll","background-type":"","background-media":"","overlay-type":"","overlay-color":"","overlay-opacity":"","overlay-gradient":""}},"footnotes":""},"class_list":["post-53402","page","type-page","status-publish","hentry"],"_links":{"self":[{"href":"https:\/\/mavideniz.com.tr\/fr\/wp-json\/wp\/v2\/pages\/53402","targetHints":{"allow":["GET"]}}],"collection":[{"href":"https:\/\/mavideniz.com.tr\/fr\/wp-json\/wp\/v2\/pages"}],"about":[{"href":"https:\/\/mavideniz.com.tr\/fr\/wp-json\/wp\/v2\/types\/page"}],"author":[{"embeddable":true,"href":"https:\/\/mavideniz.com.tr\/fr\/wp-json\/wp\/v2\/users\/1"}],"replies":[{"embeddable":true,"href":"https:\/\/mavideniz.com.tr\/fr\/wp-json\/wp\/v2\/comments?post=53402"}],"version-history":[{"count":0,"href":"https:\/\/mavideniz.com.tr\/fr\/wp-json\/wp\/v2\/pages\/53402\/revisions"}],"up":[{"embeddable":true,"href":"https:\/\/mavideniz.com.tr\/fr\/wp-json\/wp\/v2\/pages\/42559"}],"wp:attachment":[{"href":"https:\/\/mavideniz.com.tr\/fr\/wp-json\/wp\/v2\/media?parent=53402"}],"curies":[{"name":"wp","href":"https:\/\/api.w.org\/{rel}","templated":true}]}}